{"id":14097,"date":"2015-01-07T07:39:48","date_gmt":"2015-01-07T06:39:48","guid":{"rendered":"https:\/\/semmelweis.hu\/kanizsaidorottya\/?page_id=14097"},"modified":"2026-03-04T10:38:58","modified_gmt":"2026-03-04T09:38:58","slug":"erettsegi","status":"publish","type":"page","link":"https:\/\/semmelweis.hu\/kanizsaidorottya\/aktualis-tanev\/erettsegi\/","title":{"rendered":"\u00c9retts\u00e9gi"},"content":{"rendered":"<table style=\"border-collapse: collapse;width: 90.6212%\">\n<tbody>\n<tr>\n<td style=\"width: 44.1737%\">Magyar nyelv \u00e9s irodalom<\/td>\n<td style=\"width: 39.8183%\">2026. m\u00e1jus 4.\u00a0 ( h\u00e9tf\u0151 )\u00a0<\/td>\n<td style=\"width: 6.40981%\">9:00<\/td>\n<\/tr>\n<tr>\n<td style=\"width: 44.1737%\">Matematika<\/td>\n<td style=\"width: 39.8183%\">2026. m\u00e1jus 5.\u00a0 ( kedd )<\/td>\n<td style=\"width: 6.40981%\">9:00<\/td>\n<\/tr>\n<tr>\n<td style=\"width: 44.1737%\">T\u00f6rt\u00e9nelem<\/td>\n<td style=\"width: 39.8183%\">2026. m\u00e1jus 6. (szerda )<\/td>\n<td style=\"width: 6.40981%\">9:00<\/td>\n<\/tr>\n<tr>\n<td style=\"width: 44.1737%\">Angol nyelv<\/td>\n<td style=\"width: 39.8183%\">2026. m\u00e1jus 7. (cs\u00fct\u00f6rt\u00f6k)\u00a0<\/td>\n<td style=\"width: 6.40981%\">9:00<\/td>\n<\/tr>\n<tr>\n<td style=\"width: 44.1737%\">N\u00e9met nyelv<\/td>\n<td style=\"width: 39.8183%\">2026. m\u00e1jus 8. ( p\u00e9ntek )<\/td>\n<td style=\"width: 6.40981%\">9:00<\/td>\n<\/tr>\n<tr>\n<td style=\"width: 44.1737%\">Eg\u00e9szs\u00e9g\u00fcgyi ismeretek \u00e1gazati szakmai \u00e9retts\u00e9gi vizsga<\/td>\n<td style=\"width: 39.8183%\">\u00a0<\/td>\n<td style=\"width: 6.40981%\">\u00a0<\/td>\n<\/tr>\n<\/tbody>\n<\/table>\n<p>&nbsp;<\/p>\n<p>&nbsp;<\/p>\n<p><strong>K\u00f6z\u00e9pszint\u0171 sz\u00f3beli \u00e9retts\u00e9gi vizsg\u00e1k :\u00a0<\/strong> <strong>2026. j\u00fanius 24-25.<\/strong><\/p>\n","protected":false},"excerpt":{"rendered":"<p>Magyar nyelv \u00e9s irodalom 2026. m\u00e1jus 4.\u00a0 ( h\u00e9tf\u0151 )\u00a0 9:00 Matematika 2026. m\u00e1jus 5.\u00a0 ( kedd ) 9:00 T\u00f6rt\u00e9nelem 2026. m\u00e1jus 6. (szerda ) 9:00 Angol nyelv 2026. m\u00e1jus 7. (cs\u00fct\u00f6rt\u00f6k)\u00a0 9:00 N\u00e9met nyelv 2026. m\u00e1jus 8. ( p\u00e9ntek ) 9:00 Eg\u00e9szs\u00e9g\u00fcgyi ismeretek \u00e1gazati szakmai \u00e9retts\u00e9gi vizsga \u00a0 \u00a0 &nbsp; &nbsp; K\u00f6z\u00e9pszint\u0171 sz\u00f3beli \u00e9retts\u00e9gi &hellip;<\/p>\n","protected":false},"author":101765,"featured_media":0,"parent":14538,"menu_order":2,"comment_status":"closed","ping_status":"closed","template":"","meta":{"_acf_changed":false,"footnotes":""},"categories":[],"tags":[],"class_list":["post-14097","page","type-page","status-publish","hentry"],"acf":[],"_links":{"self":[{"href":"https:\/\/semmelweis.hu\/kanizsaidorottya\/wp-json\/wp\/v2\/pages\/14097","targetHints":{"allow":["GET"]}}],"collection":[{"href":"https:\/\/semmelweis.hu\/kanizsaidorottya\/wp-json\/wp\/v2\/pages"}],"about":[{"href":"https:\/\/semmelweis.hu\/kanizsaidorottya\/wp-json\/wp\/v2\/types\/page"}],"author":[{"embeddable":true,"href":"https:\/\/semmelweis.hu\/kanizsaidorottya\/wp-json\/wp\/v2\/users\/101765"}],"replies":[{"embeddable":true,"href":"https:\/\/semmelweis.hu\/kanizsaidorottya\/wp-json\/wp\/v2\/comments?post=14097"}],"version-history":[{"count":10,"href":"https:\/\/semmelweis.hu\/kanizsaidorottya\/wp-json\/wp\/v2\/pages\/14097\/revisions"}],"predecessor-version":[{"id":17828,"href":"https:\/\/semmelweis.hu\/kanizsaidorottya\/wp-json\/wp\/v2\/pages\/14097\/revisions\/17828"}],"up":[{"embeddable":true,"href":"https:\/\/semmelweis.hu\/kanizsaidorottya\/wp-json\/wp\/v2\/pages\/14538"}],"wp:attachment":[{"href":"https:\/\/semmelweis.hu\/kanizsaidorottya\/wp-json\/wp\/v2\/media?parent=14097"}],"wp:term":[{"taxonomy":"category","embeddable":true,"href":"https:\/\/semmelweis.hu\/kanizsaidorottya\/wp-json\/wp\/v2\/categories?post=14097"},{"taxonomy":"post_tag","embeddable":true,"href":"https:\/\/semmelweis.hu\/kanizsaidorottya\/wp-json\/wp\/v2\/tags?post=14097"}],"curies":[{"name":"wp","href":"https:\/\/api.w.org\/{rel}","templated":true}]}}