{"id":14096,"date":"2015-01-22T13:16:02","date_gmt":"2015-01-22T12:16:02","guid":{"rendered":"https:\/\/semmelweis.hu\/kanizsaidorottya\/?page_id=14096"},"modified":"2025-09-01T13:44:03","modified_gmt":"2025-09-01T11:44:03","slug":"galeria","status":"publish","type":"page","link":"https:\/\/semmelweis.hu\/kanizsaidorottya\/iskolankrol\/galeria\/","title":{"rendered":"Gal\u00e9ria"},"content":{"rendered":"<h1><a href=\"https:\/\/semmelweis.hu\/kanizsaidorottya\/2025\/09\/01\/tanevnyito-2025\/\">Tan\u00e9vnyit\u00f3 2025<\/a><\/h1>\n<h1><a href=\"https:\/\/semmelweis.hu\/kanizsaidorottya\/2025\/06\/20\/tanevzaro-unnepseg-2025\/\">Tan\u00e9vz\u00e1r\u00f3 \u00fcnneps\u00e9g 2025<\/a><\/h1>\n<h1><a href=\"https:\/\/semmelweis.hu\/kanizsaidorottya\/2024\/09\/02\/becsongettek-kepek-a-2024-25-os-tanevnyito-unnepsegrol\/\">Tan\u00e9vnyit\u00f3 2024<\/a><\/h1>\n<h1><a href=\"https:\/\/semmelweis.hu\/kanizsaidorottya\/2024\/06\/21\/tanevzaro-unnepseg-2024\/\">Tan\u00e9vz\u00e1r\u00f3 \u00fcnneps\u00e9g 2024<\/a><\/h1>\n<h1><a href=\"https:\/\/semmelweis.hu\/kanizsaidorottya\/iskolankrol\/galeria\/suli-eletkepek\/\">suli \u00e9letk\u00e9pek<\/a><\/h1>\n<h1><a href=\"https:\/\/semmelweis.hu\/kanizsaidorottya\/iskolankrol\/galeria\/jerusalema-tanckihivas-2021-10-05\/\">JERUSALEMA -T\u00c1NCKIH\u00cdV\u00c1S 2021-10-05<\/a><\/h1>\n<p>&nbsp;<\/p>\n<p>&nbsp;<\/p>\n<p><img loading=\"lazy\" decoding=\"async\" src=\"https:\/\/semmelweis.hu\/kanizsaidorottya\/files\/2020\/07\/29597876_1126395647502683_4007437302005287485_n.jpg\" alt=\"\" width=\"560\" height=\"560\" \/><\/p>\n<p><img loading=\"lazy\" decoding=\"async\" src=\"https:\/\/semmelweis.hu\/kanizsaidorottya\/files\/2020\/07\/29570607_1126395644169350_2856153945010687391_n.jpg\" alt=\"\" width=\"441\" height=\"441\" \/><\/p>\n<p><img loading=\"lazy\" decoding=\"async\" src=\"https:\/\/semmelweis.hu\/kanizsaidorottya\/files\/2020\/07\/29541224_1126395640836017_2561176195967150902_n.jpg\" alt=\"\" width=\"533\" height=\"739\" \/><\/p>\n<p>&nbsp;<\/p>\n<p>&nbsp;<\/p>\n<p>&nbsp;<\/p>\n<p>&nbsp;<\/p>\n<p>&nbsp;<\/p>\n<p>&nbsp;<\/p>\n<p>&nbsp;<\/p>\n<p>&nbsp;<\/p>\n<p>&nbsp;<\/p>\n<p>&nbsp;<\/p>\n<p>&nbsp;<\/p>\n<h1>\u00a0<\/h1>\n<h1>\u00a0<\/h1>\n<h1>\u00a0<\/h1>\n<p>&nbsp;<\/p>\n","protected":false},"excerpt":{"rendered":"<p><a href=\"https:\/\/semmelweis.hu\/kanizsaidorottya\/2025\/09\/01\/tanevnyito-2025\/\">Tan\u00e9vnyit\u00f3 2025<\/a><br \/>\n<a href=\"https:\/\/semmelweis.hu\/kanizsaidorottya\/2025\/06\/20\/tanevzaro-unnepseg-2025\/\">Tan\u00e9vz\u00e1r\u00f3 \u00fcnneps\u00e9g 2025<\/a><br \/>\n<a href=\"https:\/\/semmelweis.hu\/kanizsaidorottya\/2024\/09\/02\/becsongettek-kepek-a-2024-25-os-tanevnyito-unnepsegrol\/\">Tan\u00e9vnyit\u00f3 2024<\/a><br \/>\n<a href=\"https:\/\/semmelweis.hu\/kanizsaidorottya\/2024\/06\/21\/tanevzaro-unnepseg-2024\/\">Tan\u00e9vz\u00e1r\u00f3 \u00fcnneps\u00e9g 2024<\/a><br \/>\n<a href=\"https:\/\/semmelweis.hu\/kanizsaidorottya\/iskolankrol\/galeria\/suli-eletkepek\/\">suli \u00e9letk\u00e9pek<\/a><br \/>\n<a href=\"https:\/\/semmelweis.hu\/kanizsaidorottya\/iskolankrol\/galeria\/jerusalema-tanckihivas-2021-10-05\/\">JERUSALEMA -T\u00c1NCKIH\u00cdV\u00c1S 2021-10-05<\/a><br \/>\n&nbsp;<br \/>\n&nbsp;<\/p>\n<p>&nbsp;<br \/>\n&nbsp;<br \/>\n&nbsp;<br \/>\n&nbsp;<br \/>\n&nbsp;<br \/>\n&nbsp;<br \/>\n&nbsp;<br \/>\n&nbsp;<br \/>\n&nbsp;<br \/>\n&nbsp;<br \/>\n&nbsp;<br \/>\n\u00a0<br \/>\n\u00a0<br \/>\n\u00a0<br \/>\n&nbsp;<\/p>\n","protected":false},"author":101765,"featured_media":0,"parent":14536,"menu_order":7,"comment_status":"closed","ping_status":"closed","template":"","meta":{"_acf_changed":false,"footnotes":""},"categories":[],"tags":[],"class_list":["post-14096","page","type-page","status-publish","hentry"],"acf":[],"_links":{"self":[{"href":"https:\/\/semmelweis.hu\/kanizsaidorottya\/wp-json\/wp\/v2\/pages\/14096","targetHints":{"allow":["GET"]}}],"collection":[{"href":"https:\/\/semmelweis.hu\/kanizsaidorottya\/wp-json\/wp\/v2\/pages"}],"about":[{"href":"https:\/\/semmelweis.hu\/kanizsaidorottya\/wp-json\/wp\/v2\/types\/page"}],"author":[{"embeddable":true,"href":"https:\/\/semmelweis.hu\/kanizsaidorottya\/wp-json\/wp\/v2\/users\/101765"}],"replies":[{"embeddable":true,"href":"https:\/\/semmelweis.hu\/kanizsaidorottya\/wp-json\/wp\/v2\/comments?post=14096"}],"version-history":[{"count":10,"href":"https:\/\/semmelweis.hu\/kanizsaidorottya\/wp-json\/wp\/v2\/pages\/14096\/revisions"}],"predecessor-version":[{"id":17498,"href":"https:\/\/semmelweis.hu\/kanizsaidorottya\/wp-json\/wp\/v2\/pages\/14096\/revisions\/17498"}],"up":[{"embeddable":true,"href":"https:\/\/semmelweis.hu\/kanizsaidorottya\/wp-json\/wp\/v2\/pages\/14536"}],"wp:attachment":[{"href":"https:\/\/semmelweis.hu\/kanizsaidorottya\/wp-json\/wp\/v2\/media?parent=14096"}],"wp:term":[{"taxonomy":"category","embeddable":true,"href":"https:\/\/semmelweis.hu\/kanizsaidorottya\/wp-json\/wp\/v2\/categories?post=14096"},{"taxonomy":"post_tag","embeddable":true,"href":"https:\/\/semmelweis.hu\/kanizsaidorottya\/wp-json\/wp\/v2\/tags?post=14096"}],"curies":[{"name":"wp","href":"https:\/\/api.w.org\/{rel}","templated":true}]}}