{"id":14093,"date":"2014-10-22T13:28:23","date_gmt":"2014-10-22T11:28:23","guid":{"rendered":"https:\/\/semmelweis.hu\/kanizsaidorottya\/?page_id=14093"},"modified":"2026-03-05T08:36:08","modified_gmt":"2026-03-05T07:36:08","slug":"felveljrend","status":"publish","type":"page","link":"https:\/\/semmelweis.hu\/kanizsaidorottya\/felveteli\/felveljrend\/","title":{"rendered":"Felv\u00e9teli elj\u00e1r\u00e1s rendje"},"content":{"rendered":"<h2 class=\"art-postheader\">Felv\u00e9teli t\u00e1j\u00e9koztat\u00f3 a 2026\/2027. tan\u00e9vre<\/h2>\n<p><strong>Semmelweis Egyetem Kanizsai Dorottya T\u00f6bbc\u00e9l\u00fa Szakk\u00e9pz\u0151 Int\u00e9zm\u00e9nye<\/strong><\/p>\n<p>C\u00edm: 3100 Salg\u00f3tarj\u00e1n, Ac\u00e9lgy\u00e1ri \u00fat 73.<br \/>OM azonos\u00edt\u00f3: 203420<br \/>Telefonsz\u00e1m: 06-32\/431-733<br \/>Email c\u00edm: kanizsai.starjan@gmail.com \/ titkarsag.kanizsai@semmelweis.hu<br \/>Igazgat\u00f3:Radics S\u00e1ndor<\/p>\n<p>P\u00e1lyav\u00e1laszt\u00e1si felel\u0151s: Radics S\u00e1ndor igazgat\u00f3<\/p>\n<p><a href=\"https:\/\/semmelweis.hu\/kanizsaidorottya\/files\/2026\/03\/SE_kanizsai_felveteli_tajekoztato_2026.pdf\">Felv\u00e9teli t\u00e1j\u00e9koztat\u00f3 ide kattintva megtekinthet\u0151 illetve let\u00f6lthet\u0151 .\u00a0<\/a><\/p>\n<p>&nbsp;<\/p>\n","protected":false},"excerpt":{"rendered":"<p>Felv\u00e9teli t\u00e1j\u00e9koztat\u00f3 a 2026\/2027. tan\u00e9vre<br \/>\nSemmelweis Egyetem Kanizsai Dorottya T\u00f6bbc\u00e9l\u00fa Szakk\u00e9pz\u0151 Int\u00e9zm\u00e9nye<br \/>\nC\u00edm: 3100 Salg\u00f3tarj\u00e1n, Ac\u00e9lgy\u00e1ri \u00fat 73.OM azonos\u00edt\u00f3: 203420Telefonsz\u00e1m: 06-32\/431-733Email c\u00edm: kanizsai.starjan@gmail.com \/ titkarsag.kanizsai@semmelweis.huIgazgat\u00f3:Radics S\u00e1ndor<br \/>\nP\u00e1lyav\u00e1laszt\u00e1si felel\u0151s: Radics S\u00e1ndor igazgat\u00f3<br \/>\n<a href=\"https:\/\/semmelweis.hu\/kanizsaidorottya\/files\/2026\/03\/SE_kanizsai_felveteli_tajekoztato_2026.pdf\">Felv\u00e9teli t\u00e1j\u00e9koztat\u00f3 ide kattintva megtekinthet\u0151 illetve let\u00f6lthet\u0151 .\u00a0<\/a><br \/>\n&nbsp;<\/p>\n","protected":false},"author":101765,"featured_media":0,"parent":14574,"menu_order":1,"comment_status":"closed","ping_status":"closed","template":"","meta":{"_acf_changed":false,"footnotes":""},"categories":[],"tags":[],"class_list":["post-14093","page","type-page","status-publish","hentry"],"acf":[],"_links":{"self":[{"href":"https:\/\/semmelweis.hu\/kanizsaidorottya\/wp-json\/wp\/v2\/pages\/14093","targetHints":{"allow":["GET"]}}],"collection":[{"href":"https:\/\/semmelweis.hu\/kanizsaidorottya\/wp-json\/wp\/v2\/pages"}],"about":[{"href":"https:\/\/semmelweis.hu\/kanizsaidorottya\/wp-json\/wp\/v2\/types\/page"}],"author":[{"embeddable":true,"href":"https:\/\/semmelweis.hu\/kanizsaidorottya\/wp-json\/wp\/v2\/users\/101765"}],"replies":[{"embeddable":true,"href":"https:\/\/semmelweis.hu\/kanizsaidorottya\/wp-json\/wp\/v2\/comments?post=14093"}],"version-history":[{"count":12,"href":"https:\/\/semmelweis.hu\/kanizsaidorottya\/wp-json\/wp\/v2\/pages\/14093\/revisions"}],"predecessor-version":[{"id":17836,"href":"https:\/\/semmelweis.hu\/kanizsaidorottya\/wp-json\/wp\/v2\/pages\/14093\/revisions\/17836"}],"up":[{"embeddable":true,"href":"https:\/\/semmelweis.hu\/kanizsaidorottya\/wp-json\/wp\/v2\/pages\/14574"}],"wp:attachment":[{"href":"https:\/\/semmelweis.hu\/kanizsaidorottya\/wp-json\/wp\/v2\/media?parent=14093"}],"wp:term":[{"taxonomy":"category","embeddable":true,"href":"https:\/\/semmelweis.hu\/kanizsaidorottya\/wp-json\/wp\/v2\/categories?post=14093"},{"taxonomy":"post_tag","embeddable":true,"href":"https:\/\/semmelweis.hu\/kanizsaidorottya\/wp-json\/wp\/v2\/tags?post=14093"}],"curies":[{"name":"wp","href":"https:\/\/api.w.org\/{rel}","templated":true}]}}