{"id":14092,"date":"2014-10-22T12:34:17","date_gmt":"2014-10-22T10:34:17","guid":{"rendered":"https:\/\/semmelweis.hu\/kanizsaidorottya\/?page_id=14092"},"modified":"2022-09-05T14:04:30","modified_gmt":"2022-09-05T12:04:30","slug":"tanevrend","status":"publish","type":"page","link":"https:\/\/semmelweis.hu\/kanizsaidorottya\/aktualis-tanev\/tanevrend\/","title":{"rendered":"Tan\u00e9v rendje"},"content":{"rendered":"<p><strong>Az iskola munkarendje<\/strong><\/p>\n<p>Az iskola \u00e9ves munkaterv\u00e9t &#8211; mely az oktat\u00e1s\u00e9rt felel\u0151s miniszter \u00e1ltal kiadott, az adott tan\u00e9vre vonatkoz\u00f3 el\u0151\u00edr\u00e1sok alapj\u00e1n k\u00e9sz\u00fcl el &#8211; a tantest\u00fclet fogadja el a tan\u00e9v elej\u00e9n. Az \u00e9ves munkatervben hat\u00e1rozza meg a tantest\u00fclet a hagyom\u00e1nyos iskolai programok, rendezv\u00e9nyek id\u0151pontj\u00e1t \u00e9s a tan\u00edt\u00e1s n\u00e9lk\u00fcli munkanapokat. Err\u0151l az oszt\u00e1lyf\u0151n\u00f6k ad t\u00e1j\u00e9koztat\u00e1st a tanul\u00f3knak az oszt\u00e1lyf\u0151n\u00f6ki \u00f3r\u00e1n, a sz\u00fcl\u0151knek pedig az els\u0151 sz\u00fcl\u0151i \u00e9rtekezleten.<\/p>\n<p>Az iskol\u00e1t szombaton, vas\u00e1rnap \u00e9s egy\u00e9b munkasz\u00fcneti napokon &#8211; az iskola igazgat\u00f3ja \u00e1ltal enged\u00e9lyezett rendezv\u00e9nyek kiv\u00e9tel\u00e9vel &#8211; z\u00e1rva kell tartani. A szok\u00e1sos nyitvatart\u00e1si rendt\u0151l val\u00f3 elt\u00e9r\u00e9sre az iskola igazgat\u00f3ja adhat enged\u00e9lyt \u00edr\u00e1sbeli eseti k\u00e9relem alapj\u00e1n.<\/p>\n<p>A tanul\u00f3k \u00fagy \u00e9rkezzenek az oszt\u00e1lyba, hogy becsenget\u00e9sre k\u00e9szen \u00e1lljanak a tanul\u00e1shoz. A napi munkarendet az \u00f3rarend, \u00e9s a csenget\u00e9si rend hat\u00e1rozza meg.<\/p>\n<p align=\"center\"><strong>Az iskola csenget\u00e9si rendje<\/strong><\/p>\n<table border=\"1\" cellspacing=\"0\" cellpadding=\"0\">\n<tbody>\n<tr>\n<td style=\"text-align: center\" valign=\"top\" width=\"10%\"><strong>\u00d3ra<\/strong><\/td>\n<td style=\"text-align: center\" valign=\"top\" width=\"45%\"><strong>Becsenget\u00e9s<\/strong><\/td>\n<td style=\"text-align: center\" valign=\"top\" width=\"45%\"><strong>Kicsenget\u00e9s<\/strong><\/td>\n<\/tr>\n<tr>\n<td style=\"text-align: center\" valign=\"top\" width=\"102\"><strong>1.<\/strong><\/td>\n<td style=\"text-align: center\" valign=\"top\" width=\"132\">8:00<\/td>\n<td style=\"text-align: center\" valign=\"top\" width=\"123\">8:40<\/td>\n<\/tr>\n<tr>\n<td style=\"text-align: center\" valign=\"top\" width=\"102\"><strong>2.<\/strong><\/td>\n<td style=\"text-align: center\" valign=\"top\" width=\"132\">8:50<\/td>\n<td style=\"text-align: center\" valign=\"top\" width=\"123\">9:30<\/td>\n<\/tr>\n<tr>\n<td style=\"text-align: center\" valign=\"top\" width=\"102\"><strong>3.<\/strong><\/td>\n<td style=\"text-align: center\" valign=\"top\" width=\"132\">9:45<\/td>\n<td style=\"text-align: center\" valign=\"top\" width=\"123\">10:25<\/td>\n<\/tr>\n<tr>\n<td style=\"text-align: center\" valign=\"top\" width=\"102\"><strong>4.<\/strong><\/td>\n<td style=\"text-align: center\" valign=\"top\" width=\"132\">10:35<\/td>\n<td style=\"text-align: center\" valign=\"top\" width=\"123\">11:15<\/td>\n<\/tr>\n<tr>\n<td style=\"text-align: center\" valign=\"top\" width=\"102\"><strong>5.<\/strong><\/td>\n<td style=\"text-align: center\" valign=\"top\" width=\"132\">11:25<\/td>\n<td style=\"text-align: center\" valign=\"top\" width=\"123\">12:05<\/td>\n<\/tr>\n<tr>\n<td style=\"text-align: center\" valign=\"top\" width=\"102\"><strong>6.<\/strong><\/td>\n<td style=\"text-align: center\" valign=\"top\" width=\"132\">12:25<\/td>\n<td style=\"text-align: center\" valign=\"top\" width=\"123\">13:05<\/td>\n<\/tr>\n<tr>\n<td style=\"text-align: center\" valign=\"top\" width=\"102\"><strong>7.<\/strong><\/td>\n<td style=\"text-align: center\" valign=\"top\" width=\"132\">13:10<\/td>\n<td style=\"text-align: center\" valign=\"top\" width=\"123\">13:50<\/td>\n<\/tr>\n<tr>\n<td style=\"text-align: center\" valign=\"top\" width=\"102\"><strong>8.<\/strong><\/td>\n<td style=\"text-align: center\" valign=\"top\" width=\"132\">13:55<\/td>\n<td style=\"text-align: center\" valign=\"top\" width=\"123\">14:35<\/td>\n<\/tr>\n<tr>\n<td style=\"text-align: center\" valign=\"top\" width=\"102\"><strong>9.<\/strong><\/td>\n<td style=\"text-align: center\" valign=\"top\" width=\"132\">14:40<\/td>\n<td style=\"text-align: center\" valign=\"top\" width=\"123\">15:20<\/td>\n<\/tr>\n<\/tbody>\n<\/table>\n<hr \/>\n<ul>\n<li>A rend, a pontoss\u00e1g, a megb\u00edzhat\u00f3s\u00e1g fontos az iskol\u00e1ban. Ez\u00e9rt a becsenget\u00e9s ut\u00e1n \u00e9r\u00adkez\u0151ket k\u00e9s\u0151knek kell tekinten\u00fcnk. A k\u00e9s\u00e9st a tan\u00e1r k\u00f6teles percnyi pontoss\u00e1ggal bejegyezni a napl\u00f3ba. Ha a tanul\u00f3, hallgat\u00f3 reggel neki fel nem r\u00f3hat\u00f3 okb\u00f3l k\u00e9sik, azt hiteles igazol\u00e1s eset\u00e9n elfogadja az iskola. A k\u00e9s\u00e9sr\u0151l az igazol\u00e1st az oszt\u00e1lyf\u0151n\u00f6knek kell \u00e1tadni \u00f6t tan\u00edt\u00e1si napon bel\u00fcl.<\/li>\n<li>A tan\u00f3r\u00e1n bent nem t\u00f6lt\u00f6tt id\u0151t a szaktan\u00e1r k\u00e9s\u00e9sk\u00e9nt tartja nyilv\u00e1n.<\/li>\n<li>Az \u00f3ra a hetes jelent\u00e9s\u00e9vel kezd\u0151dik. A terembe bel\u00e9p\u0151 vend\u00e9get a di\u00e1kok a napszaknak megfelel\u0151en k\u00f6sz\u00f6ntik.<\/li>\n<li>Egy tan\u00edt\u00e1si napon az oszt\u00e1ly csak 2 t\u00e9maz\u00e1r\u00f3 dolgozatot \u00edrhat, melynek id\u0151pontj\u00e1t a tan\u00e1r 1 h\u00e9ttel el\u0151bb k\u00f6teles bejelenteni a tanul\u00f3knak.<\/li>\n<li>A tan\u00e1ri szob\u00e1ba a tanul\u00f3 nem l\u00e9phet.<\/li>\n<li>Tan\u00edt\u00e1si id\u0151ben a tanul\u00f3 az iskol\u00e1t az utols\u00f3 2 \u00f3r\u00e1r\u00f3l, tan\u00e9venk\u00e9nt legfeljebb h\u00e1rom alkalommal, a sz\u00fcl\u0151 \u00e1ltal az ellen\u0151rz\u0151be be\u00edrt el\u0151zetes k\u00e9r\u00e9s\u00e9re, az oszt\u00e1lyf\u0151n\u00f6k, vagy a p\u00f3toszt\u00e1lyf\u0151n\u00f6k enged\u00e9ly\u00e9vel hagyhatja el. Az ilyen jelleg\u0171 t\u00e1voll\u00e9tek \u00f3r\u00e1it egybe kell sz\u00e1molni, mivel ez szint\u00e9n belesz\u00e1m\u00edt a sz\u00fcl\u0151 \u00e1ltal igazolhat\u00f3 tan\u00e9venk\u00e9nti h\u00e1rom napba.<\/li>\n<\/ul>\n<p>&nbsp;<\/p>\n<p>&nbsp;<\/p>\n<p><strong>\u00a0<\/strong><\/p>\n<p><strong>\u00a0<\/strong><\/p>\n","protected":false},"excerpt":{"rendered":"<p>Az iskola munkarendje Az iskola \u00e9ves munkaterv\u00e9t &#8211; mely az oktat\u00e1s\u00e9rt felel\u0151s miniszter \u00e1ltal kiadott, az adott tan\u00e9vre vonatkoz\u00f3 el\u0151\u00edr\u00e1sok alapj\u00e1n k\u00e9sz\u00fcl el &#8211; a tantest\u00fclet fogadja el a tan\u00e9v elej\u00e9n. Az \u00e9ves munkatervben hat\u00e1rozza meg a tantest\u00fclet a hagyom\u00e1nyos iskolai programok, rendezv\u00e9nyek id\u0151pontj\u00e1t \u00e9s a tan\u00edt\u00e1s n\u00e9lk\u00fcli munkanapokat. Err\u0151l az oszt\u00e1lyf\u0151n\u00f6k ad t\u00e1j\u00e9koztat\u00e1st a &hellip;<\/p>\n","protected":false},"author":101765,"featured_media":0,"parent":14538,"menu_order":0,"comment_status":"closed","ping_status":"closed","template":"","meta":{"_acf_changed":false,"footnotes":""},"categories":[],"tags":[],"class_list":["post-14092","page","type-page","status-publish","hentry"],"acf":[],"_links":{"self":[{"href":"https:\/\/semmelweis.hu\/kanizsaidorottya\/wp-json\/wp\/v2\/pages\/14092","targetHints":{"allow":["GET"]}}],"collection":[{"href":"https:\/\/semmelweis.hu\/kanizsaidorottya\/wp-json\/wp\/v2\/pages"}],"about":[{"href":"https:\/\/semmelweis.hu\/kanizsaidorottya\/wp-json\/wp\/v2\/types\/page"}],"author":[{"embeddable":true,"href":"https:\/\/semmelweis.hu\/kanizsaidorottya\/wp-json\/wp\/v2\/users\/101765"}],"replies":[{"embeddable":true,"href":"https:\/\/semmelweis.hu\/kanizsaidorottya\/wp-json\/wp\/v2\/comments?post=14092"}],"version-history":[{"count":8,"href":"https:\/\/semmelweis.hu\/kanizsaidorottya\/wp-json\/wp\/v2\/pages\/14092\/revisions"}],"predecessor-version":[{"id":16077,"href":"https:\/\/semmelweis.hu\/kanizsaidorottya\/wp-json\/wp\/v2\/pages\/14092\/revisions\/16077"}],"up":[{"embeddable":true,"href":"https:\/\/semmelweis.hu\/kanizsaidorottya\/wp-json\/wp\/v2\/pages\/14538"}],"wp:attachment":[{"href":"https:\/\/semmelweis.hu\/kanizsaidorottya\/wp-json\/wp\/v2\/media?parent=14092"}],"wp:term":[{"taxonomy":"category","embeddable":true,"href":"https:\/\/semmelweis.hu\/kanizsaidorottya\/wp-json\/wp\/v2\/categories?post=14092"},{"taxonomy":"post_tag","embeddable":true,"href":"https:\/\/semmelweis.hu\/kanizsaidorottya\/wp-json\/wp\/v2\/tags?post=14092"}],"curies":[{"name":"wp","href":"https:\/\/api.w.org\/{rel}","templated":true}]}}