{"id":14088,"date":"2014-10-21T11:44:37","date_gmt":"2014-10-21T09:44:37","guid":{"rendered":"https:\/\/semmelweis.hu\/kanizsaidorottya\/?page_id=14088"},"modified":"2025-02-27T10:20:07","modified_gmt":"2025-02-27T09:20:07","slug":"alapitvany","status":"publish","type":"page","link":"https:\/\/semmelweis.hu\/kanizsaidorottya\/iskolankrol\/alapitvany\/","title":{"rendered":"Alap\u00edtv\u00e1ny"},"content":{"rendered":"<h2>\u00a0<\/h2>\n<p>A<strong> Kanizsai Dorottya Alap\u00edtv\u00e1ny<\/strong> c\u00e9lja a szakk\u00e9pz\u00e9s t\u00e1rgyi \u00e9s szem\u00e9lyi felt\u00e9teleinek jav\u00edt\u00e1sa, a r\u00e1szorul\u00f3 tanul\u00f3k seg\u00edt\u00e9se. \u00a0<\/p>\n<p><strong>Kiemelt ter\u00fcletei:\u00a0\u00a0\u00a0\u00a0\u00a0\u00a0\u00a0\u00a0\u00a0<\/strong><\/p>\n<ul>\n<li>az \u00faj k\u00e9pz\u00e9s bevezet\u00e9se, felt\u00e9teleinek megteremt\u00e9s\u00e9hez sz\u00fcks\u00e9ges eszk\u00f6z\u00e1llom\u00e1ny gyarap\u00edt\u00e1sa<\/li>\n<li>szakmai-pedag\u00f3giai tov\u00e1bbk\u00e9pz\u00e9sek, tanulm\u00e1nyutak, tapasztalatcser\u00e9k t\u00e1mogat\u00e1sa,<\/li>\n<li>az \u00faj k\u00e9pz\u00e9si form\u00e1ban kiemelked\u0151 szakmai munka d\u00edjaz\u00e1sa<\/li>\n<li>a tanul\u00f3k k\u00f6r\u00e9ben foly\u00f3 szem\u00e9lyis\u00e9g, illetve k\u00e9pess\u00e9gfejleszt\u0151, speci\u00e1lis oktat\u00f3-k\u00e9pz\u0151 tev\u00e9kenys\u00e9g \u00a0t\u00e1mogat\u00e1sa<\/li>\n<li>a r\u00e1szorul\u00f3 tanul\u00f3k taneszk\u00f6z\u00f6kkel val\u00f3 ell\u00e1t\u00e1sa,<\/li>\n<li>kiemelked\u0151 teljes\u00edtm\u00e9nyt ny\u00fajt\u00f3 tanul\u00f3k jutalmaz\u00e1sa\u00a0<\/li>\n<\/ul>\n<h2><sub>K\u00f6sz\u00f6nj\u00fck t\u00e1mogat\u00e1sukat!<\/sub> <br \/><strong><sub>Ad\u00f3sz\u00e1m: <span style=\"font-size: 18pt\">19367488-1-1<\/span><\/sub><\/strong><\/h2>\n<h2><span style=\"font-size: 18pt\">Sz\u00e1mlasz\u00e1m:1040 0786 5052 7084 4986 1016<\/span><\/h2>\n<p>&nbsp;<\/p>\n","protected":false},"excerpt":{"rendered":"<p>\u00a0 A Kanizsai Dorottya Alap\u00edtv\u00e1ny c\u00e9lja a szakk\u00e9pz\u00e9s t\u00e1rgyi \u00e9s szem\u00e9lyi felt\u00e9teleinek jav\u00edt\u00e1sa, a r\u00e1szorul\u00f3 tanul\u00f3k seg\u00edt\u00e9se. \u00a0 Kiemelt ter\u00fcletei:\u00a0\u00a0\u00a0\u00a0\u00a0\u00a0\u00a0\u00a0\u00a0 az \u00faj k\u00e9pz\u00e9s bevezet\u00e9se, felt\u00e9teleinek megteremt\u00e9s\u00e9hez sz\u00fcks\u00e9ges eszk\u00f6z\u00e1llom\u00e1ny gyarap\u00edt\u00e1sa szakmai-pedag\u00f3giai tov\u00e1bbk\u00e9pz\u00e9sek, tanulm\u00e1nyutak, tapasztalatcser\u00e9k t\u00e1mogat\u00e1sa, az \u00faj k\u00e9pz\u00e9si form\u00e1ban kiemelked\u0151 szakmai munka d\u00edjaz\u00e1sa a tanul\u00f3k k\u00f6r\u00e9ben foly\u00f3 szem\u00e9lyis\u00e9g, illetve k\u00e9pess\u00e9gfejleszt\u0151, speci\u00e1lis oktat\u00f3-k\u00e9pz\u0151 tev\u00e9kenys\u00e9g \u00a0t\u00e1mogat\u00e1sa a r\u00e1szorul\u00f3 &hellip;<\/p>\n","protected":false},"author":101765,"featured_media":0,"parent":14536,"menu_order":9,"comment_status":"closed","ping_status":"closed","template":"","meta":{"_acf_changed":false,"footnotes":""},"categories":[],"tags":[],"class_list":["post-14088","page","type-page","status-publish","hentry"],"acf":[],"_links":{"self":[{"href":"https:\/\/semmelweis.hu\/kanizsaidorottya\/wp-json\/wp\/v2\/pages\/14088","targetHints":{"allow":["GET"]}}],"collection":[{"href":"https:\/\/semmelweis.hu\/kanizsaidorottya\/wp-json\/wp\/v2\/pages"}],"about":[{"href":"https:\/\/semmelweis.hu\/kanizsaidorottya\/wp-json\/wp\/v2\/types\/page"}],"author":[{"embeddable":true,"href":"https:\/\/semmelweis.hu\/kanizsaidorottya\/wp-json\/wp\/v2\/users\/101765"}],"replies":[{"embeddable":true,"href":"https:\/\/semmelweis.hu\/kanizsaidorottya\/wp-json\/wp\/v2\/comments?post=14088"}],"version-history":[{"count":11,"href":"https:\/\/semmelweis.hu\/kanizsaidorottya\/wp-json\/wp\/v2\/pages\/14088\/revisions"}],"predecessor-version":[{"id":17249,"href":"https:\/\/semmelweis.hu\/kanizsaidorottya\/wp-json\/wp\/v2\/pages\/14088\/revisions\/17249"}],"up":[{"embeddable":true,"href":"https:\/\/semmelweis.hu\/kanizsaidorottya\/wp-json\/wp\/v2\/pages\/14536"}],"wp:attachment":[{"href":"https:\/\/semmelweis.hu\/kanizsaidorottya\/wp-json\/wp\/v2\/media?parent=14088"}],"wp:term":[{"taxonomy":"category","embeddable":true,"href":"https:\/\/semmelweis.hu\/kanizsaidorottya\/wp-json\/wp\/v2\/categories?post=14088"},{"taxonomy":"post_tag","embeddable":true,"href":"https:\/\/semmelweis.hu\/kanizsaidorottya\/wp-json\/wp\/v2\/tags?post=14088"}],"curies":[{"name":"wp","href":"https:\/\/api.w.org\/{rel}","templated":true}]}}