{"id":89,"date":"2023-03-22T11:36:38","date_gmt":"2023-03-22T10:36:38","guid":{"rendered":"https:\/\/semmelweis.hu\/kancellaria\/?page_id=89"},"modified":"2023-03-31T08:58:41","modified_gmt":"2023-03-31T06:58:41","slug":"koszonto","status":"publish","type":"page","link":"https:\/\/semmelweis.hu\/kancellaria\/bemutatkozas\/koszonto\/","title":{"rendered":"K\u00f6sz\u00f6nt\u0151"},"content":{"rendered":"<p><strong><a href=\"https:\/\/semmelweis.hu\/kancellaria\/files\/2023\/03\/RS124992_C19A9881-scr.jpg\"><img loading=\"lazy\" decoding=\"async\" class=\"alignright size-medium wp-image-121\" src=\"https:\/\/semmelweis.hu\/kancellaria\/files\/2023\/03\/RS124992_C19A9881-scr-283x400.jpg\" alt=\"\" width=\"283\" height=\"400\" srcset=\"https:\/\/semmelweis.hu\/kancellaria\/files\/2023\/03\/RS124992_C19A9881-scr-283x400.jpg 283w, https:\/\/semmelweis.hu\/kancellaria\/files\/2023\/03\/RS124992_C19A9881-scr.jpg 636w\" sizes=\"auto, (max-width: 283px) 100vw, 283px\" \/><\/a>Kedves L\u00e1togat\u00f3!<\/strong><\/p>\n<p>\u00dcdv\u00f6z\u00f6lj\u00fck a Kancell\u00e1ria honlapj\u00e1n!<\/p>\n<p style=\"text-align: justify;\">A hazai fels\u0151oktat\u00e1sban oktat\u00f3k\u00e9nt \u00e9s egyetemi vezet\u0151k\u00e9nt hossz\u00fa \u00e9veket elt\u00f6ltve l\u00e9ptem be 2020. okt\u00f3ber 15-\u00e9n a Semmelweis Egyetem kancell\u00e1ri poz\u00edci\u00f3j\u00e1ba azzal a meggy\u0151z\u0151d\u00e9ssel, hogy sok \u00faj kih\u00edv\u00e1ssal tal\u00e1lkozva, \u00faj energi\u00e1kkal felt\u00f6lt\u0151dve szakmai \u00e9s vezet\u0151i tapasztalataimmal szolg\u00e1lhatom mindazt, amit a Semmelweis jelent a nemzeti \u00e9rt\u00e9kek \u00e1pol\u00e1sa, az eg\u00e9szs\u00e9gmeg\u0151rz\u00e9s ter\u00e9n a hazai orvos \u00e9s eg\u00e9szs\u00e9gtudom\u00e1nyi k\u00e9pz\u00e9s, a kutat\u00e1s \u00e9s a betegell\u00e1t\u00e1s magas sz\u00ednvonal\u00fa m\u0171vel\u00e9s\u00e9vel.<\/p>\n<p>Azonosulva az Egyetem v\u00edzi\u00f3j\u00e1val, c\u00e9ljaival \u00e9s filoz\u00f3fi\u00e1j\u00e1val hiszem, hogy a hivat\u00e1somban vallott mott\u00f3m<\/p>\n<blockquote>\n<p>a maxim\u00e1lis teljes\u00edtm\u00e9ny ny\u00fajt\u00e1sa \u00e9s a f\u00e1radhatatlan t\u00f6rekv\u00e9s az el\u00e9rhetetlen t\u00f6k\u00e9letesre \u2013<\/p>\n<\/blockquote>\n<p>motorja tud lenni az egyetemi c\u00e9lokat szolg\u00e1l\u00f3 munk\u00e1mnak.<\/p>\n<p style=\"text-align: justify;\">K\u00f6zgazd\u00e1sz vagyok, diplom\u00e1mat a Budapesti K\u00f6zgazdas\u00e1gtudom\u00e1nyi Egyetemen szereztem \u00e9s PhD. fokozatomat is itt v\u00e9dtem meg. \u00c9letp\u00e1ly\u00e1m els\u0151 szakasz\u00e1ban tudom\u00e1nyos c\u00e9lokat t\u0171ztem magam el\u00e9, egyetemi docensi munkak\u00f6r\u00f6mben jelenleg is a hazai fels\u0151oktat\u00e1s akad\u00e9miai r\u00e9sze vagyok. Okleveles k\u00f6nyvvizsg\u00e1l\u00f3k\u00e9nt szereztem nagy szervezetek ir\u00e1ny\u00edtott-szervezett m\u0171k\u00f6d\u00e9s\u00e9ben tapasztalatokat, amelyeket 2008-t\u00f3l a hazai fels\u0151oktat\u00e1sban a vezet\u0151i p\u00e1lyafut\u00e1som szakmai r\u00e9sz\u00e9ben igyekszem kamatoztatni.<\/p>\n<p style=\"text-align: justify;\">Egy\u00fcttm\u0171k\u00f6d\u00e9sre t\u00f6rekv\u0151 vezet\u0151nek tartom magam, l\u00e9telemem a bevon\u00e1s \u00e9s a r\u00e9szv\u00e9tel. A vezet\u0151i munka alapj\u00e1nak tartom a bizalmat, az egyenes besz\u00e9d h\u00edve vagyok, bizalom n\u00e9lk\u00fcl nem tudok dolgozni, \u00e9s mindent megteszek annak \u00e9rdek\u00e9ben, hogy a bizalmat megszolg\u00e1ljam.<\/p>\n<p style=\"text-align: justify;\">C\u00e9lom, hogy \u00e9rt\u00e9kes tagja legyek a Semmelweis Egyetem k\u00f6z\u00f6ss\u00e9g\u00e9nek \u00e9s szolg\u00e1ljam az int\u00e9zm\u00e9nyi strat\u00e9gia el\u00e9r\u00e9s\u00e9t, amely t\u00falmutat \u00f6nmag\u00e1n, fel\u00e9r egy nemzeti v\u00e1llal\u00e1ssal a magyar fels\u0151oktat\u00e1s, kutat\u00e1s \u00e9s a hazai betegell\u00e1t\u00e1s nemzetk\u00f6zi m\u00e9rc\u00e9vel m\u00e9rhet\u0151 sz\u00ednvonal\u00e1nak megteremt\u00e9s\u00e9vel.<\/p>\n<p>Dr. Pavlik L\u00edvia<br \/>\nkancell\u00e1r<\/p>\n","protected":false},"excerpt":{"rendered":"<p>Azonosulva az Egyetem v\u00edzi\u00f3j\u00e1val, c\u00e9ljaival \u00e9s filoz\u00f3fi\u00e1j\u00e1val hiszem, hogy a hivat\u00e1somban vallott mott\u00f3m <strong>a maxim\u00e1lis teljes\u00edtm\u00e9ny ny\u00fajt\u00e1sa \u00e9s a f\u00e1radhatatlan t\u00f6rekv\u00e9s az el\u00e9rhetetlen t\u00f6k\u00e9letesre \u2013<\/strong> motorja tud lenni az egyetemi c\u00e9lokat szolg\u00e1l\u00f3 munk\u00e1mnak.<\/p>\n<p>A hazai fels\u0151oktat\u00e1sban oktat\u00f3k\u00e9nt \u00e9s egyetemi vezet\u0151k\u00e9nt hossz\u00fa \u00e9veket elt\u00f6ltve l\u00e9ptem be 2020. okt\u00f3ber 15-\u00e9n a Semmelweis Egyetem kancell\u00e1ri poz\u00edci\u00f3j\u00e1ba azzal a meggy\u0151z\u0151d\u00e9ssel, hogy sok \u00faj kih\u00edv\u00e1ssal tal\u00e1lkozva, \u00faj energi\u00e1kkal felt\u00f6lt\u0151dve szakmai \u00e9s vezet\u0151i tapasztalataimmal szolg\u00e1lhatom mindazt, amit a Semmelweis jelent a nemzeti \u00e9rt\u00e9kek \u00e1pol\u00e1sa, az eg\u00e9szs\u00e9gmeg\u0151rz\u00e9s ter\u00e9n a hazai orvos \u00e9s eg\u00e9szs\u00e9gtudom\u00e1nyi k\u00e9pz\u00e9s, a kutat\u00e1s \u00e9s a betegell\u00e1t\u00e1s magas sz\u00ednvonal\u00fa m\u0171vel\u00e9s\u00e9vel.<\/p>\n","protected":false},"author":102185,"featured_media":127,"parent":8,"menu_order":0,"comment_status":"closed","ping_status":"closed","template":"","meta":{"_acf_changed":false,"footnotes":""},"categories":[],"tags":[],"class_list":["post-89","page","type-page","status-publish","has-post-thumbnail","hentry"],"acf":[],"_links":{"self":[{"href":"https:\/\/semmelweis.hu\/kancellaria\/wp-json\/wp\/v2\/pages\/89","targetHints":{"allow":["GET"]}}],"collection":[{"href":"https:\/\/semmelweis.hu\/kancellaria\/wp-json\/wp\/v2\/pages"}],"about":[{"href":"https:\/\/semmelweis.hu\/kancellaria\/wp-json\/wp\/v2\/types\/page"}],"author":[{"embeddable":true,"href":"https:\/\/semmelweis.hu\/kancellaria\/wp-json\/wp\/v2\/users\/102185"}],"replies":[{"embeddable":true,"href":"https:\/\/semmelweis.hu\/kancellaria\/wp-json\/wp\/v2\/comments?post=89"}],"version-history":[{"count":11,"href":"https:\/\/semmelweis.hu\/kancellaria\/wp-json\/wp\/v2\/pages\/89\/revisions"}],"predecessor-version":[{"id":131,"href":"https:\/\/semmelweis.hu\/kancellaria\/wp-json\/wp\/v2\/pages\/89\/revisions\/131"}],"up":[{"embeddable":true,"href":"https:\/\/semmelweis.hu\/kancellaria\/wp-json\/wp\/v2\/pages\/8"}],"wp:featuredmedia":[{"embeddable":true,"href":"https:\/\/semmelweis.hu\/kancellaria\/wp-json\/wp\/v2\/media\/127"}],"wp:attachment":[{"href":"https:\/\/semmelweis.hu\/kancellaria\/wp-json\/wp\/v2\/media?parent=89"}],"wp:term":[{"taxonomy":"category","embeddable":true,"href":"https:\/\/semmelweis.hu\/kancellaria\/wp-json\/wp\/v2\/categories?post=89"},{"taxonomy":"post_tag","embeddable":true,"href":"https:\/\/semmelweis.hu\/kancellaria\/wp-json\/wp\/v2\/tags?post=89"}],"curies":[{"name":"wp","href":"https:\/\/api.w.org\/{rel}","templated":true}]}}