{"id":8,"date":"2023-02-24T14:39:36","date_gmt":"2023-02-24T13:39:36","guid":{"rendered":"https:\/\/semmelweis.hu\/kancellaria\/?page_id=8"},"modified":"2023-03-24T09:56:59","modified_gmt":"2023-03-24T08:56:59","slug":"bemutatkozas","status":"publish","type":"page","link":"https:\/\/semmelweis.hu\/kancellaria\/bemutatkozas\/","title":{"rendered":"Bemutatkoz\u00e1s"},"content":{"rendered":"<p><strong>Bemutatkozik a Kancell\u00e1ria<\/strong><\/p>\n<p style=\"text-align: justify\">Az Egyetem m\u0171k\u00f6dtet\u00e9s\u00e9vel kapcsolatos feladatokat a kancell\u00e1r v\u00e9gzi. A kancell\u00e1r k\u00f6zvetlen ir\u00e1ny\u00edt\u00e1sa al\u00e1 tartoz\u00f3 \u00f6t F\u0151igazgat\u00f3s\u00e1gon (Gazdas\u00e1gi, Jogi, Emberi er\u0151forr\u00e1s gazd\u00e1lkod\u00e1si, M\u0171szaki \u00e9s Informatikai) \u00e9s a Beszerz\u00e9si Igazgat\u00f3s\u00e1gon kereszt\u00fcl ir\u00e1ny\u00edtja az Egyetem gazdas\u00e1gi, p\u00e9nz\u00fcgyi, kontrolling, sz\u00e1mviteli, munka\u00fcgyi, munkav\u00e9delmi, jogi, szervez\u00e9si-igazgat\u00e1si, informatikai tev\u00e9kenys\u00e9g\u00e9t, az int\u00e9zm\u00e9ny vagyongazd\u00e1lkod\u00e1s\u00e1t, ide\u00e9rtve a m\u0171szaki, l\u00e9tes\u00edtm\u00e9nyhasznos\u00edt\u00e1si, \u00fczemeltet\u00e9si, logisztikai, szolg\u00e1ltat\u00e1si, beszerz\u00e9si \u00e9s k\u00f6zbeszerz\u00e9si \u00fcgyeket is, tov\u00e1bb\u00e1 ir\u00e1ny\u00edtja a bels\u0151 ellen\u0151rz\u00e9si tev\u00e9kenys\u00e9get.<\/p>\n<p>Gyakorolja tov\u00e1bb\u00e1 az Egyetem r\u00e9szv\u00e9tel\u00e9vel m\u0171k\u00f6d\u0151 gazdas\u00e1gi t\u00e1rsas\u00e1gokban \u00e9s gazd\u00e1lkod\u00f3 szervezetekben a tulajdonost megillet\u0151 jogokat.<\/p>\n<p>A Kancell\u00e1r munk\u00e1j\u00e1t k\u00f6zvetlen\u00fcl t\u00e1mogatja a Kancell\u00e1ri Kabinet \u00e9s a Kancell\u00e1ri Titk\u00e1rs\u00e1g.<\/p>\n","protected":false},"excerpt":{"rendered":"<p>Bemutatkozik a Kancell\u00e1ria Az Egyetem m\u0171k\u00f6dtet\u00e9s\u00e9vel kapcsolatos feladatokat a kancell\u00e1r v\u00e9gzi. A kancell\u00e1r k\u00f6zvetlen ir\u00e1ny\u00edt\u00e1sa al\u00e1 tartoz\u00f3 \u00f6t F\u0151igazgat\u00f3s\u00e1gon (Gazdas\u00e1gi, Jogi, Emberi er\u0151forr\u00e1s gazd\u00e1lkod\u00e1si, M\u0171szaki \u00e9s Informatikai) \u00e9s a Beszerz\u00e9si Igazgat\u00f3s\u00e1gon kereszt\u00fcl ir\u00e1ny\u00edtja az Egyetem gazdas\u00e1gi, p\u00e9nz\u00fcgyi, kontrolling, sz\u00e1mviteli, munka\u00fcgyi, munkav\u00e9delmi, jogi, szervez\u00e9si-igazgat\u00e1si, informatikai tev\u00e9kenys\u00e9g\u00e9t, az int\u00e9zm\u00e9ny vagyongazd\u00e1lkod\u00e1s\u00e1t, ide\u00e9rtve a m\u0171szaki, l\u00e9tes\u00edtm\u00e9nyhasznos\u00edt\u00e1si, \u00fczemeltet\u00e9si, logisztikai, szolg\u00e1ltat\u00e1si, &hellip;<\/p>\n","protected":false},"author":12,"featured_media":0,"parent":0,"menu_order":0,"comment_status":"closed","ping_status":"closed","template":"","meta":{"_acf_changed":false,"footnotes":""},"categories":[],"tags":[],"class_list":["post-8","page","type-page","status-publish","hentry"],"acf":[],"_links":{"self":[{"href":"https:\/\/semmelweis.hu\/kancellaria\/wp-json\/wp\/v2\/pages\/8","targetHints":{"allow":["GET"]}}],"collection":[{"href":"https:\/\/semmelweis.hu\/kancellaria\/wp-json\/wp\/v2\/pages"}],"about":[{"href":"https:\/\/semmelweis.hu\/kancellaria\/wp-json\/wp\/v2\/types\/page"}],"author":[{"embeddable":true,"href":"https:\/\/semmelweis.hu\/kancellaria\/wp-json\/wp\/v2\/users\/12"}],"replies":[{"embeddable":true,"href":"https:\/\/semmelweis.hu\/kancellaria\/wp-json\/wp\/v2\/comments?post=8"}],"version-history":[{"count":9,"href":"https:\/\/semmelweis.hu\/kancellaria\/wp-json\/wp\/v2\/pages\/8\/revisions"}],"predecessor-version":[{"id":100,"href":"https:\/\/semmelweis.hu\/kancellaria\/wp-json\/wp\/v2\/pages\/8\/revisions\/100"}],"wp:attachment":[{"href":"https:\/\/semmelweis.hu\/kancellaria\/wp-json\/wp\/v2\/media?parent=8"}],"wp:term":[{"taxonomy":"category","embeddable":true,"href":"https:\/\/semmelweis.hu\/kancellaria\/wp-json\/wp\/v2\/categories?post=8"},{"taxonomy":"post_tag","embeddable":true,"href":"https:\/\/semmelweis.hu\/kancellaria\/wp-json\/wp\/v2\/tags?post=8"}],"curies":[{"name":"wp","href":"https:\/\/api.w.org\/{rel}","templated":true}]}}