{"id":61,"date":"2023-03-07T13:23:53","date_gmt":"2023-03-07T12:23:53","guid":{"rendered":"https:\/\/semmelweis.hu\/kancellaria\/?page_id=61"},"modified":"2023-03-31T09:01:00","modified_gmt":"2023-03-31T07:01:00","slug":"kancellari-kabinet","status":"publish","type":"page","link":"https:\/\/semmelweis.hu\/kancellaria\/szervezeti-egysegek\/kancellari-kabinet\/","title":{"rendered":"Kancell\u00e1ri Kabinet"},"content":{"rendered":"<h4><strong>Kancell\u00e1ri Kabinet<\/strong><\/h4>\n<p style=\"text-align: justify;\">A Kancell\u00e1ri Kabinet a Kancell\u00e1r feladatainak ell\u00e1t\u00e1s\u00e1hoz, jogk\u00f6reinek gyakorl\u00e1s\u00e1hoz kapcsol\u00f3d\u00f3 strat\u00e9giai \u00e9s operat\u00edv d\u00f6nt\u00e9seket el\u0151k\u00e9sz\u00edt\u0151, v\u00e9lem\u00e9nyez\u0151, javaslattev\u0151 szervezeti egys\u00e9g, amely a kancell\u00e1r k\u00f6zvetlen ir\u00e1ny\u00edt\u00e1sa alatt \u00e1ll, az Egyetem Szervezeti \u00e9s M\u0171k\u00f6d\u00e9si Szab\u00e1lyzat\u00e1ban is r\u00f6gz\u00edtett m\u00f3don. A szervezeti egys\u00e9g ir\u00e1ny\u00edt\u00f3ja a Kancell\u00e1ri Kabinetvezet\u0151.<\/p>\n<p><a class=\"btn btn-secondary\" href=\"https:\/\/semmelweis.hu\/kancellaria\/szervezeti-egysegek\/kancellari-kabinet\/munkatarsak\/\" target=\"_blank\" rel=\"noopener\">Munkat\u00e1rsaink<\/a><\/p>\n<h5>A Kancell\u00e1ri Kabinet feladatai k\u00fcl\u00f6n\u00f6sen:<\/h5>\n<ul style=\"list-style-type: square;\">\n<li>a Kancell\u00e1r egyes jogk\u00f6reinek szervez\u00e9s\u00e9vel, a d\u00f6nt\u00e9shozatallal \u00f6sszef\u00fcgg\u0151 strat\u00e9giai k\u00e9rd\u00e9sekben v\u00e9lem\u00e9nynyilv\u00e1n\u00edt\u00e1s,<\/li>\n<li>a Kancell\u00e1r feladatk\u00f6r\u00e9be tartoz\u00f3 d\u00f6nt\u00e9sek meghozatal\u00e1hoz sz\u00fcks\u00e9ges szervezeti jelleg\u0171 inform\u00e1ci\u00f3k \u00f6sszegy\u0171jt\u00e9se, rendszerez\u00e9se, d\u00f6nt\u00e9s el\u0151k\u00e9sz\u00edt\u00e9s,<\/li>\n<li>a jogszab\u00e1lyi rendelkez\u00e9sek \u00e9s az Egyetemi szab\u00e1lyzatokban foglalt feladatok ell\u00e1t\u00e1s\u00e1val \u00f6sszef\u00fcgg\u0151 operat\u00edv-ir\u00e1ny\u00edt\u00e1si k\u00e9rd\u00e9sekben konzult\u00e1ci\u00f3 biztos\u00edt\u00e1sa,<\/li>\n<li>az Egyetemet \u00e9rint\u0151 \u00e9s a Kancell\u00e1r feladatk\u00f6r\u00e9be tartoz\u00f3 szakmai k\u00e9rd\u00e9sekben koncepci\u00f3 kidolgoz\u00e1sa, vagy v\u00e9lem\u00e9nyez\u00e9se, javaslatt\u00e9tel, elemz\u00e9sek k\u00e9sz\u00edt\u00e9se,<\/li>\n<li>megszervezi a Kancell\u00e1r \u00e1ltal tartott vezet\u0151i \u00e9rtekezleteket, nyomon k\u00f6veti az ott megfogalmazott feladatok v\u00e9grehajt\u00e1s\u00e1t,<\/li>\n<li>adatszolg\u00e1ltat\u00e1sokat \u00f6sszehangol, megszervez, sz\u00fcks\u00e9g eset\u00e9n k\u00fcls\u0151 kapcsolattart\u00f3k\u00e9nt j\u00e1r el,<\/li>\n<li>a Kancell\u00e1r \u00e1ltal kiadott hat\u00e1rozatok, utas\u00edt\u00e1sok, elrendelt feladatok betart\u00e1s\u00e1t \u00e9s v\u00e9grehajt\u00e1s\u00e1t sz\u00fcks\u00e9g eset\u00e9n, a Kancell\u00e1r utas\u00edt\u00e1s\u00e1ra ellen\u0151rzi.<\/li>\n<\/ul>\n<h5>A Kancell\u00e1ri Kabinet kapcsolattart\u00e1sa<\/h5>\n<p>A Kancell\u00e1ri Kabinet &#8211; feladatk\u00f6r\u00e9b\u0151l ered\u0151en \u2013 kapcsolatot tart valamennyi, a Kancell\u00e1r fel\u00fcgyelete al\u00e1 tartoz\u00f3 szervezeti egys\u00e9g vezet\u0151j\u00e9vel, dokumentumot, kimutat\u00e1st, szakmai v\u00e9lem\u00e9nyt k\u00e9rve.<\/p>\n<h5>Kancell\u00e1ri Titk\u00e1rs\u00e1g<\/h5>\n<p>A Kancell\u00e1ri Kabinet nyilv\u00e1ntart\u00e1sainak, iratforgalm\u00e1nak, dokument\u00e1ci\u00f3s rendj\u00e9nek kezel\u00e9s\u00e9t a Kancell\u00e1ri Titk\u00e1rs\u00e1g v\u00e9gzi.<\/p>\n","protected":false},"excerpt":{"rendered":"<p>Kancell\u00e1ri Kabinet A Kancell\u00e1ri Kabinet a Kancell\u00e1r feladatainak ell\u00e1t\u00e1s\u00e1hoz, jogk\u00f6reinek gyakorl\u00e1s\u00e1hoz kapcsol\u00f3d\u00f3 strat\u00e9giai \u00e9s operat\u00edv d\u00f6nt\u00e9seket el\u0151k\u00e9sz\u00edt\u0151, v\u00e9lem\u00e9nyez\u0151, javaslattev\u0151 szervezeti egys\u00e9g, amely a kancell\u00e1r k\u00f6zvetlen ir\u00e1ny\u00edt\u00e1sa alatt \u00e1ll, az Egyetem Szervezeti \u00e9s M\u0171k\u00f6d\u00e9si Szab\u00e1lyzat\u00e1ban is r\u00f6gz\u00edtett m\u00f3don. A szervezeti egys\u00e9g ir\u00e1ny\u00edt\u00f3ja a Kancell\u00e1ri Kabinetvezet\u0151. <a class=\"btn btn-secondary\" href=\"https:\/\/semmelweis.hu\/kancellaria\/szervezeti-egysegek\/kancellari-kabinet\/munkatarsak\/\" target=\"_blank\" rel=\"noopener\">Munkat\u00e1rsaink<\/a> A Kancell\u00e1ri Kabinet feladatai k\u00fcl\u00f6n\u00f6sen: a Kancell\u00e1r egyes jogk\u00f6reinek szervez\u00e9s\u00e9vel, a &hellip;<\/p>\n","protected":false},"author":102185,"featured_media":0,"parent":26,"menu_order":0,"comment_status":"closed","ping_status":"closed","template":"","meta":{"_acf_changed":false,"footnotes":""},"categories":[],"tags":[],"class_list":["post-61","page","type-page","status-publish","hentry"],"acf":[],"_links":{"self":[{"href":"https:\/\/semmelweis.hu\/kancellaria\/wp-json\/wp\/v2\/pages\/61","targetHints":{"allow":["GET"]}}],"collection":[{"href":"https:\/\/semmelweis.hu\/kancellaria\/wp-json\/wp\/v2\/pages"}],"about":[{"href":"https:\/\/semmelweis.hu\/kancellaria\/wp-json\/wp\/v2\/types\/page"}],"author":[{"embeddable":true,"href":"https:\/\/semmelweis.hu\/kancellaria\/wp-json\/wp\/v2\/users\/102185"}],"replies":[{"embeddable":true,"href":"https:\/\/semmelweis.hu\/kancellaria\/wp-json\/wp\/v2\/comments?post=61"}],"version-history":[{"count":7,"href":"https:\/\/semmelweis.hu\/kancellaria\/wp-json\/wp\/v2\/pages\/61\/revisions"}],"predecessor-version":[{"id":132,"href":"https:\/\/semmelweis.hu\/kancellaria\/wp-json\/wp\/v2\/pages\/61\/revisions\/132"}],"up":[{"embeddable":true,"href":"https:\/\/semmelweis.hu\/kancellaria\/wp-json\/wp\/v2\/pages\/26"}],"wp:attachment":[{"href":"https:\/\/semmelweis.hu\/kancellaria\/wp-json\/wp\/v2\/media?parent=61"}],"wp:term":[{"taxonomy":"category","embeddable":true,"href":"https:\/\/semmelweis.hu\/kancellaria\/wp-json\/wp\/v2\/categories?post=61"},{"taxonomy":"post_tag","embeddable":true,"href":"https:\/\/semmelweis.hu\/kancellaria\/wp-json\/wp\/v2\/tags?post=61"}],"curies":[{"name":"wp","href":"https:\/\/api.w.org\/{rel}","templated":true}]}}