{"id":6,"date":"2023-02-24T14:38:29","date_gmt":"2023-02-24T13:38:29","guid":{"rendered":"https:\/\/semmelweis.hu\/kancellaria\/?page_id=6"},"modified":"2023-03-31T08:50:02","modified_gmt":"2023-03-31T06:50:02","slug":"elerhetoseg","status":"publish","type":"page","link":"https:\/\/semmelweis.hu\/kancellaria\/elerhetoseg\/","title":{"rendered":"El\u00e9rhet\u0151s\u00e9g"},"content":{"rendered":"<p><img loading=\"lazy\" decoding=\"async\" class=\"size-medium wp-image-9 alignright\" src=\"https:\/\/semmelweis.hu\/kancellaria\/files\/2023\/02\/RS146149_C19A5391-scr-400x267.jpg\" alt=\"\" width=\"400\" height=\"267\" \/><\/p>\n<p><strong>Kancell\u00e1ri Titk\u00e1rs\u00e1g<\/strong><\/p>\n<p>C\u00edm:1085 Budapest, \u00dcll\u0151i \u00fat 26., K\u00f6zponti Igazgat\u00e1si \u00c9p\u00fclet, II. em. 203.<br \/>\nTelefon: +36 1 459-1500 \/55452, 55482 m.<br \/>\nEmail: kancellar@semmelweis.hu<\/p>\n<p><iframe loading=\"lazy\" src=\"https:\/\/www.google.com\/maps\/embed?pb=!1m14!1m8!1m3!1d10784.526282631985!2d19.0673349!3d47.4873502!3m2!1i1024!2i768!4f13.1!3m3!1m2!1s0x4741dc59ea3ba3cd%3A0x2435c6b8aa0b78a!2sSemmelweis%20Egyetem!5e0!3m2!1shu!2shu!4v1678180179404!5m2!1shu!2shu\" width=\"100%\" height=\"450\"><\/iframe><\/p>\n","protected":false},"excerpt":{"rendered":"<p>Kancell\u00e1ri Titk\u00e1rs\u00e1g<br \/>\nC\u00edm:1085 Budapest, \u00dcll\u0151i \u00fat 26., K\u00f6zponti Igazgat\u00e1si \u00c9p\u00fclet, II. em. 203.<br \/>\nTelefon: +36 1 459-1500 \/55452, 55482 m.<br \/>\nEmail: kancellar@semmelweis.hu<\/p>\n","protected":false},"author":12,"featured_media":0,"parent":0,"menu_order":8,"comment_status":"closed","ping_status":"closed","template":"","meta":{"_acf_changed":false,"footnotes":""},"categories":[],"tags":[],"class_list":["post-6","page","type-page","status-publish","hentry"],"acf":[],"_links":{"self":[{"href":"https:\/\/semmelweis.hu\/kancellaria\/wp-json\/wp\/v2\/pages\/6","targetHints":{"allow":["GET"]}}],"collection":[{"href":"https:\/\/semmelweis.hu\/kancellaria\/wp-json\/wp\/v2\/pages"}],"about":[{"href":"https:\/\/semmelweis.hu\/kancellaria\/wp-json\/wp\/v2\/types\/page"}],"author":[{"embeddable":true,"href":"https:\/\/semmelweis.hu\/kancellaria\/wp-json\/wp\/v2\/users\/12"}],"replies":[{"embeddable":true,"href":"https:\/\/semmelweis.hu\/kancellaria\/wp-json\/wp\/v2\/comments?post=6"}],"version-history":[{"count":10,"href":"https:\/\/semmelweis.hu\/kancellaria\/wp-json\/wp\/v2\/pages\/6\/revisions"}],"predecessor-version":[{"id":126,"href":"https:\/\/semmelweis.hu\/kancellaria\/wp-json\/wp\/v2\/pages\/6\/revisions\/126"}],"wp:attachment":[{"href":"https:\/\/semmelweis.hu\/kancellaria\/wp-json\/wp\/v2\/media?parent=6"}],"wp:term":[{"taxonomy":"category","embeddable":true,"href":"https:\/\/semmelweis.hu\/kancellaria\/wp-json\/wp\/v2\/categories?post=6"},{"taxonomy":"post_tag","embeddable":true,"href":"https:\/\/semmelweis.hu\/kancellaria\/wp-json\/wp\/v2\/tags?post=6"}],"curies":[{"name":"wp","href":"https:\/\/api.w.org\/{rel}","templated":true}]}}