{"id":28,"date":"2023-03-07T10:15:54","date_gmt":"2023-03-07T09:15:54","guid":{"rendered":"https:\/\/semmelweis.hu\/kancellaria\/?page_id=28"},"modified":"2025-10-08T12:01:00","modified_gmt":"2025-10-08T10:01:00","slug":"adatkezeles","status":"publish","type":"page","link":"https:\/\/semmelweis.hu\/kancellaria\/adatkezeles\/","title":{"rendered":"Adatkezel\u00e9s"},"content":{"rendered":"<h4 style=\"text-align: center\"><strong>A KANCELL\u00c1RI KABINET \u00c1LTAL V\u00c9GZETT SZEM\u00c9LYES ADATKEZEL\u00c9SSEL KAPCSOLATOS INFORM\u00c1CI\u00d3K EL\u00c9RHET\u0150S\u00c9GE<\/strong><\/h4>\n<p>1. Kancell\u00e1ri Kabinet \u2013 adatkezel\u00e9si t\u00e1j\u00e9koztat\u00f3ja:<\/p>\n<p><a href=\"https:\/\/semmelweis.hu\/kancellaria\/files\/2023\/03\/Adatkezelesi_tajekoztato_KKAB_2023.pdf\" target=\"_blank\" rel=\"noopener\">Erre a linkre kattintva let\u00f6lthet\u0151<\/a><\/p>\n<p>2.1. Kancell\u00e1ri Kabinet <strong>adminisztr\u00e1ci\u00f3s t<\/strong>ev\u00e9kenys\u00e9g\u00e9vel \u00f6sszef\u00fcgg\u0151 adatkezel\u00e9sekkel kapcsolatos inform\u00e1ci\u00f3k el\u00e9rhet\u0151s\u00e9ge:<\/p>\n<p><a href=\"https:\/\/semmelweis.hu\/kancellaria\/files\/2023\/03\/2_1_Adminisztracio.pdf\" target=\"_blank\" rel=\"noopener\">Erre a linkre kattintva let\u00f6lthet\u0151<\/a><\/p>\n<p>2.2. Kancell\u00e1ri Kabinetnek, <strong>a Kancell\u00e1rnak<\/strong> mint <strong>a szervezeti egys\u00e9g munk\u00e1ltat\u00f3i joggyakorl\u00f3i<\/strong> tev\u00e9kenys\u00e9g\u00e9vel \u00f6sszef\u00fcgg\u0151 adatkezel\u00e9sekkel kapcsolatos inform\u00e1ci\u00f3k el\u00e9rhet\u0151s\u00e9ge:<\/p>\n<p><a href=\"https:\/\/semmelweis.hu\/kancellaria\/files\/2023\/03\/2_2_Munkaugy_szervezetiegys_vez.pdf\" target=\"_blank\" rel=\"noopener\">Erre a linkre kattintva let\u00f6lthet\u0151<\/a><\/p>\n<p>2.3. Kancell\u00e1ri Kabinetnek a <strong>Kancell\u00e1ri Kabinet vezet\u0151nek, mint a szervezeti egys\u00e9g egy\u00e9b munk\u00e1ltat\u00f3i joggyakorl\u00f3i <\/strong>\u00e9s munk\u00e1ltat\u00f3i d\u00f6nt\u00e9s el\u0151k\u00e9sz\u00edt\u00e9si tev\u00e9kenys\u00e9g\u00e9vel \u00f6sszef\u00fcgg\u0151 adatkezel\u00e9sekkel kapcsolatos inform\u00e1ci\u00f3k el\u00e9rhet\u0151s\u00e9ge:<\/p>\n<p><a href=\"https:\/\/semmelweis.hu\/kancellaria\/files\/2023\/03\/2_3_Munkaugy_kkabinetvezeto.pdf\" target=\"_blank\" rel=\"noopener\">Erre a linkre kattintva let\u00f6lthet\u0151<\/a><\/p>\n<p>2.4. Kancell\u00e1ri Kabinetnek, <strong>a Kancell\u00e1rnak, mint a kancell\u00e1ri ir\u00e1ny\u00edt\u00e1si ter\u00fclet szervezeti egys\u00e9geinek vezet\u0151ivel kapcsolatos munk\u00e1ltat\u00f3i joggyak<\/strong>orl\u00f3i tev\u00e9kenys\u00e9g\u00e9vel \u00f6sszef\u00fcgg\u0151 adatkezel\u00e9sekkel kapcsolatos inform\u00e1ci\u00f3k el\u00e9rhet\u0151s\u00e9ge:<\/p>\n<p><a href=\"https:\/\/semmelweis.hu\/kancellaria\/files\/2023\/03\/2_4_Munkaugy_kkab_dolg.pdf\" target=\"_blank\" rel=\"noopener\">Erre a linkre kattintva let\u00f6lthet\u0151<\/a><\/p>\n<p>2.5. Kancell\u00e1ri Kabinetnek, a <strong>Kancell\u00e1rnak, mint k\u00f6telezetts\u00e9g v\u00e1llal\u00f3nak vagy p\u00e9nz\u00fcgyi ellenjegyz\u0151nek<\/strong> tev\u00e9kenys\u00e9g\u00e9vel \u00f6sszef\u00fcgg\u0151 adatkezel\u00e9sekkel kapcsolatos inform\u00e1ci\u00f3k el\u00e9rhet\u0151s\u00e9ge:<\/p>\n<p><a href=\"https:\/\/semmelweis.hu\/kancellaria\/files\/2023\/03\/2_5_Kancellari_kotvall.pdf\" target=\"_blank\" rel=\"noopener\">Erre a linkre kattintva let\u00f6lthet\u0151<\/a><\/p>\n<p>2.6. Kancell\u00e1ri Kabinetnek, a <strong>Kancell\u00e1rnak, mint a tulajdonosi joggyakorl\u00f3nak a gazdas\u00e1gi t\u00e1rsas\u00e1gok \u00fcgyvezet\u0151ivel, kapcsolatos<\/strong> tev\u00e9kenys\u00e9g\u00e9vel \u00f6sszef\u00fcgg\u0151 adatkezel\u00e9sekkel kapcsolatos inform\u00e1ci\u00f3k el\u00e9rhet\u0151s\u00e9ge:<\/p>\n<p><a href=\"https:\/\/semmelweis.hu\/kancellaria\/files\/2023\/03\/2_6_Tulajdonosi_joggyak_fb.pdf\" target=\"_blank\" rel=\"noopener\">Erre a linkre kattintva let\u00f6lthet\u0151<\/a><\/p>\n<p>2.7. Kancell\u00e1ri Kabinetnek, a <strong>Kancell\u00e1rnak, mint a tulajdonosi joggyakorl\u00f3nak a gazdas\u00e1gi t\u00e1rsas\u00e1gok fel\u00fcgyel\u0151 bizotts\u00e1gaival, <\/strong>kapcsolatos tev\u00e9kenys\u00e9g\u00e9vel \u00f6sszef\u00fcgg\u0151 adatkezel\u00e9sekkel kapcsolatos inform\u00e1ci\u00f3k el\u00e9rhet\u0151s\u00e9ge:<\/p>\n<p><a href=\"https:\/\/semmelweis.hu\/kancellaria\/files\/2023\/03\/2_7_Tulajdonosi_joggyak_ugyvez.pdf\" target=\"_blank\" rel=\"noopener\">Erre a linkre kattintva let\u00f6lthet\u0151<\/a><\/p>\n","protected":false},"excerpt":{"rendered":"<p>A KANCELL\u00c1RI KABINET \u00c1LTAL V\u00c9GZETT SZEM\u00c9LYES ADATKEZEL\u00c9SSEL KAPCSOLATOS INFORM\u00c1CI\u00d3K EL\u00c9RHET\u0150S\u00c9GE 1. Kancell\u00e1ri Kabinet \u2013 adatkezel\u00e9si t\u00e1j\u00e9koztat\u00f3ja: <a href=\"https:\/\/semmelweis.hu\/kancellaria\/files\/2023\/03\/Adatkezelesi_tajekoztato_KKAB_2023.pdf\" target=\"_blank\" rel=\"noopener\">Erre a linkre kattintva let\u00f6lthet\u0151<\/a> 2.1. Kancell\u00e1ri Kabinet adminisztr\u00e1ci\u00f3s tev\u00e9kenys\u00e9g\u00e9vel \u00f6sszef\u00fcgg\u0151 adatkezel\u00e9sekkel kapcsolatos inform\u00e1ci\u00f3k el\u00e9rhet\u0151s\u00e9ge: <a href=\"https:\/\/semmelweis.hu\/kancellaria\/files\/2023\/03\/2_1_Adminisztracio.pdf\" target=\"_blank\" rel=\"noopener\">Erre a linkre kattintva let\u00f6lthet\u0151<\/a> 2.2. Kancell\u00e1ri Kabinetnek, a Kancell\u00e1rnak mint a szervezeti egys\u00e9g munk\u00e1ltat\u00f3i joggyakorl\u00f3i tev\u00e9kenys\u00e9g\u00e9vel \u00f6sszef\u00fcgg\u0151 adatkezel\u00e9sekkel kapcsolatos inform\u00e1ci\u00f3k el\u00e9rhet\u0151s\u00e9ge: <a href=\"https:\/\/semmelweis.hu\/kancellaria\/files\/2023\/03\/2_2_Munkaugy_szervezetiegys_vez.pdf\" target=\"_blank\" rel=\"noopener\">Erre a linkre kattintva let\u00f6lthet\u0151<\/a> 2.3. Kancell\u00e1ri Kabinetnek a Kancell\u00e1ri Kabinet vezet\u0151nek, mint a szervezeti egys\u00e9g egy\u00e9b &hellip;<\/p>\n","protected":false},"author":102185,"featured_media":0,"parent":0,"menu_order":3,"comment_status":"closed","ping_status":"closed","template":"","meta":{"_acf_changed":false,"footnotes":""},"categories":[],"tags":[],"class_list":["post-28","page","type-page","status-publish","hentry"],"acf":[],"_links":{"self":[{"href":"https:\/\/semmelweis.hu\/kancellaria\/wp-json\/wp\/v2\/pages\/28","targetHints":{"allow":["GET"]}}],"collection":[{"href":"https:\/\/semmelweis.hu\/kancellaria\/wp-json\/wp\/v2\/pages"}],"about":[{"href":"https:\/\/semmelweis.hu\/kancellaria\/wp-json\/wp\/v2\/types\/page"}],"author":[{"embeddable":true,"href":"https:\/\/semmelweis.hu\/kancellaria\/wp-json\/wp\/v2\/users\/102185"}],"replies":[{"embeddable":true,"href":"https:\/\/semmelweis.hu\/kancellaria\/wp-json\/wp\/v2\/comments?post=28"}],"version-history":[{"count":10,"href":"https:\/\/semmelweis.hu\/kancellaria\/wp-json\/wp\/v2\/pages\/28\/revisions"}],"predecessor-version":[{"id":168,"href":"https:\/\/semmelweis.hu\/kancellaria\/wp-json\/wp\/v2\/pages\/28\/revisions\/168"}],"wp:attachment":[{"href":"https:\/\/semmelweis.hu\/kancellaria\/wp-json\/wp\/v2\/media?parent=28"}],"wp:term":[{"taxonomy":"category","embeddable":true,"href":"https:\/\/semmelweis.hu\/kancellaria\/wp-json\/wp\/v2\/categories?post=28"},{"taxonomy":"post_tag","embeddable":true,"href":"https:\/\/semmelweis.hu\/kancellaria\/wp-json\/wp\/v2\/tags?post=28"}],"curies":[{"name":"wp","href":"https:\/\/api.w.org\/{rel}","templated":true}]}}