{"id":26,"date":"2023-03-07T10:13:05","date_gmt":"2023-03-07T09:13:05","guid":{"rendered":"https:\/\/semmelweis.hu\/kancellaria\/?page_id=26"},"modified":"2025-10-21T09:53:45","modified_gmt":"2025-10-21T07:53:45","slug":"szervezeti-egysegek","status":"publish","type":"page","link":"https:\/\/semmelweis.hu\/kancellaria\/szervezeti-egysegek\/","title":{"rendered":"Szervezeti egys\u00e9gek"},"content":{"rendered":"<h4 style=\"text-align: center\"><strong>Kancell\u00e1ri\u00e1hoz tartoz\u00f3 szervezeti egys\u00e9gek<\/strong><\/h4>\n<ul style=\"list-style-type: square\">\n<li><a href=\"https:\/\/semmelweis.hu\/kancellaria\/szervezeti-egysegek\/kancellari-kabinet\/\" target=\"_blank\" rel=\"noopener\">Beszerz\u00e9si Igazgat\u00f3s\u00e1g<\/a><\/li>\n<li><a href=\"https:\/\/semmelweis.hu\/ellenorzesi-igazgatosag\/\" target=\"_blank\" rel=\"noopener\">Ellen\u0151rz\u00e9si Igazgat\u00f3s\u00e1g<\/a><\/li>\n<li><a href=\"https:\/\/semmelweis.hu\/human\/\" target=\"_blank\" rel=\"noopener\">Emberier\u0151forr\u00e1s-gazd\u00e1lkod\u00e1si F\u0151igazgat\u00f3s\u00e1g<\/a><\/li>\n<li><a href=\"https:\/\/semmelweis.hu\/az-egyetemrol\/az-egyetem-szervezete\/egyetemi-gazdasagi-tarsasagok\/\">Gazdas\u00e1gi t\u00e1rsas\u00e1gok<\/a><\/li>\n<li><a href=\"https:\/\/semmelweis.hu\/informatika\/\" target=\"_blank\" rel=\"noopener\">Informatikai F\u0151igazgat\u00f3s\u00e1g<\/a><\/li>\n<li><a href=\"https:\/\/semmelweis.hu\/jogigfoig\/\" target=\"_blank\" rel=\"noopener\">Jogi \u00e9s Igazgat\u00e1si F\u0151igazgat\u00f3s\u00e1g<\/a><\/li>\n<li><a href=\"https:\/\/semmelweis.hu\/kancellaria\/szervezeti-egysegek\/kancellari-kabinet\/\" target=\"_blank\" rel=\"noopener\">Kancell\u00e1ri Kabinet<\/a><\/li>\n<li><a href=\"https:\/\/semmelweis.hu\/kontrolling\/\">K\u00f6lts\u00e9gvet\u00e9si \u00e9s Kontrolling F\u0151igazgat\u00f3s\u00e1g<\/a><\/li>\n<li><a href=\"https:\/\/semmelweis.hu\/mfi\/\" target=\"_blank\" rel=\"noopener\">M\u0171szaki F\u0151igazgat\u00f3s\u00e1g<\/a><\/li>\n<li><a href=\"https:\/\/semmelweis.hu\/gfi\/\">P\u00e9nz\u00fcgyi \u00e9s Vagyongazd\u00e1lkod\u00e1si F\u0151igazgat\u00f3s\u00e1g<\/a><\/li>\n<\/ul>\n<ul>\n<li style=\"list-style-type: none\">\u00a0<\/li>\n<\/ul>\n","protected":false},"excerpt":{"rendered":"<p>Kancell\u00e1ri\u00e1hoz tartoz\u00f3 szervezeti egys\u00e9gek<\/p>\n<p><a href=\"https:\/\/semmelweis.hu\/kancellaria\/szervezeti-egysegek\/kancellari-kabinet\/\" target=\"_blank\" rel=\"noopener\">Beszerz\u00e9si Igazgat\u00f3s\u00e1g<\/a><br \/>\n<a href=\"https:\/\/semmelweis.hu\/ellenorzesi-igazgatosag\/\" target=\"_blank\" rel=\"noopener\">Ellen\u0151rz\u00e9si Igazgat\u00f3s\u00e1g<\/a><br \/>\n<a href=\"https:\/\/semmelweis.hu\/human\/\" target=\"_blank\" rel=\"noopener\">Emberier\u0151forr\u00e1s-gazd\u00e1lkod\u00e1si F\u0151igazgat\u00f3s\u00e1g<\/a><br \/>\n<a href=\"https:\/\/semmelweis.hu\/az-egyetemrol\/az-egyetem-szervezete\/egyetemi-gazdasagi-tarsasagok\/\">Gazdas\u00e1gi t\u00e1rsas\u00e1gok<\/a><br \/>\n<a href=\"https:\/\/semmelweis.hu\/informatika\/\" target=\"_blank\" rel=\"noopener\">Informatikai F\u0151igazgat\u00f3s\u00e1g<\/a><br \/>\n<a href=\"https:\/\/semmelweis.hu\/jogigfoig\/\" target=\"_blank\" rel=\"noopener\">Jogi \u00e9s Igazgat\u00e1si F\u0151igazgat\u00f3s\u00e1g<\/a><br \/>\n<a href=\"https:\/\/semmelweis.hu\/kancellaria\/szervezeti-egysegek\/kancellari-kabinet\/\" target=\"_blank\" rel=\"noopener\">Kancell\u00e1ri Kabinet<\/a><br \/>\n<a href=\"https:\/\/semmelweis.hu\/kontrolling\/\">K\u00f6lts\u00e9gvet\u00e9si \u00e9s Kontrolling F\u0151igazgat\u00f3s\u00e1g<\/a><br \/>\n<a href=\"https:\/\/semmelweis.hu\/mfi\/\" target=\"_blank\" rel=\"noopener\">M\u0171szaki F\u0151igazgat\u00f3s\u00e1g<\/a><br \/>\n<a href=\"https:\/\/semmelweis.hu\/gfi\/\">P\u00e9nz\u00fcgyi \u00e9s Vagyongazd\u00e1lkod\u00e1si F\u0151igazgat\u00f3s\u00e1g<\/a><\/p>\n<p>\u00a0<\/p>\n","protected":false},"author":102185,"featured_media":0,"parent":0,"menu_order":0,"comment_status":"closed","ping_status":"closed","template":"","meta":{"_acf_changed":false,"footnotes":""},"categories":[],"tags":[],"class_list":["post-26","page","type-page","status-publish","hentry"],"acf":[],"_links":{"self":[{"href":"https:\/\/semmelweis.hu\/kancellaria\/wp-json\/wp\/v2\/pages\/26","targetHints":{"allow":["GET"]}}],"collection":[{"href":"https:\/\/semmelweis.hu\/kancellaria\/wp-json\/wp\/v2\/pages"}],"about":[{"href":"https:\/\/semmelweis.hu\/kancellaria\/wp-json\/wp\/v2\/types\/page"}],"author":[{"embeddable":true,"href":"https:\/\/semmelweis.hu\/kancellaria\/wp-json\/wp\/v2\/users\/102185"}],"replies":[{"embeddable":true,"href":"https:\/\/semmelweis.hu\/kancellaria\/wp-json\/wp\/v2\/comments?post=26"}],"version-history":[{"count":10,"href":"https:\/\/semmelweis.hu\/kancellaria\/wp-json\/wp\/v2\/pages\/26\/revisions"}],"predecessor-version":[{"id":176,"href":"https:\/\/semmelweis.hu\/kancellaria\/wp-json\/wp\/v2\/pages\/26\/revisions\/176"}],"wp:attachment":[{"href":"https:\/\/semmelweis.hu\/kancellaria\/wp-json\/wp\/v2\/media?parent=26"}],"wp:term":[{"taxonomy":"category","embeddable":true,"href":"https:\/\/semmelweis.hu\/kancellaria\/wp-json\/wp\/v2\/categories?post=26"},{"taxonomy":"post_tag","embeddable":true,"href":"https:\/\/semmelweis.hu\/kancellaria\/wp-json\/wp\/v2\/tags?post=26"}],"curies":[{"name":"wp","href":"https:\/\/api.w.org\/{rel}","templated":true}]}}