{"id":177,"date":"2025-10-21T09:56:02","date_gmt":"2025-10-21T07:56:02","guid":{"rendered":"https:\/\/semmelweis.hu\/kancellaria\/?page_id=177"},"modified":"2025-10-21T09:56:44","modified_gmt":"2025-10-21T07:56:44","slug":"koltsegvetesi-es-kontrolling-foigazgatosag","status":"publish","type":"page","link":"https:\/\/semmelweis.hu\/kancellaria\/szervezeti-egysegek\/koltsegvetesi-es-kontrolling-foigazgatosag\/","title":{"rendered":"K\u00f6lts\u00e9gvet\u00e9si \u00e9s Kontrolling F\u0151igazgat\u00f3s\u00e1g"},"content":{"rendered":"","protected":false},"excerpt":{"rendered":"","protected":false},"author":102185,"featured_media":0,"parent":26,"menu_order":0,"comment_status":"closed","ping_status":"closed","template":"","meta":{"_acf_changed":false,"footnotes":""},"categories":[],"tags":[],"class_list":["post-177","page","type-page","status-publish","hentry"],"acf":[],"_links":{"self":[{"href":"https:\/\/semmelweis.hu\/kancellaria\/wp-json\/wp\/v2\/pages\/177","targetHints":{"allow":["GET"]}}],"collection":[{"href":"https:\/\/semmelweis.hu\/kancellaria\/wp-json\/wp\/v2\/pages"}],"about":[{"href":"https:\/\/semmelweis.hu\/kancellaria\/wp-json\/wp\/v2\/types\/page"}],"author":[{"embeddable":true,"href":"https:\/\/semmelweis.hu\/kancellaria\/wp-json\/wp\/v2\/users\/102185"}],"replies":[{"embeddable":true,"href":"https:\/\/semmelweis.hu\/kancellaria\/wp-json\/wp\/v2\/comments?post=177"}],"version-history":[{"count":1,"href":"https:\/\/semmelweis.hu\/kancellaria\/wp-json\/wp\/v2\/pages\/177\/revisions"}],"predecessor-version":[{"id":178,"href":"https:\/\/semmelweis.hu\/kancellaria\/wp-json\/wp\/v2\/pages\/177\/revisions\/178"}],"up":[{"embeddable":true,"href":"https:\/\/semmelweis.hu\/kancellaria\/wp-json\/wp\/v2\/pages\/26"}],"wp:attachment":[{"href":"https:\/\/semmelweis.hu\/kancellaria\/wp-json\/wp\/v2\/media?parent=177"}],"wp:term":[{"taxonomy":"category","embeddable":true,"href":"https:\/\/semmelweis.hu\/kancellaria\/wp-json\/wp\/v2\/categories?post=177"},{"taxonomy":"post_tag","embeddable":true,"href":"https:\/\/semmelweis.hu\/kancellaria\/wp-json\/wp\/v2\/tags?post=177"}],"curies":[{"name":"wp","href":"https:\/\/api.w.org\/{rel}","templated":true}]}}