{"id":99640,"date":"2025-07-07T14:39:59","date_gmt":"2025-07-07T12:39:59","guid":{"rendered":"https:\/\/semmelweis.hu\/jogigfoig\/?page_id=99640"},"modified":"2025-10-01T11:42:02","modified_gmt":"2025-10-01T09:42:02","slug":"2025-junius-26","status":"publish","type":"page","link":"https:\/\/semmelweis.hu\/jogigfoig\/testuletek\/szenatus\/2025-evi-szenatusi-hatarozatok\/2025-junius-26\/","title":{"rendered":"2025. j\u00fanius 26."},"content":{"rendered":"<p style=\"text-align: justify\"><a href=\"https:\/\/semmelweis.hu\/jogigfoig\/files\/2025\/07\/N_5_2025_hatarozat.pdf\">A Semmelweis Egyetem\u00a0Szen\u00e1tus\u00e1nak\u00a0N-5.2025. (VI.26.) sz\u00e1m\u00fa hat\u00e1rozata\u00a0a szen\u00e1tusi \u00fcl\u00e9s napirendj\u00e9r\u0151l<\/a><\/p>\n<p style=\"text-align: justify\"><a href=\"https:\/\/semmelweis.hu\/jogigfoig\/files\/2025\/08\/52_2025_vagyongazdalkodasi-terv-modositasa.pdf\">A Semmelweis Egyetem Szen\u00e1tus\u00e1nak 52\/2025. (VI. 26.) sz\u00e1m\u00fa hat\u00e1rozata a Semmelweis Egyetem vagyongazd\u00e1lkod\u00e1si terv\u00e9nek m\u00f3dos\u00edt\u00e1s\u00e1r\u00f3l 2022-2032. \u00e9v<\/a><\/p>\n<p style=\"text-align: justify\"><a href=\"https:\/\/semmelweis.hu\/jogigfoig\/files\/2025\/08\/53_2025_SzMSz-HKR-OMHV.pdf\">A Semmelweis Egyetem Szen\u00e1tus\u00e1nak 53\/2025. (VI. 26.) sz\u00e1m\u00fa hat\u00e1rozata a Szervezeti \u00e9s M\u0171k\u00f6d\u00e9si Szab\u00e1lyzat III. K\u00f6nyv Hallgat\u00f3i K\u00f6vetelm\u00e9nyrendszer III. 8. R\u00e9sz Az oktat\u00f3i munka hallgat\u00f3i v\u00e9lem\u00e9nyez\u00e9s\u00e9nek rendje m\u00f3dos\u00edt\u00e1s\u00e1r\u00f3l<\/a><\/p>\n<p style=\"text-align: justify\"><a href=\"https:\/\/semmelweis.hu\/jogigfoig\/files\/2025\/08\/53_2025_1-sz-melleklet.pdf\">A Semmelweis Egyetem Szen\u00e1tus\u00e1nak 53\/2025. (VI. 26.) sz\u00e1m\u00fa hat\u00e1rozata a Szervezeti \u00e9s M\u0171k\u00f6d\u00e9si Szab\u00e1lyzat III. K\u00f6nyv Hallgat\u00f3i K\u00f6vetelm\u00e9nyrendszer III. 8. R\u00e9sz Az oktat\u00f3i munka hallgat\u00f3i v\u00e9lem\u00e9nyez\u00e9s\u00e9nek rendje m\u00f3dos\u00edt\u00e1s\u00e1r\u00f3l- 1. sz\u00e1m\u00fa mell\u00e9klet<\/a><\/p>\n<p style=\"text-align: justify\"><a href=\"https:\/\/semmelweis.hu\/jogigfoig\/files\/2025\/08\/53_2025_2-sz-melleklet_HOK-egyetertes.pdf\">A Semmelweis Egyetem Szen\u00e1tus\u00e1nak 53\/2025. (VI. 26.) sz\u00e1m\u00fa hat\u00e1rozata a Szervezeti \u00e9s M\u0171k\u00f6d\u00e9si Szab\u00e1lyzat III. K\u00f6nyv Hallgat\u00f3i K\u00f6vetelm\u00e9nyrendszer III. 8. R\u00e9sz Az oktat\u00f3i munka hallgat\u00f3i v\u00e9lem\u00e9nyez\u00e9s\u00e9nek rendje m\u00f3dos\u00edt\u00e1s\u00e1r\u00f3l- 2. sz\u00e1m\u00fa mell\u00e9klet<\/a><\/p>\n<p style=\"text-align: justify\"><a href=\"https:\/\/semmelweis.hu\/jogigfoig\/files\/2025\/08\/54_2025_SzMSz-modositas.pdf\">A Semmelweis Egyetem Szen\u00e1tus\u00e1nak 54\/2025. (VI. 26.) sz\u00e1m\u00fa hat\u00e1rozata a Szervezeti \u00e9s M\u0171k\u00f6d\u00e9si Szab\u00e1lyzat egyes rendelkez\u00e9seinek a m\u00f3dos\u00edt\u00e1s\u00e1r\u00f3l<\/a><\/p>\n<p style=\"text-align: justify\"><a href=\"https:\/\/semmelweis.hu\/jogigfoig\/files\/2025\/08\/54_2025_1-sz-melleklet.pdf\">A Semmelweis Egyetem Szen\u00e1tus\u00e1nak 54\/2025. (VI. 26.) sz\u00e1m\u00fa hat\u00e1rozata a Szervezeti \u00e9s M\u0171k\u00f6d\u00e9si Szab\u00e1lyzat egyes rendelkez\u00e9seinek a m\u00f3dos\u00edt\u00e1s\u00e1r\u00f3l &#8211; 1. sz\u00e1m\u00fa mell\u00e9klet<\/a><\/p>\n<p style=\"text-align: justify\"><a href=\"https:\/\/semmelweis.hu\/jogigfoig\/files\/2025\/08\/54_2025_2-sz-melleklet.pdf\">A Semmelweis Egyetem Szen\u00e1tus\u00e1nak 54\/2025. (VI. 26.) sz\u00e1m\u00fa hat\u00e1rozata a Szervezeti \u00e9s M\u0171k\u00f6d\u00e9si Szab\u00e1lyzat egyes rendelkez\u00e9seinek a m\u00f3dos\u00edt\u00e1s\u00e1r\u00f3l &#8211; 2. sz\u00e1m\u00fa mell\u00e9klet<\/a><\/p>\n<p style=\"text-align: justify\"><a href=\"https:\/\/semmelweis.hu\/jogigfoig\/files\/2025\/08\/54_2025_3-sz-melleklet.pdf\">A Semmelweis Egyetem Szen\u00e1tus\u00e1nak 54\/2025. (VI. 26.) sz\u00e1m\u00fa hat\u00e1rozata a Szervezeti \u00e9s M\u0171k\u00f6d\u00e9si Szab\u00e1lyzat egyes rendelkez\u00e9seinek a m\u00f3dos\u00edt\u00e1s\u00e1r\u00f3l &#8211; 3. sz\u00e1m\u00fa mell\u00e9klet<\/a><\/p>\n<p style=\"text-align: justify\"><a href=\"https:\/\/semmelweis.hu\/jogigfoig\/files\/2025\/08\/54_2025_4-sz-melleklet.pdf\">A Semmelweis Egyetem Szen\u00e1tus\u00e1nak 54\/2025. (VI. 26.) sz\u00e1m\u00fa hat\u00e1rozata a Szervezeti \u00e9s M\u0171k\u00f6d\u00e9si Szab\u00e1lyzat egyes rendelkez\u00e9seinek a m\u00f3dos\u00edt\u00e1s\u00e1r\u00f3l &#8211; 4. sz\u00e1m\u00fa mell\u00e9klet<\/a><\/p>\n<p style=\"text-align: justify\"><a href=\"https:\/\/semmelweis.hu\/jogigfoig\/files\/2025\/08\/54_2025_5-sz-melleklet.pdf\">A Semmelweis Egyetem Szen\u00e1tus\u00e1nak 54\/2025. (VI. 26.) sz\u00e1m\u00fa hat\u00e1rozata a Szervezeti \u00e9s M\u0171k\u00f6d\u00e9si Szab\u00e1lyzat egyes rendelkez\u00e9seinek a m\u00f3dos\u00edt\u00e1s\u00e1r\u00f3l &#8211; 5. sz\u00e1m\u00fa mell\u00e9klet<\/a><\/p>\n<p style=\"text-align: justify\"><a href=\"https:\/\/semmelweis.hu\/jogigfoig\/files\/2025\/08\/54_2025_6-sz-melleklet_HOK-egyetertes.pdf\">A Semmelweis Egyetem Szen\u00e1tus\u00e1nak 54\/2025. (VI. 26.) sz\u00e1m\u00fa hat\u00e1rozata a Szervezeti \u00e9s M\u0171k\u00f6d\u00e9si Szab\u00e1lyzat egyes rendelkez\u00e9seinek a m\u00f3dos\u00edt\u00e1s\u00e1r\u00f3l &#8211; Hallgat\u00f3i \u00d6nkorm\u00e1nyzat egyet\u00e9rt\u00e9s<\/a><\/p>\n<p style=\"text-align: justify\"><a href=\"https:\/\/semmelweis.hu\/jogigfoig\/files\/2025\/08\/54_2025_VI_26_SZMSZ_mod_DOK_egyetertes2025VII2.pdf\">A Semmelweis Egyetem Szen\u00e1tus\u00e1nak 54\/2025. (VI. 26.) sz\u00e1m\u00fa hat\u00e1rozata a Szervezeti \u00e9s M\u0171k\u00f6d\u00e9si Szab\u00e1lyzat egyes rendelkez\u00e9seinek a m\u00f3dos\u00edt\u00e1s\u00e1r\u00f3l &#8211; Doktorandusz \u00d6nkorm\u00e1nyzat egyet\u00e9rt\u00e9s<\/a><\/p>\n<p style=\"text-align: justify\"><a href=\"https:\/\/semmelweis.hu\/jogigfoig\/files\/2025\/07\/55_2025_bevezetes-a-magyar-kulturaba.pdf\">A Semmelweis Egyetem\u00a0Szen\u00e1tus\u00e1nak\u00a055\/2025. (VI.26.) sz\u00e1m\u00fa hat\u00e1rozata\u00a0a \u201eBevezet\u00e9s a magyar kult\u00far\u00e1ba\/\u00e9lm\u00e9nyprogram\u201d c\u00edm\u0171\u00a0szabadon v\u00e1laszthat\u00f3 tant\u00e1rgy meghirdet\u00e9s\u00e9r\u0151l<\/a><\/p>\n<p style=\"text-align: justify\"><a href=\"https:\/\/semmelweis.hu\/jogigfoig\/files\/2025\/07\/55_2025_melleklet_Kovetelmenyrendszer.pdf\">A Semmelweis Egyetem\u00a0Szen\u00e1tus\u00e1nak\u00a055\/2025. (VI.26.) sz\u00e1m\u00fa hat\u00e1rozata\u00a0a \u201eBevezet\u00e9s a magyar kult\u00far\u00e1ba\/\u00e9lm\u00e9nyprogram\u201d c\u00edm\u0171\u00a0szabadon v\u00e1laszthat\u00f3 tant\u00e1rgy meghirdet\u00e9s\u00e9r\u0151l &#8211; 1. sz\u00e1m\u00fa mell\u00e9klet<\/a><\/p>\n<p style=\"text-align: justify\"><a href=\"https:\/\/semmelweis.hu\/jogigfoig\/files\/2025\/07\/56_2025_Reumatologiai-es-Mozgasszervi-Prevencios-TCS-1.pdf\">A Semmelweis Egyetem\u00a0Szen\u00e1tus\u00e1nak\u00a056\/2025. (VI.26.) sz\u00e1m\u00fa hat\u00e1rozata\u00a0a Reumatol\u00f3giai \u00e9s Mozg\u00e1sszervi Prevenci\u00f3s Tansz\u00e9ki Csoport Reumatol\u00f3giai \u00e9s Immunol\u00f3giai Klinik\u00e1ba t\u00f6rt\u00e9n\u0151 beolvad\u00e1ssal t\u00f6rt\u00e9n\u0151 megsz\u00fcntet\u00e9s\u00e9r\u0151l<\/a><\/p>\n<p style=\"text-align: justify\"><a href=\"https:\/\/semmelweis.hu\/jogigfoig\/files\/2025\/07\/57_2025_Diplomaatlagba-beszamithato-targyak.pdf\">A Semmelweis Egyetem\u00a0Szen\u00e1tus\u00e1nak\u00a057\/2025. (VI. 26.) sz\u00e1m\u00fa hat\u00e1rozata\u00a0a diploma\u00e1tlagba besz\u00e1m\u00edthat\u00f3 t\u00e1rgyak k\u00f6r\u00e9nek b\u0151v\u00edt\u00e9s\u00e9r\u0151l az \u00c1ltal\u00e1nos Orvostudom\u00e1nyi Karon<\/a><\/p>\n<p style=\"text-align: justify\"><a href=\"https:\/\/semmelweis.hu\/jogigfoig\/files\/2025\/07\/58_2025_Szechenyi-dij.pdf\">A Semmelweis Egyetem\u00a0Szen\u00e1tus\u00e1nak\u00a058\/2025. (VI.26.) sz\u00e1m\u00fa hat\u00e1rozata\u00a0a Sz\u00e9chenyi-d\u00edj kit\u00fcntet\u00e9sre t\u00f6rt\u00e9n\u0151 felterjeszt\u00e9sr\u0151l<\/a><\/p>\n<p style=\"text-align: justify\"><a href=\"https:\/\/semmelweis.hu\/jogigfoig\/files\/2025\/07\/59_2025_Arany-Pecsetgyuru.pdf\">A Semmelweis Egyetem\u00a0Szen\u00e1tus\u00e1nak\u00a059\/2025. (VI.26.) sz\u00e1m\u00fa hat\u00e1rozata\u00a0az Egyetem c\u00edmer\u00e9vel d\u00edsz\u00edtett arany pecs\u00e9tgy\u0171r\u0171 adom\u00e1nyoz\u00e1s\u00e1r\u00f3l<\/a><\/p>\n<p style=\"text-align: justify\"><a href=\"https:\/\/semmelweis.hu\/jogigfoig\/files\/2025\/07\/60_2025_aktualis-vezetoi-oktatoi-kutatoi-palyazatok-1.pdf\">A Semmelweis Egyetem\u00a0Szen\u00e1tus\u00e1nak\u00a060\/2025. (VI.26.) sz\u00e1m\u00fa hat\u00e1rozata\u00a0az aktu\u00e1lis vezet\u0151i, valamint oktat\u00f3i-kutat\u00f3i p\u00e1ly\u00e1zatok v\u00e9lem\u00e9nyez\u00e9s\u00e9r\u0151l<\/a><\/p>\n<p style=\"text-align: justify\"><a href=\"https:\/\/semmelweis.hu\/jogigfoig\/files\/2025\/07\/61_2025_allando-bizottsagok-hallgatoi-tagsagai.pdf\">A Semmelweis Egyetem\u00a0Szen\u00e1tus\u00e1nak\u00a061\/2025. (VI.26.) sz\u00e1m\u00fa hat\u00e1rozata\u00a0a Szen\u00e1tus \u00e1ltal l\u00e9trehozott, az egyetem eg\u00e9sz\u00e9re kiterjed\u0151 hat\u00e1sk\u00f6rrel rendelkez\u0151 \u00e1lland\u00f3 bizotts\u00e1gok hallgat\u00f3i tags\u00e1g\u00e1nak meg\u00faj\u00edt\u00e1s\u00e1r\u00f3l<\/a><\/p>\n<p><strong>\u00a0<\/strong><\/p>\n<p><strong>\u00a0<\/strong><\/p>\n<p><strong>\u00a0<\/strong><\/p>\n<p><strong>\u00a0<\/strong><\/p>\n<p><strong>\u00a0<\/strong><\/p>\n<p>&nbsp;<\/p>\n","protected":false},"excerpt":{"rendered":"<p><a href=\"https:\/\/semmelweis.hu\/jogigfoig\/files\/2025\/07\/N_5_2025_hatarozat.pdf\">A Semmelweis Egyetem\u00a0Szen\u00e1tus\u00e1nak\u00a0N-5.2025. (VI.26.) sz\u00e1m\u00fa hat\u00e1rozata\u00a0a szen\u00e1tusi \u00fcl\u00e9s napirendj\u00e9r\u0151l<\/a><br \/>\n<a href=\"https:\/\/semmelweis.hu\/jogigfoig\/files\/2025\/08\/52_2025_vagyongazdalkodasi-terv-modositasa.pdf\">A Semmelweis Egyetem Szen\u00e1tus\u00e1nak 52\/2025. (VI. 26.) sz\u00e1m\u00fa hat\u00e1rozata a Semmelweis Egyetem vagyongazd\u00e1lkod\u00e1si terv\u00e9nek m\u00f3dos\u00edt\u00e1s\u00e1r\u00f3l 2022-2032. \u00e9v<\/a><br \/>\n<a href=\"https:\/\/semmelweis.hu\/jogigfoig\/files\/2025\/08\/53_2025_SzMSz-HKR-OMHV.pdf\">A Semmelweis Egyetem Szen\u00e1tus\u00e1nak 53\/2025. (VI. 26.) sz\u00e1m\u00fa hat\u00e1rozata a Szervezeti \u00e9s M\u0171k\u00f6d\u00e9si Szab\u00e1lyzat III. K\u00f6nyv Hallgat\u00f3i K\u00f6vetelm\u00e9nyrendszer III. 8. R\u00e9sz Az oktat\u00f3i munka hallgat\u00f3i v\u00e9lem\u00e9nyez\u00e9s\u00e9nek rendje m\u00f3dos\u00edt\u00e1s\u00e1r\u00f3l<\/a><br \/>\n<a href=\"https:\/\/semmelweis.hu\/jogigfoig\/files\/2025\/08\/53_2025_1-sz-melleklet.pdf\">A Semmelweis Egyetem Szen\u00e1tus\u00e1nak 53\/2025. (VI. 26.) sz\u00e1m\u00fa hat\u00e1rozata a Szervezeti \u00e9s M\u0171k\u00f6d\u00e9si Szab\u00e1lyzat III. K\u00f6nyv Hallgat\u00f3i K\u00f6vetelm\u00e9nyrendszer III. 8. R\u00e9sz Az oktat\u00f3i munka hallgat\u00f3i v\u00e9lem\u00e9nyez\u00e9s\u00e9nek rendje m\u00f3dos\u00edt\u00e1s\u00e1r\u00f3l- 1. sz\u00e1m\u00fa mell\u00e9klet<\/a><br \/>\n<a href=\"https:\/\/semmelweis.hu\/jogigfoig\/files\/2025\/08\/53_2025_2-sz-melleklet_HOK-egyetertes.pdf\">A Semmelweis Egyetem Szen\u00e1tus\u00e1nak 53\/2025. (VI. 26.) sz\u00e1m\u00fa hat\u00e1rozata a Szervezeti \u00e9s M\u0171k\u00f6d\u00e9si Szab\u00e1lyzat III. K\u00f6nyv Hallgat\u00f3i K\u00f6vetelm\u00e9nyrendszer III. 8. R\u00e9sz Az oktat\u00f3i munka hallgat\u00f3i v\u00e9lem\u00e9nyez\u00e9s\u00e9nek rendje m\u00f3dos\u00edt\u00e1s\u00e1r\u00f3l- 2. sz\u00e1m\u00fa mell\u00e9klet<\/a><br \/>\n<a href=\"https:\/\/semmelweis.hu\/jogigfoig\/files\/2025\/08\/54_2025_SzMSz-modositas.pdf\">A Semmelweis Egyetem Szen\u00e1tus\u00e1nak 54\/2025. (VI. 26.) sz\u00e1m\u00fa hat\u00e1rozata a Szervezeti \u00e9s M\u0171k\u00f6d\u00e9si Szab\u00e1lyzat egyes rendelkez\u00e9seinek a m\u00f3dos\u00edt\u00e1s\u00e1r\u00f3l<\/a><br \/>\n<a href=\"https:\/\/semmelweis.hu\/jogigfoig\/files\/2025\/08\/54_2025_1-sz-melleklet.pdf\">A Semmelweis Egyetem Szen\u00e1tus\u00e1nak 54\/2025. (VI. 26.) sz\u00e1m\u00fa hat\u00e1rozata a Szervezeti \u00e9s M\u0171k\u00f6d\u00e9si Szab\u00e1lyzat egyes rendelkez\u00e9seinek a m\u00f3dos\u00edt\u00e1s\u00e1r\u00f3l &#8211; 1. sz\u00e1m\u00fa mell\u00e9klet<\/a><br \/>\n<a href=\"https:\/\/semmelweis.hu\/jogigfoig\/files\/2025\/08\/54_2025_2-sz-melleklet.pdf\">A Semmelweis Egyetem Szen\u00e1tus\u00e1nak 54\/2025. (VI. 26.) sz\u00e1m\u00fa hat\u00e1rozata a Szervezeti \u00e9s M\u0171k\u00f6d\u00e9si Szab\u00e1lyzat egyes rendelkez\u00e9seinek a m\u00f3dos\u00edt\u00e1s\u00e1r\u00f3l &#8211; 2. sz\u00e1m\u00fa mell\u00e9klet<\/a><br \/>\n<a href=\"https:\/\/semmelweis.hu\/jogigfoig\/files\/2025\/08\/54_2025_3-sz-melleklet.pdf\">A Semmelweis Egyetem Szen\u00e1tus\u00e1nak 54\/2025. (VI. 26.) sz\u00e1m\u00fa hat\u00e1rozata a Szervezeti \u00e9s M\u0171k\u00f6d\u00e9si Szab\u00e1lyzat egyes rendelkez\u00e9seinek a m\u00f3dos\u00edt\u00e1s\u00e1r\u00f3l &#8211; 3. sz\u00e1m\u00fa mell\u00e9klet<\/a><br \/>\n<a href=\"https:\/\/semmelweis.hu\/jogigfoig\/files\/2025\/08\/54_2025_4-sz-melleklet.pdf\">A Semmelweis Egyetem Szen\u00e1tus\u00e1nak 54\/2025. (VI. 26.) sz\u00e1m\u00fa hat\u00e1rozata a Szervezeti \u00e9s M\u0171k\u00f6d\u00e9si Szab\u00e1lyzat egyes rendelkez\u00e9seinek a m\u00f3dos\u00edt\u00e1s\u00e1r\u00f3l &#8211; 4. sz\u00e1m\u00fa mell\u00e9klet<\/a><br \/>\n<a href=\"https:\/\/semmelweis.hu\/jogigfoig\/files\/2025\/08\/54_2025_5-sz-melleklet.pdf\">A Semmelweis Egyetem Szen\u00e1tus\u00e1nak 54\/2025. (VI. 26.) sz\u00e1m\u00fa hat\u00e1rozata a Szervezeti \u00e9s M\u0171k\u00f6d\u00e9si Szab\u00e1lyzat egyes rendelkez\u00e9seinek a m\u00f3dos\u00edt\u00e1s\u00e1r\u00f3l &#8211; 5. sz\u00e1m\u00fa mell\u00e9klet<\/a><br \/>\n<a href=\"https:\/\/semmelweis.hu\/jogigfoig\/files\/2025\/08\/54_2025_6-sz-melleklet_HOK-egyetertes.pdf\">A Semmelweis Egyetem Szen\u00e1tus\u00e1nak 54\/2025. (VI. 26.) sz\u00e1m\u00fa hat\u00e1rozata a Szervezeti \u00e9s M\u0171k\u00f6d\u00e9si Szab\u00e1lyzat egyes rendelkez\u00e9seinek a m\u00f3dos\u00edt\u00e1s\u00e1r\u00f3l &#8211; Hallgat\u00f3i \u00d6nkorm\u00e1nyzat egyet\u00e9rt\u00e9s<\/a><br \/>\n<a href=\"https:\/\/semmelweis.hu\/jogigfoig\/files\/2025\/08\/54_2025_VI_26_SZMSZ_mod_DOK_egyetertes2025VII2.pdf\">A Semmelweis Egyetem Szen\u00e1tus\u00e1nak 54\/2025. (VI. 26.) sz\u00e1m\u00fa hat\u00e1rozata a Szervezeti \u00e9s M\u0171k\u00f6d\u00e9si Szab\u00e1lyzat egyes rendelkez\u00e9seinek a m\u00f3dos\u00edt\u00e1s\u00e1r\u00f3l &#8211; Doktorandusz \u00d6nkorm\u00e1nyzat egyet\u00e9rt\u00e9s<\/a><br \/>\n<a href=\"https:\/\/semmelweis.hu\/jogigfoig\/files\/2025\/07\/55_2025_bevezetes-a-magyar-kulturaba.pdf\">A Semmelweis Egyetem\u00a0Szen\u00e1tus\u00e1nak\u00a055\/2025. (VI.26.) sz\u00e1m\u00fa hat\u00e1rozata\u00a0a \u201eBevezet\u00e9s a magyar kult\u00far\u00e1ba\/\u00e9lm\u00e9nyprogram\u201d c\u00edm\u0171\u00a0szabadon v\u00e1laszthat\u00f3 tant\u00e1rgy meghirdet\u00e9s\u00e9r\u0151l<\/a><br \/>\n<a href=\"https:\/\/semmelweis.hu\/jogigfoig\/files\/2025\/07\/55_2025_melleklet_Kovetelmenyrendszer.pdf\">A Semmelweis Egyetem\u00a0Szen\u00e1tus\u00e1nak\u00a055\/2025. (VI.26.) sz\u00e1m\u00fa hat\u00e1rozata\u00a0a \u201eBevezet\u00e9s a magyar kult\u00far\u00e1ba\/\u00e9lm\u00e9nyprogram\u201d c\u00edm\u0171\u00a0szabadon v\u00e1laszthat\u00f3 tant\u00e1rgy meghirdet\u00e9s\u00e9r\u0151l &#8211; 1. sz\u00e1m\u00fa mell\u00e9klet<\/a><br \/>\n<a href=\"https:\/\/semmelweis.hu\/jogigfoig\/files\/2025\/07\/56_2025_Reumatologiai-es-Mozgasszervi-Prevencios-TCS-1.pdf\">A Semmelweis Egyetem\u00a0Szen\u00e1tus\u00e1nak\u00a056\/2025. (VI.26.) sz\u00e1m\u00fa hat\u00e1rozata\u00a0a Reumatol\u00f3giai \u00e9s Mozg\u00e1sszervi Prevenci\u00f3s Tansz\u00e9ki Csoport Reumatol\u00f3giai \u00e9s Immunol\u00f3giai Klinik\u00e1ba t\u00f6rt\u00e9n\u0151 beolvad\u00e1ssal t\u00f6rt\u00e9n\u0151 megsz\u00fcntet\u00e9s\u00e9r\u0151l<\/a><br \/>\n<a href=\"https:\/\/semmelweis.hu\/jogigfoig\/files\/2025\/07\/57_2025_Diplomaatlagba-beszamithato-targyak.pdf\">A Semmelweis Egyetem\u00a0Szen\u00e1tus\u00e1nak\u00a057\/2025. (VI. 26.) sz\u00e1m\u00fa hat\u00e1rozata\u00a0a diploma\u00e1tlagba besz\u00e1m\u00edthat\u00f3 t\u00e1rgyak k\u00f6r\u00e9nek b\u0151v\u00edt\u00e9s\u00e9r\u0151l az \u00c1ltal\u00e1nos Orvostudom\u00e1nyi Karon<\/a><br \/>\n<a href=\"https:\/\/semmelweis.hu\/jogigfoig\/files\/2025\/07\/58_2025_Szechenyi-dij.pdf\">A Semmelweis Egyetem\u00a0Szen\u00e1tus\u00e1nak\u00a058\/2025. (VI.26.) sz\u00e1m\u00fa hat\u00e1rozata\u00a0a Sz\u00e9chenyi-d\u00edj kit\u00fcntet\u00e9sre t\u00f6rt\u00e9n\u0151 felterjeszt\u00e9sr\u0151l<\/a><br \/>\n<a href=\"https:\/\/semmelweis.hu\/jogigfoig\/files\/2025\/07\/59_2025_Arany-Pecsetgyuru.pdf\">A Semmelweis Egyetem\u00a0Szen\u00e1tus\u00e1nak\u00a059\/2025. (VI.26.) sz\u00e1m\u00fa hat\u00e1rozata\u00a0az Egyetem c\u00edmer\u00e9vel d\u00edsz\u00edtett arany pecs\u00e9tgy\u0171r\u0171 adom\u00e1nyoz\u00e1s\u00e1r\u00f3l<\/a><br \/>\n<a href=\"https:\/\/semmelweis.hu\/jogigfoig\/files\/2025\/07\/60_2025_aktualis-vezetoi-oktatoi-kutatoi-palyazatok-1.pdf\">A Semmelweis Egyetem\u00a0Szen\u00e1tus\u00e1nak\u00a060\/2025. (VI.26.) sz\u00e1m\u00fa hat\u00e1rozata\u00a0az aktu\u00e1lis vezet\u0151i, valamint oktat\u00f3i-kutat\u00f3i p\u00e1ly\u00e1zatok v\u00e9lem\u00e9nyez\u00e9s\u00e9r\u0151l<\/a><br \/>\n<a href=\"https:\/\/semmelweis.hu\/jogigfoig\/files\/2025\/07\/61_2025_allando-bizottsagok-hallgatoi-tagsagai.pdf\">A Semmelweis Egyetem\u00a0Szen\u00e1tus\u00e1nak\u00a061\/2025. (VI.26.) sz\u00e1m\u00fa hat\u00e1rozata\u00a0a Szen\u00e1tus \u00e1ltal l\u00e9trehozott, az egyetem eg\u00e9sz\u00e9re kiterjed\u0151 hat\u00e1sk\u00f6rrel rendelkez\u0151 \u00e1lland\u00f3 bizotts\u00e1gok hallgat\u00f3i tags\u00e1g\u00e1nak meg\u00faj\u00edt\u00e1s\u00e1r\u00f3l<\/a><br \/>\n\u00a0<br \/>\n\u00a0<br \/>\n\u00a0<br \/>\n\u00a0<br \/>\n\u00a0<br \/>\n&nbsp;<\/p>\n","protected":false},"author":102029,"featured_media":0,"parent":96382,"menu_order":77,"comment_status":"closed","ping_status":"closed","template":"","meta":{"_acf_changed":false,"footnotes":""},"categories":[],"tags":[],"class_list":["post-99640","page","type-page","status-publish","hentry"],"acf":[],"_links":{"self":[{"href":"https:\/\/semmelweis.hu\/jogigfoig\/wp-json\/wp\/v2\/pages\/99640","targetHints":{"allow":["GET"]}}],"collection":[{"href":"https:\/\/semmelweis.hu\/jogigfoig\/wp-json\/wp\/v2\/pages"}],"about":[{"href":"https:\/\/semmelweis.hu\/jogigfoig\/wp-json\/wp\/v2\/types\/page"}],"author":[{"embeddable":true,"href":"https:\/\/semmelweis.hu\/jogigfoig\/wp-json\/wp\/v2\/users\/102029"}],"replies":[{"embeddable":true,"href":"https:\/\/semmelweis.hu\/jogigfoig\/wp-json\/wp\/v2\/comments?post=99640"}],"version-history":[{"count":8,"href":"https:\/\/semmelweis.hu\/jogigfoig\/wp-json\/wp\/v2\/pages\/99640\/revisions"}],"predecessor-version":[{"id":100659,"href":"https:\/\/semmelweis.hu\/jogigfoig\/wp-json\/wp\/v2\/pages\/99640\/revisions\/100659"}],"up":[{"embeddable":true,"href":"https:\/\/semmelweis.hu\/jogigfoig\/wp-json\/wp\/v2\/pages\/96382"}],"wp:attachment":[{"href":"https:\/\/semmelweis.hu\/jogigfoig\/wp-json\/wp\/v2\/media?parent=99640"}],"wp:term":[{"taxonomy":"category","embeddable":true,"href":"https:\/\/semmelweis.hu\/jogigfoig\/wp-json\/wp\/v2\/categories?post=99640"},{"taxonomy":"post_tag","embeddable":true,"href":"https:\/\/semmelweis.hu\/jogigfoig\/wp-json\/wp\/v2\/tags?post=99640"}],"curies":[{"name":"wp","href":"https:\/\/api.w.org\/{rel}","templated":true}]}}