{"id":99162,"date":"2025-06-12T11:39:42","date_gmt":"2025-06-12T09:39:42","guid":{"rendered":"https:\/\/semmelweis.hu\/jogigfoig\/?page_id=99162"},"modified":"2025-10-01T11:40:33","modified_gmt":"2025-10-01T09:40:33","slug":"2025-majus-29","status":"publish","type":"page","link":"https:\/\/semmelweis.hu\/jogigfoig\/testuletek\/szenatus\/2025-evi-szenatusi-hatarozatok\/2025-majus-29\/","title":{"rendered":"2025. m\u00e1jus 29."},"content":{"rendered":"<p style=\"text-align: justify\"><a href=\"https:\/\/semmelweis.hu\/jogigfoig\/files\/2025\/06\/N_4_2025_hatarozat.pdf\">A Semmelweis Egyetem\u00a0Szen\u00e1tus\u00e1nak N-4.2025. (V.29.) sz\u00e1m\u00fa hat\u00e1rozata\u00a0a szen\u00e1tusi \u00fcl\u00e9s napirendj\u00e9r\u0151l<\/a><\/p>\n<p style=\"text-align: justify\"><a href=\"https:\/\/semmelweis.hu\/jogigfoig\/files\/2025\/06\/40_2025_2024-evi-eves-beszamolo.pdf\">A Semmelweis Egyetem\u00a0Szen\u00e1tus\u00e1nak\u00a040\/2025. (V.29.) sz\u00e1m\u00fa hat\u00e1rozata\u00a0a Semmelweis Egyetem sz\u00e1mviteli t\u00f6rv\u00e9ny szerinti\u00a02024. \u00e9vi besz\u00e1mol\u00f3j\u00e1nak v\u00e9lem\u00e9nyez\u00e9s\u00e9r\u0151l<\/a><\/p>\n<p style=\"text-align: justify\"><a href=\"https:\/\/semmelweis.hu\/jogigfoig\/files\/2025\/06\/41_2025_Hallgatoi-kituntetesekrol-szolo-szabalyzat-mmodositasa.pdf\">A Semmelweis Egyetem\u00a0Szen\u00e1tus\u00e1nak\u00a041\/2025. (V.29.) sz\u00e1m\u00fa hat\u00e1rozata\u00a0a Hallgat\u00f3i kit\u00fcntet\u00e9sekr\u0151l sz\u00f3l\u00f3 szab\u00e1lyzat m\u00f3dos\u00edt\u00e1s\u00e1r\u00f3l<\/a><\/p>\n<p style=\"text-align: justify\"><a href=\"https:\/\/semmelweis.hu\/jogigfoig\/files\/2025\/06\/41_2025_1-sz-melleklet.pdf\">A Semmelweis Egyetem\u00a0Szen\u00e1tus\u00e1nak\u00a041\/2025. (V.29.) sz\u00e1m\u00fa hat\u00e1rozata\u00a0a Hallgat\u00f3i kit\u00fcntet\u00e9sekr\u0151l sz\u00f3l\u00f3 szab\u00e1lyzat m\u00f3dos\u00edt\u00e1s\u00e1r\u00f3l &#8211; 1. sz\u00e1m\u00fa mell\u00e9klet<\/a><\/p>\n<p style=\"text-align: justify\"><a href=\"https:\/\/semmelweis.hu\/jogigfoig\/files\/2025\/06\/42_2025_SzMSz-modositas.pdf\">A Semmelweis Egyetem\u00a0Szen\u00e1tus\u00e1nak\u00a042\/2025. (V.29.) sz\u00e1m\u00fa hat\u00e1rozata\u00a0a Szervezeti \u00e9s M\u0171k\u00f6d\u00e9si Szab\u00e1lyzat egyes rendelkez\u00e9seinek m\u00f3dos\u00edt\u00e1s\u00e1r\u00f3l<\/a><\/p>\n<p style=\"text-align: justify\"><a href=\"https:\/\/semmelweis.hu\/jogigfoig\/files\/2025\/06\/42_2025_1-sz-melleklet.pdf\">A Semmelweis Egyetem\u00a0Szen\u00e1tus\u00e1nak\u00a042\/2025. (V.29.) sz\u00e1m\u00fa hat\u00e1rozata\u00a0a Szervezeti \u00e9s M\u0171k\u00f6d\u00e9si Szab\u00e1lyzat egyes rendelkez\u00e9seinek m\u00f3dos\u00edt\u00e1s\u00e1r\u00f3l &#8211; 1. sz\u00e1m\u00fa mell\u00e9klet<\/a><\/p>\n<p style=\"text-align: justify\"><a href=\"https:\/\/semmelweis.hu\/jogigfoig\/files\/2025\/06\/43_2025_SzMSz-modositas.pdf\">A Semmelweis Egyetem\u00a0Szen\u00e1tus\u00e1nak\u00a043\/2025. (V.29.) sz\u00e1m\u00fa hat\u00e1rozata\u00a0a Szervezeti \u00e9s M\u0171k\u00f6d\u00e9si Szab\u00e1lyzat egyes rendelkez\u00e9seinek m\u00f3dos\u00edt\u00e1s\u00e1r\u00f3l<\/a><\/p>\n<p><a href=\"https:\/\/semmelweis.hu\/jogigfoig\/files\/2025\/06\/43_2025_1-sz-melleklet.pdf\">A Semmelweis Egyetem Szen\u00e1tus\u00e1nak 43\/2025. (V.29.) sz\u00e1m\u00fa hat\u00e1rozata a Szervezeti \u00e9s M\u0171k\u00f6d\u00e9si Szab\u00e1lyzat egyes rendelkez\u00e9seinek m\u00f3dos\u00edt\u00e1s\u00e1r\u00f3l &#8211; 1. sz\u00e1m\u00fa mell\u00e9klet<\/a><\/p>\n<p><a href=\"https:\/\/semmelweis.hu\/jogigfoig\/files\/2025\/06\/43_2025_2-sz-melleklet.pdf\">A Semmelweis Egyetem Szen\u00e1tus\u00e1nak 43\/2025. (V.29.) sz\u00e1m\u00fa hat\u00e1rozata a Szervezeti \u00e9s M\u0171k\u00f6d\u00e9si Szab\u00e1lyzat egyes rendelkez\u00e9seinek m\u00f3dos\u00edt\u00e1s\u00e1r\u00f3l &#8211; 2. sz\u00e1m\u00fa mell\u00e9klet<\/a><\/p>\n<p><a href=\"https:\/\/semmelweis.hu\/jogigfoig\/files\/2025\/06\/43_2025_3-sz-melleklet_HOK-egyetertes.pdf\">A Semmelweis Egyetem Szen\u00e1tus\u00e1nak 43\/2025. (V.29.) sz\u00e1m\u00fa hat\u00e1rozata a Szervezeti \u00e9s M\u0171k\u00f6d\u00e9si Szab\u00e1lyzat egyes rendelkez\u00e9seinek m\u00f3dos\u00edt\u00e1s\u00e1r\u00f3l &#8211; Hallgat\u00f3i \u00d6nkorm\u00e1nyzat Egyet\u00e9rt\u00e9s<\/a><\/p>\n<p style=\"text-align: justify\"><a href=\"https:\/\/semmelweis.hu\/jogigfoig\/files\/2025\/06\/44_2025_Introduction-to-Clinical-Research.pdf\">A Semmelweis Egyetem\u00a0Szen\u00e1tus\u00e1nak\u00a044\/2025. (V.29.) sz\u00e1m\u00fa hat\u00e1rozata\u00a0az \u201eIntroduction to Clinical Research\u201d c\u00edm\u0171 szabadon v\u00e1laszthat\u00f3 tant\u00e1rgy l\u00e9trehoz\u00e1s\u00e1r\u00f3l<\/a><\/p>\n<p style=\"text-align: justify\"><a href=\"https:\/\/semmelweis.hu\/jogigfoig\/files\/2025\/06\/44_2025_1-sz-melleklet_kovetelmenyrendszer.pdf\">A Semmelweis Egyetem\u00a0Szen\u00e1tus\u00e1nak\u00a044\/2025. (V.29.) sz\u00e1m\u00fa hat\u00e1rozata\u00a0az \u201eIntroduction to Clinical Research\u201d c\u00edm\u0171 szabadon v\u00e1laszthat\u00f3 tant\u00e1rgy l\u00e9trehoz\u00e1s\u00e1r\u00f3l &#8211; 1. sz\u00e1m\u00fa mell\u00e9klet<\/a><\/p>\n<p style=\"text-align: justify\"><a href=\"https:\/\/semmelweis.hu\/jogigfoig\/files\/2025\/06\/45_2025_HKR-TVSZ-modositas.pdf\">A Semmelweis Egyetem\u00a0Szen\u00e1tus\u00e1nak\u00a045\/2025. (V.29.) sz\u00e1m\u00fa hat\u00e1rozata\u00a0a Szervezeti \u00e9s M\u0171k\u00f6d\u00e9si Szab\u00e1lyzat III. K\u00f6nyv Hallgat\u00f3i k\u00f6vetelm\u00e9nyrendszer\u00a0III.2. R\u00e9sz Tanulm\u00e1nyi \u00e9s Vizsgaszab\u00e1lyzat egyes rendelkez\u00e9s\u00e9nek m\u00f3dos\u00edt\u00e1s\u00e1r\u00f3l<\/a><\/p>\n<p><a href=\"https:\/\/semmelweis.hu\/jogigfoig\/files\/2025\/06\/45_2025_1-sz-melleklet.pdf\">A Semmelweis Egyetem Szen\u00e1tus\u00e1nak 45\/2025. (V.29.) sz\u00e1m\u00fa hat\u00e1rozata a Szervezeti \u00e9s M\u0171k\u00f6d\u00e9si Szab\u00e1lyzat III. K\u00f6nyv Hallgat\u00f3i k\u00f6vetelm\u00e9nyrendszer III.2. R\u00e9sz Tanulm\u00e1nyi \u00e9s Vizsgaszab\u00e1lyzat egyes rendelkez\u00e9s\u00e9nek m\u00f3dos\u00edt\u00e1s\u00e1r\u00f3l &#8211; 1. sz\u00e1m\u00fa mell\u00e9klet<\/a><\/p>\n<p><a href=\"https:\/\/semmelweis.hu\/jogigfoig\/files\/2025\/06\/45_2025_2-sz-melleklet_HOK-egyetertes.pdf\">A Semmelweis Egyetem Szen\u00e1tus\u00e1nak 45\/2025. (V.29.) sz\u00e1m\u00fa hat\u00e1rozata a Szervezeti \u00e9s M\u0171k\u00f6d\u00e9si Szab\u00e1lyzat III. K\u00f6nyv Hallgat\u00f3i k\u00f6vetelm\u00e9nyrendszer III.2. R\u00e9sz Tanulm\u00e1nyi \u00e9s Vizsgaszab\u00e1lyzat egyes rendelkez\u00e9s\u00e9nek m\u00f3dos\u00edt\u00e1s\u00e1r\u00f3l &#8211; H\u00d6K egyet\u00e9rt\u00e9s<\/a><\/p>\n<p style=\"text-align: justify\"><a href=\"https:\/\/semmelweis.hu\/jogigfoig\/files\/2025\/06\/46_2025_GYTB-ugyrend.pdf\">A Semmelweis Egyetem\u00a0Szen\u00e1tus\u00e1nak\u00a046\/2025. (V.29.) sz\u00e1m\u00fa hat\u00e1rozata\u00a0a Gy\u00f3gyszerter\u00e1pi\u00e1s, Antibiotikum \u00e9s Infekci\u00f3kontroll Bizotts\u00e1g\u00a0\u00fcgyrendj\u00e9nek meg\u00faj\u00edt\u00e1s\u00e1r\u00f3l<\/a><\/p>\n<p style=\"text-align: justify\"><a href=\"https:\/\/semmelweis.hu\/jogigfoig\/files\/2025\/06\/46_2025_melleklet_ugyrend_korr.pdf\">A Semmelweis Egyetem\u00a0Szen\u00e1tus\u00e1nak\u00a046\/2025. (V.29.) sz\u00e1m\u00fa hat\u00e1rozata\u00a0a Gy\u00f3gyszerter\u00e1pi\u00e1s, Antibiotikum \u00e9s Infekci\u00f3kontroll Bizotts\u00e1g\u00a0\u00fcgyrendj\u00e9nek meg\u00faj\u00edt\u00e1s\u00e1r\u00f3l &#8211; 1. sz\u00e1m\u00fa mell\u00e9klet<\/a><\/p>\n<p><a href=\"https:\/\/semmelweis.hu\/jogigfoig\/files\/2025\/06\/47_2025_DSz-modositas.pdf\">A Semmelweis Egyetem Szen\u00e1tus\u00e1nak 47\/2025. (V.29.) sz\u00e1m\u00fa hat\u00e1rozata a Doktori Szab\u00e1lyzat \u00e9s Mell\u00e9kleteinek m\u00f3dos\u00edt\u00e1s\u00e1r\u00f3l<\/a><\/p>\n<p style=\"text-align: justify\"><a href=\"https:\/\/semmelweis.hu\/jogigfoig\/files\/2025\/06\/47_2025_3-sz-melleklet_DOK-egyetertesi-jog.pdf\">A Semmelweis Egyetem Szen\u00e1tus\u00e1nak 47\/2025. (V.29.) sz\u00e1m\u00fa hat\u00e1rozata a Doktori Szab\u00e1lyzat \u00e9s Mell\u00e9kleteinek m\u00f3dos\u00edt\u00e1s\u00e1r\u00f3l &#8211; Doktorandusz \u00d6nkorm\u00e1nyzat egyet\u00e9rt\u00e9s\u00a0<\/a><\/p>\n<p style=\"text-align: justify\"><a href=\"https:\/\/semmelweis.hu\/jogigfoig\/files\/2025\/06\/47_2025_1-sz-melleklet_DSz_korr.pdf\">A Semmelweis Egyetem\u00a0Szen\u00e1tus\u00e1nak\u00a047\/2025. (V.29.) sz\u00e1m\u00fa hat\u00e1rozata\u00a0a Doktori Szab\u00e1lyzat \u00e9s Mell\u00e9kleteinek m\u00f3dos\u00edt\u00e1s\u00e1r\u00f3l &#8211; 1. sz\u00e1m\u00fa mell\u00e9klet<\/a><\/p>\n<p style=\"text-align: justify\"><a href=\"https:\/\/semmelweis.hu\/jogigfoig\/files\/2025\/06\/47_2025_2-sz-melleklet_Melleketek_korr.pdf\">A Semmelweis Egyetem\u00a0Szen\u00e1tus\u00e1nak\u00a047\/2025. (V.29.) sz\u00e1m\u00fa hat\u00e1rozata\u00a0a Doktori Szab\u00e1lyzat \u00e9s Mell\u00e9kleteinek m\u00f3dos\u00edt\u00e1s\u00e1r\u00f3l &#8211; 2. sz\u00e1m\u00fa mell\u00e9klet<\/a><\/p>\n<p style=\"text-align: justify\"><a href=\"https:\/\/semmelweis.hu\/jogigfoig\/files\/2025\/06\/48_2025_korrupcios-szabvall.pdf\">A Semmelweis Egyetem\u00a0Szen\u00e1tus\u00e1nak\u00a048\/2025. (V.29.) sz\u00e1m\u00fa hat\u00e1rozata\u00a0az \u201eEg\u00e9szs\u00e9g\u00fcgyi szolg\u00e1ltat\u00e1sok b\u00fcntet\u0151jogi \u00e9s erk\u00f6lcsi meg\u00edt\u00e9l\u00e9se,\u00a0k\u00fcl\u00f6n\u00f6s tekintettel a korrupci\u00f3s b\u0171ncselekm\u00e9nyekre\u201d c\u00edm\u0171\u00a0szabadon v\u00e1laszthat\u00f3 tant\u00e1rgy l\u00e9trehoz\u00e1s\u00e1r\u00f3l<\/a><\/p>\n<p style=\"text-align: justify\"><a href=\"https:\/\/semmelweis.hu\/jogigfoig\/files\/2025\/06\/48_2025_melleklet_tantargyi-program.pdf\">A Semmelweis Egyetem\u00a0Szen\u00e1tus\u00e1nak\u00a048\/2025. (V.29.) sz\u00e1m\u00fa hat\u00e1rozata\u00a0az \u201eEg\u00e9szs\u00e9g\u00fcgyi szolg\u00e1ltat\u00e1sok b\u00fcntet\u0151jogi \u00e9s erk\u00f6lcsi meg\u00edt\u00e9l\u00e9se,\u00a0k\u00fcl\u00f6n\u00f6s tekintettel a korrupci\u00f3s b\u0171ncselekm\u00e9nyekre\u201d c\u00edm\u0171\u00a0szabadon v\u00e1laszthat\u00f3 tant\u00e1rgy l\u00e9trehoz\u00e1s\u00e1r\u00f3l &#8211; 1. sz\u00e1m\u00fa mell\u00e9klet<\/a><\/p>\n<p style=\"text-align: justify\"><a href=\"https:\/\/semmelweis.hu\/jogigfoig\/files\/2025\/06\/49_2025_Prof-Emeritus-cim.pdf\">A Semmelweis Egyetem\u00a0Szen\u00e1tus\u00e1nak\u00a049\/2025. (V.29.) sz\u00e1m\u00fa hat\u00e1rozata\u00a0a Professor Emeritus c\u00edm oda\u00edt\u00e9l\u00e9s\u00e9r\u0151l<\/a><\/p>\n<p style=\"text-align: justify\"><a href=\"https:\/\/semmelweis.hu\/jogigfoig\/files\/2025\/06\/50_2025_aktualis-vezetoi-palyazatok.pdf\">A Semmelweis Egyetem\u00a0Szen\u00e1tus\u00e1nak 50\/2025. (V.29.) sz\u00e1m\u00fa hat\u00e1rozata\u00a0az aktu\u00e1lis vezet\u0151i p\u00e1ly\u00e1zatok v\u00e9lem\u00e9nyez\u00e9s\u00e9r\u0151l<\/a><\/p>\n<p style=\"text-align: justify\"><a href=\"https:\/\/semmelweis.hu\/jogigfoig\/files\/2025\/06\/51_2025_szerbiai-menekultek-fogadasa.pdf\">A Semmelweis Egyetem\u00a0Szen\u00e1tus\u00e1nak\u00a051\/2025. (V.29.) sz\u00e1m\u00fa hat\u00e1rozata\u00a0a szerbiai zavarg\u00e1sok miatt \u00e1tjelentkez\u0151 hallgat\u00f3k fogad\u00e1s\u00e1r\u00f3l<\/a><\/p>\n<p><a href=\"https:\/\/semmelweis.hu\/jogigfoig\/files\/2025\/06\/51_2025_melleklet_HOK-egyetertes.pdf\">A Semmelweis Egyetem Szen\u00e1tus\u00e1nak 51\/2025. (V.29.) sz\u00e1m\u00fa hat\u00e1rozata a szerbiai zavarg\u00e1sok miatt \u00e1tjelentkez\u0151 hallgat\u00f3k fogad\u00e1s\u00e1r\u00f3l &#8211; Hallgat\u00f3i \u00d6nkorm\u00e1nyzat Egyet\u00e9rt\u00e9s<\/a><\/p>\n<p><strong>\u00a0<\/strong><\/p>\n","protected":false},"excerpt":{"rendered":"<p><a href=\"https:\/\/semmelweis.hu\/jogigfoig\/files\/2025\/06\/N_4_2025_hatarozat.pdf\">A Semmelweis Egyetem\u00a0Szen\u00e1tus\u00e1nak N-4.2025. (V.29.) sz\u00e1m\u00fa hat\u00e1rozata\u00a0a szen\u00e1tusi \u00fcl\u00e9s napirendj\u00e9r\u0151l<\/a><br \/>\n<a href=\"https:\/\/semmelweis.hu\/jogigfoig\/files\/2025\/06\/40_2025_2024-evi-eves-beszamolo.pdf\">A Semmelweis Egyetem\u00a0Szen\u00e1tus\u00e1nak\u00a040\/2025. (V.29.) sz\u00e1m\u00fa hat\u00e1rozata\u00a0a Semmelweis Egyetem sz\u00e1mviteli t\u00f6rv\u00e9ny szerinti\u00a02024. \u00e9vi besz\u00e1mol\u00f3j\u00e1nak v\u00e9lem\u00e9nyez\u00e9s\u00e9r\u0151l<\/a><br \/>\n<a href=\"https:\/\/semmelweis.hu\/jogigfoig\/files\/2025\/06\/41_2025_Hallgatoi-kituntetesekrol-szolo-szabalyzat-mmodositasa.pdf\">A Semmelweis Egyetem\u00a0Szen\u00e1tus\u00e1nak\u00a041\/2025. (V.29.) sz\u00e1m\u00fa hat\u00e1rozata\u00a0a Hallgat\u00f3i kit\u00fcntet\u00e9sekr\u0151l sz\u00f3l\u00f3 szab\u00e1lyzat m\u00f3dos\u00edt\u00e1s\u00e1r\u00f3l<\/a><br \/>\n<a href=\"https:\/\/semmelweis.hu\/jogigfoig\/files\/2025\/06\/41_2025_1-sz-melleklet.pdf\">A Semmelweis Egyetem\u00a0Szen\u00e1tus\u00e1nak\u00a041\/2025. (V.29.) sz\u00e1m\u00fa hat\u00e1rozata\u00a0a Hallgat\u00f3i kit\u00fcntet\u00e9sekr\u0151l sz\u00f3l\u00f3 szab\u00e1lyzat m\u00f3dos\u00edt\u00e1s\u00e1r\u00f3l &#8211; 1. sz\u00e1m\u00fa mell\u00e9klet<\/a><br \/>\n<a href=\"https:\/\/semmelweis.hu\/jogigfoig\/files\/2025\/06\/42_2025_SzMSz-modositas.pdf\">A Semmelweis Egyetem\u00a0Szen\u00e1tus\u00e1nak\u00a042\/2025. (V.29.) sz\u00e1m\u00fa hat\u00e1rozata\u00a0a Szervezeti \u00e9s M\u0171k\u00f6d\u00e9si Szab\u00e1lyzat egyes rendelkez\u00e9seinek m\u00f3dos\u00edt\u00e1s\u00e1r\u00f3l<\/a><br \/>\n<a href=\"https:\/\/semmelweis.hu\/jogigfoig\/files\/2025\/06\/42_2025_1-sz-melleklet.pdf\">A Semmelweis Egyetem\u00a0Szen\u00e1tus\u00e1nak\u00a042\/2025. (V.29.) sz\u00e1m\u00fa hat\u00e1rozata\u00a0a Szervezeti \u00e9s M\u0171k\u00f6d\u00e9si Szab\u00e1lyzat egyes rendelkez\u00e9seinek m\u00f3dos\u00edt\u00e1s\u00e1r\u00f3l &#8211; 1. sz\u00e1m\u00fa mell\u00e9klet<\/a><br \/>\n<a href=\"https:\/\/semmelweis.hu\/jogigfoig\/files\/2025\/06\/43_2025_SzMSz-modositas.pdf\">A Semmelweis Egyetem\u00a0Szen\u00e1tus\u00e1nak\u00a043\/2025. (V.29.) sz\u00e1m\u00fa hat\u00e1rozata\u00a0a Szervezeti \u00e9s M\u0171k\u00f6d\u00e9si Szab\u00e1lyzat egyes rendelkez\u00e9seinek m\u00f3dos\u00edt\u00e1s\u00e1r\u00f3l<\/a><br \/>\n<a href=\"https:\/\/semmelweis.hu\/jogigfoig\/files\/2025\/06\/43_2025_1-sz-melleklet.pdf\">A Semmelweis Egyetem Szen\u00e1tus\u00e1nak 43\/2025. (V.29.) sz\u00e1m\u00fa hat\u00e1rozata a Szervezeti \u00e9s M\u0171k\u00f6d\u00e9si Szab\u00e1lyzat egyes rendelkez\u00e9seinek m\u00f3dos\u00edt\u00e1s\u00e1r\u00f3l &#8211; 1. sz\u00e1m\u00fa mell\u00e9klet<\/a><br \/>\n<a href=\"https:\/\/semmelweis.hu\/jogigfoig\/files\/2025\/06\/43_2025_2-sz-melleklet.pdf\">A Semmelweis Egyetem Szen\u00e1tus\u00e1nak 43\/2025. (V.29.) sz\u00e1m\u00fa hat\u00e1rozata a Szervezeti \u00e9s M\u0171k\u00f6d\u00e9si Szab\u00e1lyzat egyes rendelkez\u00e9seinek m\u00f3dos\u00edt\u00e1s\u00e1r\u00f3l &#8211; 2. sz\u00e1m\u00fa mell\u00e9klet<\/a><br \/>\n<a href=\"https:\/\/semmelweis.hu\/jogigfoig\/files\/2025\/06\/43_2025_3-sz-melleklet_HOK-egyetertes.pdf\">A Semmelweis Egyetem Szen\u00e1tus\u00e1nak 43\/2025. (V.29.) sz\u00e1m\u00fa hat\u00e1rozata a Szervezeti \u00e9s M\u0171k\u00f6d\u00e9si Szab\u00e1lyzat egyes rendelkez\u00e9seinek m\u00f3dos\u00edt\u00e1s\u00e1r\u00f3l &#8211; Hallgat\u00f3i \u00d6nkorm\u00e1nyzat Egyet\u00e9rt\u00e9s<\/a><br \/>\n<a href=\"https:\/\/semmelweis.hu\/jogigfoig\/files\/2025\/06\/44_2025_Introduction-to-Clinical-Research.pdf\">A Semmelweis Egyetem\u00a0Szen\u00e1tus\u00e1nak\u00a044\/2025. (V.29.) sz\u00e1m\u00fa hat\u00e1rozata\u00a0az \u201eIntroduction to Clinical Research\u201d c\u00edm\u0171 szabadon v\u00e1laszthat\u00f3 tant\u00e1rgy l\u00e9trehoz\u00e1s\u00e1r\u00f3l<\/a><br \/>\n<a href=\"https:\/\/semmelweis.hu\/jogigfoig\/files\/2025\/06\/44_2025_1-sz-melleklet_kovetelmenyrendszer.pdf\">A Semmelweis Egyetem\u00a0Szen\u00e1tus\u00e1nak\u00a044\/2025. (V.29.) sz\u00e1m\u00fa hat\u00e1rozata\u00a0az \u201eIntroduction to Clinical Research\u201d c\u00edm\u0171 szabadon v\u00e1laszthat\u00f3 tant\u00e1rgy l\u00e9trehoz\u00e1s\u00e1r\u00f3l &#8211; 1. sz\u00e1m\u00fa mell\u00e9klet<\/a><br \/>\n<a href=\"https:\/\/semmelweis.hu\/jogigfoig\/files\/2025\/06\/45_2025_HKR-TVSZ-modositas.pdf\">A Semmelweis Egyetem\u00a0Szen\u00e1tus\u00e1nak\u00a045\/2025. (V.29.) sz\u00e1m\u00fa hat\u00e1rozata\u00a0a Szervezeti \u00e9s M\u0171k\u00f6d\u00e9si Szab\u00e1lyzat III. K\u00f6nyv Hallgat\u00f3i k\u00f6vetelm\u00e9nyrendszer\u00a0III.2. R\u00e9sz Tanulm\u00e1nyi \u00e9s Vizsgaszab\u00e1lyzat egyes rendelkez\u00e9s\u00e9nek m\u00f3dos\u00edt\u00e1s\u00e1r\u00f3l<\/a><br \/>\n<a href=\"https:\/\/semmelweis.hu\/jogigfoig\/files\/2025\/06\/45_2025_1-sz-melleklet.pdf\">A Semmelweis Egyetem Szen\u00e1tus\u00e1nak 45\/2025. (V.29.) sz\u00e1m\u00fa hat\u00e1rozata a Szervezeti \u00e9s M\u0171k\u00f6d\u00e9si Szab\u00e1lyzat III. K\u00f6nyv Hallgat\u00f3i k\u00f6vetelm\u00e9nyrendszer III.2. R\u00e9sz Tanulm\u00e1nyi \u00e9s Vizsgaszab\u00e1lyzat egyes rendelkez\u00e9s\u00e9nek m\u00f3dos\u00edt\u00e1s\u00e1r\u00f3l &#8211; 1. sz\u00e1m\u00fa mell\u00e9klet<\/a><br \/>\n<a href=\"https:\/\/semmelweis.hu\/jogigfoig\/files\/2025\/06\/45_2025_2-sz-melleklet_HOK-egyetertes.pdf\">A Semmelweis Egyetem Szen\u00e1tus\u00e1nak 45\/2025. (V.29.) sz\u00e1m\u00fa hat\u00e1rozata a Szervezeti \u00e9s M\u0171k\u00f6d\u00e9si Szab\u00e1lyzat III. K\u00f6nyv Hallgat\u00f3i k\u00f6vetelm\u00e9nyrendszer III.2. R\u00e9sz Tanulm\u00e1nyi \u00e9s Vizsgaszab\u00e1lyzat egyes rendelkez\u00e9s\u00e9nek m\u00f3dos\u00edt\u00e1s\u00e1r\u00f3l &#8211; H\u00d6K egyet\u00e9rt\u00e9s<\/a><br \/>\n<a href=\"https:\/\/semmelweis.hu\/jogigfoig\/files\/2025\/06\/46_2025_GYTB-ugyrend.pdf\">A Semmelweis Egyetem\u00a0Szen\u00e1tus\u00e1nak\u00a046\/2025. (V.29.) sz\u00e1m\u00fa hat\u00e1rozata\u00a0a Gy\u00f3gyszerter\u00e1pi\u00e1s, Antibiotikum \u00e9s Infekci\u00f3kontroll Bizotts\u00e1g\u00a0\u00fcgyrendj\u00e9nek meg\u00faj\u00edt\u00e1s\u00e1r\u00f3l<\/a><br \/>\n<a href=\"https:\/\/semmelweis.hu\/jogigfoig\/files\/2025\/06\/46_2025_melleklet_ugyrend_korr.pdf\">A Semmelweis Egyetem\u00a0Szen\u00e1tus\u00e1nak\u00a046\/2025. (V.29.) sz\u00e1m\u00fa hat\u00e1rozata\u00a0a Gy\u00f3gyszerter\u00e1pi\u00e1s, Antibiotikum \u00e9s Infekci\u00f3kontroll Bizotts\u00e1g\u00a0\u00fcgyrendj\u00e9nek meg\u00faj\u00edt\u00e1s\u00e1r\u00f3l &#8211; 1. sz\u00e1m\u00fa mell\u00e9klet<\/a><br \/>\n<a href=\"https:\/\/semmelweis.hu\/jogigfoig\/files\/2025\/06\/47_2025_DSz-modositas.pdf\">A Semmelweis Egyetem Szen\u00e1tus\u00e1nak 47\/2025. (V.29.) sz\u00e1m\u00fa hat\u00e1rozata a Doktori Szab\u00e1lyzat \u00e9s Mell\u00e9kleteinek m\u00f3dos\u00edt\u00e1s\u00e1r\u00f3l<\/a><br \/>\n<a href=\"https:\/\/semmelweis.hu\/jogigfoig\/files\/2025\/06\/47_2025_3-sz-melleklet_DOK-egyetertesi-jog.pdf\">A Semmelweis Egyetem Szen\u00e1tus\u00e1nak 47\/2025. (V.29.) sz\u00e1m\u00fa hat\u00e1rozata a Doktori Szab\u00e1lyzat \u00e9s Mell\u00e9kleteinek m\u00f3dos\u00edt\u00e1s\u00e1r\u00f3l &#8211; Doktorandusz \u00d6nkorm\u00e1nyzat egyet\u00e9rt\u00e9s\u00a0<\/a><br \/>\n<a href=\"https:\/\/semmelweis.hu\/jogigfoig\/files\/2025\/06\/47_2025_1-sz-melleklet_DSz_korr.pdf\">A Semmelweis Egyetem\u00a0Szen\u00e1tus\u00e1nak\u00a047\/2025. (V.29.) sz\u00e1m\u00fa hat\u00e1rozata\u00a0a Doktori Szab\u00e1lyzat \u00e9s Mell\u00e9kleteinek m\u00f3dos\u00edt\u00e1s\u00e1r\u00f3l &#8211; 1. sz\u00e1m\u00fa mell\u00e9klet<\/a><br \/>\n<a href=\"https:\/\/semmelweis.hu\/jogigfoig\/files\/2025\/06\/47_2025_2-sz-melleklet_Melleketek_korr.pdf\">A Semmelweis Egyetem\u00a0Szen\u00e1tus\u00e1nak\u00a047\/2025. (V.29.) sz\u00e1m\u00fa hat\u00e1rozata\u00a0a Doktori Szab\u00e1lyzat \u00e9s Mell\u00e9kleteinek m\u00f3dos\u00edt\u00e1s\u00e1r\u00f3l &#8211; 2. sz\u00e1m\u00fa mell\u00e9klet<\/a><br \/>\n<a href=\"https:\/\/semmelweis.hu\/jogigfoig\/files\/2025\/06\/48_2025_korrupcios-szabvall.pdf\">A Semmelweis Egyetem\u00a0Szen\u00e1tus\u00e1nak\u00a048\/2025. (V.29.) sz\u00e1m\u00fa hat\u00e1rozata\u00a0az \u201eEg\u00e9szs\u00e9g\u00fcgyi szolg\u00e1ltat\u00e1sok b\u00fcntet\u0151jogi \u00e9s erk\u00f6lcsi meg\u00edt\u00e9l\u00e9se,\u00a0k\u00fcl\u00f6n\u00f6s tekintettel a korrupci\u00f3s b\u0171ncselekm\u00e9nyekre\u201d c\u00edm\u0171\u00a0szabadon v\u00e1laszthat\u00f3 tant\u00e1rgy l\u00e9trehoz\u00e1s\u00e1r\u00f3l<\/a><br \/>\n<a href=\"https:\/\/semmelweis.hu\/jogigfoig\/files\/2025\/06\/48_2025_melleklet_tantargyi-program.pdf\">A Semmelweis Egyetem\u00a0Szen\u00e1tus\u00e1nak\u00a048\/2025. (V.29.) sz\u00e1m\u00fa hat\u00e1rozata\u00a0az \u201eEg\u00e9szs\u00e9g\u00fcgyi szolg\u00e1ltat\u00e1sok b\u00fcntet\u0151jogi \u00e9s erk\u00f6lcsi meg\u00edt\u00e9l\u00e9se,\u00a0k\u00fcl\u00f6n\u00f6s tekintettel a korrupci\u00f3s b\u0171ncselekm\u00e9nyekre\u201d c\u00edm\u0171\u00a0szabadon v\u00e1laszthat\u00f3 tant\u00e1rgy l\u00e9trehoz\u00e1s\u00e1r\u00f3l &#8211; 1. sz\u00e1m\u00fa mell\u00e9klet<\/a><br \/>\n<a href=\"https:\/\/semmelweis.hu\/jogigfoig\/files\/2025\/06\/49_2025_Prof-Emeritus-cim.pdf\">A Semmelweis Egyetem\u00a0Szen\u00e1tus\u00e1nak\u00a049\/2025. (V.29.) sz\u00e1m\u00fa hat\u00e1rozata\u00a0a Professor Emeritus c\u00edm oda\u00edt\u00e9l\u00e9s\u00e9r\u0151l<\/a><br \/>\n<a href=\"https:\/\/semmelweis.hu\/jogigfoig\/files\/2025\/06\/50_2025_aktualis-vezetoi-palyazatok.pdf\">A Semmelweis Egyetem\u00a0Szen\u00e1tus\u00e1nak 50\/2025. (V.29.) sz\u00e1m\u00fa hat\u00e1rozata\u00a0az aktu\u00e1lis vezet\u0151i p\u00e1ly\u00e1zatok v\u00e9lem\u00e9nyez\u00e9s\u00e9r\u0151l<\/a><br \/>\n<a href=\"https:\/\/semmelweis.hu\/jogigfoig\/files\/2025\/06\/51_2025_szerbiai-menekultek-fogadasa.pdf\">A Semmelweis Egyetem\u00a0Szen\u00e1tus\u00e1nak\u00a051\/2025. (V.29.) sz\u00e1m\u00fa hat\u00e1rozata\u00a0a szerbiai zavarg\u00e1sok miatt \u00e1tjelentkez\u0151 hallgat\u00f3k fogad\u00e1s\u00e1r\u00f3l<\/a><br \/>\n<a href=\"https:\/\/semmelweis.hu\/jogigfoig\/files\/2025\/06\/51_2025_melleklet_HOK-egyetertes.pdf\">A Semmelweis Egyetem Szen\u00e1tus\u00e1nak 51\/2025. (V.29.) sz\u00e1m\u00fa hat\u00e1rozata a szerbiai zavarg\u00e1sok miatt \u00e1tjelentkez\u0151 hallgat\u00f3k fogad\u00e1s\u00e1r\u00f3l &#8211; Hallgat\u00f3i \u00d6nkorm\u00e1nyzat Egyet\u00e9rt\u00e9s<\/a><br \/>\n\u00a0<\/p>\n","protected":false},"author":101467,"featured_media":0,"parent":96382,"menu_order":78,"comment_status":"closed","ping_status":"closed","template":"","meta":{"_acf_changed":false,"footnotes":""},"categories":[],"tags":[],"class_list":["post-99162","page","type-page","status-publish","hentry"],"acf":[],"_links":{"self":[{"href":"https:\/\/semmelweis.hu\/jogigfoig\/wp-json\/wp\/v2\/pages\/99162","targetHints":{"allow":["GET"]}}],"collection":[{"href":"https:\/\/semmelweis.hu\/jogigfoig\/wp-json\/wp\/v2\/pages"}],"about":[{"href":"https:\/\/semmelweis.hu\/jogigfoig\/wp-json\/wp\/v2\/types\/page"}],"author":[{"embeddable":true,"href":"https:\/\/semmelweis.hu\/jogigfoig\/wp-json\/wp\/v2\/users\/101467"}],"replies":[{"embeddable":true,"href":"https:\/\/semmelweis.hu\/jogigfoig\/wp-json\/wp\/v2\/comments?post=99162"}],"version-history":[{"count":6,"href":"https:\/\/semmelweis.hu\/jogigfoig\/wp-json\/wp\/v2\/pages\/99162\/revisions"}],"predecessor-version":[{"id":99271,"href":"https:\/\/semmelweis.hu\/jogigfoig\/wp-json\/wp\/v2\/pages\/99162\/revisions\/99271"}],"up":[{"embeddable":true,"href":"https:\/\/semmelweis.hu\/jogigfoig\/wp-json\/wp\/v2\/pages\/96382"}],"wp:attachment":[{"href":"https:\/\/semmelweis.hu\/jogigfoig\/wp-json\/wp\/v2\/media?parent=99162"}],"wp:term":[{"taxonomy":"category","embeddable":true,"href":"https:\/\/semmelweis.hu\/jogigfoig\/wp-json\/wp\/v2\/categories?post=99162"},{"taxonomy":"post_tag","embeddable":true,"href":"https:\/\/semmelweis.hu\/jogigfoig\/wp-json\/wp\/v2\/tags?post=99162"}],"curies":[{"name":"wp","href":"https:\/\/api.w.org\/{rel}","templated":true}]}}