{"id":9908,"date":"2017-12-18T16:17:25","date_gmt":"2017-12-18T15:17:25","guid":{"rendered":"http:\/\/semmelweis.hu\/jogigfoig\/?page_id=9908"},"modified":"2020-02-11T11:05:05","modified_gmt":"2020-02-11T10:05:05","slug":"2017-december-17","status":"publish","type":"page","link":"https:\/\/semmelweis.hu\/jogigfoig\/testuletek\/szenatus\/2017-evi-szenatusi-hatarozatok\/2017-december-17\/","title":{"rendered":"2017. december 14."},"content":{"rendered":"<p style=\"text-align: justify\"><a href=\"https:\/\/semmelweis.hu\/jogigfoig\/files\/2017\/12\/151_2017.XII_.14.-sz.-hat.-rektori_p\u00e1ly\u00e1zatok.pdf\">151\/2017 (XII.14.) sz\u00e1m\u00fa szen\u00e1tusi hat\u00e1rozat a Semmelweis Egyetem rektori magasabb vezet\u0151i megb\u00edz\u00e1s\u00e1ra be\u00e9rkezett p\u00e1ly\u00e1zatok v\u00e9lem\u00e9nyez\u00e9s\u00e9r\u0151l \u00e9s a rektorjel\u00f6lt megv\u00e1laszt\u00e1s\u00e1r\u00f3l<\/a><\/p>\n<p style=\"text-align: justify\"><a href=\"https:\/\/semmelweis.hu\/jogigfoig\/files\/2017\/12\/152_2017.XII_.14.-sz.-hat.-SZMSZ-m\u00f3d.pdf\">152\/2017 (XII.14.) sz\u00e1m\u00fa szen\u00e1tusi hat\u00e1rozat a Szervezeti \u00e9s M\u0171k\u00f6d\u00e9si szab\u00e1lyzat egyes rendelkez\u00e9seinek m\u00f3dos\u00edt\u00e1s\u00e1r\u00f3l<\/a><\/p>\n<p style=\"text-align: justify\"><a href=\"https:\/\/semmelweis.hu\/jogigfoig\/files\/2017\/12\/153_2017.XII_.14.-sz.-hat.-egyetemi-bizotts\u00e1gok-meg\u00faj\u00edt\u00e1sa.pdf\">153\/2017 (XII.14.) sz\u00e1m\u00fa szen\u00e1tusi hat\u00e1rozat a Szen\u00e1tus \u00e1ltal az egyetem eg\u00e9sz\u00e9re kiterjed\u0151 hat\u00e1sk\u00f6rrel rendelkez\u0151 \u00e1lland\u00f3 bizotts\u00e1gok szem\u00e9lyi \u00f6sszet\u00e9tel\u00e9nek a meg\u00faj\u00edt\u00e1s\u00e1r\u00f3l<\/a><\/p>\n<p style=\"text-align: justify\"><a href=\"https:\/\/semmelweis.hu\/jogigfoig\/files\/2017\/12\/154_2017.XII_.14.-sz.-hat.-\u00c1OK-Mellkasseb\u00e9szeti_Kl_igazgat\u00f3i_p\u00e1ly\u00e1zat.pdf\">154\/2017 (XII.14.) sz\u00e1m\u00fa szen\u00e1tusi hat\u00e1rozat az \u00c1ltal\u00e1nos Orvostudom\u00e1nyi Kar Melkasseb\u00e9szeti Klinika igazgat\u00f3i megb\u00edz\u00e1s\u00e1ra be\u00e9rkezett p\u00e1ly\u00e1zat v\u00e9lem\u00e9nyez\u00e9s\u00e9r\u0151l<\/a><\/p>\n<p style=\"text-align: justify\"><a href=\"https:\/\/semmelweis.hu\/jogigfoig\/files\/2017\/12\/155_2017.XII_.14.-sz.-hat.-PAK_d\u00e9k\u00e1ni_hivatalvezet\u0151.pdf\">155\/2017 (XII.14.) sz\u00e1m\u00fa szen\u00e1tusi hat\u00e1rozat a Pet\u0151 Andr\u00e1s Kar D\u00e9k\u00e1ni Hivatal\u00e1nak hivatalvezet\u0151i megb\u00edz\u00e1s\u00e1ra be\u00e9rkezett p\u00e1ly\u00e1zat v\u00e9lem\u00e9nyez\u00e9s\u00e9r\u0151l<\/a><\/p>\n<p style=\"text-align: justify\"><a href=\"https:\/\/semmelweis.hu\/jogigfoig\/files\/2017\/12\/156_2017.XII_.14.-sz.-hat.-a-Kiv\u00e1l\u00f3-Tudo\u00e1myos-Di\u00e1kk\u00f6ri-Nevel\u0151-c\u00edmek-oda\u00edt\u00e9l\u00e9s\u00e9r\u0151l.pdf\">156\/2017 (XII.14.) sz\u00e1m\u00fa szen\u00e1tusi hat\u00e1rozat a Kiv\u00e1l\u00f3 Tudom\u00e1nyos Di\u00e1kk\u00f6ri Nevel\u0151 c\u00edmek oda\u00edt\u00e9l\u00e9s\u00e9nek elfogad\u00e1s\u00e1r\u00f3l<\/a><\/p>\n<p style=\"text-align: justify\"><a href=\"https:\/\/semmelweis.hu\/jogigfoig\/files\/2017\/12\/157_2017.XII_.14.-sz.-hat.-FB_H\u00d6K_D\u00d6K-tag.pdf\">157\/2017 (XII.14.) sz\u00e1m\u00fa szen\u00e1tusi hat\u00e1rozat a H\u00d6K \u00e9s a D\u00d6K \u00e1ltal a Fel\u00fclb\u00edr\u00e1lati Bizotts\u00e1gba deleg\u00e1lt tagok megv\u00e1laszt\u00e1s\u00e1r\u00f3l<\/a><\/p>\n<p style=\"text-align: justify\"><a href=\"https:\/\/semmelweis.hu\/jogigfoig\/files\/2017\/12\/N_XII.14._2017_napirend-elfogad\u00e1s.pdf\">N-XII. 14\/2017. sz\u00e1m\u00fa szen\u00e1tusi hat\u00e1rozat a szen\u00e1tusi \u00fcl\u00e9s napirendi pontjainak elfogad\u00e1s\u00e1r\u00f3l<\/a><\/p>\n<p style=\"text-align: justify\">\u00a0<\/p>\n","protected":false},"excerpt":{"rendered":"<p><a href=\"https:\/\/semmelweis.hu\/jogigfoig\/files\/2017\/12\/151_2017.XII_.14.-sz.-hat.-rektori_p\u00e1ly\u00e1zatok.pdf\">151\/2017 (XII.14.) sz\u00e1m\u00fa szen\u00e1tusi hat\u00e1rozat a Semmelweis Egyetem rektori magasabb vezet\u0151i megb\u00edz\u00e1s\u00e1ra be\u00e9rkezett p\u00e1ly\u00e1zatok v\u00e9lem\u00e9nyez\u00e9s\u00e9r\u0151l \u00e9s a rektorjel\u00f6lt megv\u00e1laszt\u00e1s\u00e1r\u00f3l<\/a><br \/>\n<a href=\"https:\/\/semmelweis.hu\/jogigfoig\/files\/2017\/12\/152_2017.XII_.14.-sz.-hat.-SZMSZ-m\u00f3d.pdf\">152\/2017 (XII.14.) sz\u00e1m\u00fa szen\u00e1tusi hat\u00e1rozat a Szervezeti \u00e9s M\u0171k\u00f6d\u00e9si szab\u00e1lyzat egyes rendelkez\u00e9seinek m\u00f3dos\u00edt\u00e1s\u00e1r\u00f3l<\/a><br \/>\n<a href=\"https:\/\/semmelweis.hu\/jogigfoig\/files\/2017\/12\/153_2017.XII_.14.-sz.-hat.-egyetemi-bizotts\u00e1gok-meg\u00faj\u00edt\u00e1sa.pdf\">153\/2017 (XII.14.) sz\u00e1m\u00fa szen\u00e1tusi hat\u00e1rozat a Szen\u00e1tus \u00e1ltal az egyetem eg\u00e9sz\u00e9re kiterjed\u0151 hat\u00e1sk\u00f6rrel rendelkez\u0151 \u00e1lland\u00f3 bizotts\u00e1gok szem\u00e9lyi \u00f6sszet\u00e9tel\u00e9nek a meg\u00faj\u00edt\u00e1s\u00e1r\u00f3l<\/a><br \/>\n<a href=\"https:\/\/semmelweis.hu\/jogigfoig\/files\/2017\/12\/154_2017.XII_.14.-sz.-hat.-\u00c1OK-Mellkasseb\u00e9szeti_Kl_igazgat\u00f3i_p\u00e1ly\u00e1zat.pdf\">154\/2017 (XII.14.) sz\u00e1m\u00fa szen\u00e1tusi hat\u00e1rozat az \u00c1ltal\u00e1nos Orvostudom\u00e1nyi Kar Melkasseb\u00e9szeti Klinika igazgat\u00f3i megb\u00edz\u00e1s\u00e1ra be\u00e9rkezett p\u00e1ly\u00e1zat v\u00e9lem\u00e9nyez\u00e9s\u00e9r\u0151l<\/a><br \/>\n<a href=\"https:\/\/semmelweis.hu\/jogigfoig\/files\/2017\/12\/155_2017.XII_.14.-sz.-hat.-PAK_d\u00e9k\u00e1ni_hivatalvezet\u0151.pdf\">155\/2017 (XII.14.) sz\u00e1m\u00fa szen\u00e1tusi hat\u00e1rozat a Pet\u0151 Andr\u00e1s Kar D\u00e9k\u00e1ni Hivatal\u00e1nak hivatalvezet\u0151i megb\u00edz\u00e1s\u00e1ra be\u00e9rkezett p\u00e1ly\u00e1zat v\u00e9lem\u00e9nyez\u00e9s\u00e9r\u0151l<\/a><br \/>\n<a href=\"https:\/\/semmelweis.hu\/jogigfoig\/files\/2017\/12\/156_2017.XII_.14.-sz.-hat.-a-Kiv\u00e1l\u00f3-Tudo\u00e1myos-Di\u00e1kk\u00f6ri-Nevel\u0151-c\u00edmek-oda\u00edt\u00e9l\u00e9s\u00e9r\u0151l.pdf\">156\/2017 (XII.14.) sz\u00e1m\u00fa szen\u00e1tusi hat\u00e1rozat a Kiv\u00e1l\u00f3 Tudom\u00e1nyos Di\u00e1kk\u00f6ri Nevel\u0151 c\u00edmek oda\u00edt\u00e9l\u00e9s\u00e9nek elfogad\u00e1s\u00e1r\u00f3l<\/a><br \/>\n<a href=\"https:\/\/semmelweis.hu\/jogigfoig\/files\/2017\/12\/157_2017.XII_.14.-sz.-hat.-FB_H\u00d6K_D\u00d6K-tag.pdf\">157\/2017 (XII.14.) sz\u00e1m\u00fa szen\u00e1tusi hat\u00e1rozat a H\u00d6K \u00e9s a D\u00d6K \u00e1ltal a Fel\u00fclb\u00edr\u00e1lati Bizotts\u00e1gba deleg\u00e1lt tagok megv\u00e1laszt\u00e1s\u00e1r\u00f3l<\/a><br \/>\n<a href=\"https:\/\/semmelweis.hu\/jogigfoig\/files\/2017\/12\/N_XII.14._2017_napirend-elfogad\u00e1s.pdf\">N-XII. 14\/2017. sz\u00e1m\u00fa szen\u00e1tusi hat\u00e1rozat a szen\u00e1tusi \u00fcl\u00e9s napirendi pontjainak elfogad\u00e1s\u00e1r\u00f3l<\/a><br \/>\n\u00a0<\/p>\n","protected":false},"author":101095,"featured_media":0,"parent":7832,"menu_order":17,"comment_status":"closed","ping_status":"closed","template":"","meta":{"_acf_changed":false,"footnotes":""},"categories":[],"tags":[],"class_list":["post-9908","page","type-page","status-publish","hentry"],"acf":[],"_links":{"self":[{"href":"https:\/\/semmelweis.hu\/jogigfoig\/wp-json\/wp\/v2\/pages\/9908","targetHints":{"allow":["GET"]}}],"collection":[{"href":"https:\/\/semmelweis.hu\/jogigfoig\/wp-json\/wp\/v2\/pages"}],"about":[{"href":"https:\/\/semmelweis.hu\/jogigfoig\/wp-json\/wp\/v2\/types\/page"}],"author":[{"embeddable":true,"href":"https:\/\/semmelweis.hu\/jogigfoig\/wp-json\/wp\/v2\/users\/101095"}],"replies":[{"embeddable":true,"href":"https:\/\/semmelweis.hu\/jogigfoig\/wp-json\/wp\/v2\/comments?post=9908"}],"version-history":[{"count":10,"href":"https:\/\/semmelweis.hu\/jogigfoig\/wp-json\/wp\/v2\/pages\/9908\/revisions"}],"predecessor-version":[{"id":10512,"href":"https:\/\/semmelweis.hu\/jogigfoig\/wp-json\/wp\/v2\/pages\/9908\/revisions\/10512"}],"up":[{"embeddable":true,"href":"https:\/\/semmelweis.hu\/jogigfoig\/wp-json\/wp\/v2\/pages\/7832"}],"wp:attachment":[{"href":"https:\/\/semmelweis.hu\/jogigfoig\/wp-json\/wp\/v2\/media?parent=9908"}],"wp:term":[{"taxonomy":"category","embeddable":true,"href":"https:\/\/semmelweis.hu\/jogigfoig\/wp-json\/wp\/v2\/categories?post=9908"},{"taxonomy":"post_tag","embeddable":true,"href":"https:\/\/semmelweis.hu\/jogigfoig\/wp-json\/wp\/v2\/tags?post=9908"}],"curies":[{"name":"wp","href":"https:\/\/api.w.org\/{rel}","templated":true}]}}