{"id":98238,"date":"2025-04-28T11:58:31","date_gmt":"2025-04-28T09:58:31","guid":{"rendered":"https:\/\/semmelweis.hu\/jogigfoig\/?page_id=98238"},"modified":"2025-10-01T11:48:32","modified_gmt":"2025-10-01T09:48:32","slug":"2024-aprilis-17","status":"publish","type":"page","link":"https:\/\/semmelweis.hu\/jogigfoig\/testuletek\/szenatus\/2025-evi-szenatusi-hatarozatok\/2024-aprilis-17\/","title":{"rendered":"2025. \u00e1prilis 17."},"content":{"rendered":"<p style=\"text-align: justify\"><a href=\"https:\/\/semmelweis.hu\/jogigfoig\/files\/2025\/04\/N_3_2025_hatarozat.pdf\">A Semmelweis Egyetem\u00a0Szen\u00e1tus\u00e1nak\u00a0N-3.2025. (IV.17.) sz\u00e1m\u00fa hat\u00e1rozata\u00a0a szen\u00e1tusi \u00fcl\u00e9s napirendj\u00e9r\u0151l<\/a><\/p>\n<p style=\"text-align: justify\"><a href=\"https:\/\/semmelweis.hu\/jogigfoig\/files\/2025\/04\/27_2025_Reuma_beolvadasos-megszuntetes.pdf\">A Semmelweis Egyetem\u00a0Szen\u00e1tus\u00e1nak\u00a027\/2025. (IV.17.) sz\u00e1m\u00fa hat\u00e1rozata\u00a0a Reumatol\u00f3giai \u00e9s Klinikai Immunol\u00f3giai Tansz\u00e9k Reumatol\u00f3giai \u00e9s Immunol\u00f3giai Klinik\u00e1ba t\u00f6rt\u00e9n\u0151 beolvad\u00e1ssal t\u00f6rt\u00e9n\u0151 megsz\u00fcntet\u00e9s\u00e9r\u0151l<\/a><\/p>\n<p style=\"text-align: justify\"><a href=\"https:\/\/semmelweis.hu\/jogigfoig\/files\/2025\/04\/28_2025_SzMSz_modositas_teritesi-dijak-megfizetese.pdf\">A Semmelweis Egyetem\u00a0Szen\u00e1tus\u00e1nak\u00a028\/2025. (IV.17.) sz\u00e1m\u00fa hat\u00e1rozata\u00a0a Szervezeti \u00e9s M\u0171k\u00f6d\u00e9si Szab\u00e1lyzat egyes rendelkez\u00e9seinek m\u00f3dos\u00edt\u00e1s\u00e1r\u00f3l\u00a0[a hallgat\u00f3k \u00e1ltal fizetend\u0151 t\u00e9r\u00edt\u00e9si d\u00edjjal \u00f6sszef\u00fcgg\u0151 rendelkez\u00e9sek]<\/a><\/p>\n<p style=\"text-align: justify\"><a href=\"https:\/\/semmelweis.hu\/jogigfoig\/files\/2025\/05\/28_2025_melleklet-2_HOK-egyetertes.pdf\">A Semmelweis Egyetem Szen\u00e1tus\u00e1nak 28\/2025. (IV.17.) sz\u00e1m\u00fa hat\u00e1rozata a Szervezeti \u00e9s M\u0171k\u00f6d\u00e9si Szab\u00e1lyzat egyes rendelkez\u00e9seinek m\u00f3dos\u00edt\u00e1s\u00e1r\u00f3l [a hallgat\u00f3k \u00e1ltal fizetend\u0151 t\u00e9r\u00edt\u00e9si d\u00edjjal \u00f6sszef\u00fcgg\u0151 rendelkez\u00e9sek] &#8211; Hallgat\u00f3i \u00d6nkorm\u00e1nyzat egyet\u00e9rt\u00e9se<\/a><\/p>\n<p style=\"text-align: justify\"><a href=\"https:\/\/semmelweis.hu\/jogigfoig\/files\/2025\/04\/28_2025_melleklet-1.pdf\">A Semmelweis Egyetem Szen\u00e1tus\u00e1nak 28\/2025. (IV.17.) sz\u00e1m\u00fa hat\u00e1rozata a Szervezeti \u00e9s M\u0171k\u00f6d\u00e9si Szab\u00e1lyzat egyes rendelkez\u00e9seinek m\u00f3dos\u00edt\u00e1s\u00e1r\u00f3l [a hallgat\u00f3k \u00e1ltal fizetend\u0151 t\u00e9r\u00edt\u00e9si d\u00edjjal \u00f6sszef\u00fcgg\u0151 rendelkez\u00e9sek] &#8211; 1. sz\u00e1m\u00fa mell\u00e9klet<\/a><\/p>\n<p style=\"text-align: justify\"><a href=\"https:\/\/semmelweis.hu\/jogigfoig\/files\/2025\/05\/29_2025_sport-Kft-uzletresz_.pdf\">A Semmelweis Egyetem Szen\u00e1tus\u00e1nak 29\/2025. (IV.17.) sz\u00e1m\u00fa hat\u00e1rozata egy f\u0151tev\u00e9kenys\u00e9gk\u00e9nt sporttal foglalkoz\u00f3 korl\u00e1tolt felel\u0151ss\u00e9g\u0171 t\u00e1rsas\u00e1g \u00fczletr\u00e9sz\u00e9nek 100 %-a megv\u00e1s\u00e1rl\u00e1s\u00e1r\u00f3l hivat\u00e1sos v\u00edzilabda csapat m\u0171k\u00f6dtet\u00e9se c\u00e9lj\u00e1b\u00f3l<\/a><\/p>\n<p style=\"text-align: justify\"><a href=\"https:\/\/semmelweis.hu\/jogigfoig\/files\/2025\/05\/29_2025_melleklet_fenntartoi-jovahagyas.pdf\">A Semmelweis Egyetem Szen\u00e1tus\u00e1nak 29\/2025. (IV.17.) sz\u00e1m\u00fa hat\u00e1rozata egy f\u0151tev\u00e9kenys\u00e9gk\u00e9nt sporttal foglalkoz\u00f3 korl\u00e1tolt felel\u0151ss\u00e9g\u0171 t\u00e1rsas\u00e1g \u00fczletr\u00e9sz\u00e9nek 100 %-a megv\u00e1s\u00e1rl\u00e1s\u00e1r\u00f3l hivat\u00e1sos v\u00edzilabda csapat m\u0171k\u00f6dtet\u00e9se c\u00e9lj\u00e1b\u00f3l &#8211; Hallgat\u00f3i \u00d6nkorm\u00e1nyzat egyet\u00e9rt\u00e9se<\/a><\/p>\n<p style=\"text-align: justify\"><a href=\"https:\/\/semmelweis.hu\/jogigfoig\/files\/2025\/05\/30_2025_Tarsadalmi-munka-szabvall-modositasa.pdf\">A Semmelweis Egyetem Szen\u00e1tus\u00e1nak 30\/2025. (IV.17.) sz\u00e1m\u00fa hat\u00e1rozata a &#8222;T\u00e1rsadalmi munka&#8221; c\u00edm\u0171 szabadon v\u00e1laszthat\u00f3 tant\u00e1rgy m\u00f3dos\u00edt\u00e1s\u00e1r\u00f3l<\/a><\/p>\n<p style=\"text-align: justify\"><a href=\"https:\/\/semmelweis.hu\/jogigfoig\/files\/2025\/04\/31_2025_SzMSz-es-szabalyzatmodositas_Alumni_NKI.pdf\">A Semmelweis Egyetem\u00a0Szen\u00e1tus\u00e1nak\u00a031\/2025. (IV.17.) sz\u00e1m\u00fa hat\u00e1rozata\u00a0a Szervezeti \u00e9s M\u0171k\u00f6d\u00e9si Szab\u00e1lyzat egyes rendelkez\u00e9seinek,\u00a0valamint a kapcsol\u00f3d\u00f3 szab\u00e1lyzatok elfogad\u00e1s\u00e1r\u00f3l \u00e9s m\u00f3dos\u00edt\u00e1s\u00e1r\u00f3l<\/a><\/p>\n<p style=\"text-align: justify\"><a href=\"https:\/\/semmelweis.hu\/jogigfoig\/files\/2025\/04\/31_2025_1_Melleklet_SZMSZ_egyes_rendelkezesek.pdf\">A Semmelweis Egyetem Szen\u00e1tus\u00e1nak 31\/2025. (IV.17.) sz\u00e1m\u00fa hat\u00e1rozata a Szervezeti \u00e9s M\u0171k\u00f6d\u00e9si Szab\u00e1lyzat egyes rendelkez\u00e9seinek, valamint a kapcsol\u00f3d\u00f3 szab\u00e1lyzatok elfogad\u00e1s\u00e1r\u00f3l \u00e9s m\u00f3dos\u00edt\u00e1s\u00e1r\u00f3l &#8211; 1. sz\u00e1m\u00fa mell\u00e9klet<\/a><\/p>\n<p style=\"text-align: justify\"><a href=\"https:\/\/semmelweis.hu\/jogigfoig\/files\/2025\/04\/31_2025_2_Melleklet_Pannonia_Osztondij_Szabalyzat.pdf\">A Semmelweis Egyetem Szen\u00e1tus\u00e1nak 31\/2025. (IV.17.) sz\u00e1m\u00fa hat\u00e1rozata a Szervezeti \u00e9s M\u0171k\u00f6d\u00e9si Szab\u00e1lyzat egyes rendelkez\u00e9seinek, valamint a kapcsol\u00f3d\u00f3 szab\u00e1lyzatok elfogad\u00e1s\u00e1r\u00f3l \u00e9s m\u00f3dos\u00edt\u00e1s\u00e1r\u00f3l &#8211; 2. sz\u00e1m\u00fa mell\u00e9klet<\/a><\/p>\n<p style=\"text-align: justify\"><a href=\"https:\/\/semmelweis.hu\/jogigfoig\/files\/2025\/04\/31_2025_3a_Melleklet_NKI_egyes_szabalyzatokban.pdf\">A Semmelweis Egyetem Szen\u00e1tus\u00e1nak 31\/2025. (IV.17.) sz\u00e1m\u00fa hat\u00e1rozata a Szervezeti \u00e9s M\u0171k\u00f6d\u00e9si Szab\u00e1lyzat egyes rendelkez\u00e9seinek, valamint a kapcsol\u00f3d\u00f3 szab\u00e1lyzatok elfogad\u00e1s\u00e1r\u00f3l \u00e9s m\u00f3dos\u00edt\u00e1s\u00e1r\u00f3l &#8211; 3a. sz\u00e1m\u00fa mell\u00e9klet<\/a><\/p>\n<p style=\"text-align: justify\"><a href=\"https:\/\/semmelweis.hu\/jogigfoig\/files\/2025\/04\/31_2025_3b_Melleklet_Alumni_egyes_szabalyzatokban.pdf\">A Semmelweis Egyetem Szen\u00e1tus\u00e1nak 31\/2025. (IV.17.) sz\u00e1m\u00fa hat\u00e1rozata a Szervezeti \u00e9s M\u0171k\u00f6d\u00e9si Szab\u00e1lyzat egyes rendelkez\u00e9seinek, valamint a kapcsol\u00f3d\u00f3 szab\u00e1lyzatok elfogad\u00e1s\u00e1r\u00f3l \u00e9s m\u00f3dos\u00edt\u00e1s\u00e1r\u00f3l &#8211; 3b. sz\u00e1m\u00fa mell\u00e9klet<\/a><\/p>\n<p style=\"text-align: justify\"><a href=\"https:\/\/semmelweis.hu\/jogigfoig\/files\/2025\/04\/31_2025_3c_Melleklet_Kikuldetesi_szab_mod.pdf\">A Semmelweis Egyetem Szen\u00e1tus\u00e1nak 31\/2025. (IV.17.) sz\u00e1m\u00fa hat\u00e1rozata a Szervezeti \u00e9s M\u0171k\u00f6d\u00e9si Szab\u00e1lyzat egyes rendelkez\u00e9seinek, valamint a kapcsol\u00f3d\u00f3 szab\u00e1lyzatok elfogad\u00e1s\u00e1r\u00f3l \u00e9s m\u00f3dos\u00edt\u00e1s\u00e1r\u00f3l &#8211; 3c. sz\u00e1m\u00fa mell\u00e9klet<\/a><\/p>\n<p style=\"text-align: justify\"><a href=\"https:\/\/semmelweis.hu\/jogigfoig\/files\/2025\/05\/32_2025_SzMSz_modositas_HKR-TVSZ_.pdf\">A Semmelweis Egyetem Szen\u00e1tus\u00e1nak 32\/2025. (IV.17.) sz\u00e1m\u00fa hat\u00e1rozata a Szervezeti \u00e9s M\u0171k\u00f6d\u00e9si Szab\u00e1lyzat III. K\u00f6nyv Hallgat\u00f3i k\u00f6vetelm\u00e9nyrendszer III.2. R\u00e9sz &#8211; Tanulm\u00e1nyi \u00e9s Vizsgaszab\u00e1lyzat egyes rendelkez\u00e9s\u00e9nek m\u00f3dos\u00edt\u00e1s\u00e1r\u00f3l<\/a><\/p>\n<p style=\"text-align: justify\"><a href=\"https:\/\/semmelweis.hu\/jogigfoig\/files\/2025\/05\/32_2025_melleklet_HOK-egyetertes.pdf\">A Semmelweis Egyetem Szen\u00e1tus\u00e1nak 32\/2025. (IV.17.) sz\u00e1m\u00fa hat\u00e1rozata a Szervezeti \u00e9s M\u0171k\u00f6d\u00e9si Szab\u00e1lyzat III. K\u00f6nyv Hallgat\u00f3i k\u00f6vetelm\u00e9nyrendszer III.2. R\u00e9sz &#8211; Tanulm\u00e1nyi \u00e9s Vizsgaszab\u00e1lyzat egyes rendelkez\u00e9s\u00e9nek m\u00f3dos\u00edt\u00e1s\u00e1r\u00f3l &#8211; Hallgat\u00f3i \u00d6nkorm\u00e1nyzat egyet\u00e9rt\u00e9se<\/a><\/p>\n<p style=\"text-align: justify\"><a href=\"https:\/\/semmelweis.hu\/jogigfoig\/files\/2025\/05\/32_2025_melleklet_SzMSz_modositas_HKR-TVSZ.pdf\">A Semmelweis Egyetem Szen\u00e1tus\u00e1nak 32\/2025. (IV.17.) sz\u00e1m\u00fa hat\u00e1rozata a Szervezeti \u00e9s M\u0171k\u00f6d\u00e9si Szab\u00e1lyzat III. K\u00f6nyv Hallgat\u00f3i k\u00f6vetelm\u00e9nyrendszer III.2. R\u00e9sz &#8211; Tanulm\u00e1nyi \u00e9s Vizsgaszab\u00e1lyzat egyes rendelkez\u00e9s\u00e9nek m\u00f3dos\u00edt\u00e1s\u00e1r\u00f3l &#8211; 1. sz\u00e1m\u00fa mell\u00e9klet<\/a><\/p>\n<p style=\"text-align: justify\"><a href=\"https:\/\/semmelweis.hu\/jogigfoig\/files\/2025\/04\/33_2025_Farmakologiai-es-Gyogyszerkutatas-fejlesztesi-Kozpont-kibovitese.pdf\">A Semmelweis Egyetem\u00a0Szen\u00e1tus\u00e1nak\u00a033\/2025. (IV.17.) sz\u00e1m\u00fa hat\u00e1rozata\u00a0a Farmakol\u00f3giai \u00e9s Gy\u00f3gyszerkutat\u00e1s-fejleszt\u00e9si K\u00f6zpontban r\u00e9szt vev\u0151\u00a0szervezeti egys\u00e9gek kib\u0151v\u00edt\u00e9s\u00e9r\u0151l<\/a><\/p>\n<p style=\"text-align: justify\"><a href=\"https:\/\/semmelweis.hu\/jogigfoig\/files\/2025\/04\/34_2025_ACH-tantargyfelelosi-palyazat.pdf\">A Semmelweis Egyetem\u00a0Szen\u00e1tus\u00e1nak\u00a034\/2025. (IV.17.) sz\u00e1m\u00fa hat\u00e1rozata\u00a0az Asklepios Campus Hamburgra beny\u00fajtott tant\u00e1rgyfelel\u0151si p\u00e1ly\u00e1zat t\u00e1mogat\u00e1s\u00e1r\u00f3l<\/a><\/p>\n<p style=\"text-align: justify\"><a href=\"https:\/\/semmelweis.hu\/jogigfoig\/files\/2025\/04\/35_2025_Idegenennyelvi-kovetelmenyek-_AOK_FOK.pdf\">A Semmelweis Egyetem\u00a0Szen\u00e1tus\u00e1nak\u00a035\/2025. (IV.17.) sz\u00e1m\u00fa hat\u00e1rozata\u00a0az \u00e1ltal\u00e1nos orvosk\u00e9pz\u00e9s, valamint a Fogorvostudom\u00e1nyi Karon v\u00e9gzett,\u00a0az \u00c1ltal\u00e1nos Orvostudom\u00e1nyi Kar \u00e1ltal\u00e1nos orvos szak\u00e1ra felvett hallgat\u00f3k\u00a0k\u00e9pz\u00e9s\u00e9re vonatkoz\u00f3 mintatanterveiben\u00a0az idegennyelvi k\u00f6vetelm\u00e9nyek pontos\u00edt\u00e1s\u00e1r\u00f3l<\/a><\/p>\n<p style=\"text-align: justify\"><a href=\"https:\/\/semmelweis.hu\/jogigfoig\/files\/2025\/04\/36_2025_Plasztikai-es-Rekonstruktiv-Seb-Tanszek.pdf\">A Semmelweis Egyetem\u00a0Szen\u00e1tus\u00e1nak\u00a036\/2025. (IV.17.) sz\u00e1m\u00fa hat\u00e1rozata\u00a0a Plasztikai Seb\u00e9szeti Tansz\u00e9ki Csoport\u00a0Plasztikai \u00e9s Rekonstrukt\u00edv Seb\u00e9szeti Tansz\u00e9kk\u00e9 alakul\u00e1s\u00e1r\u00f3l\u00a0a Seb\u00e9szeti, Transzplant\u00e1ci\u00f3s \u00e9s Gasztroenterol\u00f3giai Klinik\u00e1hoz rendelten<\/a><\/p>\n<p style=\"text-align: justify\"><a href=\"https:\/\/semmelweis.hu\/jogigfoig\/files\/2025\/04\/37_2025_ETK-Curriculum-2pont0.pdf\">A Semmelweis Egyetem\u00a0Szen\u00e1tus\u00e1nak\u00a037\/2025. (IV.17.) sz\u00e1m\u00fa hat\u00e1rozata\u00a0a Curriculum 2.0 projektben kialak\u00edtott mintatantervek finomhangol\u00e1s\u00e1r\u00f3l az Eg\u00e9szs\u00e9gtudom\u00e1nyi Karon<\/a><\/p>\n<p style=\"text-align: justify\"><a href=\"https:\/\/semmelweis.hu\/jogigfoig\/files\/2025\/04\/38_2025_Kivalo-Oktato.pdf\">A Semmelweis Egyetem\u00a0Szen\u00e1tus\u00e1nak\u00a038\/2025. (IV.17.) sz\u00e1m\u00fa hat\u00e1rozata\u00a0a Semmelweis Egyetem Kiv\u00e1l\u00f3 Oktat\u00f3ja kit\u00fcntet\u00e9s adom\u00e1nyoz\u00e1s\u00e1r\u00f3l<\/a><\/p>\n<p style=\"text-align: justify\"><a href=\"https:\/\/semmelweis.hu\/jogigfoig\/files\/2025\/04\/39_2025_aktualis-vezetoi-palyazatok.pdf\">A Semmelweis Egyetem\u00a0Szen\u00e1tus\u00e1nak\u00a039\/2025. (IV.17.) sz\u00e1m\u00fa hat\u00e1rozata\u00a0az aktu\u00e1lis vezet\u0151i p\u00e1ly\u00e1zatok v\u00e9lem\u00e9nyez\u00e9s\u00e9r\u0151l<\/a><\/p>\n","protected":false},"excerpt":{"rendered":"<p><a href=\"https:\/\/semmelweis.hu\/jogigfoig\/files\/2025\/04\/N_3_2025_hatarozat.pdf\">A Semmelweis Egyetem\u00a0Szen\u00e1tus\u00e1nak\u00a0N-3.2025. (IV.17.) sz\u00e1m\u00fa hat\u00e1rozata\u00a0a szen\u00e1tusi \u00fcl\u00e9s napirendj\u00e9r\u0151l<\/a><br \/>\n<a href=\"https:\/\/semmelweis.hu\/jogigfoig\/files\/2025\/04\/27_2025_Reuma_beolvadasos-megszuntetes.pdf\">A Semmelweis Egyetem\u00a0Szen\u00e1tus\u00e1nak\u00a027\/2025. (IV.17.) sz\u00e1m\u00fa hat\u00e1rozata\u00a0a Reumatol\u00f3giai \u00e9s Klinikai Immunol\u00f3giai Tansz\u00e9k Reumatol\u00f3giai \u00e9s Immunol\u00f3giai Klinik\u00e1ba t\u00f6rt\u00e9n\u0151 beolvad\u00e1ssal t\u00f6rt\u00e9n\u0151 megsz\u00fcntet\u00e9s\u00e9r\u0151l<\/a><br \/>\n<a href=\"https:\/\/semmelweis.hu\/jogigfoig\/files\/2025\/04\/28_2025_SzMSz_modositas_teritesi-dijak-megfizetese.pdf\">A Semmelweis Egyetem\u00a0Szen\u00e1tus\u00e1nak\u00a028\/2025. (IV.17.) sz\u00e1m\u00fa hat\u00e1rozata\u00a0a Szervezeti \u00e9s M\u0171k\u00f6d\u00e9si Szab\u00e1lyzat egyes rendelkez\u00e9seinek m\u00f3dos\u00edt\u00e1s\u00e1r\u00f3l\u00a0[a hallgat\u00f3k \u00e1ltal fizetend\u0151 t\u00e9r\u00edt\u00e9si d\u00edjjal \u00f6sszef\u00fcgg\u0151 rendelkez\u00e9sek]<\/a><br \/>\n<a href=\"https:\/\/semmelweis.hu\/jogigfoig\/files\/2025\/05\/28_2025_melleklet-2_HOK-egyetertes.pdf\">A Semmelweis Egyetem Szen\u00e1tus\u00e1nak 28\/2025. (IV.17.) sz\u00e1m\u00fa hat\u00e1rozata a Szervezeti \u00e9s M\u0171k\u00f6d\u00e9si Szab\u00e1lyzat egyes rendelkez\u00e9seinek m\u00f3dos\u00edt\u00e1s\u00e1r\u00f3l [a hallgat\u00f3k \u00e1ltal fizetend\u0151 t\u00e9r\u00edt\u00e9si d\u00edjjal \u00f6sszef\u00fcgg\u0151 rendelkez\u00e9sek] &#8211; Hallgat\u00f3i \u00d6nkorm\u00e1nyzat egyet\u00e9rt\u00e9se<\/a><br \/>\n<a href=\"https:\/\/semmelweis.hu\/jogigfoig\/files\/2025\/04\/28_2025_melleklet-1.pdf\">A Semmelweis Egyetem Szen\u00e1tus\u00e1nak 28\/2025. (IV.17.) sz\u00e1m\u00fa hat\u00e1rozata a Szervezeti \u00e9s M\u0171k\u00f6d\u00e9si Szab\u00e1lyzat egyes rendelkez\u00e9seinek m\u00f3dos\u00edt\u00e1s\u00e1r\u00f3l [a hallgat\u00f3k \u00e1ltal fizetend\u0151 t\u00e9r\u00edt\u00e9si d\u00edjjal \u00f6sszef\u00fcgg\u0151 rendelkez\u00e9sek] &#8211; 1. sz\u00e1m\u00fa mell\u00e9klet<\/a><br \/>\n<a href=\"https:\/\/semmelweis.hu\/jogigfoig\/files\/2025\/05\/29_2025_sport-Kft-uzletresz_.pdf\">A Semmelweis Egyetem Szen\u00e1tus\u00e1nak 29\/2025. (IV.17.) sz\u00e1m\u00fa hat\u00e1rozata egy f\u0151tev\u00e9kenys\u00e9gk\u00e9nt sporttal foglalkoz\u00f3 korl\u00e1tolt felel\u0151ss\u00e9g\u0171 t\u00e1rsas\u00e1g \u00fczletr\u00e9sz\u00e9nek 100 %-a megv\u00e1s\u00e1rl\u00e1s\u00e1r\u00f3l hivat\u00e1sos v\u00edzilabda csapat m\u0171k\u00f6dtet\u00e9se c\u00e9lj\u00e1b\u00f3l<\/a><br \/>\n<a href=\"https:\/\/semmelweis.hu\/jogigfoig\/files\/2025\/05\/29_2025_melleklet_fenntartoi-jovahagyas.pdf\">A Semmelweis Egyetem Szen\u00e1tus\u00e1nak 29\/2025. (IV.17.) sz\u00e1m\u00fa hat\u00e1rozata egy f\u0151tev\u00e9kenys\u00e9gk\u00e9nt sporttal foglalkoz\u00f3 korl\u00e1tolt felel\u0151ss\u00e9g\u0171 t\u00e1rsas\u00e1g \u00fczletr\u00e9sz\u00e9nek 100 %-a megv\u00e1s\u00e1rl\u00e1s\u00e1r\u00f3l hivat\u00e1sos v\u00edzilabda csapat m\u0171k\u00f6dtet\u00e9se c\u00e9lj\u00e1b\u00f3l &#8211; Hallgat\u00f3i \u00d6nkorm\u00e1nyzat egyet\u00e9rt\u00e9se<\/a><br \/>\n<a href=\"https:\/\/semmelweis.hu\/jogigfoig\/files\/2025\/05\/30_2025_Tarsadalmi-munka-szabvall-modositasa.pdf\">A Semmelweis Egyetem Szen\u00e1tus\u00e1nak 30\/2025. (IV.17.) sz\u00e1m\u00fa hat\u00e1rozata a &#8222;T\u00e1rsadalmi munka&#8221; c\u00edm\u0171 szabadon v\u00e1laszthat\u00f3 tant\u00e1rgy m\u00f3dos\u00edt\u00e1s\u00e1r\u00f3l<\/a><br \/>\n<a href=\"https:\/\/semmelweis.hu\/jogigfoig\/files\/2025\/04\/31_2025_SzMSz-es-szabalyzatmodositas_Alumni_NKI.pdf\">A Semmelweis Egyetem\u00a0Szen\u00e1tus\u00e1nak\u00a031\/2025. (IV.17.) sz\u00e1m\u00fa hat\u00e1rozata\u00a0a Szervezeti \u00e9s M\u0171k\u00f6d\u00e9si Szab\u00e1lyzat egyes rendelkez\u00e9seinek,\u00a0valamint a kapcsol\u00f3d\u00f3 szab\u00e1lyzatok elfogad\u00e1s\u00e1r\u00f3l \u00e9s m\u00f3dos\u00edt\u00e1s\u00e1r\u00f3l<\/a><br \/>\n<a href=\"https:\/\/semmelweis.hu\/jogigfoig\/files\/2025\/04\/31_2025_1_Melleklet_SZMSZ_egyes_rendelkezesek.pdf\">A Semmelweis Egyetem Szen\u00e1tus\u00e1nak 31\/2025. (IV.17.) sz\u00e1m\u00fa hat\u00e1rozata a Szervezeti \u00e9s M\u0171k\u00f6d\u00e9si Szab\u00e1lyzat egyes rendelkez\u00e9seinek, valamint a kapcsol\u00f3d\u00f3 szab\u00e1lyzatok elfogad\u00e1s\u00e1r\u00f3l \u00e9s m\u00f3dos\u00edt\u00e1s\u00e1r\u00f3l &#8211; 1. sz\u00e1m\u00fa mell\u00e9klet<\/a><br \/>\n<a href=\"https:\/\/semmelweis.hu\/jogigfoig\/files\/2025\/04\/31_2025_2_Melleklet_Pannonia_Osztondij_Szabalyzat.pdf\">A Semmelweis Egyetem Szen\u00e1tus\u00e1nak 31\/2025. (IV.17.) sz\u00e1m\u00fa hat\u00e1rozata a Szervezeti \u00e9s M\u0171k\u00f6d\u00e9si Szab\u00e1lyzat egyes rendelkez\u00e9seinek, valamint a kapcsol\u00f3d\u00f3 szab\u00e1lyzatok elfogad\u00e1s\u00e1r\u00f3l \u00e9s m\u00f3dos\u00edt\u00e1s\u00e1r\u00f3l &#8211; 2. sz\u00e1m\u00fa mell\u00e9klet<\/a><br \/>\n<a href=\"https:\/\/semmelweis.hu\/jogigfoig\/files\/2025\/04\/31_2025_3a_Melleklet_NKI_egyes_szabalyzatokban.pdf\">A Semmelweis Egyetem Szen\u00e1tus\u00e1nak 31\/2025. (IV.17.) sz\u00e1m\u00fa hat\u00e1rozata a Szervezeti \u00e9s M\u0171k\u00f6d\u00e9si Szab\u00e1lyzat egyes rendelkez\u00e9seinek, valamint a kapcsol\u00f3d\u00f3 szab\u00e1lyzatok elfogad\u00e1s\u00e1r\u00f3l \u00e9s m\u00f3dos\u00edt\u00e1s\u00e1r\u00f3l &#8211; 3a. sz\u00e1m\u00fa mell\u00e9klet<\/a><br \/>\n<a href=\"https:\/\/semmelweis.hu\/jogigfoig\/files\/2025\/04\/31_2025_3b_Melleklet_Alumni_egyes_szabalyzatokban.pdf\">A Semmelweis Egyetem Szen\u00e1tus\u00e1nak 31\/2025. (IV.17.) sz\u00e1m\u00fa hat\u00e1rozata a Szervezeti \u00e9s M\u0171k\u00f6d\u00e9si Szab\u00e1lyzat egyes rendelkez\u00e9seinek, valamint a kapcsol\u00f3d\u00f3 szab\u00e1lyzatok elfogad\u00e1s\u00e1r\u00f3l \u00e9s m\u00f3dos\u00edt\u00e1s\u00e1r\u00f3l &#8211; 3b. sz\u00e1m\u00fa mell\u00e9klet<\/a><br \/>\n<a href=\"https:\/\/semmelweis.hu\/jogigfoig\/files\/2025\/04\/31_2025_3c_Melleklet_Kikuldetesi_szab_mod.pdf\">A Semmelweis Egyetem Szen\u00e1tus\u00e1nak 31\/2025. (IV.17.) sz\u00e1m\u00fa hat\u00e1rozata a Szervezeti \u00e9s M\u0171k\u00f6d\u00e9si Szab\u00e1lyzat egyes rendelkez\u00e9seinek, valamint a kapcsol\u00f3d\u00f3 szab\u00e1lyzatok elfogad\u00e1s\u00e1r\u00f3l \u00e9s m\u00f3dos\u00edt\u00e1s\u00e1r\u00f3l &#8211; 3c. sz\u00e1m\u00fa mell\u00e9klet<\/a><br \/>\n<a href=\"https:\/\/semmelweis.hu\/jogigfoig\/files\/2025\/05\/32_2025_SzMSz_modositas_HKR-TVSZ_.pdf\">A Semmelweis Egyetem Szen\u00e1tus\u00e1nak 32\/2025. (IV.17.) sz\u00e1m\u00fa hat\u00e1rozata a Szervezeti \u00e9s M\u0171k\u00f6d\u00e9si Szab\u00e1lyzat III. K\u00f6nyv Hallgat\u00f3i k\u00f6vetelm\u00e9nyrendszer III.2. R\u00e9sz &#8211; Tanulm\u00e1nyi \u00e9s Vizsgaszab\u00e1lyzat egyes rendelkez\u00e9s\u00e9nek m\u00f3dos\u00edt\u00e1s\u00e1r\u00f3l<\/a><br \/>\n<a href=\"https:\/\/semmelweis.hu\/jogigfoig\/files\/2025\/05\/32_2025_melleklet_HOK-egyetertes.pdf\">A Semmelweis Egyetem Szen\u00e1tus\u00e1nak 32\/2025. (IV.17.) sz\u00e1m\u00fa hat\u00e1rozata a Szervezeti \u00e9s M\u0171k\u00f6d\u00e9si Szab\u00e1lyzat III. K\u00f6nyv Hallgat\u00f3i k\u00f6vetelm\u00e9nyrendszer III.2. R\u00e9sz &#8211; Tanulm\u00e1nyi \u00e9s Vizsgaszab\u00e1lyzat egyes rendelkez\u00e9s\u00e9nek m\u00f3dos\u00edt\u00e1s\u00e1r\u00f3l &#8211; Hallgat\u00f3i \u00d6nkorm\u00e1nyzat egyet\u00e9rt\u00e9se<\/a><br \/>\n<a href=\"https:\/\/semmelweis.hu\/jogigfoig\/files\/2025\/05\/32_2025_melleklet_SzMSz_modositas_HKR-TVSZ.pdf\">A Semmelweis Egyetem Szen\u00e1tus\u00e1nak 32\/2025. (IV.17.) sz\u00e1m\u00fa hat\u00e1rozata a Szervezeti \u00e9s M\u0171k\u00f6d\u00e9si Szab\u00e1lyzat III. K\u00f6nyv Hallgat\u00f3i k\u00f6vetelm\u00e9nyrendszer III.2. R\u00e9sz &#8211; Tanulm\u00e1nyi \u00e9s Vizsgaszab\u00e1lyzat egyes rendelkez\u00e9s\u00e9nek m\u00f3dos\u00edt\u00e1s\u00e1r\u00f3l &#8211; 1. sz\u00e1m\u00fa mell\u00e9klet<\/a><br \/>\n<a href=\"https:\/\/semmelweis.hu\/jogigfoig\/files\/2025\/04\/33_2025_Farmakologiai-es-Gyogyszerkutatas-fejlesztesi-Kozpont-kibovitese.pdf\">A Semmelweis Egyetem\u00a0Szen\u00e1tus\u00e1nak\u00a033\/2025. (IV.17.) sz\u00e1m\u00fa hat\u00e1rozata\u00a0a Farmakol\u00f3giai \u00e9s Gy\u00f3gyszerkutat\u00e1s-fejleszt\u00e9si K\u00f6zpontban r\u00e9szt vev\u0151\u00a0szervezeti egys\u00e9gek kib\u0151v\u00edt\u00e9s\u00e9r\u0151l<\/a><br \/>\n<a href=\"https:\/\/semmelweis.hu\/jogigfoig\/files\/2025\/04\/34_2025_ACH-tantargyfelelosi-palyazat.pdf\">A Semmelweis Egyetem\u00a0Szen\u00e1tus\u00e1nak\u00a034\/2025. (IV.17.) sz\u00e1m\u00fa hat\u00e1rozata\u00a0az Asklepios Campus Hamburgra beny\u00fajtott tant\u00e1rgyfelel\u0151si p\u00e1ly\u00e1zat t\u00e1mogat\u00e1s\u00e1r\u00f3l<\/a><br \/>\n<a href=\"https:\/\/semmelweis.hu\/jogigfoig\/files\/2025\/04\/35_2025_Idegenennyelvi-kovetelmenyek-_AOK_FOK.pdf\">A Semmelweis Egyetem\u00a0Szen\u00e1tus\u00e1nak\u00a035\/2025. (IV.17.) sz\u00e1m\u00fa hat\u00e1rozata\u00a0az \u00e1ltal\u00e1nos orvosk\u00e9pz\u00e9s, valamint a Fogorvostudom\u00e1nyi Karon v\u00e9gzett,\u00a0az \u00c1ltal\u00e1nos Orvostudom\u00e1nyi Kar \u00e1ltal\u00e1nos orvos szak\u00e1ra felvett hallgat\u00f3k\u00a0k\u00e9pz\u00e9s\u00e9re vonatkoz\u00f3 mintatanterveiben\u00a0az idegennyelvi k\u00f6vetelm\u00e9nyek pontos\u00edt\u00e1s\u00e1r\u00f3l<\/a><br \/>\n<a href=\"https:\/\/semmelweis.hu\/jogigfoig\/files\/2025\/04\/36_2025_Plasztikai-es-Rekonstruktiv-Seb-Tanszek.pdf\">A Semmelweis Egyetem\u00a0Szen\u00e1tus\u00e1nak\u00a036\/2025. (IV.17.) sz\u00e1m\u00fa hat\u00e1rozata\u00a0a Plasztikai Seb\u00e9szeti Tansz\u00e9ki Csoport\u00a0Plasztikai \u00e9s Rekonstrukt\u00edv Seb\u00e9szeti Tansz\u00e9kk\u00e9 alakul\u00e1s\u00e1r\u00f3l\u00a0a Seb\u00e9szeti, Transzplant\u00e1ci\u00f3s \u00e9s Gasztroenterol\u00f3giai Klinik\u00e1hoz rendelten<\/a><br \/>\n<a href=\"https:\/\/semmelweis.hu\/jogigfoig\/files\/2025\/04\/37_2025_ETK-Curriculum-2pont0.pdf\">A Semmelweis Egyetem\u00a0Szen\u00e1tus\u00e1nak\u00a037\/2025. (IV.17.) sz\u00e1m\u00fa hat\u00e1rozata\u00a0a Curriculum 2.0 projektben kialak\u00edtott mintatantervek finomhangol\u00e1s\u00e1r\u00f3l az Eg\u00e9szs\u00e9gtudom\u00e1nyi Karon<\/a><br \/>\n<a href=\"https:\/\/semmelweis.hu\/jogigfoig\/files\/2025\/04\/38_2025_Kivalo-Oktato.pdf\">A Semmelweis Egyetem\u00a0Szen\u00e1tus\u00e1nak\u00a038\/2025. (IV.17.) sz\u00e1m\u00fa hat\u00e1rozata\u00a0a Semmelweis Egyetem Kiv\u00e1l\u00f3 Oktat\u00f3ja kit\u00fcntet\u00e9s adom\u00e1nyoz\u00e1s\u00e1r\u00f3l<\/a><br \/>\n<a href=\"https:\/\/semmelweis.hu\/jogigfoig\/files\/2025\/04\/39_2025_aktualis-vezetoi-palyazatok.pdf\">A Semmelweis Egyetem\u00a0Szen\u00e1tus\u00e1nak\u00a039\/2025. (IV.17.) sz\u00e1m\u00fa hat\u00e1rozata\u00a0az aktu\u00e1lis vezet\u0151i p\u00e1ly\u00e1zatok v\u00e9lem\u00e9nyez\u00e9s\u00e9r\u0151l<\/a><\/p>\n","protected":false},"author":101467,"featured_media":0,"parent":96382,"menu_order":79,"comment_status":"closed","ping_status":"closed","template":"","meta":{"_acf_changed":false,"footnotes":""},"categories":[],"tags":[],"class_list":["post-98238","page","type-page","status-publish","hentry"],"acf":[],"_links":{"self":[{"href":"https:\/\/semmelweis.hu\/jogigfoig\/wp-json\/wp\/v2\/pages\/98238","targetHints":{"allow":["GET"]}}],"collection":[{"href":"https:\/\/semmelweis.hu\/jogigfoig\/wp-json\/wp\/v2\/pages"}],"about":[{"href":"https:\/\/semmelweis.hu\/jogigfoig\/wp-json\/wp\/v2\/types\/page"}],"author":[{"embeddable":true,"href":"https:\/\/semmelweis.hu\/jogigfoig\/wp-json\/wp\/v2\/users\/101467"}],"replies":[{"embeddable":true,"href":"https:\/\/semmelweis.hu\/jogigfoig\/wp-json\/wp\/v2\/comments?post=98238"}],"version-history":[{"count":6,"href":"https:\/\/semmelweis.hu\/jogigfoig\/wp-json\/wp\/v2\/pages\/98238\/revisions"}],"predecessor-version":[{"id":98497,"href":"https:\/\/semmelweis.hu\/jogigfoig\/wp-json\/wp\/v2\/pages\/98238\/revisions\/98497"}],"up":[{"embeddable":true,"href":"https:\/\/semmelweis.hu\/jogigfoig\/wp-json\/wp\/v2\/pages\/96382"}],"wp:attachment":[{"href":"https:\/\/semmelweis.hu\/jogigfoig\/wp-json\/wp\/v2\/media?parent=98238"}],"wp:term":[{"taxonomy":"category","embeddable":true,"href":"https:\/\/semmelweis.hu\/jogigfoig\/wp-json\/wp\/v2\/categories?post=98238"},{"taxonomy":"post_tag","embeddable":true,"href":"https:\/\/semmelweis.hu\/jogigfoig\/wp-json\/wp\/v2\/tags?post=98238"}],"curies":[{"name":"wp","href":"https:\/\/api.w.org\/{rel}","templated":true}]}}