{"id":9809,"date":"2017-12-08T10:28:40","date_gmt":"2017-12-08T09:28:40","guid":{"rendered":"http:\/\/semmelweis.hu\/jogigfoig\/?page_id=9809"},"modified":"2020-02-11T11:05:01","modified_gmt":"2020-02-11T10:05:01","slug":"2017-november-30","status":"publish","type":"page","link":"https:\/\/semmelweis.hu\/jogigfoig\/testuletek\/szenatus\/2017-evi-szenatusi-hatarozatok\/2017-november-30\/","title":{"rendered":"2017. november 30."},"content":{"rendered":"<ul style=\"text-align: justify\">\n<li><a href=\"https:\/\/semmelweis.hu\/jogigfoig\/files\/2017\/12\/141_XI_30_2017_Bizottsagok_-egyseges_ugyrendi_forma_mellekl.doc\">BIZOTTS\u00c1GI \u00dcGYREND az Egyetem eg\u00e9sz\u00e9re kiterjed\u0151 hat\u00e1sk\u00f6rrel rendelkez\u0151 \u00e1lland\u00f3 feladat\u00fa bizotts\u00e1gok, valamint a karokon m\u0171k\u00f6d\u0151 \u00e1lland\u00f3 bizotts\u00e1gok \u00fcgyrendj\u00e9nek egys\u00e9ges szerkezet\u0171 mintatervezete, word form\u00e1tumban (.doc)<\/a><\/li>\n<li><a href=\"https:\/\/semmelweis.hu\/jogigfoig\/files\/2018\/03\/135.sz_._XI.30._2017_SZMSZ-egyes-rendelk.-m\u00f3d._m\u00f3d.pdf\">135\/2017. (XI. 30.) sz\u00e1m\u00fa hat\u00e1rozata a \u201eszervezeti \u00e9s m\u0171k\u00f6d\u00e9si szab\u00e1lyzat egyes rendelkez\u00e9seinek m\u00f3dos\u00edt\u00e1sa\u201d c\u00edm\u0171 el\u0151terjeszt\u00e9s elfogad\u00e1s\u00e1r\u00f3l<\/a><\/li>\n<li><a href=\"https:\/\/semmelweis.hu\/jogigfoig\/files\/2017\/12\/136_sz_XI_30_2017.pdf\">136\/2017. (XI.30.) sz\u00e1m\u00fa hat\u00e1rozata a Szervezeti \u00e9s M\u0171k\u00f6d\u00e9si Szab\u00e1lyzat egyes rendelkez\u00e9seinek m\u00f3dos\u00edt\u00e1s\u00e1r\u00f3l<\/a><\/li>\n<li><a href=\"https:\/\/semmelweis.hu\/jogigfoig\/files\/2017\/12\/137_sz_XI_30_2017.pdf\">137\/2017. (XI. 30.) sz\u00e1m\u00fa hat\u00e1rozata a Szervezeti \u00e9s M\u0171k\u00f6d\u00e9si Szab\u00e1lyzat III. r\u00e9sz VI. fejezet A hallgat\u00f3i jogorvoslati elj\u00e1r\u00e1s rendje egyes rendelkez\u00e9sei m\u00f3dos\u00edt\u00e1s\u00e1nak elfogad\u00e1s\u00e1r\u00f3l<\/a><\/li>\n<li><a href=\"https:\/\/semmelweis.hu\/jogigfoig\/files\/2017\/12\/138_sz_XI_30_2017.pdf\">138\/2017. (XI. 30.) sz\u00e1m\u00fa hat\u00e1rozata a Doktori Szab\u00e1lyzat \u00e9s a 2016. szeptember 1. napj\u00e1t k\u00f6vet\u0151en megkezdett doktori k\u00e9pz\u00e9s \u00e9s fokozatszerz\u00e9si elj\u00e1r\u00e1s szab\u00e1lyai egyes rendelkez\u00e9seinek m\u00f3dos\u00edt\u00e1s\u00e1r\u00f3l sz\u00f3l\u00f3 el\u0151terjeszt\u00e9s elfogad\u00e1s\u00e1r\u00f3l<\/a><\/li>\n<li><a href=\"https:\/\/semmelweis.hu\/jogigfoig\/files\/2017\/12\/139_sz_XI_30_2017.pdf\">139\/2017 (XI. 30.) sz\u00e1m\u00fa hat\u00e1rozata A 2018. \u00e9vi Semmelweis Szimp\u00f3zium megrendez\u00e9si jog\u00e1nak oda\u00edt\u00e9l\u00e9s\u00e9r\u0151l<\/a><\/li>\n<li><a href=\"https:\/\/semmelweis.hu\/jogigfoig\/files\/2017\/12\/140_sz_XI_30_2017.pdf\">140\/2017. (XI. 30.) sz\u00e1m\u00fa hat\u00e1rozata Besz\u00e1mol\u00f3 a Szen\u00e1tus \u00e1ltal l\u00e9trehozott, az egyetem eg\u00e9sz\u00e9re kiterjed\u0151 hat\u00e1sk\u00f6rrel rendelkez\u0151 \u00e1lland\u00f3 bizotts\u00e1gok munk\u00e1j\u00e1r\u00f3l<\/a><\/li>\n<li><a href=\"https:\/\/semmelweis.hu\/jogigfoig\/files\/2017\/12\/141_sz_XI_30_2017.pdf\">141\/2017 (XI. 30.) sz\u00e1m\u00fa hat\u00e1rozata az Egyetem eg\u00e9sz\u00e9re kiterjed\u0151 hat\u00e1sk\u00f6rrel rendelkez\u0151 \u00e1lland\u00f3 feladat\u00fa bizotts\u00e1gok, valamint a karokon m\u0171k\u00f6d\u0151 \u00e1lland\u00f3 bizotts\u00e1gok \u00fcgyrendj\u00e9nek egys\u00e9ges szerkezet\u0171 mintatervezete \u00e9s mell\u00e9klete:\u00a0BIZOTTS\u00c1GI \u00dcGYREND az Egyetem eg\u00e9sz\u00e9re kiterjed\u0151 hat\u00e1sk\u00f6rrel rendelkez\u0151 \u00e1lland\u00f3 feladat\u00fa bizotts\u00e1gok, valamint a karokon m\u0171k\u00f6d\u0151 \u00e1lland\u00f3 bizotts\u00e1gok \u00fcgyrendj\u00e9nek<\/a><\/li>\n<li><a href=\"https:\/\/semmelweis.hu\/jogigfoig\/files\/2017\/12\/142_sz_XI_30_2017.pdf\">142\/2017. (XI. 30.) sz\u00e1m\u00fa hat\u00e1rozata a Doktori Iskola Hivatal\u00e1nak hivatalvezet\u0151i megb\u00edz\u00e1s\u00e1ra be\u00e9rkezett p\u00e1ly\u00e1zat v\u00e9lem\u00e9nyez\u00e9s\u00e9r\u0151l<\/a><\/li>\n<li><a href=\"https:\/\/semmelweis.hu\/jogigfoig\/files\/2017\/12\/143_sz_XI_30_2017.pdf\">143\/2017 (XI.30.) sz\u00e1m\u00fa hat\u00e1rozata Heilongjiang K\u00ednai Orvostudom\u00e1nyi Egyetem sz\u00e9khelyen k\u00edv\u00fcli Hagyom\u00e1nyos k\u00ednai orvosl\u00e1s BSc k\u00e9pz\u00e9s MAB akkredit\u00e1ci\u00f3s anyag\u00e1nak elfogad\u00e1s\u00e1r\u00f3l<\/a><\/li>\n<li><a href=\"https:\/\/semmelweis.hu\/jogigfoig\/files\/2017\/12\/144_sz_XI_30_2017.pdf\">144\/2017. (XI.30.) sz\u00e1m\u00fa hat\u00e1rozata az Eg\u00e9szs\u00e9gtudom\u00e1nyi Karon m\u0171k\u00f6d\u0151 bizotts\u00e1gok \u00f6sszet\u00e9tel\u00e9nek m\u00f3dos\u00edt\u00e1s\u00e1r\u00f3l<\/a><\/li>\n<li><a href=\"https:\/\/semmelweis.hu\/jogigfoig\/files\/2017\/12\/145_sz_XI_30_2017.pdf\">145\/2017. (XI. 30.) sz\u00e1m\u00fa hat\u00e1rozata A Pet\u0151 Andr\u00e1s Kar \u00e1ltal az egyetemi Fel\u00fclb\u00edr\u00e1lati Bizotts\u00e1gba deleg\u00e1lt \u00faj eseti tagok megv\u00e1laszt\u00e1s\u00e1r\u00f3l<\/a><\/li>\n<li><a href=\"https:\/\/semmelweis.hu\/jogigfoig\/files\/2017\/12\/146_sz_XI_30_2017.pdf\">146\/2017 (XI. 30.) sz\u00e1m\u00fa hat\u00e1rozata az Egyetemi Es\u00e9lyegyenl\u0151s\u00e9gi Bizotts\u00e1gba a Pet\u0151 Andr\u00e1s Kar r\u00e9sz\u00e9r\u0151l deleg\u00e1land\u00f3 tag megv\u00e1laszt\u00e1s\u00e1r\u00f3l<\/a><\/li>\n<li><a href=\"https:\/\/semmelweis.hu\/jogigfoig\/files\/2017\/12\/147_sz_XI_30_2017.pdf\">147\/2017. (XI. 30.) sz\u00e1m\u00fa hat\u00e1rozata a \u201eszervezeti \u00e9s m\u0171k\u00f6d\u00e9si szab\u00e1lyzat egyes rendelkez\u00e9seinek m\u00f3dos\u00edt\u00e1sa\u201d c\u00edm\u0171 el\u0151terjeszt\u00e9s elfogad\u00e1s\u00e1r\u00f3l<\/a><\/li>\n<li><a href=\"https:\/\/semmelweis.hu\/jogigfoig\/files\/2017\/12\/148_sz_XI_30_2017_Etikai_Kodex_modositasokkal.pdf\">148\/2017. (XI. 30.) sz\u00e1m\u00fa hat\u00e1rozata az Etikai K\u00f3dex elfogad\u00e1s\u00e1r\u00f3l<\/a><\/li>\n<li><a href=\"https:\/\/semmelweis.hu\/jogigfoig\/files\/2017\/12\/149_sz_XI_30_2017.pdf\">149\/2017. (XI. 30.) sz\u00e1m\u00fa hat\u00e1rozata a 115\/2017. (X.26.) sz\u00e1m\u00fa szen\u00e1tusi hat\u00e1rozat technikai jelleg\u0171 m\u00f3dos\u00edt\u00e1s\u00e1r\u00f3l<\/a><\/li>\n<li><a href=\"https:\/\/semmelweis.hu\/jogigfoig\/files\/2017\/12\/150_sz_XI_30_2017.pdf\">150\/2017. (XI. 30.) sz\u00e1m\u00fa hat\u00e1rozata a 117\/2017. (X.26.) sz\u00e1m\u00fa szen\u00e1tusi hat\u00e1rozat technikai jelleg\u0171 m\u00f3dos\u00edt\u00e1s\u00e1r\u00f3l<\/a><\/li>\n<li><a href=\"https:\/\/semmelweis.hu\/jogigfoig\/files\/2017\/12\/N_XI_30_2017_szamu_hatarozat.pdf\">N-XI. 30.\/2017. sz\u00e1m\u00fa hat\u00e1rozata a szen\u00e1tusi \u00fcl\u00e9s m\u00f3dos\u00edtott napirendi pontjainak elfogad\u00e1s\u00e1r\u00f3l<\/a><\/li>\n<\/ul>\n","protected":false},"excerpt":{"rendered":"<p><a href=\"https:\/\/semmelweis.hu\/jogigfoig\/files\/2017\/12\/141_XI_30_2017_Bizottsagok_-egyseges_ugyrendi_forma_mellekl.doc\">BIZOTTS\u00c1GI \u00dcGYREND az Egyetem eg\u00e9sz\u00e9re kiterjed\u0151 hat\u00e1sk\u00f6rrel rendelkez\u0151 \u00e1lland\u00f3 feladat\u00fa bizotts\u00e1gok, valamint a karokon m\u0171k\u00f6d\u0151 \u00e1lland\u00f3 bizotts\u00e1gok \u00fcgyrendj\u00e9nek egys\u00e9ges szerkezet\u0171 mintatervezete, word form\u00e1tumban (.doc)<\/a><br \/>\n<a href=\"https:\/\/semmelweis.hu\/jogigfoig\/files\/2018\/03\/135.sz_._XI.30._2017_SZMSZ-egyes-rendelk.-m\u00f3d._m\u00f3d.pdf\">135\/2017. (XI. 30.) sz\u00e1m\u00fa hat\u00e1rozata a \u201eszervezeti \u00e9s m\u0171k\u00f6d\u00e9si szab\u00e1lyzat egyes rendelkez\u00e9seinek m\u00f3dos\u00edt\u00e1sa\u201d c\u00edm\u0171 el\u0151terjeszt\u00e9s elfogad\u00e1s\u00e1r\u00f3l<\/a><br \/>\n<a href=\"https:\/\/semmelweis.hu\/jogigfoig\/files\/2017\/12\/136_sz_XI_30_2017.pdf\">136\/2017. (XI.30.) sz\u00e1m\u00fa hat\u00e1rozata a Szervezeti \u00e9s M\u0171k\u00f6d\u00e9si Szab\u00e1lyzat egyes rendelkez\u00e9seinek m\u00f3dos\u00edt\u00e1s\u00e1r\u00f3l<\/a><br \/>\n<a href=\"https:\/\/semmelweis.hu\/jogigfoig\/files\/2017\/12\/137_sz_XI_30_2017.pdf\">137\/2017. (XI. 30.) sz\u00e1m\u00fa hat\u00e1rozata a Szervezeti \u00e9s M\u0171k\u00f6d\u00e9si Szab\u00e1lyzat III. r\u00e9sz VI. fejezet A hallgat\u00f3i jogorvoslati elj\u00e1r\u00e1s rendje egyes rendelkez\u00e9sei m\u00f3dos\u00edt\u00e1s\u00e1nak elfogad\u00e1s\u00e1r\u00f3l<\/a><br \/>\n<a href=\"https:\/\/semmelweis.hu\/jogigfoig\/files\/2017\/12\/138_sz_XI_30_2017.pdf\">138\/2017. (XI. 30.) sz\u00e1m\u00fa hat\u00e1rozata a Doktori Szab\u00e1lyzat \u00e9s a 2016. szeptember 1. napj\u00e1t k\u00f6vet\u0151en megkezdett doktori k\u00e9pz\u00e9s \u00e9s fokozatszerz\u00e9si elj\u00e1r\u00e1s szab\u00e1lyai egyes rendelkez\u00e9seinek m\u00f3dos\u00edt\u00e1s\u00e1r\u00f3l sz\u00f3l\u00f3 el\u0151terjeszt\u00e9s elfogad\u00e1s\u00e1r\u00f3l<\/a><br \/>\n<a href=\"https:\/\/semmelweis.hu\/jogigfoig\/files\/2017\/12\/139_sz_XI_30_2017.pdf\">139\/2017 (XI. 30.) sz\u00e1m\u00fa hat\u00e1rozata A 2018. \u00e9vi Semmelweis Szimp\u00f3zium megrendez\u00e9si jog\u00e1nak oda\u00edt\u00e9l\u00e9s\u00e9r\u0151l<\/a><br \/>\n<a href=\"https:\/\/semmelweis.hu\/jogigfoig\/files\/2017\/12\/140_sz_XI_30_2017.pdf\">140\/2017. (XI. 30.) sz\u00e1m\u00fa hat\u00e1rozata Besz\u00e1mol\u00f3 a Szen\u00e1tus \u00e1ltal l\u00e9trehozott, az egyetem eg\u00e9sz\u00e9re kiterjed\u0151 hat\u00e1sk\u00f6rrel rendelkez\u0151 \u00e1lland\u00f3 bizotts\u00e1gok munk\u00e1j\u00e1r\u00f3l<\/a><br \/>\n<a href=\"https:\/\/semmelweis.hu\/jogigfoig\/files\/2017\/12\/141_sz_XI_30_2017.pdf\">141\/2017 (XI. 30.) sz\u00e1m\u00fa hat\u00e1rozata az Egyetem eg\u00e9sz\u00e9re kiterjed\u0151 hat\u00e1sk\u00f6rrel rendelkez\u0151 \u00e1lland\u00f3 feladat\u00fa bizotts\u00e1gok, valamint a karokon m\u0171k\u00f6d\u0151 \u00e1lland\u00f3 bizotts\u00e1gok \u00fcgyrendj\u00e9nek egys\u00e9ges szerkezet\u0171 mintatervezete \u00e9s mell\u00e9klete:\u00a0BIZOTTS\u00c1GI \u00dcGYREND az Egyetem eg\u00e9sz\u00e9re kiterjed\u0151 hat\u00e1sk\u00f6rrel rendelkez\u0151 \u00e1lland\u00f3 feladat\u00fa bizotts\u00e1gok, valamint a karokon m\u0171k\u00f6d\u0151 \u00e1lland\u00f3 bizotts\u00e1gok \u00fcgyrendj\u00e9nek<\/a><br \/>\n<a href=\"https:\/\/semmelweis.hu\/jogigfoig\/files\/2017\/12\/142_sz_XI_30_2017.pdf\">142\/2017. (XI. 30.) sz\u00e1m\u00fa hat\u00e1rozata a Doktori Iskola Hivatal\u00e1nak hivatalvezet\u0151i megb\u00edz\u00e1s\u00e1ra be\u00e9rkezett p\u00e1ly\u00e1zat v\u00e9lem\u00e9nyez\u00e9s\u00e9r\u0151l<\/a><br \/>\n<a href=\"https:\/\/semmelweis.hu\/jogigfoig\/files\/2017\/12\/143_sz_XI_30_2017.pdf\">143\/2017 (XI.30.) sz\u00e1m\u00fa hat\u00e1rozata Heilongjiang K\u00ednai Orvostudom\u00e1nyi Egyetem sz\u00e9khelyen k\u00edv\u00fcli Hagyom\u00e1nyos k\u00ednai orvosl\u00e1s BSc k\u00e9pz\u00e9s MAB akkredit\u00e1ci\u00f3s anyag\u00e1nak elfogad\u00e1s\u00e1r\u00f3l<\/a><br \/>\n<a href=\"https:\/\/semmelweis.hu\/jogigfoig\/files\/2017\/12\/144_sz_XI_30_2017.pdf\">144\/2017. (XI.30.) sz\u00e1m\u00fa hat\u00e1rozata az Eg\u00e9szs\u00e9gtudom\u00e1nyi Karon m\u0171k\u00f6d\u0151 bizotts\u00e1gok \u00f6sszet\u00e9tel\u00e9nek m\u00f3dos\u00edt\u00e1s\u00e1r\u00f3l<\/a><br \/>\n<a href=\"https:\/\/semmelweis.hu\/jogigfoig\/files\/2017\/12\/145_sz_XI_30_2017.pdf\">145\/2017. (XI. 30.) sz\u00e1m\u00fa hat\u00e1rozata A Pet\u0151 Andr\u00e1s Kar \u00e1ltal az egyetemi Fel\u00fclb\u00edr\u00e1lati Bizotts\u00e1gba deleg\u00e1lt \u00faj eseti tagok megv\u00e1laszt\u00e1s\u00e1r\u00f3l<\/a><br \/>\n<a href=\"https:\/\/semmelweis.hu\/jogigfoig\/files\/2017\/12\/146_sz_XI_30_2017.pdf\">146\/2017 (XI. 30.) sz\u00e1m\u00fa hat\u00e1rozata az Egyetemi Es\u00e9lyegyenl\u0151s\u00e9gi Bizotts\u00e1gba a Pet\u0151 Andr\u00e1s Kar r\u00e9sz\u00e9r\u0151l deleg\u00e1land\u00f3 tag megv\u00e1laszt\u00e1s\u00e1r\u00f3l<\/a><br \/>\n<a href=\"https:\/\/semmelweis.hu\/jogigfoig\/files\/2017\/12\/147_sz_XI_30_2017.pdf\">147\/2017. (XI. 30.) sz\u00e1m\u00fa hat\u00e1rozata a \u201eszervezeti \u00e9s m\u0171k\u00f6d\u00e9si szab\u00e1lyzat egyes rendelkez\u00e9seinek m\u00f3dos\u00edt\u00e1sa\u201d c\u00edm\u0171 el\u0151terjeszt\u00e9s elfogad\u00e1s\u00e1r\u00f3l<\/a><br \/>\n<a href=\"https:\/\/semmelweis.hu\/jogigfoig\/files\/2017\/12\/148_sz_XI_30_2017_Etikai_Kodex_modositasokkal.pdf\">148\/2017. (XI. 30.) sz\u00e1m\u00fa hat\u00e1rozata az Etikai K\u00f3dex elfogad\u00e1s\u00e1r\u00f3l<\/a><br \/>\n<a href=\"https:\/\/semmelweis.hu\/jogigfoig\/files\/2017\/12\/149_sz_XI_30_2017.pdf\">149\/2017. (XI. 30.) sz\u00e1m\u00fa hat\u00e1rozata a 115\/2017. (X.26.) sz\u00e1m\u00fa szen\u00e1tusi hat\u00e1rozat technikai jelleg\u0171 m\u00f3dos\u00edt\u00e1s\u00e1r\u00f3l<\/a><br \/>\n<a href=\"https:\/\/semmelweis.hu\/jogigfoig\/files\/2017\/12\/150_sz_XI_30_2017.pdf\">150\/2017. (XI. 30.) sz\u00e1m\u00fa hat\u00e1rozata a 117\/2017. (X.26.) sz\u00e1m\u00fa szen\u00e1tusi hat\u00e1rozat technikai jelleg\u0171 m\u00f3dos\u00edt\u00e1s\u00e1r\u00f3l<\/a><br \/>\n<a href=\"https:\/\/semmelweis.hu\/jogigfoig\/files\/2017\/12\/N_XI_30_2017_szamu_hatarozat.pdf\">N-XI. 30.\/2017. sz\u00e1m\u00fa hat\u00e1rozata a szen\u00e1tusi \u00fcl\u00e9s m\u00f3dos\u00edtott napirendi pontjainak elfogad\u00e1s\u00e1r\u00f3l<\/a><\/p>\n","protected":false},"author":101117,"featured_media":0,"parent":7832,"menu_order":16,"comment_status":"closed","ping_status":"closed","template":"","meta":{"_acf_changed":false,"footnotes":""},"categories":[],"tags":[],"class_list":["post-9809","page","type-page","status-publish","hentry"],"acf":[],"_links":{"self":[{"href":"https:\/\/semmelweis.hu\/jogigfoig\/wp-json\/wp\/v2\/pages\/9809","targetHints":{"allow":["GET"]}}],"collection":[{"href":"https:\/\/semmelweis.hu\/jogigfoig\/wp-json\/wp\/v2\/pages"}],"about":[{"href":"https:\/\/semmelweis.hu\/jogigfoig\/wp-json\/wp\/v2\/types\/page"}],"author":[{"embeddable":true,"href":"https:\/\/semmelweis.hu\/jogigfoig\/wp-json\/wp\/v2\/users\/101117"}],"replies":[{"embeddable":true,"href":"https:\/\/semmelweis.hu\/jogigfoig\/wp-json\/wp\/v2\/comments?post=9809"}],"version-history":[{"count":7,"href":"https:\/\/semmelweis.hu\/jogigfoig\/wp-json\/wp\/v2\/pages\/9809\/revisions"}],"predecessor-version":[{"id":10799,"href":"https:\/\/semmelweis.hu\/jogigfoig\/wp-json\/wp\/v2\/pages\/9809\/revisions\/10799"}],"up":[{"embeddable":true,"href":"https:\/\/semmelweis.hu\/jogigfoig\/wp-json\/wp\/v2\/pages\/7832"}],"wp:attachment":[{"href":"https:\/\/semmelweis.hu\/jogigfoig\/wp-json\/wp\/v2\/media?parent=9809"}],"wp:term":[{"taxonomy":"category","embeddable":true,"href":"https:\/\/semmelweis.hu\/jogigfoig\/wp-json\/wp\/v2\/categories?post=9809"},{"taxonomy":"post_tag","embeddable":true,"href":"https:\/\/semmelweis.hu\/jogigfoig\/wp-json\/wp\/v2\/tags?post=9809"}],"curies":[{"name":"wp","href":"https:\/\/api.w.org\/{rel}","templated":true}]}}