{"id":9800,"date":"2017-12-08T10:04:11","date_gmt":"2017-12-08T09:04:11","guid":{"rendered":"http:\/\/semmelweis.hu\/jogigfoig\/?page_id=9800"},"modified":"2026-02-16T15:40:37","modified_gmt":"2026-02-16T14:40:37","slug":"etikai-kodex","status":"publish","type":"page","link":"https:\/\/semmelweis.hu\/jogigfoig\/dokumentumtar\/szabalyzattar\/etikai-kodex\/","title":{"rendered":"Semmelweis Egyetem szab\u00e1lyzata az etikai szab\u00e1lyokr\u00f3l \u00e9s elj\u00e1r\u00e1sokr\u00f3l"},"content":{"rendered":"<p><strong>A szab\u00e1lyzat aktu\u00e1lis v\u00e1ltozata: <\/strong><a href=\"https:\/\/semmelweis.hu\/jogigfoig\/files\/2025\/08\/Etikai_kodex_hataly_20250802.pdf\">Semmelweis Egyetem szab\u00e1lyzata az etikai szab\u00e1lyokr\u00f3l \u00e9s elj\u00e1r\u00e1sokr\u00f3l<\/a>\u00a0<\/p>\n<p style=\"padding-left: 40px\"><strong>English version:<\/strong> <a href=\"https:\/\/semmelweis.hu\/jogigfoig\/files\/2026\/02\/Etikai_kodex_hataly_20250802_jogtechnikai_mod_ENG.pdf\" target=\"_blank\" rel=\"noopener\">Regulations of Semmelweis University on ethics rules and procedure<\/a><\/p>\n<p><strong>Elfogad\u00e1s\u00e1r\u00f3l rendelkez\u0151 hat\u00e1rozat:<\/strong> <a href=\"https:\/\/semmelweis.hu\/jogigfoig\/files\/2025\/01\/121_2024_XII_18_egyben.pdf\">121\/2024 (XII.18.)<\/a><br \/>\n<strong>Hat\u00e1rozat t\u00edpusa:<\/strong>\u00a0Szen\u00e1tusi<br \/>\n<strong>Hat\u00e1ly: <\/strong>2024.XII.20.<\/p>\n","protected":false},"excerpt":{"rendered":"<p>A szab\u00e1lyzat aktu\u00e1lis v\u00e1ltozata: <a href=\"https:\/\/semmelweis.hu\/jogigfoig\/files\/2025\/08\/Etikai_kodex_hataly_20250802.pdf\">Semmelweis Egyetem szab\u00e1lyzata az etikai szab\u00e1lyokr\u00f3l \u00e9s elj\u00e1r\u00e1sokr\u00f3l<\/a>\u00a0<br \/>\nEnglish version: <a href=\"https:\/\/semmelweis.hu\/jogigfoig\/files\/2026\/02\/Etikai_kodex_hataly_20250802_jogtechnikai_mod_ENG.pdf\" target=\"_blank\" rel=\"noopener\">Regulations of Semmelweis University on ethics rules and procedure<\/a><br \/>\nElfogad\u00e1s\u00e1r\u00f3l rendelkez\u0151 hat\u00e1rozat: <a href=\"https:\/\/semmelweis.hu\/jogigfoig\/files\/2025\/01\/121_2024_XII_18_egyben.pdf\">121\/2024 (XII.18.)<\/a><br \/>\nHat\u00e1rozat t\u00edpusa:\u00a0Szen\u00e1tusi<br \/>\nHat\u00e1ly: 2024.XII.20.<\/p>\n","protected":false},"author":101117,"featured_media":0,"parent":41,"menu_order":0,"comment_status":"closed","ping_status":"closed","template":"","meta":{"_acf_changed":false,"footnotes":""},"categories":[],"tags":[],"class_list":["post-9800","page","type-page","status-publish","hentry"],"acf":[],"_links":{"self":[{"href":"https:\/\/semmelweis.hu\/jogigfoig\/wp-json\/wp\/v2\/pages\/9800","targetHints":{"allow":["GET"]}}],"collection":[{"href":"https:\/\/semmelweis.hu\/jogigfoig\/wp-json\/wp\/v2\/pages"}],"about":[{"href":"https:\/\/semmelweis.hu\/jogigfoig\/wp-json\/wp\/v2\/types\/page"}],"author":[{"embeddable":true,"href":"https:\/\/semmelweis.hu\/jogigfoig\/wp-json\/wp\/v2\/users\/101117"}],"replies":[{"embeddable":true,"href":"https:\/\/semmelweis.hu\/jogigfoig\/wp-json\/wp\/v2\/comments?post=9800"}],"version-history":[{"count":12,"href":"https:\/\/semmelweis.hu\/jogigfoig\/wp-json\/wp\/v2\/pages\/9800\/revisions"}],"predecessor-version":[{"id":104846,"href":"https:\/\/semmelweis.hu\/jogigfoig\/wp-json\/wp\/v2\/pages\/9800\/revisions\/104846"}],"up":[{"embeddable":true,"href":"https:\/\/semmelweis.hu\/jogigfoig\/wp-json\/wp\/v2\/pages\/41"}],"wp:attachment":[{"href":"https:\/\/semmelweis.hu\/jogigfoig\/wp-json\/wp\/v2\/media?parent=9800"}],"wp:term":[{"taxonomy":"category","embeddable":true,"href":"https:\/\/semmelweis.hu\/jogigfoig\/wp-json\/wp\/v2\/categories?post=9800"},{"taxonomy":"post_tag","embeddable":true,"href":"https:\/\/semmelweis.hu\/jogigfoig\/wp-json\/wp\/v2\/tags?post=9800"}],"curies":[{"name":"wp","href":"https:\/\/api.w.org\/{rel}","templated":true}]}}