{"id":97834,"date":"2025-04-03T12:05:54","date_gmt":"2025-04-03T10:05:54","guid":{"rendered":"https:\/\/semmelweis.hu\/jogigfoig\/?page_id=97834"},"modified":"2025-10-01T11:51:13","modified_gmt":"2025-10-01T09:51:13","slug":"2025-marcius-27","status":"publish","type":"page","link":"https:\/\/semmelweis.hu\/jogigfoig\/testuletek\/szenatus\/2025-evi-szenatusi-hatarozatok\/2025-marcius-27\/","title":{"rendered":"2025. m\u00e1rcius 27."},"content":{"rendered":"<p style=\"text-align: justify\"><a href=\"https:\/\/semmelweis.hu\/jogigfoig\/files\/2025\/04\/N_2_2025_hatarozat.pdf\">A Semmelweis Egyetem\u00a0Szen\u00e1tus\u00e1nak\u00a0N-2.2025. (III.27.) sz\u00e1m\u00fa hat\u00e1rozata<\/a><\/p>\n<p style=\"text-align: justify\"><a href=\"https:\/\/semmelweis.hu\/jogigfoig\/files\/2025\/04\/19_2025_SzMSz-modositas.pdf\">A Semmelweis Egyetem\u00a0Szen\u00e1tus\u00e1nak\u00a019\/2025. (III.27.) sz\u00e1m\u00fa hat\u00e1rozata\u00a0a Szervezeti \u00e9s M\u0171k\u00f6d\u00e9si Szab\u00e1lyzat egyes rendelkez\u00e9seinek m\u00f3dos\u00edt\u00e1s\u00e1r\u00f3l<\/a><\/p>\n<p style=\"text-align: justify\"><a href=\"https:\/\/semmelweis.hu\/jogigfoig\/files\/2025\/04\/19_2025_melleklet_SzMSz-modositas.pdf\">A Semmelweis Egyetem Szen\u00e1tus\u00e1nak 19\/2025. (III.27.) sz\u00e1m\u00fa hat\u00e1rozata a Szervezeti \u00e9s M\u0171k\u00f6d\u00e9si Szab\u00e1lyzat egyes rendelkez\u00e9seinek m\u00f3dos\u00edt\u00e1s\u00e1r\u00f3l &#8211; 1. sz\u00e1m\u00fa mell\u00e9klet<\/a><\/p>\n<p style=\"text-align: justify\"><a href=\"https:\/\/semmelweis.hu\/jogigfoig\/files\/2025\/04\/20_2025_Jo-Tanulo_Jo-Sportolo.pdf\">A Semmelweis Egyetem\u00a0Szen\u00e1tus\u00e1nak\u00a020\/2025. (III.27.) sz\u00e1m\u00fa hat\u00e1rozata\u00a0a \u201eJ\u00f3 tanul\u00f3 \u2013 j\u00f3 sportol\u00f3\u201d kit\u00fcntet\u0151 c\u00edmek oda\u00edt\u00e9l\u00e9s\u00e9r\u0151l<\/a><\/p>\n<p style=\"text-align: justify\"><a href=\"https:\/\/semmelweis.hu\/jogigfoig\/files\/2025\/04\/21_2025_FOK-kurrikulm-modositas.pdf\">A Semmelweis Egyetem\u00a0Szen\u00e1tus\u00e1nak 21\/2025. (III.27.) sz\u00e1m\u00fa hat\u00e1rozata\u00a0a Fogorvostudom\u00e1nyi Kar kurrikulum\u00e1nak m\u00f3dos\u00edt\u00e1s\u00e1r\u00f3l<\/a><\/p>\n<p style=\"text-align: justify\"><a href=\"https:\/\/semmelweis.hu\/jogigfoig\/files\/2025\/04\/21_2025_melleklet_Kurrikulum-2.0_2024-25_I-II-III-evfolyam.pdf\">A Semmelweis Egyetem Szen\u00e1tus\u00e1nak 21\/2025. (III.27.) sz\u00e1m\u00fa hat\u00e1rozata a Fogorvostudom\u00e1nyi Kar kurrikulum\u00e1nak m\u00f3dos\u00edt\u00e1s\u00e1r\u00f3l &#8211; 1. sz\u00e1m\u00fa mell\u00e9klet<\/a><\/p>\n<p style=\"text-align: justify\"><a href=\"https:\/\/semmelweis.hu\/jogigfoig\/files\/2025\/04\/21_2025_melleklet_Kurrikulum-2.0_2024-25_IV-evfolyam.pdf\">A Semmelweis Egyetem\u00a0Szen\u00e1tus\u00e1nak 21\/2025. (III.27.) sz\u00e1m\u00fa hat\u00e1rozata\u00a0a Fogorvostudom\u00e1nyi Kar kurrikulum\u00e1nak m\u00f3dos\u00edt\u00e1s\u00e1r\u00f3l &#8211; 2. sz\u00e1m\u00fa mell\u00e9klet<\/a><\/p>\n<p style=\"text-align: justify\"><a href=\"https:\/\/semmelweis.hu\/jogigfoig\/files\/2025\/04\/21_2025_melleklet_Kurrikulum-2.0_2024-25_V-evfolyam.pdf\">A Semmelweis Egyetem\u00a0Szen\u00e1tus\u00e1nak 21\/2025. (III.27.) sz\u00e1m\u00fa hat\u00e1rozata\u00a0a Fogorvostudom\u00e1nyi Kar kurrikulum\u00e1nak m\u00f3dos\u00edt\u00e1s\u00e1r\u00f3l &#8211; 3. sz\u00e1m\u00fa mell\u00e9klet<\/a><\/p>\n<p style=\"text-align: justify\"><a href=\"https:\/\/semmelweis.hu\/jogigfoig\/files\/2025\/04\/22_2025_szuleszno-mesterkepzes.pdf\">A Semmelweis Egyetem\u00a0Szen\u00e1tus\u00e1nak\u00a022\/2025. (III.27.) sz\u00e1m\u00fa hat\u00e1rozata\u00a0a sz\u00fcl\u00e9szn\u0151 mesterk\u00e9pz\u00e9si szak ind\u00edt\u00e1s\u00e1r\u00f3l<\/a><\/p>\n<p style=\"text-align: justify\"><a href=\"https:\/\/semmelweis.hu\/jogigfoig\/files\/2025\/04\/23_2025-_EU-teritesi-es-dijszabalyzat-modositas.pdf\">A Semmelweis Egyetem\u00a0Szen\u00e1tus\u00e1nak 23\/2025. (III. 27.) sz\u00e1m\u00fa hat\u00e1rozata\u00a0az Eg\u00e9szs\u00e9g\u00fcgyi t\u00e9r\u00edt\u00e9si- \u00e9s d\u00edjszab\u00e1lyzat m\u00f3dos\u00edt\u00e1s\u00e1r\u00f3l<\/a><\/p>\n<p style=\"text-align: justify\"><a href=\"https:\/\/semmelweis.hu\/jogigfoig\/files\/2025\/04\/23_2025_melleklet_ETDSZ_7_M.pdf\">A Semmelweis Egyetem Szen\u00e1tus\u00e1nak 23\/2025. (III. 27.) sz\u00e1m\u00fa hat\u00e1rozata az Eg\u00e9szs\u00e9g\u00fcgyi t\u00e9r\u00edt\u00e9si- \u00e9s d\u00edjszab\u00e1lyzat m\u00f3dos\u00edt\u00e1s\u00e1r\u00f3l &#8211; 1. sz\u00e1m\u00fa mell\u00e9klet<\/a><\/p>\n<p style=\"text-align: justify\"><a href=\"https:\/\/semmelweis.hu\/jogigfoig\/files\/2025\/04\/24_2025_karokon-mukodo-bizottsagok-beszamoloi.pdf\">A Semmelweis Egyetem\u00a0Szen\u00e1tus\u00e1nak\u00a024\/2025. (III.27.) sz\u00e1m\u00fa hat\u00e1rozata\u00a0a Szen\u00e1tus \u00e1ltal l\u00e9trehozott, karokon m\u0171k\u00f6d\u0151 bizotts\u00e1gok\u00a0munk\u00e1j\u00e1r\u00f3l sz\u00f3l\u00f3 besz\u00e1mol\u00f3 elfogad\u00e1s\u00e1r\u00f3l<\/a><\/p>\n<p style=\"text-align: justify\"><a href=\"https:\/\/semmelweis.hu\/jogigfoig\/files\/2025\/04\/25_2025_aktualis-vezetoi-oktatoi-palyazatok.pdf\">A Semmelweis Egyetem\u00a0Szen\u00e1tus\u00e1nak\u00a025\/2025. (III.27.) sz\u00e1m\u00fa hat\u00e1rozata\u00a0az aktu\u00e1lis vezet\u0151i, valamint oktat\u00f3i p\u00e1ly\u00e1zatok v\u00e9lem\u00e9nyez\u00e9s\u00e9r\u0151l<\/a><\/p>\n<p style=\"text-align: justify\"><a href=\"https:\/\/semmelweis.hu\/jogigfoig\/files\/2025\/04\/26_2025_HKR-TVSZ-modositas.pdf\">A Semmelweis Egyetem Szen\u00e1tus\u00e1nak 26\/2025. (III.27.) sz\u00e1m\u00fa hat\u00e1rozata a Szervezeti \u00e9s M\u0171k\u00f6d\u00e9si Szab\u00e1lyzat III. K\u00f6nyv Hallgat\u00f3i k\u00f6vetelm\u00e9nyrendszer III.2. R\u00e9sz Tanulm\u00e1nyi \u00e9s Vizsgaszab\u00e1lyzat egyes rendelkez\u00e9seinek m\u00f3dos\u00edt\u00e1s\u00e1r\u00f3l<\/a><\/p>\n<p style=\"text-align: justify\"><a href=\"https:\/\/semmelweis.hu\/jogigfoig\/files\/2025\/04\/26_2025_melleklet_HOK-egyetertes.pdf\">A Semmelweis Egyetem Szen\u00e1tus\u00e1nak 26\/2025. (III.27.) sz\u00e1m\u00fa hat\u00e1rozata a Szervezeti \u00e9s M\u0171k\u00f6d\u00e9si Szab\u00e1lyzat III. K\u00f6nyv Hallgat\u00f3i k\u00f6vetelm\u00e9nyrendszer III.2. R\u00e9sz Tanulm\u00e1nyi \u00e9s Vizsgaszab\u00e1lyzat egyes rendelkez\u00e9seinek m\u00f3dos\u00edt\u00e1s\u00e1r\u00f3l &#8211; Hallgat\u00f3i \u00d6nkorm\u00e1nyzat egyet\u00e9rt\u00e9se<\/a><\/p>\n<p style=\"text-align: justify\"><a href=\"https:\/\/semmelweis.hu\/jogigfoig\/files\/2025\/04\/26_2025_melleklet_HKR-TVSZ-modositas.pdf\">A Semmelweis Egyetem Szen\u00e1tus\u00e1nak 26\/2025. (III.27.) sz\u00e1m\u00fa hat\u00e1rozata a Szervezeti \u00e9s M\u0171k\u00f6d\u00e9si Szab\u00e1lyzat III. K\u00f6nyv Hallgat\u00f3i k\u00f6vetelm\u00e9nyrendszer III.2. R\u00e9sz Tanulm\u00e1nyi \u00e9s Vizsgaszab\u00e1lyzat egyes rendelkez\u00e9seinek m\u00f3dos\u00edt\u00e1s\u00e1r\u00f3l &#8211; 1. sz\u00e1m\u00fa mell\u00e9klet<\/a><\/p>\n","protected":false},"excerpt":{"rendered":"<p><a href=\"https:\/\/semmelweis.hu\/jogigfoig\/files\/2025\/04\/N_2_2025_hatarozat.pdf\">A Semmelweis Egyetem\u00a0Szen\u00e1tus\u00e1nak\u00a0N-2.2025. (III.27.) sz\u00e1m\u00fa hat\u00e1rozata<\/a><br \/>\n<a href=\"https:\/\/semmelweis.hu\/jogigfoig\/files\/2025\/04\/19_2025_SzMSz-modositas.pdf\">A Semmelweis Egyetem\u00a0Szen\u00e1tus\u00e1nak\u00a019\/2025. (III.27.) sz\u00e1m\u00fa hat\u00e1rozata\u00a0a Szervezeti \u00e9s M\u0171k\u00f6d\u00e9si Szab\u00e1lyzat egyes rendelkez\u00e9seinek m\u00f3dos\u00edt\u00e1s\u00e1r\u00f3l<\/a><br \/>\n<a href=\"https:\/\/semmelweis.hu\/jogigfoig\/files\/2025\/04\/19_2025_melleklet_SzMSz-modositas.pdf\">A Semmelweis Egyetem Szen\u00e1tus\u00e1nak 19\/2025. (III.27.) sz\u00e1m\u00fa hat\u00e1rozata a Szervezeti \u00e9s M\u0171k\u00f6d\u00e9si Szab\u00e1lyzat egyes rendelkez\u00e9seinek m\u00f3dos\u00edt\u00e1s\u00e1r\u00f3l &#8211; 1. sz\u00e1m\u00fa mell\u00e9klet<\/a><br \/>\n<a href=\"https:\/\/semmelweis.hu\/jogigfoig\/files\/2025\/04\/20_2025_Jo-Tanulo_Jo-Sportolo.pdf\">A Semmelweis Egyetem\u00a0Szen\u00e1tus\u00e1nak\u00a020\/2025. (III.27.) sz\u00e1m\u00fa hat\u00e1rozata\u00a0a \u201eJ\u00f3 tanul\u00f3 \u2013 j\u00f3 sportol\u00f3\u201d kit\u00fcntet\u0151 c\u00edmek oda\u00edt\u00e9l\u00e9s\u00e9r\u0151l<\/a><br \/>\n<a href=\"https:\/\/semmelweis.hu\/jogigfoig\/files\/2025\/04\/21_2025_FOK-kurrikulm-modositas.pdf\">A Semmelweis Egyetem\u00a0Szen\u00e1tus\u00e1nak 21\/2025. (III.27.) sz\u00e1m\u00fa hat\u00e1rozata\u00a0a Fogorvostudom\u00e1nyi Kar kurrikulum\u00e1nak m\u00f3dos\u00edt\u00e1s\u00e1r\u00f3l<\/a><br \/>\n<a href=\"https:\/\/semmelweis.hu\/jogigfoig\/files\/2025\/04\/21_2025_melleklet_Kurrikulum-2.0_2024-25_I-II-III-evfolyam.pdf\">A Semmelweis Egyetem Szen\u00e1tus\u00e1nak 21\/2025. (III.27.) sz\u00e1m\u00fa hat\u00e1rozata a Fogorvostudom\u00e1nyi Kar kurrikulum\u00e1nak m\u00f3dos\u00edt\u00e1s\u00e1r\u00f3l &#8211; 1. sz\u00e1m\u00fa mell\u00e9klet<\/a><br \/>\n<a href=\"https:\/\/semmelweis.hu\/jogigfoig\/files\/2025\/04\/21_2025_melleklet_Kurrikulum-2.0_2024-25_IV-evfolyam.pdf\">A Semmelweis Egyetem\u00a0Szen\u00e1tus\u00e1nak 21\/2025. (III.27.) sz\u00e1m\u00fa hat\u00e1rozata\u00a0a Fogorvostudom\u00e1nyi Kar kurrikulum\u00e1nak m\u00f3dos\u00edt\u00e1s\u00e1r\u00f3l &#8211; 2. sz\u00e1m\u00fa mell\u00e9klet<\/a><br \/>\n<a href=\"https:\/\/semmelweis.hu\/jogigfoig\/files\/2025\/04\/21_2025_melleklet_Kurrikulum-2.0_2024-25_V-evfolyam.pdf\">A Semmelweis Egyetem\u00a0Szen\u00e1tus\u00e1nak 21\/2025. (III.27.) sz\u00e1m\u00fa hat\u00e1rozata\u00a0a Fogorvostudom\u00e1nyi Kar kurrikulum\u00e1nak m\u00f3dos\u00edt\u00e1s\u00e1r\u00f3l &#8211; 3. sz\u00e1m\u00fa mell\u00e9klet<\/a><br \/>\n<a href=\"https:\/\/semmelweis.hu\/jogigfoig\/files\/2025\/04\/22_2025_szuleszno-mesterkepzes.pdf\">A Semmelweis Egyetem\u00a0Szen\u00e1tus\u00e1nak\u00a022\/2025. (III.27.) sz\u00e1m\u00fa hat\u00e1rozata\u00a0a sz\u00fcl\u00e9szn\u0151 mesterk\u00e9pz\u00e9si szak ind\u00edt\u00e1s\u00e1r\u00f3l<\/a><br \/>\n<a href=\"https:\/\/semmelweis.hu\/jogigfoig\/files\/2025\/04\/23_2025-_EU-teritesi-es-dijszabalyzat-modositas.pdf\">A Semmelweis Egyetem\u00a0Szen\u00e1tus\u00e1nak 23\/2025. (III. 27.) sz\u00e1m\u00fa hat\u00e1rozata\u00a0az Eg\u00e9szs\u00e9g\u00fcgyi t\u00e9r\u00edt\u00e9si- \u00e9s d\u00edjszab\u00e1lyzat m\u00f3dos\u00edt\u00e1s\u00e1r\u00f3l<\/a><br \/>\n<a href=\"https:\/\/semmelweis.hu\/jogigfoig\/files\/2025\/04\/23_2025_melleklet_ETDSZ_7_M.pdf\">A Semmelweis Egyetem Szen\u00e1tus\u00e1nak 23\/2025. (III. 27.) sz\u00e1m\u00fa hat\u00e1rozata az Eg\u00e9szs\u00e9g\u00fcgyi t\u00e9r\u00edt\u00e9si- \u00e9s d\u00edjszab\u00e1lyzat m\u00f3dos\u00edt\u00e1s\u00e1r\u00f3l &#8211; 1. sz\u00e1m\u00fa mell\u00e9klet<\/a><br \/>\n<a href=\"https:\/\/semmelweis.hu\/jogigfoig\/files\/2025\/04\/24_2025_karokon-mukodo-bizottsagok-beszamoloi.pdf\">A Semmelweis Egyetem\u00a0Szen\u00e1tus\u00e1nak\u00a024\/2025. (III.27.) sz\u00e1m\u00fa hat\u00e1rozata\u00a0a Szen\u00e1tus \u00e1ltal l\u00e9trehozott, karokon m\u0171k\u00f6d\u0151 bizotts\u00e1gok\u00a0munk\u00e1j\u00e1r\u00f3l sz\u00f3l\u00f3 besz\u00e1mol\u00f3 elfogad\u00e1s\u00e1r\u00f3l<\/a><br \/>\n<a href=\"https:\/\/semmelweis.hu\/jogigfoig\/files\/2025\/04\/25_2025_aktualis-vezetoi-oktatoi-palyazatok.pdf\">A Semmelweis Egyetem\u00a0Szen\u00e1tus\u00e1nak\u00a025\/2025. (III.27.) sz\u00e1m\u00fa hat\u00e1rozata\u00a0az aktu\u00e1lis vezet\u0151i, valamint oktat\u00f3i p\u00e1ly\u00e1zatok v\u00e9lem\u00e9nyez\u00e9s\u00e9r\u0151l<\/a><br \/>\n<a href=\"https:\/\/semmelweis.hu\/jogigfoig\/files\/2025\/04\/26_2025_HKR-TVSZ-modositas.pdf\">A Semmelweis Egyetem Szen\u00e1tus\u00e1nak 26\/2025. (III.27.) sz\u00e1m\u00fa hat\u00e1rozata a Szervezeti \u00e9s M\u0171k\u00f6d\u00e9si Szab\u00e1lyzat III. K\u00f6nyv Hallgat\u00f3i k\u00f6vetelm\u00e9nyrendszer III.2. R\u00e9sz Tanulm\u00e1nyi \u00e9s Vizsgaszab\u00e1lyzat egyes rendelkez\u00e9seinek m\u00f3dos\u00edt\u00e1s\u00e1r\u00f3l<\/a><br \/>\n<a href=\"https:\/\/semmelweis.hu\/jogigfoig\/files\/2025\/04\/26_2025_melleklet_HOK-egyetertes.pdf\">A Semmelweis Egyetem Szen\u00e1tus\u00e1nak 26\/2025. (III.27.) sz\u00e1m\u00fa hat\u00e1rozata a Szervezeti \u00e9s M\u0171k\u00f6d\u00e9si Szab\u00e1lyzat III. K\u00f6nyv Hallgat\u00f3i k\u00f6vetelm\u00e9nyrendszer III.2. R\u00e9sz Tanulm\u00e1nyi \u00e9s Vizsgaszab\u00e1lyzat egyes rendelkez\u00e9seinek m\u00f3dos\u00edt\u00e1s\u00e1r\u00f3l &#8211; Hallgat\u00f3i \u00d6nkorm\u00e1nyzat egyet\u00e9rt\u00e9se<\/a><br \/>\n<a href=\"https:\/\/semmelweis.hu\/jogigfoig\/files\/2025\/04\/26_2025_melleklet_HKR-TVSZ-modositas.pdf\">A Semmelweis Egyetem Szen\u00e1tus\u00e1nak 26\/2025. (III.27.) sz\u00e1m\u00fa hat\u00e1rozata a Szervezeti \u00e9s M\u0171k\u00f6d\u00e9si Szab\u00e1lyzat III. K\u00f6nyv Hallgat\u00f3i k\u00f6vetelm\u00e9nyrendszer III.2. R\u00e9sz Tanulm\u00e1nyi \u00e9s Vizsgaszab\u00e1lyzat egyes rendelkez\u00e9seinek m\u00f3dos\u00edt\u00e1s\u00e1r\u00f3l &#8211; 1. sz\u00e1m\u00fa mell\u00e9klet<\/a><\/p>\n","protected":false},"author":101467,"featured_media":0,"parent":96382,"menu_order":82,"comment_status":"closed","ping_status":"closed","template":"","meta":{"_acf_changed":false,"footnotes":""},"categories":[],"tags":[],"class_list":["post-97834","page","type-page","status-publish","hentry"],"acf":[],"_links":{"self":[{"href":"https:\/\/semmelweis.hu\/jogigfoig\/wp-json\/wp\/v2\/pages\/97834","targetHints":{"allow":["GET"]}}],"collection":[{"href":"https:\/\/semmelweis.hu\/jogigfoig\/wp-json\/wp\/v2\/pages"}],"about":[{"href":"https:\/\/semmelweis.hu\/jogigfoig\/wp-json\/wp\/v2\/types\/page"}],"author":[{"embeddable":true,"href":"https:\/\/semmelweis.hu\/jogigfoig\/wp-json\/wp\/v2\/users\/101467"}],"replies":[{"embeddable":true,"href":"https:\/\/semmelweis.hu\/jogigfoig\/wp-json\/wp\/v2\/comments?post=97834"}],"version-history":[{"count":3,"href":"https:\/\/semmelweis.hu\/jogigfoig\/wp-json\/wp\/v2\/pages\/97834\/revisions"}],"predecessor-version":[{"id":97871,"href":"https:\/\/semmelweis.hu\/jogigfoig\/wp-json\/wp\/v2\/pages\/97834\/revisions\/97871"}],"up":[{"embeddable":true,"href":"https:\/\/semmelweis.hu\/jogigfoig\/wp-json\/wp\/v2\/pages\/96382"}],"wp:attachment":[{"href":"https:\/\/semmelweis.hu\/jogigfoig\/wp-json\/wp\/v2\/media?parent=97834"}],"wp:term":[{"taxonomy":"category","embeddable":true,"href":"https:\/\/semmelweis.hu\/jogigfoig\/wp-json\/wp\/v2\/categories?post=97834"},{"taxonomy":"post_tag","embeddable":true,"href":"https:\/\/semmelweis.hu\/jogigfoig\/wp-json\/wp\/v2\/tags?post=97834"}],"curies":[{"name":"wp","href":"https:\/\/api.w.org\/{rel}","templated":true}]}}