{"id":97311,"date":"2025-03-11T14:01:57","date_gmt":"2025-03-11T13:01:57","guid":{"rendered":"https:\/\/semmelweis.hu\/jogigfoig\/?page_id=97311"},"modified":"2025-10-01T11:32:04","modified_gmt":"2025-10-01T09:32:04","slug":"2025-marcius-7","status":"publish","type":"page","link":"https:\/\/semmelweis.hu\/jogigfoig\/testuletek\/szenatus\/2025-evi-szenatusi-hatarozatok\/2025-marcius-7\/","title":{"rendered":"2025. m\u00e1rcius 7."},"content":{"rendered":"<p style=\"text-align: justify\"><a href=\"https:\/\/semmelweis.hu\/jogigfoig\/files\/2025\/03\/10_2025_2025-tavaszi-munkaterv.pdf\">A Semmelweis Egyetem\u00a0Szen\u00e1tus\u00e1nak\u00a010\/2025. (III.7.) sz\u00e1m\u00fa hat\u00e1rozata\u00a0a Szen\u00e1tus 2025. \u00e9vi tavaszi munkaterv\u00e9r\u0151l<\/a><\/p>\n<p style=\"text-align: justify\"><a href=\"https:\/\/semmelweis.hu\/jogigfoig\/files\/2025\/03\/10_2025_melleklet_Munkaterv-2025-tavaszi-felev.pdf\">A Semmelweis Egyetem\u00a0Szen\u00e1tus\u00e1nak\u00a010\/2025. (III.7.) sz\u00e1m\u00fa hat\u00e1rozata\u00a0a Szen\u00e1tus 2025. \u00e9vi tavaszi munkaterv\u00e9r\u0151l &#8211; 1. sz\u00e1m\u00fa mell\u00e9klet<\/a><\/p>\n<p style=\"text-align: justify\"><a href=\"https:\/\/semmelweis.hu\/jogigfoig\/files\/2025\/03\/11_2025_TJSZ-es-a-Hallgatoi-kituntetesekrol-szolo-szabalyzat-modositasa.pdf\">A Semmelweis Egyetem\u00a0Szen\u00e1tus\u00e1nak\u00a011\/2025. (III.7.) sz\u00e1m\u00fa hat\u00e1rozata\u00a0a Szervezeti \u00e9s M\u0171k\u00f6d\u00e9si Szab\u00e1lyzat III. K\u00f6nyv 4. R\u00e9sz T\u00e9r\u00edt\u00e9si \u00e9s Juttat\u00e1si Szab\u00e1lyzat \u00e9s a Hallgat\u00f3i kit\u00fcntet\u00e9sekr\u0151l sz\u00f3l\u00f3 szab\u00e1lyzat m\u00f3dos\u00edt\u00e1s\u00e1r\u00f3l<\/a><\/p>\n<p style=\"text-align: justify\"><a href=\"https:\/\/semmelweis.hu\/jogigfoig\/files\/2025\/03\/11_2025_melleklet_HOK-egyetertes.pdf\">A Semmelweis Egyetem Szen\u00e1tus\u00e1nak 11\/2025. (III.7.) sz\u00e1m\u00fa hat\u00e1rozata a Szervezeti \u00e9s M\u0171k\u00f6d\u00e9si Szab\u00e1lyzat III. K\u00f6nyv 4. R\u00e9sz T\u00e9r\u00edt\u00e9si \u00e9s Juttat\u00e1si Szab\u00e1lyzat \u00e9s a Hallgat\u00f3i kit\u00fcntet\u00e9sekr\u0151l sz\u00f3l\u00f3 szab\u00e1lyzat m\u00f3dos\u00edt\u00e1s\u00e1r\u00f3l &#8211; Hallgat\u00f3i \u00d6nkorm\u00e1nyzat egyet\u00e9rt\u00e9se<\/a><\/p>\n<p style=\"text-align: justify\"><a href=\"https:\/\/semmelweis.hu\/jogigfoig\/files\/2025\/03\/11_2025_melleklet_TJSZ-modositas.pdf\">A Semmelweis Egyetem Szen\u00e1tus\u00e1nak 11\/2025. (III.7.) sz\u00e1m\u00fa hat\u00e1rozata a Szervezeti \u00e9s M\u0171k\u00f6d\u00e9si Szab\u00e1lyzat III. K\u00f6nyv 4. R\u00e9sz T\u00e9r\u00edt\u00e9si \u00e9s Juttat\u00e1si Szab\u00e1lyzat \u00e9s a Hallgat\u00f3i kit\u00fcntet\u00e9sekr\u0151l sz\u00f3l\u00f3 szab\u00e1lyzat m\u00f3dos\u00edt\u00e1s\u00e1r\u00f3l &#8211; 1. sz\u00e1m\u00fa mell\u00e9klet<\/a><\/p>\n<p style=\"text-align: justify\"><a href=\"https:\/\/semmelweis.hu\/jogigfoig\/files\/2025\/03\/12_2025_MAB-szemelyi-osszetetel-modositas.pdf\">A Semmelweis Egyetem\u00a0Szen\u00e1tus\u00e1nak\u00a012\/2025. (III.7.) sz\u00e1m\u00fa hat\u00e1rozata\u00a0a Semmelweis Egyetem Munkahelyi \u00e9s \u00c1llatj\u00f3l\u00e9ti Bizotts\u00e1g\u00a0szem\u00e9lyi \u00f6sszet\u00e9tel\u00e9nek m\u00f3dos\u00edt\u00e1s\u00e1r\u00f3l<\/a><\/p>\n<p style=\"text-align: justify\"><a href=\"https:\/\/semmelweis.hu\/jogigfoig\/files\/2025\/03\/13_2025_az-Onkologiai-Tanszek-Sugarterapia-Tanszek-jogutoddal-torteno-megszunteteserol-es-a-Klinikai-Onkologiai-Tanszek-letrehozasarol.pdf\">A Semmelweis Egyetem\u00a0Szen\u00e1tus\u00e1nak\u00a013\/2025. (III.7.) sz\u00e1m\u00fa hat\u00e1rozata\u00a0az Onkol\u00f3giai Tansz\u00e9k Sug\u00e1rter\u00e1pia Tansz\u00e9k jogut\u00f3ddal t\u00f6rt\u00e9n\u0151 megsz\u00fcntet\u00e9s\u00e9r\u0151l \u00e9s a Klinikai Onkol\u00f3giai Tansz\u00e9k l\u00e9trehoz\u00e1s\u00e1r\u00f3l\u00a0az \u00c1ltal\u00e1nos Orvostudom\u00e1nyi Karhoz rendelten<\/a><\/p>\n<p style=\"text-align: justify\"><a href=\"https:\/\/semmelweis.hu\/jogigfoig\/files\/2025\/03\/14_2025_diplomaatlagba-beszamithato-targyak-korenek-bovitese_AOK.pdf\">A Semmelweis Egyetem\u00a0Szen\u00e1tus\u00e1nak\u00a014\/2025. (III.7.) sz\u00e1m\u00fa hat\u00e1rozata\u00a0a diploma\u00e1tlagba besz\u00e1m\u00edthat\u00f3 t\u00e1rgyak k\u00f6r\u00e9nek b\u0151v\u00edt\u00e9s\u00e9r\u0151l az\u00a0\u00c1ltal\u00e1nos Orvostudom\u00e1nyi Karon<\/a><\/p>\n<p style=\"text-align: justify\"><a href=\"https:\/\/semmelweis.hu\/jogigfoig\/files\/2025\/03\/15_2025_egyetemi-hataskoru-bizottsagok-beszamoloi.pdf\">A Semmelweis Egyetem\u00a0Szen\u00e1tus\u00e1nak\u00a015\/2025. (III.7.) sz\u00e1m\u00fa hat\u00e1rozata\u00a0a Szen\u00e1tus \u00e1ltal l\u00e9trehozott, az egyetem eg\u00e9sz\u00e9re kiterjed\u0151 hat\u00e1sk\u00f6rrel rendelkez\u0151 \u00e1lland\u00f3 bizotts\u00e1gok munk\u00e1j\u00e1r\u00f3l sz\u00f3l\u00f3 besz\u00e1mol\u00f3 elfogad\u00e1s\u00e1r\u00f3l<\/a><\/p>\n<p style=\"text-align: justify\"><a href=\"https:\/\/semmelweis.hu\/jogigfoig\/files\/2025\/03\/16_2025_Pro-Univ.pdf\">A Semmelweis Egyetem\u00a0Szen\u00e1tus\u00e1nak\u00a016\/2025. (III.7.) sz\u00e1m\u00fa hat\u00e1rozata\u00a0Pro Universitate d\u00edj adom\u00e1nyoz\u00e1s\u00e1r\u00f3l<\/a><\/p>\n<p style=\"text-align: justify\"><a href=\"https:\/\/semmelweis.hu\/jogigfoig\/files\/2025\/03\/17_2025_aktualis-vezetoi-oktatoi-kutatoi-palyazatok.pdf\">A Semmelweis Egyetem\u00a0Szen\u00e1tus\u00e1nak\u00a017\/2025. (III.7.) sz\u00e1m\u00fa hat\u00e1rozata\u00a0az aktu\u00e1lis vezet\u0151i, valamint oktat\u00f3i-kutat\u00f3i p\u00e1ly\u00e1zatok v\u00e9lem\u00e9nyez\u00e9s\u00e9r\u0151l<\/a><\/p>\n<p style=\"text-align: justify\"><a href=\"https:\/\/semmelweis.hu\/jogigfoig\/files\/2025\/03\/18_2025_HKR-TVSZ-modositas.pdf\">A Semmelweis Egyetem Szen\u00e1tus\u00e1nak 18\/2025. (III.7.) sz\u00e1m\u00fa hat\u00e1rozata a Szervezeti \u00e9s M\u0171k\u00f6d\u00e9si Szab\u00e1lyzat III. K\u00f6nyv Hallgat\u00f3i k\u00f6vetelm\u00e9nyrendszer III.2. R\u00e9sz Tanulm\u00e1nyi \u00e9s Vizsgaszab\u00e1lyzat egyes rendelkez\u00e9seinek m\u00f3dos\u00edt\u00e1s\u00e1r\u00f3l &#8211; <strong>Hat\u00e1lyon k\u00edv\u00fcl helyezte &#8211; 26\/2025. (III.27.) sz. hat\u00e1rozat <\/strong><\/a><\/p>\n<p style=\"text-align: justify\"><a href=\"https:\/\/semmelweis.hu\/jogigfoig\/files\/2025\/03\/18_2025_melleklet_HOK-egyetertes.pdf\">A Semmelweis Egyetem Szen\u00e1tus\u00e1nak 18\/2025. (III.7.) sz\u00e1m\u00fa hat\u00e1rozata a Szervezeti \u00e9s M\u0171k\u00f6d\u00e9si Szab\u00e1lyzat III. K\u00f6nyv Hallgat\u00f3i k\u00f6vetelm\u00e9nyrendszer III.2. R\u00e9sz Tanulm\u00e1nyi \u00e9s Vizsgaszab\u00e1lyzat egyes rendelkez\u00e9seinek m\u00f3dos\u00edt\u00e1s\u00e1r\u00f3l &#8211; Hallgat\u00f3i \u00d6nkorm\u00e1nyzat egyet\u00e9rt\u00e9se &#8211; <strong>Hat\u00e1lyon k\u00edv\u00fcl helyezte &#8211; 26\/2025. (III.27.) sz. hat\u00e1rozat<\/strong><\/a><\/p>\n<p style=\"text-align: justify\"><a href=\"https:\/\/semmelweis.hu\/jogigfoig\/files\/2025\/03\/18_2025_melleklet_HKR-TVSZ-modositas__.pdf\">A Semmelweis Egyetem Szen\u00e1tus\u00e1nak 18\/2025. (III.7.) sz\u00e1m\u00fa hat\u00e1rozata a Szervezeti \u00e9s M\u0171k\u00f6d\u00e9si Szab\u00e1lyzat III. K\u00f6nyv Hallgat\u00f3i k\u00f6vetelm\u00e9nyrendszer III.2. R\u00e9sz Tanulm\u00e1nyi \u00e9s Vizsgaszab\u00e1lyzat egyes rendelkez\u00e9seinek m\u00f3dos\u00edt\u00e1s\u00e1r\u00f3l &#8211; 1. sz\u00e1m\u00fa mell\u00e9klet &#8211; <strong>Hat\u00e1lyon k\u00edv\u00fcl helyezte &#8211; 26\/2025. (III.27.) sz. hat\u00e1rozat<\/strong><\/a><\/p>\n","protected":false},"excerpt":{"rendered":"<p><a href=\"https:\/\/semmelweis.hu\/jogigfoig\/files\/2025\/03\/10_2025_2025-tavaszi-munkaterv.pdf\">A Semmelweis Egyetem\u00a0Szen\u00e1tus\u00e1nak\u00a010\/2025. (III.7.) sz\u00e1m\u00fa hat\u00e1rozata\u00a0a Szen\u00e1tus 2025. \u00e9vi tavaszi munkaterv\u00e9r\u0151l<\/a><br \/>\n<a href=\"https:\/\/semmelweis.hu\/jogigfoig\/files\/2025\/03\/10_2025_melleklet_Munkaterv-2025-tavaszi-felev.pdf\">A Semmelweis Egyetem\u00a0Szen\u00e1tus\u00e1nak\u00a010\/2025. (III.7.) sz\u00e1m\u00fa hat\u00e1rozata\u00a0a Szen\u00e1tus 2025. \u00e9vi tavaszi munkaterv\u00e9r\u0151l &#8211; 1. sz\u00e1m\u00fa mell\u00e9klet<\/a><br \/>\n<a href=\"https:\/\/semmelweis.hu\/jogigfoig\/files\/2025\/03\/11_2025_TJSZ-es-a-Hallgatoi-kituntetesekrol-szolo-szabalyzat-modositasa.pdf\">A Semmelweis Egyetem\u00a0Szen\u00e1tus\u00e1nak\u00a011\/2025. (III.7.) sz\u00e1m\u00fa hat\u00e1rozata\u00a0a Szervezeti \u00e9s M\u0171k\u00f6d\u00e9si Szab\u00e1lyzat III. K\u00f6nyv 4. R\u00e9sz T\u00e9r\u00edt\u00e9si \u00e9s Juttat\u00e1si Szab\u00e1lyzat \u00e9s a Hallgat\u00f3i kit\u00fcntet\u00e9sekr\u0151l sz\u00f3l\u00f3 szab\u00e1lyzat m\u00f3dos\u00edt\u00e1s\u00e1r\u00f3l<\/a><br \/>\n<a href=\"https:\/\/semmelweis.hu\/jogigfoig\/files\/2025\/03\/11_2025_melleklet_HOK-egyetertes.pdf\">A Semmelweis Egyetem Szen\u00e1tus\u00e1nak 11\/2025. (III.7.) sz\u00e1m\u00fa hat\u00e1rozata a Szervezeti \u00e9s M\u0171k\u00f6d\u00e9si Szab\u00e1lyzat III. K\u00f6nyv 4. R\u00e9sz T\u00e9r\u00edt\u00e9si \u00e9s Juttat\u00e1si Szab\u00e1lyzat \u00e9s a Hallgat\u00f3i kit\u00fcntet\u00e9sekr\u0151l sz\u00f3l\u00f3 szab\u00e1lyzat m\u00f3dos\u00edt\u00e1s\u00e1r\u00f3l &#8211; Hallgat\u00f3i \u00d6nkorm\u00e1nyzat egyet\u00e9rt\u00e9se<\/a><br \/>\n<a href=\"https:\/\/semmelweis.hu\/jogigfoig\/files\/2025\/03\/11_2025_melleklet_TJSZ-modositas.pdf\">A Semmelweis Egyetem Szen\u00e1tus\u00e1nak 11\/2025. (III.7.) sz\u00e1m\u00fa hat\u00e1rozata a Szervezeti \u00e9s M\u0171k\u00f6d\u00e9si Szab\u00e1lyzat III. K\u00f6nyv 4. R\u00e9sz T\u00e9r\u00edt\u00e9si \u00e9s Juttat\u00e1si Szab\u00e1lyzat \u00e9s a Hallgat\u00f3i kit\u00fcntet\u00e9sekr\u0151l sz\u00f3l\u00f3 szab\u00e1lyzat m\u00f3dos\u00edt\u00e1s\u00e1r\u00f3l &#8211; 1. sz\u00e1m\u00fa mell\u00e9klet<\/a><br \/>\n<a href=\"https:\/\/semmelweis.hu\/jogigfoig\/files\/2025\/03\/12_2025_MAB-szemelyi-osszetetel-modositas.pdf\">A Semmelweis Egyetem\u00a0Szen\u00e1tus\u00e1nak\u00a012\/2025. (III.7.) sz\u00e1m\u00fa hat\u00e1rozata\u00a0a Semmelweis Egyetem Munkahelyi \u00e9s \u00c1llatj\u00f3l\u00e9ti Bizotts\u00e1g\u00a0szem\u00e9lyi \u00f6sszet\u00e9tel\u00e9nek m\u00f3dos\u00edt\u00e1s\u00e1r\u00f3l<\/a><br \/>\n<a href=\"https:\/\/semmelweis.hu\/jogigfoig\/files\/2025\/03\/13_2025_az-Onkologiai-Tanszek-Sugarterapia-Tanszek-jogutoddal-torteno-megszunteteserol-es-a-Klinikai-Onkologiai-Tanszek-letrehozasarol.pdf\">A Semmelweis Egyetem\u00a0Szen\u00e1tus\u00e1nak\u00a013\/2025. (III.7.) sz\u00e1m\u00fa hat\u00e1rozata\u00a0az Onkol\u00f3giai Tansz\u00e9k Sug\u00e1rter\u00e1pia Tansz\u00e9k jogut\u00f3ddal t\u00f6rt\u00e9n\u0151 megsz\u00fcntet\u00e9s\u00e9r\u0151l \u00e9s a Klinikai Onkol\u00f3giai Tansz\u00e9k l\u00e9trehoz\u00e1s\u00e1r\u00f3l\u00a0az \u00c1ltal\u00e1nos Orvostudom\u00e1nyi Karhoz rendelten<\/a><br \/>\n<a href=\"https:\/\/semmelweis.hu\/jogigfoig\/files\/2025\/03\/14_2025_diplomaatlagba-beszamithato-targyak-korenek-bovitese_AOK.pdf\">A Semmelweis Egyetem\u00a0Szen\u00e1tus\u00e1nak\u00a014\/2025. (III.7.) sz\u00e1m\u00fa hat\u00e1rozata\u00a0a diploma\u00e1tlagba besz\u00e1m\u00edthat\u00f3 t\u00e1rgyak k\u00f6r\u00e9nek b\u0151v\u00edt\u00e9s\u00e9r\u0151l az\u00a0\u00c1ltal\u00e1nos Orvostudom\u00e1nyi Karon<\/a><br \/>\n<a href=\"https:\/\/semmelweis.hu\/jogigfoig\/files\/2025\/03\/15_2025_egyetemi-hataskoru-bizottsagok-beszamoloi.pdf\">A Semmelweis Egyetem\u00a0Szen\u00e1tus\u00e1nak\u00a015\/2025. (III.7.) sz\u00e1m\u00fa hat\u00e1rozata\u00a0a Szen\u00e1tus \u00e1ltal l\u00e9trehozott, az egyetem eg\u00e9sz\u00e9re kiterjed\u0151 hat\u00e1sk\u00f6rrel rendelkez\u0151 \u00e1lland\u00f3 bizotts\u00e1gok munk\u00e1j\u00e1r\u00f3l sz\u00f3l\u00f3 besz\u00e1mol\u00f3 elfogad\u00e1s\u00e1r\u00f3l<\/a><br \/>\n<a href=\"https:\/\/semmelweis.hu\/jogigfoig\/files\/2025\/03\/16_2025_Pro-Univ.pdf\">A Semmelweis Egyetem\u00a0Szen\u00e1tus\u00e1nak\u00a016\/2025. (III.7.) sz\u00e1m\u00fa hat\u00e1rozata\u00a0Pro Universitate d\u00edj adom\u00e1nyoz\u00e1s\u00e1r\u00f3l<\/a><br \/>\n<a href=\"https:\/\/semmelweis.hu\/jogigfoig\/files\/2025\/03\/17_2025_aktualis-vezetoi-oktatoi-kutatoi-palyazatok.pdf\">A Semmelweis Egyetem\u00a0Szen\u00e1tus\u00e1nak\u00a017\/2025. (III.7.) sz\u00e1m\u00fa hat\u00e1rozata\u00a0az aktu\u00e1lis vezet\u0151i, valamint oktat\u00f3i-kutat\u00f3i p\u00e1ly\u00e1zatok v\u00e9lem\u00e9nyez\u00e9s\u00e9r\u0151l<\/a><br \/>\n<a href=\"https:\/\/semmelweis.hu\/jogigfoig\/files\/2025\/03\/18_2025_HKR-TVSZ-modositas.pdf\">A Semmelweis Egyetem Szen\u00e1tus\u00e1nak 18\/2025. (III.7.) sz\u00e1m\u00fa hat\u00e1rozata a Szervezeti \u00e9s M\u0171k\u00f6d\u00e9si Szab\u00e1lyzat III. K\u00f6nyv Hallgat\u00f3i k\u00f6vetelm\u00e9nyrendszer III.2. R\u00e9sz Tanulm\u00e1nyi \u00e9s Vizsgaszab\u00e1lyzat egyes rendelkez\u00e9seinek m\u00f3dos\u00edt\u00e1s\u00e1r\u00f3l &#8211; Hat\u00e1lyon k\u00edv\u00fcl helyezte &#8211; 26\/2025. (III.27.) sz. hat\u00e1rozat <\/a><br \/>\n<a href=\"https:\/\/semmelweis.hu\/jogigfoig\/files\/2025\/03\/18_2025_melleklet_HOK-egyetertes.pdf\">A Semmelweis Egyetem Szen\u00e1tus\u00e1nak 18\/2025. (III.7.) sz\u00e1m\u00fa hat\u00e1rozata a Szervezeti \u00e9s M\u0171k\u00f6d\u00e9si Szab\u00e1lyzat III. K\u00f6nyv Hallgat\u00f3i k\u00f6vetelm\u00e9nyrendszer III.2. R\u00e9sz Tanulm\u00e1nyi \u00e9s Vizsgaszab\u00e1lyzat egyes rendelkez\u00e9seinek m\u00f3dos\u00edt\u00e1s\u00e1r\u00f3l &#8211; Hallgat\u00f3i \u00d6nkorm\u00e1nyzat egyet\u00e9rt\u00e9se &#8211; Hat\u00e1lyon k\u00edv\u00fcl helyezte &#8211; 26\/2025. (III.27.) sz. hat\u00e1rozat<\/a><br \/>\n<a href=\"https:\/\/semmelweis.hu\/jogigfoig\/files\/2025\/03\/18_2025_melleklet_HKR-TVSZ-modositas__.pdf\">A Semmelweis Egyetem Szen\u00e1tus\u00e1nak 18\/2025. (III.7.) sz\u00e1m\u00fa hat\u00e1rozata a Szervezeti \u00e9s M\u0171k\u00f6d\u00e9si Szab\u00e1lyzat III. K\u00f6nyv Hallgat\u00f3i k\u00f6vetelm\u00e9nyrendszer III.2. R\u00e9sz Tanulm\u00e1nyi \u00e9s Vizsgaszab\u00e1lyzat egyes rendelkez\u00e9seinek m\u00f3dos\u00edt\u00e1s\u00e1r\u00f3l &#8211; 1. sz\u00e1m\u00fa mell\u00e9klet &#8211; Hat\u00e1lyon k\u00edv\u00fcl helyezte &#8211; 26\/2025. (III.27.) sz. hat\u00e1rozat<\/a><\/p>\n","protected":false},"author":101467,"featured_media":0,"parent":96382,"menu_order":83,"comment_status":"closed","ping_status":"closed","template":"","meta":{"_acf_changed":false,"footnotes":""},"categories":[],"tags":[],"class_list":["post-97311","page","type-page","status-publish","hentry"],"acf":[],"_links":{"self":[{"href":"https:\/\/semmelweis.hu\/jogigfoig\/wp-json\/wp\/v2\/pages\/97311","targetHints":{"allow":["GET"]}}],"collection":[{"href":"https:\/\/semmelweis.hu\/jogigfoig\/wp-json\/wp\/v2\/pages"}],"about":[{"href":"https:\/\/semmelweis.hu\/jogigfoig\/wp-json\/wp\/v2\/types\/page"}],"author":[{"embeddable":true,"href":"https:\/\/semmelweis.hu\/jogigfoig\/wp-json\/wp\/v2\/users\/101467"}],"replies":[{"embeddable":true,"href":"https:\/\/semmelweis.hu\/jogigfoig\/wp-json\/wp\/v2\/comments?post=97311"}],"version-history":[{"count":7,"href":"https:\/\/semmelweis.hu\/jogigfoig\/wp-json\/wp\/v2\/pages\/97311\/revisions"}],"predecessor-version":[{"id":97850,"href":"https:\/\/semmelweis.hu\/jogigfoig\/wp-json\/wp\/v2\/pages\/97311\/revisions\/97850"}],"up":[{"embeddable":true,"href":"https:\/\/semmelweis.hu\/jogigfoig\/wp-json\/wp\/v2\/pages\/96382"}],"wp:attachment":[{"href":"https:\/\/semmelweis.hu\/jogigfoig\/wp-json\/wp\/v2\/media?parent=97311"}],"wp:term":[{"taxonomy":"category","embeddable":true,"href":"https:\/\/semmelweis.hu\/jogigfoig\/wp-json\/wp\/v2\/categories?post=97311"},{"taxonomy":"post_tag","embeddable":true,"href":"https:\/\/semmelweis.hu\/jogigfoig\/wp-json\/wp\/v2\/tags?post=97311"}],"curies":[{"name":"wp","href":"https:\/\/api.w.org\/{rel}","templated":true}]}}