{"id":97147,"date":"2025-03-05T13:00:52","date_gmt":"2025-03-05T12:00:52","guid":{"rendered":"https:\/\/semmelweis.hu\/jogigfoig\/?page_id=97147"},"modified":"2025-11-25T16:20:30","modified_gmt":"2025-11-25T15:20:30","slug":"2025-februar-28","status":"publish","type":"page","link":"https:\/\/semmelweis.hu\/jogigfoig\/testuletek\/szenatus\/2025-evi-szenatusi-hatarozatok\/2025-februar-28\/","title":{"rendered":"2025. febru\u00e1r 28."},"content":{"rendered":"<p style=\"text-align: justify\"><a href=\"https:\/\/semmelweis.hu\/jogigfoig\/files\/2025\/03\/7_2025_OMINT-integracio.pdf\">A Semmelweis Egyetem\u00a0Szen\u00e1tus\u00e1nak\u00a07\/2025. (II.28.) sz\u00e1m\u00fa hat\u00e1rozata\u00a0az Orsz\u00e1gos Mozg\u00e1sszervi Int\u00e9zet t\u00f6rv\u00e9nyben meghat\u00e1rozott feladatainak \u00e9s telephelyeinek jogut\u00f3dl\u00e1s\u00e1r\u00f3l sz\u00f3l\u00f3 rendelkez\u00e9sek alapj\u00e1n l\u00e9trehozand\u00f3 klinik\u00e1r\u00f3l \u00e9s a kapcsol\u00f3d\u00f3 m\u00f3dos\u00edt\u00e1sokr\u00f3l<\/a><\/p>\n<p style=\"text-align: justify\"><a href=\"https:\/\/semmelweis.hu\/jogigfoig\/files\/2025\/03\/7_2025_1-sz-melleklet.pdf\">A Semmelweis Egyetem Szen\u00e1tus\u00e1nak 7\/2025. (II.28.) sz\u00e1m\u00fa hat\u00e1rozata az Orsz\u00e1gos Mozg\u00e1sszervi Int\u00e9zet t\u00f6rv\u00e9nyben meghat\u00e1rozott feladatainak \u00e9s telephelyeinek jogut\u00f3dl\u00e1s\u00e1r\u00f3l sz\u00f3l\u00f3 rendelkez\u00e9sek alapj\u00e1n l\u00e9trehozand\u00f3 klinik\u00e1r\u00f3l \u00e9s a kapcsol\u00f3d\u00f3 m\u00f3dos\u00edt\u00e1sokr\u00f3l &#8211; 1. sz\u00e1m\u00fa mell\u00e9klet<\/a><\/p>\n<p style=\"text-align: justify\"><a href=\"https:\/\/semmelweis.hu\/jogigfoig\/files\/2025\/03\/7_2025_2-sz-melleklet.pdf\">A Semmelweis Egyetem\u00a0Szen\u00e1tus\u00e1nak\u00a07\/2025. (II.28.) sz\u00e1m\u00fa hat\u00e1rozata\u00a0az Orsz\u00e1gos Mozg\u00e1sszervi Int\u00e9zet t\u00f6rv\u00e9nyben meghat\u00e1rozott feladatainak \u00e9s telephelyeinek jogut\u00f3dl\u00e1s\u00e1r\u00f3l sz\u00f3l\u00f3 rendelkez\u00e9sek alapj\u00e1n l\u00e9trehozand\u00f3 klinik\u00e1r\u00f3l \u00e9s a kapcsol\u00f3d\u00f3 m\u00f3dos\u00edt\u00e1sokr\u00f3l &#8211; 2. sz\u00e1m\u00fa mell\u00e9klet<\/a><\/p>\n<p style=\"text-align: justify\"><a href=\"https:\/\/semmelweis.hu\/jogigfoig\/files\/2025\/03\/8_2025_kv-modositas_OMINT-integracio.pdf\">A Semmelweis Egyetem\u00a0Szen\u00e1tus\u00e1nak\u00a08\/2025. (II.28.) sz\u00e1m\u00fa hat\u00e1rozata\u00a0az Orsz\u00e1gos Mozg\u00e1sszervi Int\u00e9zet t\u00f6rv\u00e9nyben meghat\u00e1rozott feladatainak \u00e9s telephelyeinek jogut\u00f3dl\u00e1s\u00e1r\u00f3l sz\u00f3l\u00f3 rendelkez\u00e9sek alapj\u00e1n\u00a0a 2025. \u00e9vi Int\u00e9zm\u00e9nyi K\u00f6lts\u00e9gvet\u00e9s \u2013 2025. \u00e9vi Eredm\u00e9nyterv \u00e9s Beruh\u00e1z\u00e1si terv m\u00f3dos\u00edt\u00e1s\u00e1r\u00f3l<\/a><\/p>\n<p style=\"text-align: justify\"><a href=\"https:\/\/semmelweis.hu\/jogigfoig\/files\/2025\/11\/9_2025_SzMSz-es-hatarozatok-modositasa.pdf\" target=\"_blank\" rel=\"noopener\">A Semmelweis Egyetem\u00a0Szen\u00e1tus\u00e1nak\u00a09\/2025. (II.28.) sz\u00e1m\u00fa hat\u00e1rozata\u00a0a Szervezeti \u00e9s M\u0171k\u00f6d\u00e9si Szab\u00e1lyzat, valamint szen\u00e1tusi hat\u00e1rozatok m\u00f3dos\u00edt\u00e1s\u00e1r\u00f3l<\/a><\/p>\n<p style=\"text-align: justify\"><a href=\"https:\/\/semmelweis.hu\/jogigfoig\/files\/2025\/03\/9_2025_1-sz-melleklet.pdf\">A Semmelweis Egyetem\u00a0Szen\u00e1tus\u00e1nak\u00a09\/2025. (II.28.) sz\u00e1m\u00fa hat\u00e1rozata\u00a0a Szervezeti \u00e9s M\u0171k\u00f6d\u00e9si Szab\u00e1lyzat, valamint szen\u00e1tusi hat\u00e1rozatok m\u00f3dos\u00edt\u00e1s\u00e1r\u00f3l &#8211; 1. sz\u00e1m\u00fa mell\u00e9klet<\/a><\/p>\n","protected":false},"excerpt":{"rendered":"<p><a href=\"https:\/\/semmelweis.hu\/jogigfoig\/files\/2025\/03\/7_2025_OMINT-integracio.pdf\">A Semmelweis Egyetem\u00a0Szen\u00e1tus\u00e1nak\u00a07\/2025. (II.28.) sz\u00e1m\u00fa hat\u00e1rozata\u00a0az Orsz\u00e1gos Mozg\u00e1sszervi Int\u00e9zet t\u00f6rv\u00e9nyben meghat\u00e1rozott feladatainak \u00e9s telephelyeinek jogut\u00f3dl\u00e1s\u00e1r\u00f3l sz\u00f3l\u00f3 rendelkez\u00e9sek alapj\u00e1n l\u00e9trehozand\u00f3 klinik\u00e1r\u00f3l \u00e9s a kapcsol\u00f3d\u00f3 m\u00f3dos\u00edt\u00e1sokr\u00f3l<\/a><br \/>\n<a href=\"https:\/\/semmelweis.hu\/jogigfoig\/files\/2025\/03\/7_2025_1-sz-melleklet.pdf\">A Semmelweis Egyetem Szen\u00e1tus\u00e1nak 7\/2025. (II.28.) sz\u00e1m\u00fa hat\u00e1rozata az Orsz\u00e1gos Mozg\u00e1sszervi Int\u00e9zet t\u00f6rv\u00e9nyben meghat\u00e1rozott feladatainak \u00e9s telephelyeinek jogut\u00f3dl\u00e1s\u00e1r\u00f3l sz\u00f3l\u00f3 rendelkez\u00e9sek alapj\u00e1n l\u00e9trehozand\u00f3 klinik\u00e1r\u00f3l \u00e9s a kapcsol\u00f3d\u00f3 m\u00f3dos\u00edt\u00e1sokr\u00f3l &#8211; 1. sz\u00e1m\u00fa mell\u00e9klet<\/a><br \/>\n<a href=\"https:\/\/semmelweis.hu\/jogigfoig\/files\/2025\/03\/7_2025_2-sz-melleklet.pdf\">A Semmelweis Egyetem\u00a0Szen\u00e1tus\u00e1nak\u00a07\/2025. (II.28.) sz\u00e1m\u00fa hat\u00e1rozata\u00a0az Orsz\u00e1gos Mozg\u00e1sszervi Int\u00e9zet t\u00f6rv\u00e9nyben meghat\u00e1rozott feladatainak \u00e9s telephelyeinek jogut\u00f3dl\u00e1s\u00e1r\u00f3l sz\u00f3l\u00f3 rendelkez\u00e9sek alapj\u00e1n l\u00e9trehozand\u00f3 klinik\u00e1r\u00f3l \u00e9s a kapcsol\u00f3d\u00f3 m\u00f3dos\u00edt\u00e1sokr\u00f3l &#8211; 2. sz\u00e1m\u00fa mell\u00e9klet<\/a><br \/>\n<a href=\"https:\/\/semmelweis.hu\/jogigfoig\/files\/2025\/03\/8_2025_kv-modositas_OMINT-integracio.pdf\">A Semmelweis Egyetem\u00a0Szen\u00e1tus\u00e1nak\u00a08\/2025. (II.28.) sz\u00e1m\u00fa hat\u00e1rozata\u00a0az Orsz\u00e1gos Mozg\u00e1sszervi Int\u00e9zet t\u00f6rv\u00e9nyben meghat\u00e1rozott feladatainak \u00e9s telephelyeinek jogut\u00f3dl\u00e1s\u00e1r\u00f3l sz\u00f3l\u00f3 rendelkez\u00e9sek alapj\u00e1n\u00a0a 2025. \u00e9vi Int\u00e9zm\u00e9nyi K\u00f6lts\u00e9gvet\u00e9s \u2013 2025. \u00e9vi Eredm\u00e9nyterv \u00e9s Beruh\u00e1z\u00e1si terv m\u00f3dos\u00edt\u00e1s\u00e1r\u00f3l<\/a><br \/>\n<a href=\"https:\/\/semmelweis.hu\/jogigfoig\/files\/2025\/11\/9_2025_SzMSz-es-hatarozatok-modositasa.pdf\" target=\"_blank\" rel=\"noopener\">A Semmelweis Egyetem\u00a0Szen\u00e1tus\u00e1nak\u00a09\/2025. (II.28.) sz\u00e1m\u00fa hat\u00e1rozata\u00a0a Szervezeti \u00e9s M\u0171k\u00f6d\u00e9si Szab\u00e1lyzat, valamint szen\u00e1tusi hat\u00e1rozatok m\u00f3dos\u00edt\u00e1s\u00e1r\u00f3l<\/a><br \/>\n<a href=\"https:\/\/semmelweis.hu\/jogigfoig\/files\/2025\/03\/9_2025_1-sz-melleklet.pdf\">A Semmelweis Egyetem\u00a0Szen\u00e1tus\u00e1nak\u00a09\/2025. (II.28.) sz\u00e1m\u00fa hat\u00e1rozata\u00a0a Szervezeti \u00e9s M\u0171k\u00f6d\u00e9si Szab\u00e1lyzat, valamint szen\u00e1tusi hat\u00e1rozatok m\u00f3dos\u00edt\u00e1s\u00e1r\u00f3l &#8211; 1. sz\u00e1m\u00fa mell\u00e9klet<\/a><\/p>\n","protected":false},"author":101467,"featured_media":0,"parent":96382,"menu_order":84,"comment_status":"closed","ping_status":"closed","template":"","meta":{"_acf_changed":false,"footnotes":""},"categories":[],"tags":[],"class_list":["post-97147","page","type-page","status-publish","hentry"],"acf":[],"_links":{"self":[{"href":"https:\/\/semmelweis.hu\/jogigfoig\/wp-json\/wp\/v2\/pages\/97147","targetHints":{"allow":["GET"]}}],"collection":[{"href":"https:\/\/semmelweis.hu\/jogigfoig\/wp-json\/wp\/v2\/pages"}],"about":[{"href":"https:\/\/semmelweis.hu\/jogigfoig\/wp-json\/wp\/v2\/types\/page"}],"author":[{"embeddable":true,"href":"https:\/\/semmelweis.hu\/jogigfoig\/wp-json\/wp\/v2\/users\/101467"}],"replies":[{"embeddable":true,"href":"https:\/\/semmelweis.hu\/jogigfoig\/wp-json\/wp\/v2\/comments?post=97147"}],"version-history":[{"count":5,"href":"https:\/\/semmelweis.hu\/jogigfoig\/wp-json\/wp\/v2\/pages\/97147\/revisions"}],"predecessor-version":[{"id":102960,"href":"https:\/\/semmelweis.hu\/jogigfoig\/wp-json\/wp\/v2\/pages\/97147\/revisions\/102960"}],"up":[{"embeddable":true,"href":"https:\/\/semmelweis.hu\/jogigfoig\/wp-json\/wp\/v2\/pages\/96382"}],"wp:attachment":[{"href":"https:\/\/semmelweis.hu\/jogigfoig\/wp-json\/wp\/v2\/media?parent=97147"}],"wp:term":[{"taxonomy":"category","embeddable":true,"href":"https:\/\/semmelweis.hu\/jogigfoig\/wp-json\/wp\/v2\/categories?post=97147"},{"taxonomy":"post_tag","embeddable":true,"href":"https:\/\/semmelweis.hu\/jogigfoig\/wp-json\/wp\/v2\/tags?post=97147"}],"curies":[{"name":"wp","href":"https:\/\/api.w.org\/{rel}","templated":true}]}}