{"id":9693,"date":"2017-11-20T11:56:15","date_gmt":"2017-11-20T10:56:15","guid":{"rendered":"http:\/\/semmelweis.hu\/jogigfoig\/?page_id=9693"},"modified":"2020-02-11T11:04:55","modified_gmt":"2020-02-11T10:04:55","slug":"2017-november-16","status":"publish","type":"page","link":"https:\/\/semmelweis.hu\/jogigfoig\/testuletek\/szenatus\/2017-evi-szenatusi-hatarozatok\/2017-november-16\/","title":{"rendered":"2017. november 16."},"content":{"rendered":"<ul>\n<li style=\"text-align: justify\"><a href=\"https:\/\/semmelweis.hu\/jogigfoig\/files\/2017\/11\/134_sz_XI_16_2017_HOK_Alapszab_mod.pdf\">134\/2017. (XI.16.) sz\u00e1m\u00fa hat\u00e1rozata\u00a0a Hallgat\u00f3i \u00d6nkorm\u00e1nyzat Alapszab\u00e1lya m\u00f3dos\u00edt\u00e1s\u00e1r\u00f3l sz\u00f3l\u00f3 el\u0151terjeszt\u00e9s j\u00f3v\u00e1hagy\u00e1s\u00e1r\u00f3l<\/a><\/li>\n<li style=\"text-align: justify\"><a href=\"https:\/\/semmelweis.hu\/jogigfoig\/files\/2017\/11\/N_XI_16_2017_napirend_elfogadasarol.pdf\">N-XI. 16.\/2017. sz\u00e1m\u00fa hat\u00e1rozata a szen\u00e1tusi \u00fcl\u00e9s m\u00f3dos\u00edtott napirendi pontjainak elfogad\u00e1s\u00e1r\u00f3l<\/a><\/li>\n<\/ul>\n","protected":false},"excerpt":{"rendered":"<p><a href=\"https:\/\/semmelweis.hu\/jogigfoig\/files\/2017\/11\/134_sz_XI_16_2017_HOK_Alapszab_mod.pdf\">134\/2017. (XI.16.) sz\u00e1m\u00fa hat\u00e1rozata\u00a0a Hallgat\u00f3i \u00d6nkorm\u00e1nyzat Alapszab\u00e1lya m\u00f3dos\u00edt\u00e1s\u00e1r\u00f3l sz\u00f3l\u00f3 el\u0151terjeszt\u00e9s j\u00f3v\u00e1hagy\u00e1s\u00e1r\u00f3l<\/a><br \/>\n<a href=\"https:\/\/semmelweis.hu\/jogigfoig\/files\/2017\/11\/N_XI_16_2017_napirend_elfogadasarol.pdf\">N-XI. 16.\/2017. sz\u00e1m\u00fa hat\u00e1rozata a szen\u00e1tusi \u00fcl\u00e9s m\u00f3dos\u00edtott napirendi pontjainak elfogad\u00e1s\u00e1r\u00f3l<\/a><\/p>\n","protected":false},"author":101117,"featured_media":0,"parent":7832,"menu_order":15,"comment_status":"closed","ping_status":"closed","template":"","meta":{"_acf_changed":false,"footnotes":""},"categories":[],"tags":[],"class_list":["post-9693","page","type-page","status-publish","hentry"],"acf":[],"_links":{"self":[{"href":"https:\/\/semmelweis.hu\/jogigfoig\/wp-json\/wp\/v2\/pages\/9693","targetHints":{"allow":["GET"]}}],"collection":[{"href":"https:\/\/semmelweis.hu\/jogigfoig\/wp-json\/wp\/v2\/pages"}],"about":[{"href":"https:\/\/semmelweis.hu\/jogigfoig\/wp-json\/wp\/v2\/types\/page"}],"author":[{"embeddable":true,"href":"https:\/\/semmelweis.hu\/jogigfoig\/wp-json\/wp\/v2\/users\/101117"}],"replies":[{"embeddable":true,"href":"https:\/\/semmelweis.hu\/jogigfoig\/wp-json\/wp\/v2\/comments?post=9693"}],"version-history":[{"count":4,"href":"https:\/\/semmelweis.hu\/jogigfoig\/wp-json\/wp\/v2\/pages\/9693\/revisions"}],"predecessor-version":[{"id":9700,"href":"https:\/\/semmelweis.hu\/jogigfoig\/wp-json\/wp\/v2\/pages\/9693\/revisions\/9700"}],"up":[{"embeddable":true,"href":"https:\/\/semmelweis.hu\/jogigfoig\/wp-json\/wp\/v2\/pages\/7832"}],"wp:attachment":[{"href":"https:\/\/semmelweis.hu\/jogigfoig\/wp-json\/wp\/v2\/media?parent=9693"}],"wp:term":[{"taxonomy":"category","embeddable":true,"href":"https:\/\/semmelweis.hu\/jogigfoig\/wp-json\/wp\/v2\/categories?post=9693"},{"taxonomy":"post_tag","embeddable":true,"href":"https:\/\/semmelweis.hu\/jogigfoig\/wp-json\/wp\/v2\/tags?post=9693"}],"curies":[{"name":"wp","href":"https:\/\/api.w.org\/{rel}","templated":true}]}}