{"id":96458,"date":"2025-01-30T11:14:58","date_gmt":"2025-01-30T10:14:58","guid":{"rendered":"https:\/\/semmelweis.hu\/jogigfoig\/?page_id=96458"},"modified":"2025-01-30T12:19:37","modified_gmt":"2025-01-30T11:19:37","slug":"adatvedelmi-kozzeteteli-es-kozerdeku-adatigenyles-szabalyzat-formanyomtatvanyai","status":"publish","type":"page","link":"https:\/\/semmelweis.hu\/jogigfoig\/formanyomtatvanytar\/adatvedelmi-kozzeteteli-es-kozerdeku-adatigenyles-szabalyzat-formanyomtatvanyai\/","title":{"rendered":"Adatv\u00e9delmi, k\u00f6zz\u00e9t\u00e9teli \u00e9s k\u00f6z\u00e9rdek\u0171 adatig\u00e9nyl\u00e9s szab\u00e1lyzat &#8211; III. K\u00f6nyv \u2013 A k\u00f6z\u00e9rdek\u0171 adatig\u00e9nyl\u00e9sek teljes\u00edt\u00e9s\u00e9nek elj\u00e1r\u00e1srendj\u00e9r\u0151l formanyomtatv\u00e1nyai"},"content":{"rendered":"<table id=\"tablepress-46\" class=\"tablepress tablepress-id-46 dataTable\" style=\"width: 95.7136%;height: 762px\" aria-describedby=\"tablepress-46_info\">\n<tbody class=\"row-striping row-hover\">\n<tr class=\"row-1\" style=\"height: 27px\">\n<th class=\"column-1 dt-orderable-asc dt-orderable-desc\" style=\"width: 295px;height: 27px\" data-dt-column=\"0\" aria-label=\"Szab\u00e1lyzat neve: Activate to sort\"><span class=\"dt-column-title\" role=\"button\">Szab\u00e1lyzat neve<\/span><\/th>\n<th class=\"column-2 dt-orderable-asc dt-orderable-desc\" style=\"width: 591px;height: 27px\" data-dt-column=\"1\" aria-label=\"Dokumentum neve (hat\u00e1lyos sz\u00f6veg): Activate to sort\"><span class=\"dt-column-title\" role=\"button\">Dokumentum neve (hat\u00e1lyos sz\u00f6veg)<\/span><\/th>\n<\/tr>\n<tr class=\"row-4\" style=\"height: 71px\">\n<td class=\"column-1\" style=\"width: 295px;height: 71px\">Adatv\u00e9delmi, k\u00f6zz\u00e9t\u00e9teli \u00e9s k\u00f6z\u00e9rdek\u0171 adatig\u00e9nyl\u00e9s szab\u00e1lyzat &#8211; III. K\u00f6nyv \u2013 A k\u00f6z\u00e9rdek\u0171 adatig\u00e9nyl\u00e9sek teljes\u00edt\u00e9s\u00e9nek elj\u00e1r\u00e1srendj\u00e9r\u0151l<\/td>\n<td class=\"column-2\" style=\"width: 591px;height: 71px\">\n<p><a href=\"https:\/\/semmelweis.hu\/jogigfoig\/files\/2025\/01\/AKK_szab_III_konyv_1_melleklet_20250130.docx\">1. sz\u00e1m\u00fa mell\u00e9klet: Az adatig\u00e9nyl\u00e9sek nyilv\u00e1ntart\u00e1s\u00e1ra szolg\u00e1l\u00f3 nyilv\u00e1ntart\u00e1s-nyomtatv\u00e1ny &#8211; Kit\u00f6lthet\u0151 WORD<\/a><\/p>\n<\/td>\n<\/tr>\n<tr class=\"row-5\" style=\"height: 51px\">\n<td class=\"column-1\" style=\"width: 295px;height: 51px\">Adatv\u00e9delmi, k\u00f6zz\u00e9t\u00e9teli \u00e9s k\u00f6z\u00e9rdek\u0171 adatig\u00e9nyl\u00e9s szab\u00e1lyzat &#8211; III. K\u00f6nyv \u2013 A k\u00f6z\u00e9rdek\u0171 adatig\u00e9nyl\u00e9sek teljes\u00edt\u00e9s\u00e9nek elj\u00e1r\u00e1srendj\u00e9r\u0151l<\/td>\n<td class=\"column-2\" style=\"width: 591px;height: 51px\"><a href=\"https:\/\/semmelweis.hu\/jogigfoig\/files\/2025\/01\/AKK_szab_III_konyv_1_melleklet_20250130.pdf\">1. sz\u00e1m\u00fa mell\u00e9klet: Az adatig\u00e9nyl\u00e9sek nyilv\u00e1ntart\u00e1s\u00e1ra szolg\u00e1l\u00f3 nyilv\u00e1ntart\u00e1s-nyomtatv\u00e1ny &#8211; Let\u00f6lthet\u0151 PDF<\/a><\/td>\n<\/tr>\n<tr class=\"row-7\" style=\"height: 51px\">\n<td class=\"column-1\" style=\"width: 295px;height: 51px\">Adatv\u00e9delmi, k\u00f6zz\u00e9t\u00e9teli \u00e9s k\u00f6z\u00e9rdek\u0171 adatig\u00e9nyl\u00e9s szab\u00e1lyzat &#8211; III. K\u00f6nyv \u2013 A k\u00f6z\u00e9rdek\u0171 adatig\u00e9nyl\u00e9sek teljes\u00edt\u00e9s\u00e9nek elj\u00e1r\u00e1srendj\u00e9r\u0151l<\/td>\n<td class=\"column-2\" style=\"width: 591px;height: 51px\">\n<p><a href=\"https:\/\/semmelweis.hu\/jogigfoig\/files\/2025\/01\/AKK_szab_III_konyv_3_melleklet_20250130.docx\">3. sz\u00e1m\u00fa mell\u00e9klet: Pontos\u00edt\u00e1sra felh\u00edv\u00f3 v\u00e1laszlev\u00e9l <span style=\"font-family: inherit;font-size: inherit\">&#8211; Kit\u00f6lthet\u0151 WORD<\/span><\/a><\/p>\n<\/td>\n<\/tr>\n<tr class=\"row-8\" style=\"height: 51px\">\n<td class=\"column-1\" style=\"width: 295px;height: 51px\">Adatv\u00e9delmi, k\u00f6zz\u00e9t\u00e9teli \u00e9s k\u00f6z\u00e9rdek\u0171 adatig\u00e9nyl\u00e9s szab\u00e1lyzat &#8211; III. K\u00f6nyv \u2013 A k\u00f6z\u00e9rdek\u0171 adatig\u00e9nyl\u00e9sek teljes\u00edt\u00e9s\u00e9nek elj\u00e1r\u00e1srendj\u00e9r\u0151l<\/td>\n<td class=\"column-2\" style=\"width: 591px;height: 51px\"><a href=\"https:\/\/semmelweis.hu\/jogigfoig\/files\/2025\/01\/AKK_szab_III_konyv_3_melleklet_20250130.pdf\">3. sz\u00e1m\u00fa mell\u00e9klet: Pontos\u00edt\u00e1sra felh\u00edv\u00f3 v\u00e1laszlev\u00e9l &#8211; Let\u00f6lthet\u0151 PDF<\/a><\/td>\n<\/tr>\n<tr class=\"row-9\" style=\"height: 51px\">\n<td class=\"column-1\" style=\"width: 295px;height: 51px\">Adatv\u00e9delmi, k\u00f6zz\u00e9t\u00e9teli \u00e9s k\u00f6z\u00e9rdek\u0171 adatig\u00e9nyl\u00e9s szab\u00e1lyzat &#8211; III. K\u00f6nyv \u2013 A k\u00f6z\u00e9rdek\u0171 adatig\u00e9nyl\u00e9sek teljes\u00edt\u00e9s\u00e9nek elj\u00e1r\u00e1srendj\u00e9r\u0151l<\/td>\n<td class=\"column-2\" style=\"width: 591px;height: 51px\">\n<p><a href=\"https:\/\/semmelweis.hu\/jogigfoig\/files\/2025\/01\/AKK_szab_III_konyv_4_melleklet_20250130__.docx\">4. sz\u00e1m\u00fa mell\u00e9klet: Hat\u00e1rid\u0151 meghosszabb\u00edt\u00e1s\u00e1r\u00f3l sz\u00f3l\u00f3 v\u00e1laszlev\u00e9l <span style=\"font-family: inherit;font-size: inherit\">&#8211; Kit\u00f6lthet\u0151 WORD<\/span><\/a><\/p>\n<\/td>\n<\/tr>\n<tr class=\"row-10\" style=\"height: 51px\">\n<td class=\"column-1\" style=\"width: 295px;height: 51px\">Adatv\u00e9delmi, k\u00f6zz\u00e9t\u00e9teli \u00e9s k\u00f6z\u00e9rdek\u0171 adatig\u00e9nyl\u00e9s szab\u00e1lyzat &#8211; III. K\u00f6nyv \u2013 A k\u00f6z\u00e9rdek\u0171 adatig\u00e9nyl\u00e9sek teljes\u00edt\u00e9s\u00e9nek elj\u00e1r\u00e1srendj\u00e9r\u0151l<\/td>\n<td class=\"column-2\" style=\"width: 591px;height: 51px\"><a href=\"https:\/\/semmelweis.hu\/jogigfoig\/files\/2025\/01\/AKK_szab_III_konyv_4_melleklet_20250130__.pdf\">4. sz\u00e1m\u00fa mell\u00e9klet: Hat\u00e1rid\u0151 meghosszabb\u00edt\u00e1s\u00e1r\u00f3l sz\u00f3l\u00f3 v\u00e1laszlev\u00e9l &#8211; Let\u00f6lthet\u0151 PDF<\/a><\/td>\n<\/tr>\n<tr class=\"row-11\" style=\"height: 51px\">\n<td class=\"column-1\" style=\"width: 295px;height: 51px\">Adatv\u00e9delmi, k\u00f6zz\u00e9t\u00e9teli \u00e9s k\u00f6z\u00e9rdek\u0171 adatig\u00e9nyl\u00e9s szab\u00e1lyzat &#8211; III. K\u00f6nyv \u2013 A k\u00f6z\u00e9rdek\u0171 adatig\u00e9nyl\u00e9sek teljes\u00edt\u00e9s\u00e9nek elj\u00e1r\u00e1srendj\u00e9r\u0151l<\/td>\n<td class=\"column-2\" style=\"width: 591px;height: 51px\">\n<p><a href=\"https:\/\/semmelweis.hu\/jogigfoig\/files\/2025\/01\/AKK_szab_III_konyv_5_melleklet_20250130.docx\">5. sz\u00e1m\u00fa mell\u00e9klet: K\u00f6lts\u00e9gt\u00e9r\u00edt\u00e9s meg\u00e1llap\u00edt\u00e1s\u00e1r\u00f3l sz\u00f3l\u00f3 v\u00e1laszlev\u00e9l <span style=\"font-family: inherit;font-size: inherit\">&#8211; Kit\u00f6lthet\u0151 WORD<\/span><\/a><\/p>\n<\/td>\n<\/tr>\n<tr class=\"row-12\" style=\"height: 51px\">\n<td class=\"column-1\" style=\"width: 295px;height: 51px\">Adatv\u00e9delmi, k\u00f6zz\u00e9t\u00e9teli \u00e9s k\u00f6z\u00e9rdek\u0171 adatig\u00e9nyl\u00e9s szab\u00e1lyzat &#8211; III. K\u00f6nyv \u2013 A k\u00f6z\u00e9rdek\u0171 adatig\u00e9nyl\u00e9sek teljes\u00edt\u00e9s\u00e9nek elj\u00e1r\u00e1srendj\u00e9r\u0151l<\/td>\n<td class=\"column-2\" style=\"width: 591px;height: 51px\"><a href=\"https:\/\/semmelweis.hu\/jogigfoig\/files\/2025\/01\/AKK_szab_III_konyv_5_melleklet_20250130.pdf\">5. sz\u00e1m\u00fa mell\u00e9klet: K\u00f6lts\u00e9gt\u00e9r\u00edt\u00e9s meg\u00e1llap\u00edt\u00e1s\u00e1r\u00f3l sz\u00f3l\u00f3 v\u00e1laszlev\u00e9l &#8211; Let\u00f6lthet\u0151 PDF<\/a><\/td>\n<\/tr>\n<tr class=\"row-13\" style=\"height: 52px\">\n<td class=\"column-1\" style=\"width: 295px;height: 52px\">Adatv\u00e9delmi, k\u00f6zz\u00e9t\u00e9teli \u00e9s k\u00f6z\u00e9rdek\u0171 adatig\u00e9nyl\u00e9s szab\u00e1lyzat &#8211; III. K\u00f6nyv \u2013 A k\u00f6z\u00e9rdek\u0171 adatig\u00e9nyl\u00e9sek teljes\u00edt\u00e9s\u00e9nek elj\u00e1r\u00e1srendj\u00e9r\u0151l<\/td>\n<td class=\"column-2\" style=\"width: 591px;height: 52px\">\n<p><a href=\"https:\/\/semmelweis.hu\/jogigfoig\/files\/2025\/01\/AKK_szab_III_konyv_6_melleklet_20250130_.docx\">6. sz\u00e1m\u00fa mell\u00e9klet: Adatig\u00e9nyl\u00e9s teljes\u00edt\u00e9s\u00e9r\u0151l sz\u00f3l\u00f3 v\u00e1laszlev\u00e9l <span style=\"font-family: inherit;font-size: inherit\">&#8211; Kit\u00f6lthet\u0151 WORD<\/span><\/a><\/p>\n<\/td>\n<\/tr>\n<tr class=\"row-14\" style=\"height: 51px\">\n<td class=\"column-1\" style=\"width: 295px;height: 51px\">Adatv\u00e9delmi, k\u00f6zz\u00e9t\u00e9teli \u00e9s k\u00f6z\u00e9rdek\u0171 adatig\u00e9nyl\u00e9s szab\u00e1lyzat &#8211; III. K\u00f6nyv \u2013 A k\u00f6z\u00e9rdek\u0171 adatig\u00e9nyl\u00e9sek teljes\u00edt\u00e9s\u00e9nek elj\u00e1r\u00e1srendj\u00e9r\u0151l<\/td>\n<td class=\"column-2\" style=\"width: 591px;height: 51px\"><a href=\"https:\/\/semmelweis.hu\/jogigfoig\/files\/2025\/01\/AKK_szab_III_konyv_6_melleklet_20250130_.pdf\">6. sz\u00e1m\u00fa mell\u00e9klet: Adatig\u00e9nyl\u00e9s teljes\u00edt\u00e9s\u00e9r\u0151l sz\u00f3l\u00f3 v\u00e1laszlev\u00e9l &#8211; Let\u00f6lthet\u0151 PDF<\/a><\/td>\n<\/tr>\n<tr class=\"row-15\" style=\"height: 51px\">\n<td class=\"column-1\" style=\"width: 295px;height: 51px\">Adatv\u00e9delmi, k\u00f6zz\u00e9t\u00e9teli \u00e9s k\u00f6z\u00e9rdek\u0171 adatig\u00e9nyl\u00e9s szab\u00e1lyzat &#8211; III. K\u00f6nyv \u2013 A k\u00f6z\u00e9rdek\u0171 adatig\u00e9nyl\u00e9sek teljes\u00edt\u00e9s\u00e9nek elj\u00e1r\u00e1srendj\u00e9r\u0151l<\/td>\n<td class=\"column-2\" style=\"width: 591px;height: 51px\">\n<p><a href=\"https:\/\/semmelweis.hu\/jogigfoig\/files\/2025\/01\/AKK_szab_III_konyv_7_melleklet_20250130.docx\">7. sz\u00e1m\u00fa mell\u00e9klet: Adatig\u00e9nyl\u00e9s teljes\u00edt\u00e9s\u00e9nek megtagad\u00e1s\u00e1r\u00f3l sz\u00f3l\u00f3 v\u00e1laszlev\u00e9l <span style=\"font-family: inherit;font-size: inherit\">&#8211; Kit\u00f6lthet\u0151 WORD<\/span><\/a><\/p>\n<\/td>\n<\/tr>\n<tr class=\"row-16\" style=\"height: 51px\">\n<td class=\"column-1\" style=\"width: 295px;height: 51px\">Adatv\u00e9delmi, k\u00f6zz\u00e9t\u00e9teli \u00e9s k\u00f6z\u00e9rdek\u0171 adatig\u00e9nyl\u00e9s szab\u00e1lyzat &#8211; III. K\u00f6nyv \u2013 A k\u00f6z\u00e9rdek\u0171 adatig\u00e9nyl\u00e9sek teljes\u00edt\u00e9s\u00e9nek elj\u00e1r\u00e1srendj\u00e9r\u0151l<\/td>\n<td class=\"column-2\" style=\"width: 591px;height: 51px\">\u00a0<\/p>\n<p><a href=\"https:\/\/semmelweis.hu\/jogigfoig\/files\/2025\/01\/AKK_szab_III_konyv_7_melleklet_20250130.pdf\">7. sz\u00e1m\u00fa mell\u00e9klet: Adatig\u00e9nyl\u00e9s teljes\u00edt\u00e9s\u00e9nek megtagad\u00e1s\u00e1r\u00f3l sz\u00f3l\u00f3 v\u00e1laszlev\u00e9l <span style=\"font-family: inherit;font-size: inherit\">&#8211; Let\u00f6lthet\u0151 PDF<\/span><\/a><\/p>\n<\/td>\n<\/tr>\n<tr class=\"row-17\" style=\"height: 51px\">\n<td class=\"column-1\" style=\"width: 295px;height: 51px\">Adatv\u00e9delmi, k\u00f6zz\u00e9t\u00e9teli \u00e9s k\u00f6z\u00e9rdek\u0171 adatig\u00e9nyl\u00e9s szab\u00e1lyzat &#8211; III. K\u00f6nyv \u2013 A k\u00f6z\u00e9rdek\u0171 adatig\u00e9nyl\u00e9sek teljes\u00edt\u00e9s\u00e9nek elj\u00e1r\u00e1srendj\u00e9r\u0151l<\/td>\n<td class=\"column-2\" style=\"width: 591px;height: 51px\">\n<p><a href=\"https:\/\/semmelweis.hu\/jogigfoig\/files\/2025\/01\/AKK_szab_III_konyv_8_melleklet_20250130.docx\">8. sz\u00e1m\u00fa mell\u00e9klet: Jegyz\u0151k\u00f6nyv-nyomtatv\u00e1ny az adatig\u00e9nyl\u00e9s szem\u00e9lyes betekint\u00e9s biztos\u00edt\u00e1sa \u00fatj\u00e1n t\u00f6rt\u00e9n\u0151 teljes\u00edt\u00e9s\u00e9hez <span style=\"font-family: inherit;font-size: inherit\">&#8211; Kit\u00f6lthet\u0151 WORD<\/span><\/a><\/p>\n<\/td>\n<\/tr>\n<tr class=\"row-18\" style=\"height: 51px\">\n<td class=\"column-1\" style=\"width: 295px;height: 51px\">Adatv\u00e9delmi, k\u00f6zz\u00e9t\u00e9teli \u00e9s k\u00f6z\u00e9rdek\u0171 adatig\u00e9nyl\u00e9s szab\u00e1lyzat &#8211; III. K\u00f6nyv \u2013 A k\u00f6z\u00e9rdek\u0171 adatig\u00e9nyl\u00e9sek teljes\u00edt\u00e9s\u00e9nek elj\u00e1r\u00e1srendj\u00e9r\u0151l<\/td>\n<td style=\"width: 591px;height: 51px\"><\/p>\n<p><a href=\"https:\/\/semmelweis.hu\/jogigfoig\/files\/2025\/01\/AKK_szab_III_konyv_8_melleklet_20250130.pdf\">8. sz\u00e1m\u00fa mell\u00e9klet: Jegyz\u0151k\u00f6nyv-nyomtatv\u00e1ny az adatig\u00e9nyl\u00e9s szem\u00e9lyes betekint\u00e9s biztos\u00edt\u00e1sa \u00fatj\u00e1n t\u00f6rt\u00e9n\u0151 teljes\u00edt\u00e9s\u00e9hez <span style=\"font-family: inherit;font-size: inherit\">&#8211; Let\u00f6lthet\u0151 PDF<\/span><\/a><\/p>\n<\/td>\n<\/tr>\n<\/tbody>\n<\/table>\n","protected":false},"excerpt":{"rendered":"<p>Szab\u00e1lyzat neve Dokumentum neve (hat\u00e1lyos sz\u00f6veg) Adatv\u00e9delmi, k\u00f6zz\u00e9t\u00e9teli \u00e9s k\u00f6z\u00e9rdek\u0171 adatig\u00e9nyl\u00e9s szab\u00e1lyzat &#8211; III. K\u00f6nyv \u2013 A k\u00f6z\u00e9rdek\u0171 adatig\u00e9nyl\u00e9sek teljes\u00edt\u00e9s\u00e9nek elj\u00e1r\u00e1srendj\u00e9r\u0151l <a href=\"https:\/\/semmelweis.hu\/jogigfoig\/files\/2025\/01\/AKK_szab_III_konyv_1_melleklet_20250130.docx\">1. sz\u00e1m\u00fa mell\u00e9klet: Az adatig\u00e9nyl\u00e9sek nyilv\u00e1ntart\u00e1s\u00e1ra szolg\u00e1l\u00f3 nyilv\u00e1ntart\u00e1s-nyomtatv\u00e1ny &#8211; Kit\u00f6lthet\u0151 WORD<\/a> Adatv\u00e9delmi, k\u00f6zz\u00e9t\u00e9teli \u00e9s k\u00f6z\u00e9rdek\u0171 adatig\u00e9nyl\u00e9s szab\u00e1lyzat &#8211; III. K\u00f6nyv \u2013 A k\u00f6z\u00e9rdek\u0171 adatig\u00e9nyl\u00e9sek teljes\u00edt\u00e9s\u00e9nek elj\u00e1r\u00e1srendj\u00e9r\u0151l <a href=\"https:\/\/semmelweis.hu\/jogigfoig\/files\/2025\/01\/AKK_szab_III_konyv_1_melleklet_20250130.pdf\">1. sz\u00e1m\u00fa mell\u00e9klet: Az adatig\u00e9nyl\u00e9sek nyilv\u00e1ntart\u00e1s\u00e1ra szolg\u00e1l\u00f3 nyilv\u00e1ntart\u00e1s-nyomtatv\u00e1ny &#8211; Let\u00f6lthet\u0151 PDF<\/a> Adatv\u00e9delmi, k\u00f6zz\u00e9t\u00e9teli \u00e9s k\u00f6z\u00e9rdek\u0171 adatig\u00e9nyl\u00e9s szab\u00e1lyzat &#8211; III. K\u00f6nyv \u2013 A k\u00f6z\u00e9rdek\u0171 adatig\u00e9nyl\u00e9sek teljes\u00edt\u00e9s\u00e9nek elj\u00e1r\u00e1srendj\u00e9r\u0151l <a href=\"https:\/\/semmelweis.hu\/jogigfoig\/files\/2025\/01\/AKK_szab_III_konyv_3_melleklet_20250130.docx\">3. sz\u00e1m\u00fa mell\u00e9klet: Pontos\u00edt\u00e1sra felh\u00edv\u00f3 v\u00e1laszlev\u00e9l &#8211; Kit\u00f6lthet\u0151 WORD<\/a> Adatv\u00e9delmi, k\u00f6zz\u00e9t\u00e9teli \u00e9s k\u00f6z\u00e9rdek\u0171 &hellip;<\/p>\n","protected":false},"author":101467,"featured_media":0,"parent":73561,"menu_order":0,"comment_status":"closed","ping_status":"closed","template":"template-fullwidth.php","meta":{"_acf_changed":false,"footnotes":""},"categories":[],"tags":[],"class_list":["post-96458","page","type-page","status-publish","hentry"],"acf":[],"_links":{"self":[{"href":"https:\/\/semmelweis.hu\/jogigfoig\/wp-json\/wp\/v2\/pages\/96458","targetHints":{"allow":["GET"]}}],"collection":[{"href":"https:\/\/semmelweis.hu\/jogigfoig\/wp-json\/wp\/v2\/pages"}],"about":[{"href":"https:\/\/semmelweis.hu\/jogigfoig\/wp-json\/wp\/v2\/types\/page"}],"author":[{"embeddable":true,"href":"https:\/\/semmelweis.hu\/jogigfoig\/wp-json\/wp\/v2\/users\/101467"}],"replies":[{"embeddable":true,"href":"https:\/\/semmelweis.hu\/jogigfoig\/wp-json\/wp\/v2\/comments?post=96458"}],"version-history":[{"count":5,"href":"https:\/\/semmelweis.hu\/jogigfoig\/wp-json\/wp\/v2\/pages\/96458\/revisions"}],"predecessor-version":[{"id":96501,"href":"https:\/\/semmelweis.hu\/jogigfoig\/wp-json\/wp\/v2\/pages\/96458\/revisions\/96501"}],"up":[{"embeddable":true,"href":"https:\/\/semmelweis.hu\/jogigfoig\/wp-json\/wp\/v2\/pages\/73561"}],"wp:attachment":[{"href":"https:\/\/semmelweis.hu\/jogigfoig\/wp-json\/wp\/v2\/media?parent=96458"}],"wp:term":[{"taxonomy":"category","embeddable":true,"href":"https:\/\/semmelweis.hu\/jogigfoig\/wp-json\/wp\/v2\/categories?post=96458"},{"taxonomy":"post_tag","embeddable":true,"href":"https:\/\/semmelweis.hu\/jogigfoig\/wp-json\/wp\/v2\/tags?post=96458"}],"curies":[{"name":"wp","href":"https:\/\/api.w.org\/{rel}","templated":true}]}}