{"id":96383,"date":"2025-01-29T09:51:39","date_gmt":"2025-01-29T08:51:39","guid":{"rendered":"https:\/\/semmelweis.hu\/jogigfoig\/?page_id=96383"},"modified":"2025-10-01T11:27:27","modified_gmt":"2025-10-01T09:27:27","slug":"2025-januar-23","status":"publish","type":"page","link":"https:\/\/semmelweis.hu\/jogigfoig\/testuletek\/szenatus\/2025-evi-szenatusi-hatarozatok\/2025-januar-23\/","title":{"rendered":"2025. janu\u00e1r 23."},"content":{"rendered":"<p style=\"text-align: justify\"><a href=\"https:\/\/semmelweis.hu\/jogigfoig\/files\/2025\/01\/N_1_2025_hatarozat.pdf\">A Semmelweis Egyetem\u00a0Szen\u00e1tus\u00e1nak\u00a0N-1.2025. (I.23.) sz\u00e1m\u00fa hat\u00e1rozata\u00a0a szen\u00e1tusi \u00fcl\u00e9s napirendj\u00e9r\u0151l<\/a><\/p>\n<p style=\"text-align: justify\"><a href=\"https:\/\/semmelweis.hu\/jogigfoig\/files\/2025\/01\/1_2025_Varosmajor-utca-64.pdf\">A Semmelweis Egyetem\u00a0Szen\u00e1tus\u00e1nak\u00a01\/2025. (I.23.) sz\u00e1m\u00fa hat\u00e1rozata\u00a0a 1122 Budapest, V\u00e1rosmajor utca 64. II. emelet 4. sz\u00e1m alatti\u00a0ingatlan megv\u00e1s\u00e1rl\u00e1s\u00e1r\u00f3l<\/a><\/p>\n<p style=\"text-align: justify\"><a href=\"https:\/\/semmelweis.hu\/jogigfoig\/files\/2025\/01\/2_2025_Kituntetesi-es-dijak-adomanyozasarol-szolo-szabalyzat.pdf\">A Semmelweis Egyetem\u00a0Szen\u00e1tus\u00e1nak\u00a02\/2025. (I.23.) sz\u00e1m\u00fa hat\u00e1rozata\u00a0a Kit\u00fcntet\u00e9si \u00e9s d\u00edjak adom\u00e1nyoz\u00e1s\u00e1r\u00f3l sz\u00f3l\u00f3 szab\u00e1lyzat m\u00f3dos\u00edt\u00e1s\u00e1r\u00f3l<\/a><\/p>\n<p style=\"text-align: justify\"><a href=\"https:\/\/semmelweis.hu\/jogigfoig\/files\/2025\/01\/2_2025_melleklet.pdf\">A Semmelweis Egyetem\u00a0Szen\u00e1tus\u00e1nak\u00a02\/2025. (I.23.) sz\u00e1m\u00fa hat\u00e1rozata\u00a0a Kit\u00fcntet\u00e9si \u00e9s d\u00edjak adom\u00e1nyoz\u00e1s\u00e1r\u00f3l sz\u00f3l\u00f3 szab\u00e1lyzat m\u00f3dos\u00edt\u00e1s\u00e1r\u00f3l &#8211; 1. sz\u00e1m\u00fa mell\u00e9klet<\/a><\/p>\n<p style=\"text-align: justify\"><a href=\"https:\/\/semmelweis.hu\/jogigfoig\/files\/2025\/01\/3_2025_KULTKredit-szabvall.pdf\">A Semmelweis Egyetem\u00a0Szen\u00e1tus\u00e1nak\u00a03\/2025. (I.23.) sz\u00e1m\u00fa hat\u00e1rozata\u00a0a \u201eKULTKredit\u201d c\u00edm\u0171 szabadon v\u00e1laszthat\u00f3 tant\u00e1rgy meghirdet\u00e9s\u00e9r\u0151l<\/a><\/p>\n<p style=\"text-align: justify\"><a href=\"https:\/\/semmelweis.hu\/jogigfoig\/files\/2025\/01\/3_2025_melleklet_Kovetelmenyrendszer.pdf\">A Semmelweis Egyetem\u00a0Szen\u00e1tus\u00e1nak\u00a03\/2025. (I.23.) sz\u00e1m\u00fa hat\u00e1rozata\u00a0a \u201eKULTKredit\u201d c\u00edm\u0171 szabadon v\u00e1laszthat\u00f3 tant\u00e1rgy meghirdet\u00e9s\u00e9r\u0151l &#8211; 1. sz\u00e1m\u00fa mell\u00e9klet<\/a><\/p>\n<p style=\"text-align: justify\"><a href=\"https:\/\/semmelweis.hu\/jogigfoig\/files\/2025\/01\/4_2025_SzMSz_HKR_Felveteli-szabalyzat.pdf\">A Semmelweis Egyetem\u00a0Szen\u00e1tus\u00e1nak\u00a04\/2025. (I.23.) sz\u00e1m\u00fa hat\u00e1rozata\u00a0a Szervezeti \u00e9s M\u0171k\u00f6d\u00e9si Szab\u00e1lyzat III. K\u00f6nyv Hallgat\u00f3i k\u00f6vetelm\u00e9nyrendszer 1. r\u00e9sz Felv\u00e9teli Szab\u00e1lyzat elfogad\u00e1s\u00e1r\u00f3l<\/a><\/p>\n<p style=\"text-align: justify\"><a href=\"https:\/\/semmelweis.hu\/jogigfoig\/files\/2025\/01\/4_melleklet_SzMSz_HKR_Felveteli-szabalyzat.pdf\">A Semmelweis Egyetem\u00a0Szen\u00e1tus\u00e1nak\u00a04\/2025. (I.23.) sz\u00e1m\u00fa hat\u00e1rozata\u00a0a Szervezeti \u00e9s M\u0171k\u00f6d\u00e9si Szab\u00e1lyzat III. K\u00f6nyv Hallgat\u00f3i k\u00f6vetelm\u00e9nyrendszer 1. r\u00e9sz Felv\u00e9teli Szab\u00e1lyzat elfogad\u00e1s\u00e1r\u00f3l &#8211; 1. sz\u00e1m\u00fa mell\u00e9klet<\/a><\/p>\n<p style=\"text-align: justify\"><a href=\"https:\/\/semmelweis.hu\/jogigfoig\/files\/2025\/01\/5_2025_SzMSz-es-Helyisegszabalyzat-modositas.pdf\">A Semmelweis Egyetem\u00a0Szen\u00e1tus\u00e1nak\u00a05\/2025. (I.23.) sz\u00e1m\u00fa hat\u00e1rozata\u00a0a Szervezeti \u00e9s M\u0171k\u00f6d\u00e9si Szab\u00e1lyzat, valamint egyes szab\u00e1lyzatok m\u00f3dos\u00edt\u00e1s\u00e1r\u00f3l<\/a><\/p>\n<p style=\"text-align: justify\"><a href=\"https:\/\/semmelweis.hu\/jogigfoig\/files\/2025\/01\/5_2025_melleklet-1.pdf\">A Semmelweis Egyetem\u00a0Szen\u00e1tus\u00e1nak\u00a05\/2025. (I.23.) sz\u00e1m\u00fa hat\u00e1rozata\u00a0a Szervezeti \u00e9s M\u0171k\u00f6d\u00e9si Szab\u00e1lyzat, valamint egyes szab\u00e1lyzatok m\u00f3dos\u00edt\u00e1s\u00e1r\u00f3l &#8211; 1. sz\u00e1m\u00fa mell\u00e9klet<\/a><\/p>\n<p style=\"text-align: justify\"><a href=\"https:\/\/semmelweis.hu\/jogigfoig\/files\/2025\/01\/5_2025_melleklet-2.pdf\">A Semmelweis Egyetem\u00a0Szen\u00e1tus\u00e1nak\u00a05\/2025. (I.23.) sz\u00e1m\u00fa hat\u00e1rozata\u00a0a Szervezeti \u00e9s M\u0171k\u00f6d\u00e9si Szab\u00e1lyzat, valamint egyes szab\u00e1lyzatok m\u00f3dos\u00edt\u00e1s\u00e1r\u00f3l &#8211; 2. sz\u00e1m\u00fa mell\u00e9klet<\/a><\/p>\n<p style=\"text-align: justify\"><a href=\"https:\/\/semmelweis.hu\/jogigfoig\/files\/2025\/01\/6_2025_Adatvedelmi-szabalyzat-modositas.pdf\">A Semmelweis Egyetem\u00a0Szen\u00e1tus\u00e1nak\u00a06\/2025. (I.23.) sz\u00e1m\u00fa hat\u00e1rozata\u00a0az Adatv\u00e9delmi \u00e9s k\u00f6zz\u00e9t\u00e9teli szab\u00e1lyzat m\u00f3dos\u00edt\u00e1s\u00e1r\u00f3l<\/a><\/p>\n<p style=\"text-align: justify\"><a href=\"https:\/\/semmelweis.hu\/jogigfoig\/files\/2025\/01\/6_2025_melleklet-1_v2.pdf\">A Semmelweis Egyetem\u00a0Szen\u00e1tus\u00e1nak\u00a06\/2025. (I.23.) sz\u00e1m\u00fa hat\u00e1rozata\u00a0az Adatv\u00e9delmi \u00e9s k\u00f6zz\u00e9t\u00e9teli szab\u00e1lyzat m\u00f3dos\u00edt\u00e1s\u00e1r\u00f3l &#8211; 1. sz\u00e1m\u00fa mell\u00e9klet<\/a><\/p>\n","protected":false},"excerpt":{"rendered":"<p><a href=\"https:\/\/semmelweis.hu\/jogigfoig\/files\/2025\/01\/N_1_2025_hatarozat.pdf\">A Semmelweis Egyetem\u00a0Szen\u00e1tus\u00e1nak\u00a0N-1.2025. (I.23.) sz\u00e1m\u00fa hat\u00e1rozata\u00a0a szen\u00e1tusi \u00fcl\u00e9s napirendj\u00e9r\u0151l<\/a><br \/>\n<a href=\"https:\/\/semmelweis.hu\/jogigfoig\/files\/2025\/01\/1_2025_Varosmajor-utca-64.pdf\">A Semmelweis Egyetem\u00a0Szen\u00e1tus\u00e1nak\u00a01\/2025. (I.23.) sz\u00e1m\u00fa hat\u00e1rozata\u00a0a 1122 Budapest, V\u00e1rosmajor utca 64. II. emelet 4. sz\u00e1m alatti\u00a0ingatlan megv\u00e1s\u00e1rl\u00e1s\u00e1r\u00f3l<\/a><br \/>\n<a href=\"https:\/\/semmelweis.hu\/jogigfoig\/files\/2025\/01\/2_2025_Kituntetesi-es-dijak-adomanyozasarol-szolo-szabalyzat.pdf\">A Semmelweis Egyetem\u00a0Szen\u00e1tus\u00e1nak\u00a02\/2025. (I.23.) sz\u00e1m\u00fa hat\u00e1rozata\u00a0a Kit\u00fcntet\u00e9si \u00e9s d\u00edjak adom\u00e1nyoz\u00e1s\u00e1r\u00f3l sz\u00f3l\u00f3 szab\u00e1lyzat m\u00f3dos\u00edt\u00e1s\u00e1r\u00f3l<\/a><br \/>\n<a href=\"https:\/\/semmelweis.hu\/jogigfoig\/files\/2025\/01\/2_2025_melleklet.pdf\">A Semmelweis Egyetem\u00a0Szen\u00e1tus\u00e1nak\u00a02\/2025. (I.23.) sz\u00e1m\u00fa hat\u00e1rozata\u00a0a Kit\u00fcntet\u00e9si \u00e9s d\u00edjak adom\u00e1nyoz\u00e1s\u00e1r\u00f3l sz\u00f3l\u00f3 szab\u00e1lyzat m\u00f3dos\u00edt\u00e1s\u00e1r\u00f3l &#8211; 1. sz\u00e1m\u00fa mell\u00e9klet<\/a><br \/>\n<a href=\"https:\/\/semmelweis.hu\/jogigfoig\/files\/2025\/01\/3_2025_KULTKredit-szabvall.pdf\">A Semmelweis Egyetem\u00a0Szen\u00e1tus\u00e1nak\u00a03\/2025. (I.23.) sz\u00e1m\u00fa hat\u00e1rozata\u00a0a \u201eKULTKredit\u201d c\u00edm\u0171 szabadon v\u00e1laszthat\u00f3 tant\u00e1rgy meghirdet\u00e9s\u00e9r\u0151l<\/a><br \/>\n<a href=\"https:\/\/semmelweis.hu\/jogigfoig\/files\/2025\/01\/3_2025_melleklet_Kovetelmenyrendszer.pdf\">A Semmelweis Egyetem\u00a0Szen\u00e1tus\u00e1nak\u00a03\/2025. (I.23.) sz\u00e1m\u00fa hat\u00e1rozata\u00a0a \u201eKULTKredit\u201d c\u00edm\u0171 szabadon v\u00e1laszthat\u00f3 tant\u00e1rgy meghirdet\u00e9s\u00e9r\u0151l &#8211; 1. sz\u00e1m\u00fa mell\u00e9klet<\/a><br \/>\n<a href=\"https:\/\/semmelweis.hu\/jogigfoig\/files\/2025\/01\/4_2025_SzMSz_HKR_Felveteli-szabalyzat.pdf\">A Semmelweis Egyetem\u00a0Szen\u00e1tus\u00e1nak\u00a04\/2025. (I.23.) sz\u00e1m\u00fa hat\u00e1rozata\u00a0a Szervezeti \u00e9s M\u0171k\u00f6d\u00e9si Szab\u00e1lyzat III. K\u00f6nyv Hallgat\u00f3i k\u00f6vetelm\u00e9nyrendszer 1. r\u00e9sz Felv\u00e9teli Szab\u00e1lyzat elfogad\u00e1s\u00e1r\u00f3l<\/a><br \/>\n<a href=\"https:\/\/semmelweis.hu\/jogigfoig\/files\/2025\/01\/4_melleklet_SzMSz_HKR_Felveteli-szabalyzat.pdf\">A Semmelweis Egyetem\u00a0Szen\u00e1tus\u00e1nak\u00a04\/2025. (I.23.) sz\u00e1m\u00fa hat\u00e1rozata\u00a0a Szervezeti \u00e9s M\u0171k\u00f6d\u00e9si Szab\u00e1lyzat III. K\u00f6nyv Hallgat\u00f3i k\u00f6vetelm\u00e9nyrendszer 1. r\u00e9sz Felv\u00e9teli Szab\u00e1lyzat elfogad\u00e1s\u00e1r\u00f3l &#8211; 1. sz\u00e1m\u00fa mell\u00e9klet<\/a><br \/>\n<a href=\"https:\/\/semmelweis.hu\/jogigfoig\/files\/2025\/01\/5_2025_SzMSz-es-Helyisegszabalyzat-modositas.pdf\">A Semmelweis Egyetem\u00a0Szen\u00e1tus\u00e1nak\u00a05\/2025. (I.23.) sz\u00e1m\u00fa hat\u00e1rozata\u00a0a Szervezeti \u00e9s M\u0171k\u00f6d\u00e9si Szab\u00e1lyzat, valamint egyes szab\u00e1lyzatok m\u00f3dos\u00edt\u00e1s\u00e1r\u00f3l<\/a><br \/>\n<a href=\"https:\/\/semmelweis.hu\/jogigfoig\/files\/2025\/01\/5_2025_melleklet-1.pdf\">A Semmelweis Egyetem\u00a0Szen\u00e1tus\u00e1nak\u00a05\/2025. (I.23.) sz\u00e1m\u00fa hat\u00e1rozata\u00a0a Szervezeti \u00e9s M\u0171k\u00f6d\u00e9si Szab\u00e1lyzat, valamint egyes szab\u00e1lyzatok m\u00f3dos\u00edt\u00e1s\u00e1r\u00f3l &#8211; 1. sz\u00e1m\u00fa mell\u00e9klet<\/a><br \/>\n<a href=\"https:\/\/semmelweis.hu\/jogigfoig\/files\/2025\/01\/5_2025_melleklet-2.pdf\">A Semmelweis Egyetem\u00a0Szen\u00e1tus\u00e1nak\u00a05\/2025. (I.23.) sz\u00e1m\u00fa hat\u00e1rozata\u00a0a Szervezeti \u00e9s M\u0171k\u00f6d\u00e9si Szab\u00e1lyzat, valamint egyes szab\u00e1lyzatok m\u00f3dos\u00edt\u00e1s\u00e1r\u00f3l &#8211; 2. sz\u00e1m\u00fa mell\u00e9klet<\/a><br \/>\n<a href=\"https:\/\/semmelweis.hu\/jogigfoig\/files\/2025\/01\/6_2025_Adatvedelmi-szabalyzat-modositas.pdf\">A Semmelweis Egyetem\u00a0Szen\u00e1tus\u00e1nak\u00a06\/2025. (I.23.) sz\u00e1m\u00fa hat\u00e1rozata\u00a0az Adatv\u00e9delmi \u00e9s k\u00f6zz\u00e9t\u00e9teli szab\u00e1lyzat m\u00f3dos\u00edt\u00e1s\u00e1r\u00f3l<\/a><br \/>\n<a href=\"https:\/\/semmelweis.hu\/jogigfoig\/files\/2025\/01\/6_2025_melleklet-1_v2.pdf\">A Semmelweis Egyetem\u00a0Szen\u00e1tus\u00e1nak\u00a06\/2025. (I.23.) sz\u00e1m\u00fa hat\u00e1rozata\u00a0az Adatv\u00e9delmi \u00e9s k\u00f6zz\u00e9t\u00e9teli szab\u00e1lyzat m\u00f3dos\u00edt\u00e1s\u00e1r\u00f3l &#8211; 1. sz\u00e1m\u00fa mell\u00e9klet<\/a><\/p>\n","protected":false},"author":101467,"featured_media":0,"parent":96382,"menu_order":85,"comment_status":"closed","ping_status":"closed","template":"","meta":{"_acf_changed":false,"footnotes":""},"categories":[],"tags":[],"class_list":["post-96383","page","type-page","status-publish","hentry"],"acf":[],"_links":{"self":[{"href":"https:\/\/semmelweis.hu\/jogigfoig\/wp-json\/wp\/v2\/pages\/96383","targetHints":{"allow":["GET"]}}],"collection":[{"href":"https:\/\/semmelweis.hu\/jogigfoig\/wp-json\/wp\/v2\/pages"}],"about":[{"href":"https:\/\/semmelweis.hu\/jogigfoig\/wp-json\/wp\/v2\/types\/page"}],"author":[{"embeddable":true,"href":"https:\/\/semmelweis.hu\/jogigfoig\/wp-json\/wp\/v2\/users\/101467"}],"replies":[{"embeddable":true,"href":"https:\/\/semmelweis.hu\/jogigfoig\/wp-json\/wp\/v2\/comments?post=96383"}],"version-history":[{"count":1,"href":"https:\/\/semmelweis.hu\/jogigfoig\/wp-json\/wp\/v2\/pages\/96383\/revisions"}],"predecessor-version":[{"id":96398,"href":"https:\/\/semmelweis.hu\/jogigfoig\/wp-json\/wp\/v2\/pages\/96383\/revisions\/96398"}],"up":[{"embeddable":true,"href":"https:\/\/semmelweis.hu\/jogigfoig\/wp-json\/wp\/v2\/pages\/96382"}],"wp:attachment":[{"href":"https:\/\/semmelweis.hu\/jogigfoig\/wp-json\/wp\/v2\/media?parent=96383"}],"wp:term":[{"taxonomy":"category","embeddable":true,"href":"https:\/\/semmelweis.hu\/jogigfoig\/wp-json\/wp\/v2\/categories?post=96383"},{"taxonomy":"post_tag","embeddable":true,"href":"https:\/\/semmelweis.hu\/jogigfoig\/wp-json\/wp\/v2\/tags?post=96383"}],"curies":[{"name":"wp","href":"https:\/\/api.w.org\/{rel}","templated":true}]}}