{"id":95773,"date":"2025-01-14T09:28:50","date_gmt":"2025-01-14T08:28:50","guid":{"rendered":"https:\/\/semmelweis.hu\/jogigfoig\/?page_id=95773"},"modified":"2025-09-19T14:00:07","modified_gmt":"2025-09-19T12:00:07","slug":"doktorandusz-onkormanyzat-alapszabaly","status":"publish","type":"page","link":"https:\/\/semmelweis.hu\/jogigfoig\/dokumentumtar\/szabalyzattar\/doktorandusz-onkormanyzat-alapszabaly\/","title":{"rendered":"Doktorandusz \u00d6nkorm\u00e1nyzat Alapszab\u00e1ly"},"content":{"rendered":"<p style=\"text-align: justify\"><strong>Az alapszab\u00e1ly aktu\u00e1lis v\u00e1ltozata:<\/strong> <a href=\"https:\/\/semmelweis.hu\/jogigfoig\/files\/2025\/09\/DOK_Alapszabaly_hataly_2025_08_28.pdf\" target=\"_blank\" rel=\"noopener\">Doktorandusz \u00d6nkorm\u00e1nyzat Alapszab\u00e1ly<\/a><\/p>\n<p style=\"text-align: justify\"><strong>M\u00f3dos\u00edt\u00e1s j\u00f3v\u00e1hagy\u00e1s\u00e1r\u00f3l rendelkez\u0151 szen\u00e1tusi hat\u00e1rozat:<\/strong><\/p>\n<p><a href=\"https:\/\/semmelweis.hu\/jogigfoig\/files\/2025\/09\/67_2025_DSZ_modositas-es-DOK_Alapszabaly.pdf\" target=\"_blank\" rel=\"noopener\">67\/2025. (VIII.28.)<\/a><\/p>\n<p style=\"text-align: justify\"><a href=\"https:\/\/semmelweis.hu\/jogigfoig\/files\/2024\/12\/120_2024_DOK-Alapszabaly-modositas.pdf\">120\/2024. (XII.16.)<\/a><\/p>\n<p style=\"text-align: justify\"><strong>J\u00f3v\u00e1hagy\u00f3:<\/strong> Szen\u00e1tus<\/p>\n<p style=\"text-align: justify\"><strong>Hat\u00e1ly:<\/strong> 2024. december 20.<\/p>\n","protected":false},"excerpt":{"rendered":"<p>Az alapszab\u00e1ly aktu\u00e1lis v\u00e1ltozata: <a href=\"https:\/\/semmelweis.hu\/jogigfoig\/files\/2025\/09\/DOK_Alapszabaly_hataly_2025_08_28.pdf\" target=\"_blank\" rel=\"noopener\">Doktorandusz \u00d6nkorm\u00e1nyzat Alapszab\u00e1ly<\/a><br \/>\nM\u00f3dos\u00edt\u00e1s j\u00f3v\u00e1hagy\u00e1s\u00e1r\u00f3l rendelkez\u0151 szen\u00e1tusi hat\u00e1rozat:<br \/>\n<a href=\"https:\/\/semmelweis.hu\/jogigfoig\/files\/2025\/09\/67_2025_DSZ_modositas-es-DOK_Alapszabaly.pdf\" target=\"_blank\" rel=\"noopener\">67\/2025. (VIII.28.)<\/a><br \/>\n<a href=\"https:\/\/semmelweis.hu\/jogigfoig\/files\/2024\/12\/120_2024_DOK-Alapszabaly-modositas.pdf\">120\/2024. (XII.16.)<\/a><br \/>\nJ\u00f3v\u00e1hagy\u00f3: Szen\u00e1tus<br \/>\nHat\u00e1ly: 2024. december 20.<\/p>\n","protected":false},"author":101467,"featured_media":0,"parent":41,"menu_order":0,"comment_status":"closed","ping_status":"closed","template":"","meta":{"_acf_changed":false,"footnotes":""},"categories":[],"tags":[],"class_list":["post-95773","page","type-page","status-publish","hentry"],"acf":[],"_links":{"self":[{"href":"https:\/\/semmelweis.hu\/jogigfoig\/wp-json\/wp\/v2\/pages\/95773","targetHints":{"allow":["GET"]}}],"collection":[{"href":"https:\/\/semmelweis.hu\/jogigfoig\/wp-json\/wp\/v2\/pages"}],"about":[{"href":"https:\/\/semmelweis.hu\/jogigfoig\/wp-json\/wp\/v2\/types\/page"}],"author":[{"embeddable":true,"href":"https:\/\/semmelweis.hu\/jogigfoig\/wp-json\/wp\/v2\/users\/101467"}],"replies":[{"embeddable":true,"href":"https:\/\/semmelweis.hu\/jogigfoig\/wp-json\/wp\/v2\/comments?post=95773"}],"version-history":[{"count":6,"href":"https:\/\/semmelweis.hu\/jogigfoig\/wp-json\/wp\/v2\/pages\/95773\/revisions"}],"predecessor-version":[{"id":101595,"href":"https:\/\/semmelweis.hu\/jogigfoig\/wp-json\/wp\/v2\/pages\/95773\/revisions\/101595"}],"up":[{"embeddable":true,"href":"https:\/\/semmelweis.hu\/jogigfoig\/wp-json\/wp\/v2\/pages\/41"}],"wp:attachment":[{"href":"https:\/\/semmelweis.hu\/jogigfoig\/wp-json\/wp\/v2\/media?parent=95773"}],"wp:term":[{"taxonomy":"category","embeddable":true,"href":"https:\/\/semmelweis.hu\/jogigfoig\/wp-json\/wp\/v2\/categories?post=95773"},{"taxonomy":"post_tag","embeddable":true,"href":"https:\/\/semmelweis.hu\/jogigfoig\/wp-json\/wp\/v2\/tags?post=95773"}],"curies":[{"name":"wp","href":"https:\/\/api.w.org\/{rel}","templated":true}]}}