{"id":9559,"date":"2017-10-31T15:26:37","date_gmt":"2017-10-31T14:26:37","guid":{"rendered":"http:\/\/semmelweis.hu\/jogigfoig\/?page_id=9559"},"modified":"2020-02-11T11:04:51","modified_gmt":"2020-02-11T10:04:51","slug":"2017-oktober-26","status":"publish","type":"page","link":"https:\/\/semmelweis.hu\/jogigfoig\/testuletek\/szenatus\/2017-evi-szenatusi-hatarozatok\/2017-oktober-26\/","title":{"rendered":"2017. okt\u00f3ber 26."},"content":{"rendered":"<ul>\n<li style=\"text-align: justify\"><a href=\"https:\/\/semmelweis.hu\/jogigfoig\/files\/2017\/10\/111_X_26.pdf\">111\/2017. (X.26.) sz\u00e1m\u00fa hat\u00e1rozata a Szervezeti \u00e9s M\u0171k\u00f6d\u00e9si Szab\u00e1lyzat egyes rendelkez\u00e9seinek m\u00f3dos\u00edt\u00e1s\u00e1r\u00f3l<\/a><\/li>\n<li style=\"text-align: justify\"><a href=\"https:\/\/semmelweis.hu\/jogigfoig\/files\/2017\/10\/112_X_26.pdf\">112\/2017. (X.26.) sz\u00e1m\u00fa hat\u00e1rozata a felv\u00e9teli elj\u00e1r\u00e1sr\u00f3l sz\u00f3l\u00f3 szab\u00e1lyzat m\u00f3dos\u00edt\u00e1s\u00e1nak elfogad\u00e1s\u00e1r\u00f3l<\/a><\/li>\n<li style=\"text-align: justify\"><a href=\"https:\/\/semmelweis.hu\/jogigfoig\/files\/2017\/10\/113_X_26.pdf\">113\/2017. (X.26.) sz\u00e1m\u00fa hat\u00e1rozata a \u201eJ\u00f3 tanul\u00f3 \u2013 j\u00f3 sportol\u00f3\u201d kit\u00fcntet\u0151 c\u00edm adom\u00e1nyoz\u00e1s\u00e1r\u00f3l sz\u00f3l\u00f3 szab\u00e1lyzat m\u00f3dos\u00edt\u00e1s\u00e1r\u00f3l<\/a><\/li>\n<li style=\"text-align: justify\"><a href=\"https:\/\/semmelweis.hu\/jogigfoig\/files\/2017\/10\/114_X_26.pdf\">114\/2017. (X. 26.) sz\u00e1m\u00fa hat\u00e1rozata a Klinikus kutat\u00f3i t\u00e1mogat\u00e1s elj\u00e1r\u00e1srendj\u00e9r\u0151l sz\u00f3l\u00f3 szab\u00e1lyzat elfogad\u00e1s\u00e1r\u00f3l<\/a><\/li>\n<li style=\"text-align: justify\"><a href=\"https:\/\/semmelweis.hu\/jogigfoig\/files\/2017\/10\/115_X_26.pdf\">115\/2017 (X.26.) sz\u00e1m\u00fa hat\u00e1rozata a 2017. \u00e9vi \u201eKlinikus Kutat\u00f3i\u201d t\u00e1mogat\u00e1s oda\u00edt\u00e9l\u00e9s\u00e9r\u0151l<\/a><\/li>\n<li style=\"text-align: justify\"><a href=\"https:\/\/semmelweis.hu\/jogigfoig\/files\/2017\/10\/116_X_26.pdf\">116\/2017. (X.26.) hat\u00e1rozata az Erasmus+ Szab\u00e1lyzat elfogad\u00e1s\u00e1r\u00f3l<\/a><\/li>\n<li style=\"text-align: justify\"><a href=\"https:\/\/semmelweis.hu\/jogigfoig\/files\/2017\/10\/117_X_26.pdf\">117\/2017. (X.26.) sz\u00e1m\u00fa hat\u00e1rozata a Pet\u0151 Andr\u00e1s Kar \u00e1lland\u00f3 bizotts\u00e1gai szem\u00e9lyi \u00f6sszet\u00e9tel\u00e9nek meg\u00e1llap\u00edt\u00e1s\u00e1r\u00f3l<\/a><\/li>\n<li style=\"text-align: justify\"><a href=\"https:\/\/semmelweis.hu\/jogigfoig\/files\/2017\/10\/118_X_26.pdf\">118\/2017. (X.26.) sz\u00e1m\u00fa hat\u00e1rozata a Pet\u0151 Andr\u00e1s Kar oktat\u00e1si d\u00e9k\u00e1nhelyettesi megb\u00edz\u00e1s\u00e1ra be\u00e9rkezett p\u00e1ly\u00e1zat v\u00e9lem\u00e9nyez\u00e9s\u00e9hez k\u00e9sz\u00fclt el\u0151terjeszt\u00e9s elfogad\u00e1s\u00e1r\u00f3l<\/a><\/li>\n<li style=\"text-align: justify\"><a href=\"https:\/\/semmelweis.hu\/jogigfoig\/files\/2017\/10\/119_X_26.pdf\">119\/2017. (X.26.) sz\u00e1m\u00fa hat\u00e1rozata az \u00c1ltal\u00e1nos Orvostudom\u00e1nyi Karon meghirdetett soron k\u00edv\u00fcli egyetemi docensi \u00e1ll\u00e1shelyekre be\u00e9rkezett p\u00e1ly\u00e1zatok v\u00e9lem\u00e9nyez\u00e9s\u00e9r\u0151l<\/a><\/li>\n<li style=\"text-align: justify\"><a href=\"https:\/\/semmelweis.hu\/jogigfoig\/files\/2017\/10\/120_X_26.pdf\">120\/2017. (X.26.) sz\u00e1m\u00fa hat\u00e1rozata az \u00c1ltal\u00e1nos Orvostudom\u00e1nyi Kar Biofizikai \u00e9s Sug\u00e1rbiol\u00f3giai Int\u00e9zet\u00e9ben meghirdetett tudom\u00e1nyos f\u0151munkat\u00e1rsi \u00e1ll\u00e1shelyekre be\u00e9rkezett p\u00e1ly\u00e1zatok v\u00e9lem\u00e9nyez\u00e9s\u00e9r\u0151l<\/a><\/li>\n<li style=\"text-align: justify\"><a href=\"https:\/\/semmelweis.hu\/jogigfoig\/files\/2017\/10\/121_X_26.pdf\">121\/2017. (X.26.) sz\u00e1m\u00fa hat\u00e1rozata az Eg\u00e9szs\u00e9gtudom\u00e1nyi Kar Morfol\u00f3giai \u00e9s Fiziol\u00f3giai Tansz\u00e9k\u00e9n meghirdetett f\u0151iskolai docensi \u00e1ll\u00e1shelyre be\u00e9rkezett p\u00e1ly\u00e1zat v\u00e9lem\u00e9nyez\u00e9s\u00e9r\u0151l<\/a><\/li>\n<li style=\"text-align: justify\"><a href=\"https:\/\/semmelweis.hu\/jogigfoig\/files\/2017\/10\/122_X_26.pdf\">122\/2017. (X.26.) sz\u00e1m\u00fa hat\u00e1rozata Az egyetemi kit\u00fcntet\u00e9sek, d\u00edjak adom\u00e1nyoz\u00e1s\u00e1r\u00f3l, valamint az \u00e1llami kit\u00fcntet\u00e9sek felterjeszt\u00e9si elj\u00e1r\u00e1s\u00e1r\u00f3l sz\u00f3l\u00f3 szab\u00e1lyzat m\u00f3dos\u00edt\u00e1s\u00e1r\u00f3l<\/a><\/li>\n<li style=\"text-align: justify\"><a href=\"https:\/\/semmelweis.hu\/jogigfoig\/files\/2017\/10\/123_X_26.pdf\">123\/2017. (X.26.) sz\u00e1m\u00fa hat\u00e1rozata a 2017. \u00e9vi kiv\u00e1l\u00f3s\u00e1gi jutalomr\u00f3l, valamint aj\u00e1nd\u00e9kutalv\u00e1ny juttat\u00e1s\u00e1r\u00f3l sz\u00f3l\u00f3 t\u00e1j\u00e9koztat\u00f3r\u00f3l<\/a><\/li>\n<li style=\"text-align: justify\"><a href=\"https:\/\/semmelweis.hu\/jogigfoig\/files\/2017\/10\/124_X_26.pdf\">124\/2017 (X.26.) sz\u00e1m\u00fa hat\u00e1rozata az Eg\u00e9szs\u00e9g\u00fcgyi K\u00f6zszolg\u00e1lati Kar Szen\u00e1tus \u00e1ltal l\u00e9trehozott Etikai \u00e9s Fegyelmi Bizotts\u00e1g szem\u00e9lyi \u00f6sszet\u00e9tel\u00e9nek meg\u00faj\u00edt\u00e1s\u00e1r\u00f3l<\/a><\/li>\n<li style=\"text-align: justify\"><a href=\"https:\/\/semmelweis.hu\/jogigfoig\/files\/2017\/10\/125_X_26.pdf\">125\/2017. (X. 26.) sz\u00e1m\u00fa hat\u00e1rozata a K\u00fcls\u0151 megb\u00edz\u00e1s\u00fa preklinikai, klinikai \u00e9s nemklinikai vizsg\u00e1latok szab\u00e1lyair\u00f3l sz\u00f3l\u00f3 szab\u00e1lyzat m\u00f3dos\u00edt\u00e1s\u00e1r\u00f3l<\/a><\/li>\n<li style=\"text-align: justify\"><a href=\"https:\/\/semmelweis.hu\/jogigfoig\/files\/2017\/10\/126_X_26.pdf\">126\/2017. (X.26.) sz\u00e1m\u00fa hat\u00e1rozata a Sz\u00edvseb\u00e9szeti Tansz\u00e9ki Csoport l\u00e9trehoz\u00e1s\u00e1r\u00f3l a Kardiol\u00f3giai Tansz\u00e9khez rendelten<\/a><\/li>\n<li style=\"text-align: justify\"><a href=\"https:\/\/semmelweis.hu\/jogigfoig\/files\/2017\/10\/127_X_26.pdf\">127\/2017. (X.26.) sz\u00e1m\u00fa hat\u00e1rozata az Oktat\u00e1s-m\u00f3dszertani Centrum l\u00e9trehoz\u00e1s\u00e1r\u00f3l az \u00c1ltal\u00e1nos Orvostudom\u00e1nyi Karon<\/a><\/li>\n<li style=\"text-align: justify\"><a href=\"https:\/\/semmelweis.hu\/jogigfoig\/files\/2017\/10\/128_X_26.pdf\">128\/2017. (X.26.) sz\u00e1m\u00fa hat\u00e1rozata a 89\/2017. (VI.29.) sz\u00e1m\u00fa hat\u00e1rozattal elfogadott tantervekhez tartoz\u00f3 tant\u00e1rgyi programok elfogad\u00e1s\u00e1r\u00f3l<\/a><\/li>\n<li style=\"text-align: justify\"><a href=\"https:\/\/semmelweis.hu\/jogigfoig\/files\/2017\/10\/129_X_26.pdf\">129\/2017 (X.26.) sz\u00e1m\u00fa hat\u00e1rozata az \u00e1pol\u00e1s \u00e9s betegell\u00e1t\u00e1s alapszak hang-, besz\u00e9d- \u00e9s nyel\u00e9sterapeuta szakir\u00e1ny m\u00f3dos\u00edtott ind\u00edt\u00e1si anyag\u00e1nak elfogad\u00e1s\u00e1r\u00f3l <\/a><\/li>\n<li style=\"text-align: justify\"><a href=\"https:\/\/semmelweis.hu\/jogigfoig\/files\/2017\/10\/130_X_26.pdf\">130\/2017. (X.26.) sz\u00e1m\u00fa hat\u00e1rozata a Hallgat\u00f3i \u00d6nkorm\u00e1nyzat Alapszab\u00e1lya t\u00e1rgy\u00e1ban<\/a><\/li>\n<li style=\"text-align: justify\"><a href=\"https:\/\/semmelweis.hu\/jogigfoig\/files\/2017\/10\/131_X_26.pdf\">131\/2017. (X.26.) sz\u00e1m\u00fa hat\u00e1rozata a Semmelweis Tudom\u00e1nyos \u00e9s Innov\u00e1ci\u00f3s Alap l\u00e9trehoz\u00e1s\u00e1r\u00f3l sz\u00f3l\u00f3, valamint a Semmelweis Tudom\u00e1nyos \u00e9s Innov\u00e1ci\u00f3s Alap 2017. \u00e9vi szabadon felhaszn\u00e1lhat\u00f3 keret\u00e9nek programstrat\u00e9gi\u00e1j\u00e1r\u00f3l sz\u00f3l\u00f3, a Szen\u00e1tus \u00e1ltal elfogadott el\u0151terjeszt\u00e9sek m\u00f3dos\u00edt\u00e1s\u00e1r\u00f3l<\/a><\/li>\n<li style=\"text-align: justify\"><a href=\"https:\/\/semmelweis.hu\/jogigfoig\/files\/2017\/10\/132_X_26.pdf\">132\/2017. (X.26.) sz\u00e1m\u00fa hat\u00e1rozata a Semmelweis Egyetem Fogorvostudom\u00e1nyi Karon m\u0171k\u00f6d\u0151 szen\u00e1tusi bizotts\u00e1gok szem\u00e9lyi \u00f6sszet\u00e9tele v\u00e1ltoztat\u00e1s\u00e1nak elfogad\u00e1s\u00e1r\u00f3l<\/a><\/li>\n<li style=\"text-align: justify\"><a href=\"https:\/\/semmelweis.hu\/jogigfoig\/files\/2017\/10\/133_X_26.pdf\">133\/2017. (X.26.) sz\u00e1m\u00fa hat\u00e1rozata a Fogorvostudom\u00e1nyi Kar Tanulm\u00e1nyi \u00e9s Vizsga Bizotts\u00e1ga \u00faj \u00fcgyrendj\u00e9nek elfogad\u00e1s\u00e1r\u00f3l<\/a><\/li>\n<li style=\"text-align: justify\"><a href=\"https:\/\/semmelweis.hu\/jogigfoig\/files\/2017\/10\/N_X_26.pdf\">N-X.26.\/2017. sz\u00e1m\u00fa hat\u00e1rozata a szen\u00e1tusi \u00fcl\u00e9s napirendi pontjainak elfogad\u00e1s\u00e1r\u00f3l<\/a><\/li>\n<\/ul>\n","protected":false},"excerpt":{"rendered":"<p><a href=\"https:\/\/semmelweis.hu\/jogigfoig\/files\/2017\/10\/111_X_26.pdf\">111\/2017. (X.26.) sz\u00e1m\u00fa hat\u00e1rozata a Szervezeti \u00e9s M\u0171k\u00f6d\u00e9si Szab\u00e1lyzat egyes rendelkez\u00e9seinek m\u00f3dos\u00edt\u00e1s\u00e1r\u00f3l<\/a><br \/>\n<a href=\"https:\/\/semmelweis.hu\/jogigfoig\/files\/2017\/10\/112_X_26.pdf\">112\/2017. (X.26.) sz\u00e1m\u00fa hat\u00e1rozata a felv\u00e9teli elj\u00e1r\u00e1sr\u00f3l sz\u00f3l\u00f3 szab\u00e1lyzat m\u00f3dos\u00edt\u00e1s\u00e1nak elfogad\u00e1s\u00e1r\u00f3l<\/a><br \/>\n<a href=\"https:\/\/semmelweis.hu\/jogigfoig\/files\/2017\/10\/113_X_26.pdf\">113\/2017. (X.26.) sz\u00e1m\u00fa hat\u00e1rozata a \u201eJ\u00f3 tanul\u00f3 \u2013 j\u00f3 sportol\u00f3\u201d kit\u00fcntet\u0151 c\u00edm adom\u00e1nyoz\u00e1s\u00e1r\u00f3l sz\u00f3l\u00f3 szab\u00e1lyzat m\u00f3dos\u00edt\u00e1s\u00e1r\u00f3l<\/a><br \/>\n<a href=\"https:\/\/semmelweis.hu\/jogigfoig\/files\/2017\/10\/114_X_26.pdf\">114\/2017. (X. 26.) sz\u00e1m\u00fa hat\u00e1rozata a Klinikus kutat\u00f3i t\u00e1mogat\u00e1s elj\u00e1r\u00e1srendj\u00e9r\u0151l sz\u00f3l\u00f3 szab\u00e1lyzat elfogad\u00e1s\u00e1r\u00f3l<\/a><br \/>\n<a href=\"https:\/\/semmelweis.hu\/jogigfoig\/files\/2017\/10\/115_X_26.pdf\">115\/2017 (X.26.) sz\u00e1m\u00fa hat\u00e1rozata a 2017. \u00e9vi \u201eKlinikus Kutat\u00f3i\u201d t\u00e1mogat\u00e1s oda\u00edt\u00e9l\u00e9s\u00e9r\u0151l<\/a><br \/>\n<a href=\"https:\/\/semmelweis.hu\/jogigfoig\/files\/2017\/10\/116_X_26.pdf\">116\/2017. (X.26.) hat\u00e1rozata az Erasmus+ Szab\u00e1lyzat elfogad\u00e1s\u00e1r\u00f3l<\/a><br \/>\n<a href=\"https:\/\/semmelweis.hu\/jogigfoig\/files\/2017\/10\/117_X_26.pdf\">117\/2017. (X.26.) sz\u00e1m\u00fa hat\u00e1rozata a Pet\u0151 Andr\u00e1s Kar \u00e1lland\u00f3 bizotts\u00e1gai szem\u00e9lyi \u00f6sszet\u00e9tel\u00e9nek meg\u00e1llap\u00edt\u00e1s\u00e1r\u00f3l<\/a><br \/>\n<a href=\"https:\/\/semmelweis.hu\/jogigfoig\/files\/2017\/10\/118_X_26.pdf\">118\/2017. (X.26.) sz\u00e1m\u00fa hat\u00e1rozata a Pet\u0151 Andr\u00e1s Kar oktat\u00e1si d\u00e9k\u00e1nhelyettesi megb\u00edz\u00e1s\u00e1ra be\u00e9rkezett p\u00e1ly\u00e1zat v\u00e9lem\u00e9nyez\u00e9s\u00e9hez k\u00e9sz\u00fclt el\u0151terjeszt\u00e9s elfogad\u00e1s\u00e1r\u00f3l<\/a><br \/>\n<a href=\"https:\/\/semmelweis.hu\/jogigfoig\/files\/2017\/10\/119_X_26.pdf\">119\/2017. (X.26.) sz\u00e1m\u00fa hat\u00e1rozata az \u00c1ltal\u00e1nos Orvostudom\u00e1nyi Karon meghirdetett soron k\u00edv\u00fcli egyetemi docensi \u00e1ll\u00e1shelyekre be\u00e9rkezett p\u00e1ly\u00e1zatok v\u00e9lem\u00e9nyez\u00e9s\u00e9r\u0151l<\/a><br \/>\n<a href=\"https:\/\/semmelweis.hu\/jogigfoig\/files\/2017\/10\/120_X_26.pdf\">120\/2017. (X.26.) sz\u00e1m\u00fa hat\u00e1rozata az \u00c1ltal\u00e1nos Orvostudom\u00e1nyi Kar Biofizikai \u00e9s Sug\u00e1rbiol\u00f3giai Int\u00e9zet\u00e9ben meghirdetett tudom\u00e1nyos f\u0151munkat\u00e1rsi \u00e1ll\u00e1shelyekre be\u00e9rkezett p\u00e1ly\u00e1zatok v\u00e9lem\u00e9nyez\u00e9s\u00e9r\u0151l<\/a><br \/>\n<a href=\"https:\/\/semmelweis.hu\/jogigfoig\/files\/2017\/10\/121_X_26.pdf\">121\/2017. (X.26.) sz\u00e1m\u00fa hat\u00e1rozata az Eg\u00e9szs\u00e9gtudom\u00e1nyi Kar Morfol\u00f3giai \u00e9s Fiziol\u00f3giai Tansz\u00e9k\u00e9n meghirdetett f\u0151iskolai docensi \u00e1ll\u00e1shelyre be\u00e9rkezett p\u00e1ly\u00e1zat v\u00e9lem\u00e9nyez\u00e9s\u00e9r\u0151l<\/a><br \/>\n<a href=\"https:\/\/semmelweis.hu\/jogigfoig\/files\/2017\/10\/122_X_26.pdf\">122\/2017. (X.26.) sz\u00e1m\u00fa hat\u00e1rozata Az egyetemi kit\u00fcntet\u00e9sek, d\u00edjak adom\u00e1nyoz\u00e1s\u00e1r\u00f3l, valamint az \u00e1llami kit\u00fcntet\u00e9sek felterjeszt\u00e9si elj\u00e1r\u00e1s\u00e1r\u00f3l sz\u00f3l\u00f3 szab\u00e1lyzat m\u00f3dos\u00edt\u00e1s\u00e1r\u00f3l<\/a><br \/>\n<a href=\"https:\/\/semmelweis.hu\/jogigfoig\/files\/2017\/10\/123_X_26.pdf\">123\/2017. (X.26.) sz\u00e1m\u00fa hat\u00e1rozata a 2017. \u00e9vi kiv\u00e1l\u00f3s\u00e1gi jutalomr\u00f3l, valamint aj\u00e1nd\u00e9kutalv\u00e1ny juttat\u00e1s\u00e1r\u00f3l sz\u00f3l\u00f3 t\u00e1j\u00e9koztat\u00f3r\u00f3l<\/a><br \/>\n<a href=\"https:\/\/semmelweis.hu\/jogigfoig\/files\/2017\/10\/124_X_26.pdf\">124\/2017 (X.26.) sz\u00e1m\u00fa hat\u00e1rozata az Eg\u00e9szs\u00e9g\u00fcgyi K\u00f6zszolg\u00e1lati Kar Szen\u00e1tus \u00e1ltal l\u00e9trehozott Etikai \u00e9s Fegyelmi Bizotts\u00e1g szem\u00e9lyi \u00f6sszet\u00e9tel\u00e9nek meg\u00faj\u00edt\u00e1s\u00e1r\u00f3l<\/a><br \/>\n<a href=\"https:\/\/semmelweis.hu\/jogigfoig\/files\/2017\/10\/125_X_26.pdf\">125\/2017. (X. 26.) sz\u00e1m\u00fa hat\u00e1rozata a K\u00fcls\u0151 megb\u00edz\u00e1s\u00fa preklinikai, klinikai \u00e9s nemklinikai vizsg\u00e1latok szab\u00e1lyair\u00f3l sz\u00f3l\u00f3 szab\u00e1lyzat m\u00f3dos\u00edt\u00e1s\u00e1r\u00f3l<\/a><br \/>\n<a href=\"https:\/\/semmelweis.hu\/jogigfoig\/files\/2017\/10\/126_X_26.pdf\">126\/2017. (X.26.) sz\u00e1m\u00fa hat\u00e1rozata a Sz\u00edvseb\u00e9szeti Tansz\u00e9ki Csoport l\u00e9trehoz\u00e1s\u00e1r\u00f3l a Kardiol\u00f3giai Tansz\u00e9khez rendelten<\/a><br \/>\n<a href=\"https:\/\/semmelweis.hu\/jogigfoig\/files\/2017\/10\/127_X_26.pdf\">127\/2017. (X.26.) sz\u00e1m\u00fa hat\u00e1rozata az Oktat\u00e1s-m\u00f3dszertani Centrum l\u00e9trehoz\u00e1s\u00e1r\u00f3l az \u00c1ltal\u00e1nos Orvostudom\u00e1nyi Karon<\/a><br \/>\n<a href=\"https:\/\/semmelweis.hu\/jogigfoig\/files\/2017\/10\/128_X_26.pdf\">128\/2017. (X.26.) sz\u00e1m\u00fa hat\u00e1rozata a 89\/2017. (VI.29.) sz\u00e1m\u00fa hat\u00e1rozattal elfogadott tantervekhez tartoz\u00f3 tant\u00e1rgyi programok elfogad\u00e1s\u00e1r\u00f3l<\/a><br \/>\n<a href=\"https:\/\/semmelweis.hu\/jogigfoig\/files\/2017\/10\/129_X_26.pdf\">129\/2017 (X.26.) sz\u00e1m\u00fa hat\u00e1rozata az \u00e1pol\u00e1s \u00e9s betegell\u00e1t\u00e1s alapszak hang-, besz\u00e9d- \u00e9s nyel\u00e9sterapeuta szakir\u00e1ny m\u00f3dos\u00edtott ind\u00edt\u00e1si anyag\u00e1nak elfogad\u00e1s\u00e1r\u00f3l <\/a><br \/>\n<a href=\"https:\/\/semmelweis.hu\/jogigfoig\/files\/2017\/10\/130_X_26.pdf\">130\/2017. (X.26.) sz\u00e1m\u00fa hat\u00e1rozata a Hallgat\u00f3i \u00d6nkorm\u00e1nyzat Alapszab\u00e1lya t\u00e1rgy\u00e1ban<\/a><br \/>\n<a href=\"https:\/\/semmelweis.hu\/jogigfoig\/files\/2017\/10\/131_X_26.pdf\">131\/2017. (X.26.) sz\u00e1m\u00fa hat\u00e1rozata a Semmelweis Tudom\u00e1nyos \u00e9s Innov\u00e1ci\u00f3s Alap l\u00e9trehoz\u00e1s\u00e1r\u00f3l sz\u00f3l\u00f3, valamint a Semmelweis Tudom\u00e1nyos \u00e9s Innov\u00e1ci\u00f3s Alap 2017. \u00e9vi szabadon felhaszn\u00e1lhat\u00f3 keret\u00e9nek programstrat\u00e9gi\u00e1j\u00e1r\u00f3l sz\u00f3l\u00f3, a Szen\u00e1tus \u00e1ltal elfogadott el\u0151terjeszt\u00e9sek m\u00f3dos\u00edt\u00e1s\u00e1r\u00f3l<\/a><br \/>\n<a href=\"https:\/\/semmelweis.hu\/jogigfoig\/files\/2017\/10\/132_X_26.pdf\">132\/2017. (X.26.) sz\u00e1m\u00fa hat\u00e1rozata a Semmelweis Egyetem Fogorvostudom\u00e1nyi Karon m\u0171k\u00f6d\u0151 szen\u00e1tusi bizotts\u00e1gok szem\u00e9lyi \u00f6sszet\u00e9tele v\u00e1ltoztat\u00e1s\u00e1nak elfogad\u00e1s\u00e1r\u00f3l<\/a><br \/>\n<a href=\"https:\/\/semmelweis.hu\/jogigfoig\/files\/2017\/10\/133_X_26.pdf\">133\/2017. (X.26.) sz\u00e1m\u00fa hat\u00e1rozata a Fogorvostudom\u00e1nyi Kar Tanulm\u00e1nyi \u00e9s Vizsga Bizotts\u00e1ga \u00faj \u00fcgyrendj\u00e9nek elfogad\u00e1s\u00e1r\u00f3l<\/a><br \/>\n<a href=\"https:\/\/semmelweis.hu\/jogigfoig\/files\/2017\/10\/N_X_26.pdf\">N-X.26.\/2017. sz\u00e1m\u00fa hat\u00e1rozata a szen\u00e1tusi \u00fcl\u00e9s napirendi pontjainak elfogad\u00e1s\u00e1r\u00f3l<\/a><\/p>\n","protected":false},"author":101117,"featured_media":0,"parent":7832,"menu_order":14,"comment_status":"closed","ping_status":"closed","template":"","meta":{"_acf_changed":false,"footnotes":""},"categories":[],"tags":[],"class_list":["post-9559","page","type-page","status-publish","hentry"],"acf":[],"_links":{"self":[{"href":"https:\/\/semmelweis.hu\/jogigfoig\/wp-json\/wp\/v2\/pages\/9559","targetHints":{"allow":["GET"]}}],"collection":[{"href":"https:\/\/semmelweis.hu\/jogigfoig\/wp-json\/wp\/v2\/pages"}],"about":[{"href":"https:\/\/semmelweis.hu\/jogigfoig\/wp-json\/wp\/v2\/types\/page"}],"author":[{"embeddable":true,"href":"https:\/\/semmelweis.hu\/jogigfoig\/wp-json\/wp\/v2\/users\/101117"}],"replies":[{"embeddable":true,"href":"https:\/\/semmelweis.hu\/jogigfoig\/wp-json\/wp\/v2\/comments?post=9559"}],"version-history":[{"count":4,"href":"https:\/\/semmelweis.hu\/jogigfoig\/wp-json\/wp\/v2\/pages\/9559\/revisions"}],"predecessor-version":[{"id":9589,"href":"https:\/\/semmelweis.hu\/jogigfoig\/wp-json\/wp\/v2\/pages\/9559\/revisions\/9589"}],"up":[{"embeddable":true,"href":"https:\/\/semmelweis.hu\/jogigfoig\/wp-json\/wp\/v2\/pages\/7832"}],"wp:attachment":[{"href":"https:\/\/semmelweis.hu\/jogigfoig\/wp-json\/wp\/v2\/media?parent=9559"}],"wp:term":[{"taxonomy":"category","embeddable":true,"href":"https:\/\/semmelweis.hu\/jogigfoig\/wp-json\/wp\/v2\/categories?post=9559"},{"taxonomy":"post_tag","embeddable":true,"href":"https:\/\/semmelweis.hu\/jogigfoig\/wp-json\/wp\/v2\/tags?post=9559"}],"curies":[{"name":"wp","href":"https:\/\/api.w.org\/{rel}","templated":true}]}}