{"id":95435,"date":"2024-12-19T22:26:53","date_gmt":"2024-12-19T21:26:53","guid":{"rendered":"https:\/\/semmelweis.hu\/jogigfoig\/?page_id=95435"},"modified":"2025-01-06T08:44:45","modified_gmt":"2025-01-06T07:44:45","slug":"2024-december-16","status":"publish","type":"page","link":"https:\/\/semmelweis.hu\/jogigfoig\/testuletek\/szenatus\/2024-evi-szenatusi-hatarozatok\/2024-december-16\/","title":{"rendered":"2024. december 16."},"content":{"rendered":"<p><a href=\"https:\/\/semmelweis.hu\/jogigfoig\/files\/2024\/12\/N_9_2024_hatarozat.pdf\">A Semmelweis Egyetem\u00a0Szen\u00e1tus\u00e1nak\u00a0N-9.2024. (XII.16.) sz\u00e1m\u00fa hat\u00e1rozata\u00a0a szen\u00e1tusi \u00fcl\u00e9s napirendj\u00e9r\u0151l<\/a><\/p>\n<p style=\"text-align: justify\"><a href=\"https:\/\/semmelweis.hu\/jogigfoig\/files\/2024\/12\/111.pdf\">A Semmelweis Egyetem Szen\u00e1tus\u00e1nak 111\/2024. (XII.16.) sz\u00e1m\u00fa hat\u00e1rozata a Semmelweis Egyetem Vagyongazd\u00e1lkod\u00e1si terv\u00e9nek 2024. \u00e9vi m\u00f3dos\u00edt\u00e1s\u00e1r\u00f3l<\/a><\/p>\n<p style=\"text-align: justify\"><a href=\"https:\/\/semmelweis.hu\/jogigfoig\/files\/2024\/12\/111_2024_melleklet_fenntartoi-hatarozat.pdf\">A Semmelweis Egyetem Szen\u00e1tus\u00e1nak 111\/2024. (XII.16.) sz\u00e1m\u00fa hat\u00e1rozata a Semmelweis Egyetem Vagyongazd\u00e1lkod\u00e1si terv\u00e9nek 2024. \u00e9vi m\u00f3dos\u00edt\u00e1s\u00e1r\u00f3l &#8211; 1. sz\u00e1m\u00fa mell\u00e9klet fenntart\u00f3i hat\u00e1rozat<\/a><\/p>\n<p style=\"text-align: justify\"><a href=\"https:\/\/semmelweis.hu\/jogigfoig\/files\/2024\/12\/112_2024_2025-evi-koltsegvetes.pdf\">A Semmelweis Egyetem Szen\u00e1tus\u00e1nak 112\/2024. (XII.16.) sz\u00e1m\u00fa hat\u00e1rozata a Semmelweis Egyetem 2025. \u00e9vi Int\u00e9zm\u00e9nyi k\u00f6lts\u00e9gvet\u00e9s\u00e9r\u0151l<\/a><\/p>\n<p style=\"text-align: justify\"><a href=\"https:\/\/semmelweis.hu\/jogigfoig\/files\/2024\/12\/113_2024_Intezmenyfejlesztesi-terv.pdf\">A Semmelweis Egyetem\u00a0Szen\u00e1tus\u00e1nak\u00a0113\/2024. (XII.16.) sz\u00e1m\u00fa hat\u00e1rozata\u00a0az Int\u00e9zm\u00e9nyfejleszt\u00e9si terv elfogad\u00e1s\u00e1r\u00f3l<\/a><\/p>\n<p style=\"text-align: justify\"><a href=\"https:\/\/semmelweis.hu\/jogigfoig\/files\/2024\/12\/113_2024_melleklet_fenntartoi-hatarozat.pdf\">A Semmelweis Egyetem Szen\u00e1tus\u00e1nak 113\/2024. (XII.16.) sz\u00e1m\u00fa hat\u00e1rozata az Int\u00e9zm\u00e9nyfejleszt\u00e9si terv elfogad\u00e1s\u00e1r\u00f3l &#8211; 1. sz\u00e1m\u00fa mell\u00e9klet fenntart\u00f3i hat\u00e1rozat<\/a><\/p>\n<p style=\"text-align: justify\"><a href=\"https:\/\/semmelweis.hu\/jogigfoig\/files\/2024\/12\/114_2024_KK-Ugyrend.pdf\">A Semmelweis Egyetem Szen\u00e1tus\u00e1nak 114\/2024. (XII.16.) sz\u00e1m\u00fa hat\u00e1rozata a Klinikai K\u00f6zpont Szervezeti \u00dcgyrendj\u00e9nek m\u00f3dos\u00edt\u00e1s\u00e1r\u00f3l<\/a><\/p>\n<p style=\"text-align: justify\"><a href=\"https:\/\/semmelweis.hu\/jogigfoig\/files\/2024\/12\/115_2024_Kulso-Kutatasi-Munkakat-Velemenyezo-Bizottsag-szemelyi-osszetetelenek-megujitasa.pdf\">A Semmelweis Egyetem Szen\u00e1tus\u00e1nak 115\/2024. (XII.16.) sz\u00e1m\u00fa hat\u00e1rozata a K\u00fcls\u0151 Kutat\u00e1si Munk\u00e1kat V\u00e9lem\u00e9nyez\u0151 Bizotts\u00e1g szem\u00e9lyi \u00f6sszet\u00e9tel\u00e9nek meg\u00faj\u00edt\u00e1s\u00e1r\u00f3l<\/a><\/p>\n<p style=\"text-align: justify\"><a href=\"https:\/\/semmelweis.hu\/jogigfoig\/files\/2024\/12\/116_2024_FB-szemelyi-osszetetel.pdf\">A Semmelweis Egyetem Szen\u00e1tus\u00e1nak 116\/2024. (XII.16.) sz\u00e1m\u00fa hat\u00e1rozata a Fel\u00fclb\u00edr\u00e1lati Bizotts\u00e1g szem\u00e9lyi \u00f6sszet\u00e9tel\u00e9nek a meg\u00faj\u00edt\u00e1s\u00e1r\u00f3l<\/a><\/p>\n<p style=\"text-align: justify\"><a href=\"https:\/\/semmelweis.hu\/jogigfoig\/files\/2024\/12\/117_2024_Kivalo-Tudomanyos-Diakkori-Nevelok.pdf\">A Semmelweis Egyetem\u00a0Szen\u00e1tus\u00e1nak\u00a0117\/2024. (XII.16.) sz\u00e1m\u00fa hat\u00e1rozata\u00a0a \u201eSemmelweis Egyetem Kiv\u00e1l\u00f3 Tudom\u00e1nyos Di\u00e1kk\u00f6ri Nevel\u0151je\u201d\u00a0kit\u00fcntet\u0151 c\u00edm adom\u00e1nyoz\u00e1s\u00e1r\u00f3l<\/a><\/p>\n<p style=\"text-align: justify\"><a href=\"https:\/\/semmelweis.hu\/jogigfoig\/files\/2024\/12\/118_2024_SzMSz-es-Adatvedelmi-szabalyzat-modositasa.pdf\">A Semmelweis Egyetem Szen\u00e1tus\u00e1nak 118\/2024. (XII.16.) sz\u00e1m\u00fa hat\u00e1rozata a Szervezeti \u00e9s M\u0171k\u00f6d\u00e9si Szab\u00e1lyzat egyes rendelkez\u00e9seinek m\u00f3dos\u00edt\u00e1s\u00e1r\u00f3l<\/a><\/p>\n<p style=\"text-align: justify\"><a href=\"https:\/\/semmelweis.hu\/jogigfoig\/files\/2024\/12\/118_2024_SzMSz-es-Adatvedelmi-szabalyzat-modositasa_1-sz-melleklet.pdf\">A Semmelweis Egyetem Szen\u00e1tus\u00e1nak 118\/2024. (XII.16.) sz\u00e1m\u00fa hat\u00e1rozata a Szervezeti \u00e9s M\u0171k\u00f6d\u00e9si Szab\u00e1lyzat egyes rendelkez\u00e9seinek m\u00f3dos\u00edt\u00e1s\u00e1r\u00f3l &#8211; 1. sz\u00e1m\u00fa mell\u00e9klet<\/a><\/p>\n<p style=\"text-align: justify\"><a href=\"https:\/\/semmelweis.hu\/jogigfoig\/files\/2024\/12\/118_2024_SzMSz-es-Adatvedelmi-szabalyzat-modositasa_2-sz-melleklet.pdf\">A Semmelweis Egyetem Szen\u00e1tus\u00e1nak 118\/2024. (XII.16.) sz\u00e1m\u00fa hat\u00e1rozata a Szervezeti \u00e9s M\u0171k\u00f6d\u00e9si Szab\u00e1lyzat egyes rendelkez\u00e9seinek m\u00f3dos\u00edt\u00e1s\u00e1r\u00f3l &#8211; 2. sz\u00e1m\u00fa mell\u00e9klet<\/a><\/p>\n<p style=\"text-align: justify\"><a href=\"https:\/\/semmelweis.hu\/jogigfoig\/files\/2024\/12\/118_2024_SzMSz-es-Adatvedelmi-szabalyzat-modositasa_3-sz-melleklet.pdf\">A Semmelweis Egyetem Szen\u00e1tus\u00e1nak 118\/2024. (XII.16.) sz\u00e1m\u00fa hat\u00e1rozata a Szervezeti \u00e9s M\u0171k\u00f6d\u00e9si Szab\u00e1lyzat egyes rendelkez\u00e9seinek m\u00f3dos\u00edt\u00e1s\u00e1r\u00f3l &#8211; 3. sz\u00e1m\u00fa mell\u00e9klet<\/a><\/p>\n<p style=\"text-align: justify\"><a href=\"https:\/\/semmelweis.hu\/jogigfoig\/files\/2024\/12\/119_2024_Igazgatosagok-alatti-szervezeti-egysegek_tajekoztato.pdf\">A Semmelweis Egyetem Szen\u00e1tus\u00e1nak 119\/2024. (XII.16.) sz\u00e1m\u00fa hat\u00e1rozata az igazgat\u00f3s\u00e1g szintj\u00e9t el nem \u00e9r\u0151 szervezeti v\u00e1ltoz\u00e1sokr\u00f3l sz\u00f3l\u00f3 el\u0151terjeszt\u00e9s elfogad\u00e1s\u00e1r\u00f3l<\/a><\/p>\n<p style=\"text-align: justify\"><a href=\"https:\/\/semmelweis.hu\/jogigfoig\/files\/2024\/12\/120_2024_DOK-Alapszabaly-modositas.pdf\">A Semmelweis Egyetem Szen\u00e1tus\u00e1nak 120\/2024. (XII.16.) sz\u00e1m\u00fa hat\u00e1rozata a Doktorandusz \u00d6nkorm\u00e1nyzat Alapszab\u00e1ly\u00e1nak m\u00f3dos\u00edt\u00e1s\u00e1r\u00f3l<\/a><\/p>\n","protected":false},"excerpt":{"rendered":"<p><a href=\"https:\/\/semmelweis.hu\/jogigfoig\/files\/2024\/12\/N_9_2024_hatarozat.pdf\">A Semmelweis Egyetem\u00a0Szen\u00e1tus\u00e1nak\u00a0N-9.2024. (XII.16.) sz\u00e1m\u00fa hat\u00e1rozata\u00a0a szen\u00e1tusi \u00fcl\u00e9s napirendj\u00e9r\u0151l<\/a><br \/>\n<a href=\"https:\/\/semmelweis.hu\/jogigfoig\/files\/2024\/12\/111.pdf\">A Semmelweis Egyetem Szen\u00e1tus\u00e1nak 111\/2024. (XII.16.) sz\u00e1m\u00fa hat\u00e1rozata a Semmelweis Egyetem Vagyongazd\u00e1lkod\u00e1si terv\u00e9nek 2024. \u00e9vi m\u00f3dos\u00edt\u00e1s\u00e1r\u00f3l<\/a><br \/>\n<a href=\"https:\/\/semmelweis.hu\/jogigfoig\/files\/2024\/12\/111_2024_melleklet_fenntartoi-hatarozat.pdf\">A Semmelweis Egyetem Szen\u00e1tus\u00e1nak 111\/2024. (XII.16.) sz\u00e1m\u00fa hat\u00e1rozata a Semmelweis Egyetem Vagyongazd\u00e1lkod\u00e1si terv\u00e9nek 2024. \u00e9vi m\u00f3dos\u00edt\u00e1s\u00e1r\u00f3l &#8211; 1. sz\u00e1m\u00fa mell\u00e9klet fenntart\u00f3i hat\u00e1rozat<\/a><br \/>\n<a href=\"https:\/\/semmelweis.hu\/jogigfoig\/files\/2024\/12\/112_2024_2025-evi-koltsegvetes.pdf\">A Semmelweis Egyetem Szen\u00e1tus\u00e1nak 112\/2024. (XII.16.) sz\u00e1m\u00fa hat\u00e1rozata a Semmelweis Egyetem 2025. \u00e9vi Int\u00e9zm\u00e9nyi k\u00f6lts\u00e9gvet\u00e9s\u00e9r\u0151l<\/a><br \/>\n<a href=\"https:\/\/semmelweis.hu\/jogigfoig\/files\/2024\/12\/113_2024_Intezmenyfejlesztesi-terv.pdf\">A Semmelweis Egyetem\u00a0Szen\u00e1tus\u00e1nak\u00a0113\/2024. (XII.16.) sz\u00e1m\u00fa hat\u00e1rozata\u00a0az Int\u00e9zm\u00e9nyfejleszt\u00e9si terv elfogad\u00e1s\u00e1r\u00f3l<\/a><br \/>\n<a href=\"https:\/\/semmelweis.hu\/jogigfoig\/files\/2024\/12\/113_2024_melleklet_fenntartoi-hatarozat.pdf\">A Semmelweis Egyetem Szen\u00e1tus\u00e1nak 113\/2024. (XII.16.) sz\u00e1m\u00fa hat\u00e1rozata az Int\u00e9zm\u00e9nyfejleszt\u00e9si terv elfogad\u00e1s\u00e1r\u00f3l &#8211; 1. sz\u00e1m\u00fa mell\u00e9klet fenntart\u00f3i hat\u00e1rozat<\/a><br \/>\n<a href=\"https:\/\/semmelweis.hu\/jogigfoig\/files\/2024\/12\/114_2024_KK-Ugyrend.pdf\">A Semmelweis Egyetem Szen\u00e1tus\u00e1nak 114\/2024. (XII.16.) sz\u00e1m\u00fa hat\u00e1rozata a Klinikai K\u00f6zpont Szervezeti \u00dcgyrendj\u00e9nek m\u00f3dos\u00edt\u00e1s\u00e1r\u00f3l<\/a><br \/>\n<a href=\"https:\/\/semmelweis.hu\/jogigfoig\/files\/2024\/12\/115_2024_Kulso-Kutatasi-Munkakat-Velemenyezo-Bizottsag-szemelyi-osszetetelenek-megujitasa.pdf\">A Semmelweis Egyetem Szen\u00e1tus\u00e1nak 115\/2024. (XII.16.) sz\u00e1m\u00fa hat\u00e1rozata a K\u00fcls\u0151 Kutat\u00e1si Munk\u00e1kat V\u00e9lem\u00e9nyez\u0151 Bizotts\u00e1g szem\u00e9lyi \u00f6sszet\u00e9tel\u00e9nek meg\u00faj\u00edt\u00e1s\u00e1r\u00f3l<\/a><br \/>\n<a href=\"https:\/\/semmelweis.hu\/jogigfoig\/files\/2024\/12\/116_2024_FB-szemelyi-osszetetel.pdf\">A Semmelweis Egyetem Szen\u00e1tus\u00e1nak 116\/2024. (XII.16.) sz\u00e1m\u00fa hat\u00e1rozata a Fel\u00fclb\u00edr\u00e1lati Bizotts\u00e1g szem\u00e9lyi \u00f6sszet\u00e9tel\u00e9nek a meg\u00faj\u00edt\u00e1s\u00e1r\u00f3l<\/a><br \/>\n<a href=\"https:\/\/semmelweis.hu\/jogigfoig\/files\/2024\/12\/117_2024_Kivalo-Tudomanyos-Diakkori-Nevelok.pdf\">A Semmelweis Egyetem\u00a0Szen\u00e1tus\u00e1nak\u00a0117\/2024. (XII.16.) sz\u00e1m\u00fa hat\u00e1rozata\u00a0a \u201eSemmelweis Egyetem Kiv\u00e1l\u00f3 Tudom\u00e1nyos Di\u00e1kk\u00f6ri Nevel\u0151je\u201d\u00a0kit\u00fcntet\u0151 c\u00edm adom\u00e1nyoz\u00e1s\u00e1r\u00f3l<\/a><br \/>\n<a href=\"https:\/\/semmelweis.hu\/jogigfoig\/files\/2024\/12\/118_2024_SzMSz-es-Adatvedelmi-szabalyzat-modositasa.pdf\">A Semmelweis Egyetem Szen\u00e1tus\u00e1nak 118\/2024. (XII.16.) sz\u00e1m\u00fa hat\u00e1rozata a Szervezeti \u00e9s M\u0171k\u00f6d\u00e9si Szab\u00e1lyzat egyes rendelkez\u00e9seinek m\u00f3dos\u00edt\u00e1s\u00e1r\u00f3l<\/a><br \/>\n<a href=\"https:\/\/semmelweis.hu\/jogigfoig\/files\/2024\/12\/118_2024_SzMSz-es-Adatvedelmi-szabalyzat-modositasa_1-sz-melleklet.pdf\">A Semmelweis Egyetem Szen\u00e1tus\u00e1nak 118\/2024. (XII.16.) sz\u00e1m\u00fa hat\u00e1rozata a Szervezeti \u00e9s M\u0171k\u00f6d\u00e9si Szab\u00e1lyzat egyes rendelkez\u00e9seinek m\u00f3dos\u00edt\u00e1s\u00e1r\u00f3l &#8211; 1. sz\u00e1m\u00fa mell\u00e9klet<\/a><br \/>\n<a href=\"https:\/\/semmelweis.hu\/jogigfoig\/files\/2024\/12\/118_2024_SzMSz-es-Adatvedelmi-szabalyzat-modositasa_2-sz-melleklet.pdf\">A Semmelweis Egyetem Szen\u00e1tus\u00e1nak 118\/2024. (XII.16.) sz\u00e1m\u00fa hat\u00e1rozata a Szervezeti \u00e9s M\u0171k\u00f6d\u00e9si Szab\u00e1lyzat egyes rendelkez\u00e9seinek m\u00f3dos\u00edt\u00e1s\u00e1r\u00f3l &#8211; 2. sz\u00e1m\u00fa mell\u00e9klet<\/a><br \/>\n<a href=\"https:\/\/semmelweis.hu\/jogigfoig\/files\/2024\/12\/118_2024_SzMSz-es-Adatvedelmi-szabalyzat-modositasa_3-sz-melleklet.pdf\">A Semmelweis Egyetem Szen\u00e1tus\u00e1nak 118\/2024. (XII.16.) sz\u00e1m\u00fa hat\u00e1rozata a Szervezeti \u00e9s M\u0171k\u00f6d\u00e9si Szab\u00e1lyzat egyes rendelkez\u00e9seinek m\u00f3dos\u00edt\u00e1s\u00e1r\u00f3l &#8211; 3. sz\u00e1m\u00fa mell\u00e9klet<\/a><br \/>\n<a href=\"https:\/\/semmelweis.hu\/jogigfoig\/files\/2024\/12\/119_2024_Igazgatosagok-alatti-szervezeti-egysegek_tajekoztato.pdf\">A Semmelweis Egyetem Szen\u00e1tus\u00e1nak 119\/2024. (XII.16.) sz\u00e1m\u00fa hat\u00e1rozata az igazgat\u00f3s\u00e1g szintj\u00e9t el nem \u00e9r\u0151 szervezeti v\u00e1ltoz\u00e1sokr\u00f3l sz\u00f3l\u00f3 el\u0151terjeszt\u00e9s elfogad\u00e1s\u00e1r\u00f3l<\/a><br \/>\n<a href=\"https:\/\/semmelweis.hu\/jogigfoig\/files\/2024\/12\/120_2024_DOK-Alapszabaly-modositas.pdf\">A Semmelweis Egyetem Szen\u00e1tus\u00e1nak 120\/2024. (XII.16.) sz\u00e1m\u00fa hat\u00e1rozata a Doktorandusz \u00d6nkorm\u00e1nyzat Alapszab\u00e1ly\u00e1nak m\u00f3dos\u00edt\u00e1s\u00e1r\u00f3l<\/a><\/p>\n","protected":false},"author":101095,"featured_media":0,"parent":89297,"menu_order":13,"comment_status":"closed","ping_status":"closed","template":"","meta":{"_acf_changed":false,"footnotes":""},"categories":[],"tags":[],"class_list":["post-95435","page","type-page","status-publish","hentry"],"acf":[],"_links":{"self":[{"href":"https:\/\/semmelweis.hu\/jogigfoig\/wp-json\/wp\/v2\/pages\/95435","targetHints":{"allow":["GET"]}}],"collection":[{"href":"https:\/\/semmelweis.hu\/jogigfoig\/wp-json\/wp\/v2\/pages"}],"about":[{"href":"https:\/\/semmelweis.hu\/jogigfoig\/wp-json\/wp\/v2\/types\/page"}],"author":[{"embeddable":true,"href":"https:\/\/semmelweis.hu\/jogigfoig\/wp-json\/wp\/v2\/users\/101095"}],"replies":[{"embeddable":true,"href":"https:\/\/semmelweis.hu\/jogigfoig\/wp-json\/wp\/v2\/comments?post=95435"}],"version-history":[{"count":5,"href":"https:\/\/semmelweis.hu\/jogigfoig\/wp-json\/wp\/v2\/pages\/95435\/revisions"}],"predecessor-version":[{"id":95481,"href":"https:\/\/semmelweis.hu\/jogigfoig\/wp-json\/wp\/v2\/pages\/95435\/revisions\/95481"}],"up":[{"embeddable":true,"href":"https:\/\/semmelweis.hu\/jogigfoig\/wp-json\/wp\/v2\/pages\/89297"}],"wp:attachment":[{"href":"https:\/\/semmelweis.hu\/jogigfoig\/wp-json\/wp\/v2\/media?parent=95435"}],"wp:term":[{"taxonomy":"category","embeddable":true,"href":"https:\/\/semmelweis.hu\/jogigfoig\/wp-json\/wp\/v2\/categories?post=95435"},{"taxonomy":"post_tag","embeddable":true,"href":"https:\/\/semmelweis.hu\/jogigfoig\/wp-json\/wp\/v2\/tags?post=95435"}],"curies":[{"name":"wp","href":"https:\/\/api.w.org\/{rel}","templated":true}]}}