{"id":95425,"date":"2024-12-19T21:53:41","date_gmt":"2024-12-19T20:53:41","guid":{"rendered":"https:\/\/semmelweis.hu\/jogigfoig\/?page_id=95425"},"modified":"2025-01-06T08:45:08","modified_gmt":"2025-01-06T07:45:08","slug":"2024-december-18","status":"publish","type":"page","link":"https:\/\/semmelweis.hu\/jogigfoig\/testuletek\/szenatus\/2024-evi-szenatusi-hatarozatok\/2024-december-18\/","title":{"rendered":"2024. december 18."},"content":{"rendered":"<p style=\"text-align: justify\"><a href=\"https:\/\/semmelweis.hu\/jogigfoig\/files\/2024\/12\/121_2024_az-egyes-szabalyzatok-modositasarol.pdf\">A Semmelweis Egyetem Szen\u00e1tus\u00e1nak 121\/2024. (XII.18.) sz\u00e1m\u00fa hat\u00e1rozata az egyes szab\u00e1lyzatok m\u00f3dos\u00edt\u00e1s\u00e1r\u00f3l<\/a><\/p>\n<p style=\"text-align: justify\"><a href=\"https:\/\/semmelweis.hu\/jogigfoig\/files\/2024\/12\/121_2024_1-sz-melleklet.pdf\">A Semmelweis Egyetem Szen\u00e1tus\u00e1nak 121\/2024. (XII.18.) sz\u00e1m\u00fa hat\u00e1rozata az egyes szab\u00e1lyzatok m\u00f3dos\u00edt\u00e1s\u00e1r\u00f3l &#8211; 1. sz\u00e1m\u00fa mell\u00e9klet<\/a><\/p>\n<p style=\"text-align: justify\"><a href=\"https:\/\/semmelweis.hu\/jogigfoig\/files\/2024\/12\/121_2024_2-sz-melleklet.pdf\">A Semmelweis Egyetem Szen\u00e1tus\u00e1nak 121\/2024. (XII.18.) sz\u00e1m\u00fa hat\u00e1rozata az egyes szab\u00e1lyzatok m\u00f3dos\u00edt\u00e1s\u00e1r\u00f3l &#8211; 2. sz\u00e1m\u00fa mell\u00e9klet<\/a><\/p>\n<p style=\"text-align: justify\"><a href=\"https:\/\/semmelweis.hu\/jogigfoig\/files\/2024\/12\/121_2024_3-sz-melleklet.pdf\">A Semmelweis Egyetem Szen\u00e1tus\u00e1nak 121\/2024. (XII.18.) sz\u00e1m\u00fa hat\u00e1rozata az egyes szab\u00e1lyzatok m\u00f3dos\u00edt\u00e1s\u00e1r\u00f3l &#8211; 3. sz\u00e1m\u00fa mell\u00e9klet<\/a><\/p>\n<p style=\"text-align: justify\"><a href=\"https:\/\/semmelweis.hu\/jogigfoig\/files\/2024\/12\/121_2024_4-sz-melleklet.pdf\">A Semmelweis Egyetem Szen\u00e1tus\u00e1nak 121\/2024. (XII.18.) sz\u00e1m\u00fa hat\u00e1rozata az egyes szab\u00e1lyzatok m\u00f3dos\u00edt\u00e1s\u00e1r\u00f3l &#8211; 4. sz\u00e1m\u00fa mell\u00e9klet<\/a><\/p>\n<p style=\"text-align: justify\">\u00a0<\/p>\n","protected":false},"excerpt":{"rendered":"<p><a href=\"https:\/\/semmelweis.hu\/jogigfoig\/files\/2024\/12\/121_2024_az-egyes-szabalyzatok-modositasarol.pdf\">A Semmelweis Egyetem Szen\u00e1tus\u00e1nak 121\/2024. (XII.18.) sz\u00e1m\u00fa hat\u00e1rozata az egyes szab\u00e1lyzatok m\u00f3dos\u00edt\u00e1s\u00e1r\u00f3l<\/a><br \/>\n<a href=\"https:\/\/semmelweis.hu\/jogigfoig\/files\/2024\/12\/121_2024_1-sz-melleklet.pdf\">A Semmelweis Egyetem Szen\u00e1tus\u00e1nak 121\/2024. (XII.18.) sz\u00e1m\u00fa hat\u00e1rozata az egyes szab\u00e1lyzatok m\u00f3dos\u00edt\u00e1s\u00e1r\u00f3l &#8211; 1. sz\u00e1m\u00fa mell\u00e9klet<\/a><br \/>\n<a href=\"https:\/\/semmelweis.hu\/jogigfoig\/files\/2024\/12\/121_2024_2-sz-melleklet.pdf\">A Semmelweis Egyetem Szen\u00e1tus\u00e1nak 121\/2024. (XII.18.) sz\u00e1m\u00fa hat\u00e1rozata az egyes szab\u00e1lyzatok m\u00f3dos\u00edt\u00e1s\u00e1r\u00f3l &#8211; 2. sz\u00e1m\u00fa mell\u00e9klet<\/a><br \/>\n<a href=\"https:\/\/semmelweis.hu\/jogigfoig\/files\/2024\/12\/121_2024_3-sz-melleklet.pdf\">A Semmelweis Egyetem Szen\u00e1tus\u00e1nak 121\/2024. (XII.18.) sz\u00e1m\u00fa hat\u00e1rozata az egyes szab\u00e1lyzatok m\u00f3dos\u00edt\u00e1s\u00e1r\u00f3l &#8211; 3. sz\u00e1m\u00fa mell\u00e9klet<\/a><br \/>\n<a href=\"https:\/\/semmelweis.hu\/jogigfoig\/files\/2024\/12\/121_2024_4-sz-melleklet.pdf\">A Semmelweis Egyetem Szen\u00e1tus\u00e1nak 121\/2024. (XII.18.) sz\u00e1m\u00fa hat\u00e1rozata az egyes szab\u00e1lyzatok m\u00f3dos\u00edt\u00e1s\u00e1r\u00f3l &#8211; 4. sz\u00e1m\u00fa mell\u00e9klet<\/a><br \/>\n\u00a0<\/p>\n","protected":false},"author":101095,"featured_media":0,"parent":89297,"menu_order":14,"comment_status":"closed","ping_status":"closed","template":"","meta":{"_acf_changed":false,"footnotes":""},"categories":[],"tags":[],"class_list":["post-95425","page","type-page","status-publish","hentry"],"acf":[],"_links":{"self":[{"href":"https:\/\/semmelweis.hu\/jogigfoig\/wp-json\/wp\/v2\/pages\/95425","targetHints":{"allow":["GET"]}}],"collection":[{"href":"https:\/\/semmelweis.hu\/jogigfoig\/wp-json\/wp\/v2\/pages"}],"about":[{"href":"https:\/\/semmelweis.hu\/jogigfoig\/wp-json\/wp\/v2\/types\/page"}],"author":[{"embeddable":true,"href":"https:\/\/semmelweis.hu\/jogigfoig\/wp-json\/wp\/v2\/users\/101095"}],"replies":[{"embeddable":true,"href":"https:\/\/semmelweis.hu\/jogigfoig\/wp-json\/wp\/v2\/comments?post=95425"}],"version-history":[{"count":5,"href":"https:\/\/semmelweis.hu\/jogigfoig\/wp-json\/wp\/v2\/pages\/95425\/revisions"}],"predecessor-version":[{"id":95482,"href":"https:\/\/semmelweis.hu\/jogigfoig\/wp-json\/wp\/v2\/pages\/95425\/revisions\/95482"}],"up":[{"embeddable":true,"href":"https:\/\/semmelweis.hu\/jogigfoig\/wp-json\/wp\/v2\/pages\/89297"}],"wp:attachment":[{"href":"https:\/\/semmelweis.hu\/jogigfoig\/wp-json\/wp\/v2\/media?parent=95425"}],"wp:term":[{"taxonomy":"category","embeddable":true,"href":"https:\/\/semmelweis.hu\/jogigfoig\/wp-json\/wp\/v2\/categories?post=95425"},{"taxonomy":"post_tag","embeddable":true,"href":"https:\/\/semmelweis.hu\/jogigfoig\/wp-json\/wp\/v2\/tags?post=95425"}],"curies":[{"name":"wp","href":"https:\/\/api.w.org\/{rel}","templated":true}]}}