{"id":95281,"date":"2024-12-12T09:50:50","date_gmt":"2024-12-12T08:50:50","guid":{"rendered":"https:\/\/semmelweis.hu\/jogigfoig\/?page_id=95281"},"modified":"2026-04-14T14:08:49","modified_gmt":"2026-04-14T12:08:49","slug":"szervezeti-es-mukodesi-szabalyzat-iii-konyv-hallgatoi-kovetelmenyrendszer-iii-4-resz-teritesi-es-juttatasi-szabalyzat-es-mellekletei","status":"publish","type":"page","link":"https:\/\/semmelweis.hu\/jogigfoig\/dokumentumtar\/szabalyzattar\/szervezeti-es-mukodesi-szabalyzat\/iii-konyv-hkr\/szervezeti-es-mukodesi-szabalyzat-iii-konyv-hallgatoi-kovetelmenyrendszer-iii-4-resz-teritesi-es-juttatasi-szabalyzat-es-mellekletei\/","title":{"rendered":"SZMSZ III. K\u00f6nyv HKR III.4. R\u00e9sz T\u00e9r\u00edt\u00e9si \u00e9s Juttat\u00e1si Szab\u00e1lyzat \u00e9s mell\u00e9kletei"},"content":{"rendered":"<p><a href=\"https:\/\/semmelweis.hu\/jogigfoig\/files\/2026\/03\/SZMSZ_HKR_III_KONYV_III_4_RESZ_Teritesi_es_Juttatasi_Szabalyzat_korr_hatalyos_20260304-tol.pdf\">III.4. R\u00c9SZ \u2013 T\u00c9R\u00cdT\u00c9SI \u00c9S JUTTAT\u00c1SI SZAB\u00c1LYZAT<\/a><\/p>\n<hr \/>\n<p><a href=\"https:\/\/semmelweis.hu\/jogigfoig\/files\/2026\/04\/SZMSZ_HKR_III_KONYV_III_4_RESZ_MELLEKLETEK_Hatalyos_20260331-tol.pdf\">III.4. R\u00c9SZ \u2013 MELL\u00c9KLETEK<\/a><\/p>\n","protected":false},"excerpt":{"rendered":"<p><a href=\"https:\/\/semmelweis.hu\/jogigfoig\/files\/2026\/03\/SZMSZ_HKR_III_KONYV_III_4_RESZ_Teritesi_es_Juttatasi_Szabalyzat_korr_hatalyos_20260304-tol.pdf\">III.4. R\u00c9SZ \u2013 T\u00c9R\u00cdT\u00c9SI \u00c9S JUTTAT\u00c1SI SZAB\u00c1LYZAT<\/a><\/p>\n<p><a href=\"https:\/\/semmelweis.hu\/jogigfoig\/files\/2026\/04\/SZMSZ_HKR_III_KONYV_III_4_RESZ_MELLEKLETEK_Hatalyos_20260331-tol.pdf\">III.4. R\u00c9SZ \u2013 MELL\u00c9KLETEK<\/a><\/p>\n","protected":false},"author":101467,"featured_media":0,"parent":73489,"menu_order":0,"comment_status":"closed","ping_status":"closed","template":"","meta":{"_acf_changed":false,"footnotes":""},"categories":[],"tags":[],"class_list":["post-95281","page","type-page","status-publish","hentry"],"acf":[],"_links":{"self":[{"href":"https:\/\/semmelweis.hu\/jogigfoig\/wp-json\/wp\/v2\/pages\/95281","targetHints":{"allow":["GET"]}}],"collection":[{"href":"https:\/\/semmelweis.hu\/jogigfoig\/wp-json\/wp\/v2\/pages"}],"about":[{"href":"https:\/\/semmelweis.hu\/jogigfoig\/wp-json\/wp\/v2\/types\/page"}],"author":[{"embeddable":true,"href":"https:\/\/semmelweis.hu\/jogigfoig\/wp-json\/wp\/v2\/users\/101467"}],"replies":[{"embeddable":true,"href":"https:\/\/semmelweis.hu\/jogigfoig\/wp-json\/wp\/v2\/comments?post=95281"}],"version-history":[{"count":11,"href":"https:\/\/semmelweis.hu\/jogigfoig\/wp-json\/wp\/v2\/pages\/95281\/revisions"}],"predecessor-version":[{"id":106382,"href":"https:\/\/semmelweis.hu\/jogigfoig\/wp-json\/wp\/v2\/pages\/95281\/revisions\/106382"}],"up":[{"embeddable":true,"href":"https:\/\/semmelweis.hu\/jogigfoig\/wp-json\/wp\/v2\/pages\/73489"}],"wp:attachment":[{"href":"https:\/\/semmelweis.hu\/jogigfoig\/wp-json\/wp\/v2\/media?parent=95281"}],"wp:term":[{"taxonomy":"category","embeddable":true,"href":"https:\/\/semmelweis.hu\/jogigfoig\/wp-json\/wp\/v2\/categories?post=95281"},{"taxonomy":"post_tag","embeddable":true,"href":"https:\/\/semmelweis.hu\/jogigfoig\/wp-json\/wp\/v2\/tags?post=95281"}],"curies":[{"name":"wp","href":"https:\/\/api.w.org\/{rel}","templated":true}]}}