{"id":95102,"date":"2024-12-04T14:12:48","date_gmt":"2024-12-04T13:12:48","guid":{"rendered":"https:\/\/semmelweis.hu\/jogigfoig\/?page_id=95102"},"modified":"2024-12-18T11:17:39","modified_gmt":"2024-12-18T10:17:39","slug":"2024-november-25","status":"publish","type":"page","link":"https:\/\/semmelweis.hu\/jogigfoig\/testuletek\/szenatus\/2024-evi-szenatusi-hatarozatok\/2024-november-25\/","title":{"rendered":"2024. november 25."},"content":{"rendered":"<p style=\"text-align: justify\"><a href=\"https:\/\/semmelweis.hu\/jogigfoig\/files\/2024\/12\/N_8_2024_hatarozat.pdf\">A Semmelweis Egyetem\u00a0Szen\u00e1tus\u00e1nak\u00a0N-8.2024. (XI.25.) sz\u00e1m\u00fa hat\u00e1rozata\u00a0a szen\u00e1tusi \u00fcl\u00e9s napirendj\u00e9r\u0151l<\/a><\/p>\n<p style=\"text-align: justify\"><a href=\"https:\/\/semmelweis.hu\/jogigfoig\/files\/2024\/12\/104_2024_Neumann-Janos-Adattudomanyi-Intezet.pdf\">A Semmelweis Egyetem\u00a0Szen\u00e1tus\u00e1nak\u00a0104\/2024. (XI.25.) sz\u00e1m\u00fa hat\u00e1rozata\u00a0a Neumann J\u00e1nos Adattudom\u00e1nyi Int\u00e9zet l\u00e9trehoz\u00e1s\u00e1r\u00f3l<\/a><\/p>\n<p style=\"text-align: justify\"><a href=\"https:\/\/semmelweis.hu\/jogigfoig\/files\/2024\/12\/104_2024_1-sz-melleklet.pdf\">A Semmelweis Egyetem Szen\u00e1tus\u00e1nak 104\/2024. (XI.25.) sz\u00e1m\u00fa hat\u00e1rozata a Neumann J\u00e1nos Adattudom\u00e1nyi Int\u00e9zet l\u00e9trehoz\u00e1s\u00e1r\u00f3l &#8211; 1. sz\u00e1m\u00fa mell\u00e9klet<\/a><\/p>\n<p style=\"text-align: justify\"><a href=\"https:\/\/semmelweis.hu\/jogigfoig\/files\/2024\/12\/105_2024_beszamolo-az-elozo-eves-rektori-tevekenysegrol.pdf\">A Semmelweis Egyetem\u00a0Szen\u00e1tus\u00e1nak\u00a0105\/2024. (XI.25.) sz\u00e1m\u00fa hat\u00e1rozata\u00a0az el\u0151z\u0151 \u00e9ves rektori tev\u00e9kenys\u00e9gr\u0151l sz\u00f3l\u00f3 besz\u00e1mol\u00f3r\u00f3l<\/a><\/p>\n<p style=\"text-align: justify\"><a href=\"https:\/\/semmelweis.hu\/jogigfoig\/files\/2024\/12\/106_2024_futsal-munkacsarnok.pdf\">A Semmelweis Egyetem\u00a0Szen\u00e1tus\u00e1nak 106\/2024. (XI.25.) sz\u00e1m\u00fa hat\u00e1rozata\u00a0a futsal munkacsarnok l\u00e9trehoz\u00e1s\u00e1r\u00f3l \u00e9s m\u0171k\u00f6dtet\u00e9s\u00e9r\u0151l\u00a0h\u00e1romoldal\u00fa egy\u00fcttm\u0171k\u00f6d\u00e9si meg\u00e1llapod\u00e1s keret\u00e9ben<\/a><\/p>\n<p style=\"text-align: justify\"><a href=\"https:\/\/semmelweis.hu\/jogigfoig\/files\/2024\/12\/107_2024_SzMSZ_HKR_Felveteli-Szabalyzat-mod.pdf\">A Semmelweis Egyetem\u00a0Szen\u00e1tus\u00e1nak\u00a0107\/2024. (XI.25.) sz\u00e1m\u00fa hat\u00e1rozata\u00a0a Semmelweis Egyetem Szervezeti \u00e9s M\u0171k\u00f6d\u00e9si Szab\u00e1lyzat III. K\u00f6nyv Hallgat\u00f3i k\u00f6vetelm\u00e9nyrendszer III.1. R\u00e9sz Felv\u00e9teli Szab\u00e1lyzat m\u00f3dos\u00edt\u00e1s\u00e1r\u00f3l<\/a><\/p>\n<p style=\"text-align: justify\"><a href=\"https:\/\/semmelweis.hu\/jogigfoig\/files\/2024\/12\/107_2024_1-sz-melleklet.pdf\">A Semmelweis Egyetem Szen\u00e1tus\u00e1nak 107\/2024. (XI.25.) sz\u00e1m\u00fa hat\u00e1rozata a Semmelweis Egyetem Szervezeti \u00e9s M\u0171k\u00f6d\u00e9si Szab\u00e1lyzat III. K\u00f6nyv Hallgat\u00f3i k\u00f6vetelm\u00e9nyrendszer III.1. R\u00e9sz Felv\u00e9teli Szab\u00e1lyzat m\u00f3dos\u00edt\u00e1s\u00e1r\u00f3l &#8211; 1. sz\u00e1m\u00fa mell\u00e9klet<\/a><\/p>\n<p style=\"text-align: justify\"><a href=\"https:\/\/semmelweis.hu\/jogigfoig\/files\/2024\/12\/108_2024_Szellemitulajdon-kezelesi-Szabalyzat-mod.pdf\">A Semmelweis Egyetem\u00a0Szen\u00e1tus\u00e1nak\u00a0108\/2024. (XI.25.) sz\u00e1m\u00fa hat\u00e1rozata\u00a0a Szervezeti \u00e9s M\u0171k\u00f6d\u00e9si Szab\u00e1lyzat egyes rendelkez\u00e9seinek m\u00f3dos\u00edt\u00e1s\u00e1r\u00f3l (Szellemitulajdon-kezel\u00e9si Szab\u00e1lyzatra vonatkoz\u00f3an)<\/a><\/p>\n<p style=\"text-align: justify\"><a href=\"https:\/\/semmelweis.hu\/jogigfoig\/files\/2024\/12\/108_2024_1-sz-melleklet.pdf\">A Semmelweis Egyetem Szen\u00e1tus\u00e1nak 108\/2024. (XI.25.) sz\u00e1m\u00fa hat\u00e1rozata a Szervezeti \u00e9s M\u0171k\u00f6d\u00e9si Szab\u00e1lyzat egyes rendelkez\u00e9seinek m\u00f3dos\u00edt\u00e1s\u00e1r\u00f3l (Szellemitulajdon-kezel\u00e9si Szab\u00e1lyzatra vonatkoz\u00f3an) &#8211; 1. sz\u00e1m\u00fa mell\u00e9klet<\/a><\/p>\n<p style=\"text-align: justify\"><a href=\"https:\/\/semmelweis.hu\/jogigfoig\/files\/2024\/12\/109_2024_munkahelyi-mentalhigiene_mintatanterv-mod.pdf\">A Semmelweis Egyetem\u00a0Szen\u00e1tus\u00e1nak\u00a0109\/2024. (XI.25.) sz\u00e1m\u00fa hat\u00e1rozata\u00a0az Eg\u00e9szs\u00e9g\u00fcgyi K\u00f6zszolg\u00e1lati Kar Ment\u00e1lhigi\u00e9n\u00e9 Int\u00e9zet munkahelyi ment\u00e1lhigi\u00e9n\u00e9 szakir\u00e1ny\u00fa tov\u00e1bbk\u00e9pz\u00e9si szak mintatanterv\u00e9nek m\u00f3dos\u00edt\u00e1s\u00e1r\u00f3l<\/a><\/p>\n<p style=\"text-align: justify\"><a href=\"https:\/\/semmelweis.hu\/jogigfoig\/files\/2024\/12\/110_2024_aktualis-vezetoi-kutatoi-palyazatok_v2.pdf\">A Semmelweis Egyetem Szen\u00e1tus\u00e1nak 110\/2024. (XI.25.) sz\u00e1m\u00fa hat\u00e1rozata az aktu\u00e1lis vezet\u0151i, valamint kutat\u00f3i p\u00e1ly\u00e1zatok v\u00e9lem\u00e9nyez\u00e9s\u00e9r\u0151l<\/a><\/p>\n","protected":false},"excerpt":{"rendered":"<p><a href=\"https:\/\/semmelweis.hu\/jogigfoig\/files\/2024\/12\/N_8_2024_hatarozat.pdf\">A Semmelweis Egyetem\u00a0Szen\u00e1tus\u00e1nak\u00a0N-8.2024. (XI.25.) sz\u00e1m\u00fa hat\u00e1rozata\u00a0a szen\u00e1tusi \u00fcl\u00e9s napirendj\u00e9r\u0151l<\/a><br \/>\n<a href=\"https:\/\/semmelweis.hu\/jogigfoig\/files\/2024\/12\/104_2024_Neumann-Janos-Adattudomanyi-Intezet.pdf\">A Semmelweis Egyetem\u00a0Szen\u00e1tus\u00e1nak\u00a0104\/2024. (XI.25.) sz\u00e1m\u00fa hat\u00e1rozata\u00a0a Neumann J\u00e1nos Adattudom\u00e1nyi Int\u00e9zet l\u00e9trehoz\u00e1s\u00e1r\u00f3l<\/a><br \/>\n<a href=\"https:\/\/semmelweis.hu\/jogigfoig\/files\/2024\/12\/104_2024_1-sz-melleklet.pdf\">A Semmelweis Egyetem Szen\u00e1tus\u00e1nak 104\/2024. (XI.25.) sz\u00e1m\u00fa hat\u00e1rozata a Neumann J\u00e1nos Adattudom\u00e1nyi Int\u00e9zet l\u00e9trehoz\u00e1s\u00e1r\u00f3l &#8211; 1. sz\u00e1m\u00fa mell\u00e9klet<\/a><br \/>\n<a href=\"https:\/\/semmelweis.hu\/jogigfoig\/files\/2024\/12\/105_2024_beszamolo-az-elozo-eves-rektori-tevekenysegrol.pdf\">A Semmelweis Egyetem\u00a0Szen\u00e1tus\u00e1nak\u00a0105\/2024. (XI.25.) sz\u00e1m\u00fa hat\u00e1rozata\u00a0az el\u0151z\u0151 \u00e9ves rektori tev\u00e9kenys\u00e9gr\u0151l sz\u00f3l\u00f3 besz\u00e1mol\u00f3r\u00f3l<\/a><br \/>\n<a href=\"https:\/\/semmelweis.hu\/jogigfoig\/files\/2024\/12\/106_2024_futsal-munkacsarnok.pdf\">A Semmelweis Egyetem\u00a0Szen\u00e1tus\u00e1nak 106\/2024. (XI.25.) sz\u00e1m\u00fa hat\u00e1rozata\u00a0a futsal munkacsarnok l\u00e9trehoz\u00e1s\u00e1r\u00f3l \u00e9s m\u0171k\u00f6dtet\u00e9s\u00e9r\u0151l\u00a0h\u00e1romoldal\u00fa egy\u00fcttm\u0171k\u00f6d\u00e9si meg\u00e1llapod\u00e1s keret\u00e9ben<\/a><br \/>\n<a href=\"https:\/\/semmelweis.hu\/jogigfoig\/files\/2024\/12\/107_2024_SzMSZ_HKR_Felveteli-Szabalyzat-mod.pdf\">A Semmelweis Egyetem\u00a0Szen\u00e1tus\u00e1nak\u00a0107\/2024. (XI.25.) sz\u00e1m\u00fa hat\u00e1rozata\u00a0a Semmelweis Egyetem Szervezeti \u00e9s M\u0171k\u00f6d\u00e9si Szab\u00e1lyzat III. K\u00f6nyv Hallgat\u00f3i k\u00f6vetelm\u00e9nyrendszer III.1. R\u00e9sz Felv\u00e9teli Szab\u00e1lyzat m\u00f3dos\u00edt\u00e1s\u00e1r\u00f3l<\/a><br \/>\n<a href=\"https:\/\/semmelweis.hu\/jogigfoig\/files\/2024\/12\/107_2024_1-sz-melleklet.pdf\">A Semmelweis Egyetem Szen\u00e1tus\u00e1nak 107\/2024. (XI.25.) sz\u00e1m\u00fa hat\u00e1rozata a Semmelweis Egyetem Szervezeti \u00e9s M\u0171k\u00f6d\u00e9si Szab\u00e1lyzat III. K\u00f6nyv Hallgat\u00f3i k\u00f6vetelm\u00e9nyrendszer III.1. R\u00e9sz Felv\u00e9teli Szab\u00e1lyzat m\u00f3dos\u00edt\u00e1s\u00e1r\u00f3l &#8211; 1. sz\u00e1m\u00fa mell\u00e9klet<\/a><br \/>\n<a href=\"https:\/\/semmelweis.hu\/jogigfoig\/files\/2024\/12\/108_2024_Szellemitulajdon-kezelesi-Szabalyzat-mod.pdf\">A Semmelweis Egyetem\u00a0Szen\u00e1tus\u00e1nak\u00a0108\/2024. (XI.25.) sz\u00e1m\u00fa hat\u00e1rozata\u00a0a Szervezeti \u00e9s M\u0171k\u00f6d\u00e9si Szab\u00e1lyzat egyes rendelkez\u00e9seinek m\u00f3dos\u00edt\u00e1s\u00e1r\u00f3l (Szellemitulajdon-kezel\u00e9si Szab\u00e1lyzatra vonatkoz\u00f3an)<\/a><br \/>\n<a href=\"https:\/\/semmelweis.hu\/jogigfoig\/files\/2024\/12\/108_2024_1-sz-melleklet.pdf\">A Semmelweis Egyetem Szen\u00e1tus\u00e1nak 108\/2024. (XI.25.) sz\u00e1m\u00fa hat\u00e1rozata a Szervezeti \u00e9s M\u0171k\u00f6d\u00e9si Szab\u00e1lyzat egyes rendelkez\u00e9seinek m\u00f3dos\u00edt\u00e1s\u00e1r\u00f3l (Szellemitulajdon-kezel\u00e9si Szab\u00e1lyzatra vonatkoz\u00f3an) &#8211; 1. sz\u00e1m\u00fa mell\u00e9klet<\/a><br \/>\n<a href=\"https:\/\/semmelweis.hu\/jogigfoig\/files\/2024\/12\/109_2024_munkahelyi-mentalhigiene_mintatanterv-mod.pdf\">A Semmelweis Egyetem\u00a0Szen\u00e1tus\u00e1nak\u00a0109\/2024. (XI.25.) sz\u00e1m\u00fa hat\u00e1rozata\u00a0az Eg\u00e9szs\u00e9g\u00fcgyi K\u00f6zszolg\u00e1lati Kar Ment\u00e1lhigi\u00e9n\u00e9 Int\u00e9zet munkahelyi ment\u00e1lhigi\u00e9n\u00e9 szakir\u00e1ny\u00fa tov\u00e1bbk\u00e9pz\u00e9si szak mintatanterv\u00e9nek m\u00f3dos\u00edt\u00e1s\u00e1r\u00f3l<\/a><br \/>\n<a href=\"https:\/\/semmelweis.hu\/jogigfoig\/files\/2024\/12\/110_2024_aktualis-vezetoi-kutatoi-palyazatok_v2.pdf\">A Semmelweis Egyetem Szen\u00e1tus\u00e1nak 110\/2024. (XI.25.) sz\u00e1m\u00fa hat\u00e1rozata az aktu\u00e1lis vezet\u0151i, valamint kutat\u00f3i p\u00e1ly\u00e1zatok v\u00e9lem\u00e9nyez\u00e9s\u00e9r\u0151l<\/a><\/p>\n","protected":false},"author":101467,"featured_media":0,"parent":89297,"menu_order":12,"comment_status":"closed","ping_status":"closed","template":"","meta":{"_acf_changed":false,"footnotes":""},"categories":[],"tags":[],"class_list":["post-95102","page","type-page","status-publish","hentry"],"acf":[],"_links":{"self":[{"href":"https:\/\/semmelweis.hu\/jogigfoig\/wp-json\/wp\/v2\/pages\/95102","targetHints":{"allow":["GET"]}}],"collection":[{"href":"https:\/\/semmelweis.hu\/jogigfoig\/wp-json\/wp\/v2\/pages"}],"about":[{"href":"https:\/\/semmelweis.hu\/jogigfoig\/wp-json\/wp\/v2\/types\/page"}],"author":[{"embeddable":true,"href":"https:\/\/semmelweis.hu\/jogigfoig\/wp-json\/wp\/v2\/users\/101467"}],"replies":[{"embeddable":true,"href":"https:\/\/semmelweis.hu\/jogigfoig\/wp-json\/wp\/v2\/comments?post=95102"}],"version-history":[{"count":5,"href":"https:\/\/semmelweis.hu\/jogigfoig\/wp-json\/wp\/v2\/pages\/95102\/revisions"}],"predecessor-version":[{"id":95402,"href":"https:\/\/semmelweis.hu\/jogigfoig\/wp-json\/wp\/v2\/pages\/95102\/revisions\/95402"}],"up":[{"embeddable":true,"href":"https:\/\/semmelweis.hu\/jogigfoig\/wp-json\/wp\/v2\/pages\/89297"}],"wp:attachment":[{"href":"https:\/\/semmelweis.hu\/jogigfoig\/wp-json\/wp\/v2\/media?parent=95102"}],"wp:term":[{"taxonomy":"category","embeddable":true,"href":"https:\/\/semmelweis.hu\/jogigfoig\/wp-json\/wp\/v2\/categories?post=95102"},{"taxonomy":"post_tag","embeddable":true,"href":"https:\/\/semmelweis.hu\/jogigfoig\/wp-json\/wp\/v2\/tags?post=95102"}],"curies":[{"name":"wp","href":"https:\/\/api.w.org\/{rel}","templated":true}]}}