{"id":94693,"date":"2024-11-14T12:31:16","date_gmt":"2024-11-14T11:31:16","guid":{"rendered":"https:\/\/semmelweis.hu\/jogigfoig\/?page_id=94693"},"modified":"2024-11-18T16:18:10","modified_gmt":"2024-11-18T15:18:10","slug":"2024-november-4","status":"publish","type":"page","link":"https:\/\/semmelweis.hu\/jogigfoig\/testuletek\/szenatus\/2024-evi-szenatusi-hatarozatok\/2024-november-4\/","title":{"rendered":"2024. november 4."},"content":{"rendered":"<p style=\"text-align: justify\"><a href=\"https:\/\/semmelweis.hu\/jogigfoig\/files\/2024\/11\/N_7_2024_hatarozat.pdf\">A Semmelweis Egyetem\u00a0Szen\u00e1tus\u00e1nak N-7.2024. (XI.4.) sz\u00e1m\u00fa hat\u00e1rozata a szen\u00e1tusi \u00fcl\u00e9s napirendj\u00e9r\u0151l<\/a><\/p>\n<p style=\"text-align: justify\"><a href=\"https:\/\/semmelweis.hu\/jogigfoig\/files\/2024\/11\/94_2024_a-2025-evi-Intezmenyi-koltsegvetes-koncepciojarol.pdf\">A Semmelweis Egyetem\u00a0Szen\u00e1tus\u00e1nak\u00a094\/2024. (XI.4.) sz\u00e1m\u00fa hat\u00e1rozata\u00a0a 2025. \u00e9vi Int\u00e9zm\u00e9nyi k\u00f6lts\u00e9gvet\u00e9s koncepci\u00f3j\u00e1r\u00f3l<\/a><\/p>\n<p style=\"text-align: justify\"><a href=\"https:\/\/semmelweis.hu\/jogigfoig\/files\/2024\/11\/94_2024_melleklet_2025-evi-koltsegvetes-tervezesi-koncepcio.pdf\">A Semmelweis Egyetem Szen\u00e1tus\u00e1nak 94\/2024. (XI.4.) sz\u00e1m\u00fa hat\u00e1rozata a 2025. \u00e9vi Int\u00e9zm\u00e9nyi k\u00f6lts\u00e9gvet\u00e9s koncepci\u00f3j\u00e1r\u00f3l &#8211; 1. sz\u00e1m\u00fa mell\u00e9klet<\/a><\/p>\n<p style=\"text-align: justify\"><a href=\"https:\/\/semmelweis.hu\/jogigfoig\/files\/2024\/11\/95_2024_SzMSz-modositas_szabalyzatok-kozzetetele.pdf\">A Semmelweis Egyetem\u00a0Szen\u00e1tus\u00e1nak\u00a095\/2024. (XI.4.) sz\u00e1m\u00fa hat\u00e1rozata\u00a0az egyetem szab\u00e1lyoz\u00f3 dokumentumai nyilv\u00e1noss\u00e1g\u00e1nak \u00e9s k\u00f6zz\u00e9t\u00e9teli hely\u00e9nek v\u00e1ltoz\u00e1s\u00e1r\u00f3l<\/a><\/p>\n<p style=\"text-align: justify\"><a href=\"https:\/\/semmelweis.hu\/jogigfoig\/files\/2024\/11\/95_2024_melleklet-1_SzMSz-modositas.pdf\">A Semmelweis Egyetem Szen\u00e1tus\u00e1nak 95\/2024. (XI.4.) sz\u00e1m\u00fa hat\u00e1rozata az egyetem szab\u00e1lyoz\u00f3 dokumentumai nyilv\u00e1noss\u00e1g\u00e1nak \u00e9s k\u00f6zz\u00e9t\u00e9teli hely\u00e9nek v\u00e1ltoz\u00e1s\u00e1r\u00f3l &#8211; 1. sz\u00e1m\u00fa mell\u00e9klet<\/a><\/p>\n<p style=\"text-align: justify\"><a href=\"https:\/\/semmelweis.hu\/jogigfoig\/files\/2024\/11\/95_2024_melleklet-2_Szabalyozo-dokumentumok-keszitesenek-rendje.pdf\">A Semmelweis Egyetem\u00a0Szen\u00e1tus\u00e1nak\u00a095\/2024. (XI.4.) sz\u00e1m\u00fa hat\u00e1rozata\u00a0az egyetem szab\u00e1lyoz\u00f3 dokumentumai nyilv\u00e1noss\u00e1g\u00e1nak \u00e9s k\u00f6zz\u00e9t\u00e9teli hely\u00e9nek v\u00e1ltoz\u00e1s\u00e1r\u00f3l &#8211; 2. sz\u00e1m\u00fa mell\u00e9klet<\/a><\/p>\n<p style=\"text-align: justify\"><a href=\"https:\/\/semmelweis.hu\/jogigfoig\/files\/2024\/11\/95_2024_melleklet-3_szabalyzatok-besorolasa-kozzetetelhez.pdf\">A Semmelweis Egyetem\u00a0Szen\u00e1tus\u00e1nak\u00a095\/2024. (XI.4.) sz\u00e1m\u00fa hat\u00e1rozata\u00a0az egyetem szab\u00e1lyoz\u00f3 dokumentumai nyilv\u00e1noss\u00e1g\u00e1nak \u00e9s k\u00f6zz\u00e9t\u00e9teli hely\u00e9nek v\u00e1ltoz\u00e1s\u00e1r\u00f3l &#8211; 3. sz\u00e1m\u00fa mell\u00e9klet<\/a><\/p>\n<p style=\"text-align: justify\"><a href=\"https:\/\/semmelweis.hu\/jogigfoig\/files\/2024\/11\/96_2024_arvizi-vedekezes-szabvall.pdf\">A Semmelweis Egyetem\u00a0Szen\u00e1tus\u00e1nak\u00a096\/2024. (XI.4.) sz\u00e1m\u00fa hat\u00e1rozata\u00a0\u201eAz \u00e1rv\u00edz elleni v\u00e9dekez\u00e9ssel \u00f6sszef\u00fcgg\u00e9sben ell\u00e1tott \u00f6nk\u00e9ntes munk\u00e1latok\u201d\u00a0c\u00edm\u0171 szabadon v\u00e1laszthat\u00f3 tant\u00e1rgy bevezet\u00e9s\u00e9r\u0151l<\/a><\/p>\n<p style=\"text-align: justify\"><a href=\"https:\/\/semmelweis.hu\/jogigfoig\/files\/2024\/11\/96_2024_melleklet_arvizi-vedekezes-szabvall.pdf\">A Semmelweis Egyetem Szen\u00e1tus\u00e1nak 96\/2024. (XI.4.) sz\u00e1m\u00fa hat\u00e1rozata \u201eAz \u00e1rv\u00edz elleni v\u00e9dekez\u00e9ssel \u00f6sszef\u00fcgg\u00e9sben ell\u00e1tott \u00f6nk\u00e9ntes munk\u00e1latok\u201d c\u00edm\u0171 szabadon v\u00e1laszthat\u00f3 tant\u00e1rgy bevezet\u00e9s\u00e9r\u0151l &#8211; 1. sz\u00e1m\u00fa mell\u00e9klet<\/a><\/p>\n<p style=\"text-align: justify\"><a href=\"https:\/\/semmelweis.hu\/jogigfoig\/files\/2024\/11\/97_2024_osztatlan-kepzesek_idegen-nyelvi-kovetelmenyek.pdf\">A Semmelweis Egyetem\u00a0Szen\u00e1tus\u00e1nak\u00a097\/2024. (XI.4.) sz\u00e1m\u00fa hat\u00e1rozata\u00a0az osztatlan k\u00e9pz\u00e9sek eset\u00e9ben az idegen nyelvi k\u00f6vetelm\u00e9nyek pontos\u00edt\u00e1s\u00e1r\u00f3l<\/a><\/p>\n<p style=\"text-align: justify\"><a href=\"https:\/\/semmelweis.hu\/jogigfoig\/files\/2024\/11\/98_2024_Semmelweis-Innovacios-Dij.pdf\">A Semmelweis Egyetem\u00a0Szen\u00e1tus\u00e1nak\u00a098\/2024. (XI.4.) sz\u00e1m\u00fa hat\u00e1rozata\u00a0a 2024. \u00e9vi Semmelweis Innov\u00e1ci\u00f3s D\u00edj adom\u00e1nyoz\u00e1s\u00e1r\u00f3l<\/a><\/p>\n<p style=\"text-align: justify\"><a href=\"https:\/\/semmelweis.hu\/jogigfoig\/files\/2024\/11\/99_2024_a-szuleszno-mesterkepzesi-szak-letesiteserol.pdf\">A Semmelweis Egyetem\u00a0Szen\u00e1tus\u00e1nak\u00a099\/2024. (XI.4.) sz\u00e1m\u00fa hat\u00e1rozata\u00a0a sz\u00fcl\u00e9szn\u0151 mesterk\u00e9pz\u00e9si szak l\u00e9tes\u00edt\u00e9s\u00e9r\u0151l<\/a><\/p>\n<p style=\"text-align: justify\"><a href=\"https:\/\/semmelweis.hu\/jogigfoig\/files\/2024\/11\/100_2024_SzMSz_TVSZ-modositas.pdf\">A Semmelweis Egyetem\u00a0Szen\u00e1tus\u00e1nak\u00a0100\/2024. (XI.04.) sz\u00e1m\u00fa hat\u00e1rozata\u00a0a Szervezeti \u00e9s M\u0171k\u00f6d\u00e9si Szab\u00e1lyzat III. K\u00f6nyv Hallgat\u00f3i K\u00f6vetelm\u00e9nyrendszer\u00a0III. 2. R\u00e9sz Tanulm\u00e1nyi Vizsgaszab\u00e1lyzat m\u00f3dos\u00edt\u00e1s\u00e1r\u00f3l<\/a><\/p>\n<p style=\"text-align: justify\"><a href=\"https:\/\/semmelweis.hu\/jogigfoig\/files\/2024\/11\/100_Melleklet_HOK-hatarozat.pdf\">A Semmelweis Egyetem Szen\u00e1tus\u00e1nak 100\/2024. (XI.04.) sz\u00e1m\u00fa hat\u00e1rozata a Szervezeti \u00e9s M\u0171k\u00f6d\u00e9si Szab\u00e1lyzat III. K\u00f6nyv Hallgat\u00f3i K\u00f6vetelm\u00e9nyrendszer III. 2. R\u00e9sz Tanulm\u00e1nyi Vizsgaszab\u00e1lyzat m\u00f3dos\u00edt\u00e1s\u00e1r\u00f3l &#8211; Hallgat\u00f3i \u00d6nkorm\u00e1nyzat egyet\u00e9rt\u00e9se<\/a><\/p>\n<p style=\"text-align: justify\"><a href=\"https:\/\/semmelweis.hu\/jogigfoig\/files\/2024\/11\/100_2024_melleklet_-SzMSz-TVSz.pdf\">A Semmelweis Egyetem Szen\u00e1tus\u00e1nak 100\/2024. (XI.04.) sz\u00e1m\u00fa hat\u00e1rozata a Szervezeti \u00e9s M\u0171k\u00f6d\u00e9si Szab\u00e1lyzat III. K\u00f6nyv Hallgat\u00f3i K\u00f6vetelm\u00e9nyrendszer III. 2. R\u00e9sz Tanulm\u00e1nyi Vizsgaszab\u00e1lyzat m\u00f3dos\u00edt\u00e1s\u00e1r\u00f3l &#8211; 1. sz\u00e1m\u00fa mell\u00e9klet<\/a><\/p>\n<p style=\"text-align: justify\"><a href=\"https:\/\/semmelweis.hu\/jogigfoig\/files\/2024\/11\/101_2024_Felveteli-szabalyzat-modositasarol.pdf\">A Semmelweis Egyetem\u00a0Szen\u00e1tus\u00e1nak\u00a0101\/2024. (XI.4.) sz\u00e1m\u00fa hat\u00e1rozata\u00a0a Szervezeti \u00e9s M\u0171k\u00f6d\u00e9si Szab\u00e1lyzat III. K\u00f6nyv Hallgat\u00f3i K\u00f6vetelm\u00e9nyrendszer III. 1. R\u00e9sz Felv\u00e9teli szab\u00e1lyzat m\u00f3dos\u00edt\u00e1s\u00e1r\u00f3l\u00a0(a Pet\u0151 Andr\u00e1s Karon indul\u00f3 idegennyelv\u0171 k\u00e9pz\u00e9sekre vonatkoz\u00f3an)<\/a><\/p>\n<p style=\"text-align: justify\"><a href=\"https:\/\/semmelweis.hu\/jogigfoig\/files\/2024\/11\/101_2024_melleklet_Felveteli-Szabalyzat_PAK.pdf\">A Semmelweis Egyetem Szen\u00e1tus\u00e1nak 101\/2024. (XI.4.) sz\u00e1m\u00fa hat\u00e1rozata a Szervezeti \u00e9s M\u0171k\u00f6d\u00e9si Szab\u00e1lyzat III. K\u00f6nyv Hallgat\u00f3i K\u00f6vetelm\u00e9nyrendszer III. 1. R\u00e9sz Felv\u00e9teli szab\u00e1lyzat m\u00f3dos\u00edt\u00e1s\u00e1r\u00f3l (a Pet\u0151 Andr\u00e1s Karon indul\u00f3 idegennyelv\u0171 k\u00e9pz\u00e9sekre vonatkoz\u00f3an) &#8211; 1. sz\u00e1m\u00fa mell\u00e9klet<\/a><\/p>\n<p style=\"text-align: justify\"><a href=\"https:\/\/semmelweis.hu\/jogigfoig\/files\/2024\/11\/102_2024_az-Egyetemi-Eselyegyenlosegi-Bizottsag-hallgatoi-osszetetelenek-modositasarol.pdf\">A Semmelweis Egyetem\u00a0Szen\u00e1tus\u00e1nak\u00a0102\/2024. (XI.4.) sz\u00e1m\u00fa hat\u00e1rozata\u00a0az Egyetemi Es\u00e9lyegyenl\u0151s\u00e9gi Bizotts\u00e1g hallgat\u00f3i \u00f6sszet\u00e9tel\u00e9nek m\u00f3dos\u00edt\u00e1s\u00e1r\u00f3l<\/a><\/p>\n<p style=\"text-align: justify\"><a href=\"https:\/\/semmelweis.hu\/jogigfoig\/files\/2024\/11\/103_2024_az-aktualis-vezetoi-palyazat-velemenyezeserol.pdf\">A Semmelweis Egyetem\u00a0Szen\u00e1tus\u00e1nak\u00a0103\/2024. (XI.4.) sz\u00e1m\u00fa hat\u00e1rozata\u00a0az aktu\u00e1lis vezet\u0151i p\u00e1ly\u00e1zat v\u00e9lem\u00e9nyez\u00e9s\u00e9r\u0151l<\/a><\/p>\n<p style=\"text-align: justify\">\u00a0<\/p>\n","protected":false},"excerpt":{"rendered":"<p><a href=\"https:\/\/semmelweis.hu\/jogigfoig\/files\/2024\/11\/N_7_2024_hatarozat.pdf\">A Semmelweis Egyetem\u00a0Szen\u00e1tus\u00e1nak N-7.2024. (XI.4.) sz\u00e1m\u00fa hat\u00e1rozata a szen\u00e1tusi \u00fcl\u00e9s napirendj\u00e9r\u0151l<\/a><br \/>\n<a href=\"https:\/\/semmelweis.hu\/jogigfoig\/files\/2024\/11\/94_2024_a-2025-evi-Intezmenyi-koltsegvetes-koncepciojarol.pdf\">A Semmelweis Egyetem\u00a0Szen\u00e1tus\u00e1nak\u00a094\/2024. (XI.4.) sz\u00e1m\u00fa hat\u00e1rozata\u00a0a 2025. \u00e9vi Int\u00e9zm\u00e9nyi k\u00f6lts\u00e9gvet\u00e9s koncepci\u00f3j\u00e1r\u00f3l<\/a><br \/>\n<a href=\"https:\/\/semmelweis.hu\/jogigfoig\/files\/2024\/11\/94_2024_melleklet_2025-evi-koltsegvetes-tervezesi-koncepcio.pdf\">A Semmelweis Egyetem Szen\u00e1tus\u00e1nak 94\/2024. (XI.4.) sz\u00e1m\u00fa hat\u00e1rozata a 2025. \u00e9vi Int\u00e9zm\u00e9nyi k\u00f6lts\u00e9gvet\u00e9s koncepci\u00f3j\u00e1r\u00f3l &#8211; 1. sz\u00e1m\u00fa mell\u00e9klet<\/a><br \/>\n<a href=\"https:\/\/semmelweis.hu\/jogigfoig\/files\/2024\/11\/95_2024_SzMSz-modositas_szabalyzatok-kozzetetele.pdf\">A Semmelweis Egyetem\u00a0Szen\u00e1tus\u00e1nak\u00a095\/2024. (XI.4.) sz\u00e1m\u00fa hat\u00e1rozata\u00a0az egyetem szab\u00e1lyoz\u00f3 dokumentumai nyilv\u00e1noss\u00e1g\u00e1nak \u00e9s k\u00f6zz\u00e9t\u00e9teli hely\u00e9nek v\u00e1ltoz\u00e1s\u00e1r\u00f3l<\/a><br \/>\n<a href=\"https:\/\/semmelweis.hu\/jogigfoig\/files\/2024\/11\/95_2024_melleklet-1_SzMSz-modositas.pdf\">A Semmelweis Egyetem Szen\u00e1tus\u00e1nak 95\/2024. (XI.4.) sz\u00e1m\u00fa hat\u00e1rozata az egyetem szab\u00e1lyoz\u00f3 dokumentumai nyilv\u00e1noss\u00e1g\u00e1nak \u00e9s k\u00f6zz\u00e9t\u00e9teli hely\u00e9nek v\u00e1ltoz\u00e1s\u00e1r\u00f3l &#8211; 1. sz\u00e1m\u00fa mell\u00e9klet<\/a><br \/>\n<a href=\"https:\/\/semmelweis.hu\/jogigfoig\/files\/2024\/11\/95_2024_melleklet-2_Szabalyozo-dokumentumok-keszitesenek-rendje.pdf\">A Semmelweis Egyetem\u00a0Szen\u00e1tus\u00e1nak\u00a095\/2024. (XI.4.) sz\u00e1m\u00fa hat\u00e1rozata\u00a0az egyetem szab\u00e1lyoz\u00f3 dokumentumai nyilv\u00e1noss\u00e1g\u00e1nak \u00e9s k\u00f6zz\u00e9t\u00e9teli hely\u00e9nek v\u00e1ltoz\u00e1s\u00e1r\u00f3l &#8211; 2. sz\u00e1m\u00fa mell\u00e9klet<\/a><br \/>\n<a href=\"https:\/\/semmelweis.hu\/jogigfoig\/files\/2024\/11\/95_2024_melleklet-3_szabalyzatok-besorolasa-kozzetetelhez.pdf\">A Semmelweis Egyetem\u00a0Szen\u00e1tus\u00e1nak\u00a095\/2024. (XI.4.) sz\u00e1m\u00fa hat\u00e1rozata\u00a0az egyetem szab\u00e1lyoz\u00f3 dokumentumai nyilv\u00e1noss\u00e1g\u00e1nak \u00e9s k\u00f6zz\u00e9t\u00e9teli hely\u00e9nek v\u00e1ltoz\u00e1s\u00e1r\u00f3l &#8211; 3. sz\u00e1m\u00fa mell\u00e9klet<\/a><br \/>\n<a href=\"https:\/\/semmelweis.hu\/jogigfoig\/files\/2024\/11\/96_2024_arvizi-vedekezes-szabvall.pdf\">A Semmelweis Egyetem\u00a0Szen\u00e1tus\u00e1nak\u00a096\/2024. (XI.4.) sz\u00e1m\u00fa hat\u00e1rozata\u00a0\u201eAz \u00e1rv\u00edz elleni v\u00e9dekez\u00e9ssel \u00f6sszef\u00fcgg\u00e9sben ell\u00e1tott \u00f6nk\u00e9ntes munk\u00e1latok\u201d\u00a0c\u00edm\u0171 szabadon v\u00e1laszthat\u00f3 tant\u00e1rgy bevezet\u00e9s\u00e9r\u0151l<\/a><br \/>\n<a href=\"https:\/\/semmelweis.hu\/jogigfoig\/files\/2024\/11\/96_2024_melleklet_arvizi-vedekezes-szabvall.pdf\">A Semmelweis Egyetem Szen\u00e1tus\u00e1nak 96\/2024. (XI.4.) sz\u00e1m\u00fa hat\u00e1rozata \u201eAz \u00e1rv\u00edz elleni v\u00e9dekez\u00e9ssel \u00f6sszef\u00fcgg\u00e9sben ell\u00e1tott \u00f6nk\u00e9ntes munk\u00e1latok\u201d c\u00edm\u0171 szabadon v\u00e1laszthat\u00f3 tant\u00e1rgy bevezet\u00e9s\u00e9r\u0151l &#8211; 1. sz\u00e1m\u00fa mell\u00e9klet<\/a><br \/>\n<a href=\"https:\/\/semmelweis.hu\/jogigfoig\/files\/2024\/11\/97_2024_osztatlan-kepzesek_idegen-nyelvi-kovetelmenyek.pdf\">A Semmelweis Egyetem\u00a0Szen\u00e1tus\u00e1nak\u00a097\/2024. (XI.4.) sz\u00e1m\u00fa hat\u00e1rozata\u00a0az osztatlan k\u00e9pz\u00e9sek eset\u00e9ben az idegen nyelvi k\u00f6vetelm\u00e9nyek pontos\u00edt\u00e1s\u00e1r\u00f3l<\/a><br \/>\n<a href=\"https:\/\/semmelweis.hu\/jogigfoig\/files\/2024\/11\/98_2024_Semmelweis-Innovacios-Dij.pdf\">A Semmelweis Egyetem\u00a0Szen\u00e1tus\u00e1nak\u00a098\/2024. (XI.4.) sz\u00e1m\u00fa hat\u00e1rozata\u00a0a 2024. \u00e9vi Semmelweis Innov\u00e1ci\u00f3s D\u00edj adom\u00e1nyoz\u00e1s\u00e1r\u00f3l<\/a><br \/>\n<a href=\"https:\/\/semmelweis.hu\/jogigfoig\/files\/2024\/11\/99_2024_a-szuleszno-mesterkepzesi-szak-letesiteserol.pdf\">A Semmelweis Egyetem\u00a0Szen\u00e1tus\u00e1nak\u00a099\/2024. (XI.4.) sz\u00e1m\u00fa hat\u00e1rozata\u00a0a sz\u00fcl\u00e9szn\u0151 mesterk\u00e9pz\u00e9si szak l\u00e9tes\u00edt\u00e9s\u00e9r\u0151l<\/a><br \/>\n<a href=\"https:\/\/semmelweis.hu\/jogigfoig\/files\/2024\/11\/100_2024_SzMSz_TVSZ-modositas.pdf\">A Semmelweis Egyetem\u00a0Szen\u00e1tus\u00e1nak\u00a0100\/2024. (XI.04.) sz\u00e1m\u00fa hat\u00e1rozata\u00a0a Szervezeti \u00e9s M\u0171k\u00f6d\u00e9si Szab\u00e1lyzat III. K\u00f6nyv Hallgat\u00f3i K\u00f6vetelm\u00e9nyrendszer\u00a0III. 2. R\u00e9sz Tanulm\u00e1nyi Vizsgaszab\u00e1lyzat m\u00f3dos\u00edt\u00e1s\u00e1r\u00f3l<\/a><br \/>\n<a href=\"https:\/\/semmelweis.hu\/jogigfoig\/files\/2024\/11\/100_Melleklet_HOK-hatarozat.pdf\">A Semmelweis Egyetem Szen\u00e1tus\u00e1nak 100\/2024. (XI.04.) sz\u00e1m\u00fa hat\u00e1rozata a Szervezeti \u00e9s M\u0171k\u00f6d\u00e9si Szab\u00e1lyzat III. K\u00f6nyv Hallgat\u00f3i K\u00f6vetelm\u00e9nyrendszer III. 2. R\u00e9sz Tanulm\u00e1nyi Vizsgaszab\u00e1lyzat m\u00f3dos\u00edt\u00e1s\u00e1r\u00f3l &#8211; Hallgat\u00f3i \u00d6nkorm\u00e1nyzat egyet\u00e9rt\u00e9se<\/a><br \/>\n<a href=\"https:\/\/semmelweis.hu\/jogigfoig\/files\/2024\/11\/100_2024_melleklet_-SzMSz-TVSz.pdf\">A Semmelweis Egyetem Szen\u00e1tus\u00e1nak 100\/2024. (XI.04.) sz\u00e1m\u00fa hat\u00e1rozata a Szervezeti \u00e9s M\u0171k\u00f6d\u00e9si Szab\u00e1lyzat III. K\u00f6nyv Hallgat\u00f3i K\u00f6vetelm\u00e9nyrendszer III. 2. R\u00e9sz Tanulm\u00e1nyi Vizsgaszab\u00e1lyzat m\u00f3dos\u00edt\u00e1s\u00e1r\u00f3l &#8211; 1. sz\u00e1m\u00fa mell\u00e9klet<\/a><br \/>\n<a href=\"https:\/\/semmelweis.hu\/jogigfoig\/files\/2024\/11\/101_2024_Felveteli-szabalyzat-modositasarol.pdf\">A Semmelweis Egyetem\u00a0Szen\u00e1tus\u00e1nak\u00a0101\/2024. (XI.4.) sz\u00e1m\u00fa hat\u00e1rozata\u00a0a Szervezeti \u00e9s M\u0171k\u00f6d\u00e9si Szab\u00e1lyzat III. K\u00f6nyv Hallgat\u00f3i K\u00f6vetelm\u00e9nyrendszer III. 1. R\u00e9sz Felv\u00e9teli szab\u00e1lyzat m\u00f3dos\u00edt\u00e1s\u00e1r\u00f3l\u00a0(a Pet\u0151 Andr\u00e1s Karon indul\u00f3 idegennyelv\u0171 k\u00e9pz\u00e9sekre vonatkoz\u00f3an)<\/a><br \/>\n<a href=\"https:\/\/semmelweis.hu\/jogigfoig\/files\/2024\/11\/101_2024_melleklet_Felveteli-Szabalyzat_PAK.pdf\">A Semmelweis Egyetem Szen\u00e1tus\u00e1nak 101\/2024. (XI.4.) sz\u00e1m\u00fa hat\u00e1rozata a Szervezeti \u00e9s M\u0171k\u00f6d\u00e9si Szab\u00e1lyzat III. K\u00f6nyv Hallgat\u00f3i K\u00f6vetelm\u00e9nyrendszer III. 1. R\u00e9sz Felv\u00e9teli szab\u00e1lyzat m\u00f3dos\u00edt\u00e1s\u00e1r\u00f3l (a Pet\u0151 Andr\u00e1s Karon indul\u00f3 idegennyelv\u0171 k\u00e9pz\u00e9sekre vonatkoz\u00f3an) &#8211; 1. sz\u00e1m\u00fa mell\u00e9klet<\/a><br \/>\n<a href=\"https:\/\/semmelweis.hu\/jogigfoig\/files\/2024\/11\/102_2024_az-Egyetemi-Eselyegyenlosegi-Bizottsag-hallgatoi-osszetetelenek-modositasarol.pdf\">A Semmelweis Egyetem\u00a0Szen\u00e1tus\u00e1nak\u00a0102\/2024. (XI.4.) sz\u00e1m\u00fa hat\u00e1rozata\u00a0az Egyetemi Es\u00e9lyegyenl\u0151s\u00e9gi Bizotts\u00e1g hallgat\u00f3i \u00f6sszet\u00e9tel\u00e9nek m\u00f3dos\u00edt\u00e1s\u00e1r\u00f3l<\/a><br \/>\n<a href=\"https:\/\/semmelweis.hu\/jogigfoig\/files\/2024\/11\/103_2024_az-aktualis-vezetoi-palyazat-velemenyezeserol.pdf\">A Semmelweis Egyetem\u00a0Szen\u00e1tus\u00e1nak\u00a0103\/2024. (XI.4.) sz\u00e1m\u00fa hat\u00e1rozata\u00a0az aktu\u00e1lis vezet\u0151i p\u00e1ly\u00e1zat v\u00e9lem\u00e9nyez\u00e9s\u00e9r\u0151l<\/a><br \/>\n\u00a0<\/p>\n","protected":false},"author":101467,"featured_media":0,"parent":89297,"menu_order":11,"comment_status":"closed","ping_status":"closed","template":"","meta":{"_acf_changed":false,"footnotes":""},"categories":[],"tags":[],"class_list":["post-94693","page","type-page","status-publish","hentry"],"acf":[],"_links":{"self":[{"href":"https:\/\/semmelweis.hu\/jogigfoig\/wp-json\/wp\/v2\/pages\/94693","targetHints":{"allow":["GET"]}}],"collection":[{"href":"https:\/\/semmelweis.hu\/jogigfoig\/wp-json\/wp\/v2\/pages"}],"about":[{"href":"https:\/\/semmelweis.hu\/jogigfoig\/wp-json\/wp\/v2\/types\/page"}],"author":[{"embeddable":true,"href":"https:\/\/semmelweis.hu\/jogigfoig\/wp-json\/wp\/v2\/users\/101467"}],"replies":[{"embeddable":true,"href":"https:\/\/semmelweis.hu\/jogigfoig\/wp-json\/wp\/v2\/comments?post=94693"}],"version-history":[{"count":3,"href":"https:\/\/semmelweis.hu\/jogigfoig\/wp-json\/wp\/v2\/pages\/94693\/revisions"}],"predecessor-version":[{"id":94796,"href":"https:\/\/semmelweis.hu\/jogigfoig\/wp-json\/wp\/v2\/pages\/94693\/revisions\/94796"}],"up":[{"embeddable":true,"href":"https:\/\/semmelweis.hu\/jogigfoig\/wp-json\/wp\/v2\/pages\/89297"}],"wp:attachment":[{"href":"https:\/\/semmelweis.hu\/jogigfoig\/wp-json\/wp\/v2\/media?parent=94693"}],"wp:term":[{"taxonomy":"category","embeddable":true,"href":"https:\/\/semmelweis.hu\/jogigfoig\/wp-json\/wp\/v2\/categories?post=94693"},{"taxonomy":"post_tag","embeddable":true,"href":"https:\/\/semmelweis.hu\/jogigfoig\/wp-json\/wp\/v2\/tags?post=94693"}],"curies":[{"name":"wp","href":"https:\/\/api.w.org\/{rel}","templated":true}]}}