{"id":94129,"date":"2024-10-17T13:50:42","date_gmt":"2024-10-17T11:50:42","guid":{"rendered":"https:\/\/semmelweis.hu\/jogigfoig\/?page_id=94129"},"modified":"2024-10-29T13:13:41","modified_gmt":"2024-10-29T12:13:41","slug":"tarsasagi-portfoliomenedzsment-es-befektetesi-szabalyzat","status":"publish","type":"page","link":"https:\/\/semmelweis.hu\/jogigfoig\/dokumentumtar\/szabalyzattar\/tarsasagi-portfoliomenedzsment-es-befektetesi-szabalyzat\/","title":{"rendered":"T\u00e1rsas\u00e1gi portf\u00f3li\u00f3menedzsment \u00e9s befektet\u00e9si szab\u00e1lyzat"},"content":{"rendered":"<p><strong>A szab\u00e1lyzat aktu\u00e1lis v\u00e1ltozata:<\/strong> <a href=\"https:\/\/semmelweis.hu\/jogigfoig\/files\/2024\/10\/Tarsasagi_portfmenedzs_befektetesi_szab_hataly_2024.XI_.01-tol.pdf\">T\u00e1rsas\u00e1gi portf\u00f3li\u00f3menedzsment \u00e9s befektet\u00e9si szab\u00e1lyzat<\/a><\/p>\n<p><strong>Elfogad\u00e1s\u00e1r\u00f3l rendelkez\u0151 hat\u00e1rozat:<\/strong> <a href=\"https:\/\/semmelweis.hu\/jogigfoig\/files\/2024\/10\/77_2024_SzMSz-modositas.pdf\">77\/2024. (IX.27.)<\/a><br \/>\n<strong>Hat\u00e1rozat t\u00edpusa:<\/strong>\u00a0Szen\u00e1tusi<br \/>\n<strong>Hat\u00e1ly: <\/strong>2024.XI.01.<\/p>\n","protected":false},"excerpt":{"rendered":"<p>A szab\u00e1lyzat aktu\u00e1lis v\u00e1ltozata: <a href=\"https:\/\/semmelweis.hu\/jogigfoig\/files\/2024\/10\/Tarsasagi_portfmenedzs_befektetesi_szab_hataly_2024.XI_.01-tol.pdf\">T\u00e1rsas\u00e1gi portf\u00f3li\u00f3menedzsment \u00e9s befektet\u00e9si szab\u00e1lyzat<\/a><br \/>\nElfogad\u00e1s\u00e1r\u00f3l rendelkez\u0151 hat\u00e1rozat: <a href=\"https:\/\/semmelweis.hu\/jogigfoig\/files\/2024\/10\/77_2024_SzMSz-modositas.pdf\">77\/2024. (IX.27.)<\/a><br \/>\nHat\u00e1rozat t\u00edpusa:\u00a0Szen\u00e1tusi<br \/>\nHat\u00e1ly: 2024.XI.01.<\/p>\n","protected":false},"author":101467,"featured_media":0,"parent":41,"menu_order":0,"comment_status":"closed","ping_status":"closed","template":"","meta":{"_acf_changed":false,"footnotes":""},"categories":[],"tags":[],"class_list":["post-94129","page","type-page","status-publish","hentry"],"acf":[],"_links":{"self":[{"href":"https:\/\/semmelweis.hu\/jogigfoig\/wp-json\/wp\/v2\/pages\/94129","targetHints":{"allow":["GET"]}}],"collection":[{"href":"https:\/\/semmelweis.hu\/jogigfoig\/wp-json\/wp\/v2\/pages"}],"about":[{"href":"https:\/\/semmelweis.hu\/jogigfoig\/wp-json\/wp\/v2\/types\/page"}],"author":[{"embeddable":true,"href":"https:\/\/semmelweis.hu\/jogigfoig\/wp-json\/wp\/v2\/users\/101467"}],"replies":[{"embeddable":true,"href":"https:\/\/semmelweis.hu\/jogigfoig\/wp-json\/wp\/v2\/comments?post=94129"}],"version-history":[{"count":3,"href":"https:\/\/semmelweis.hu\/jogigfoig\/wp-json\/wp\/v2\/pages\/94129\/revisions"}],"predecessor-version":[{"id":94406,"href":"https:\/\/semmelweis.hu\/jogigfoig\/wp-json\/wp\/v2\/pages\/94129\/revisions\/94406"}],"up":[{"embeddable":true,"href":"https:\/\/semmelweis.hu\/jogigfoig\/wp-json\/wp\/v2\/pages\/41"}],"wp:attachment":[{"href":"https:\/\/semmelweis.hu\/jogigfoig\/wp-json\/wp\/v2\/media?parent=94129"}],"wp:term":[{"taxonomy":"category","embeddable":true,"href":"https:\/\/semmelweis.hu\/jogigfoig\/wp-json\/wp\/v2\/categories?post=94129"},{"taxonomy":"post_tag","embeddable":true,"href":"https:\/\/semmelweis.hu\/jogigfoig\/wp-json\/wp\/v2\/tags?post=94129"}],"curies":[{"name":"wp","href":"https:\/\/api.w.org\/{rel}","templated":true}]}}