{"id":93908,"date":"2024-10-08T12:06:34","date_gmt":"2024-10-08T10:06:34","guid":{"rendered":"https:\/\/semmelweis.hu\/jogigfoig\/?page_id=93908"},"modified":"2024-10-17T08:56:35","modified_gmt":"2024-10-17T06:56:35","slug":"2024-oktober-3","status":"publish","type":"page","link":"https:\/\/semmelweis.hu\/jogigfoig\/testuletek\/szenatus\/2024-evi-szenatusi-hatarozatok\/2024-oktober-3\/","title":{"rendered":"2024. okt\u00f3ber 3."},"content":{"rendered":"<p style=\"text-align: justify\"><a href=\"https:\/\/semmelweis.hu\/jogigfoig\/files\/2024\/10\/78_2024_2024-oszi-munkaterv.pdf\">A Semmelweis Egyetem\u00a0Szen\u00e1tus\u00e1nak\u00a078\/2024. (X.3.) sz\u00e1m\u00fa hat\u00e1rozata\u00a0a Szen\u00e1tus 2024. \u00e9vi \u0151szi munkaterv\u00e9r\u0151l\u00a0<\/a><\/p>\n<p style=\"text-align: justify\"><a href=\"https:\/\/semmelweis.hu\/jogigfoig\/files\/2024\/10\/78_2024_melleklet_Munkaterv_2024-oszi-felev.pdf\">A Semmelweis Egyetem Szen\u00e1tus\u00e1nak 78\/2024. (X.3.) sz\u00e1m\u00fa hat\u00e1rozata a Szen\u00e1tus 2024. \u00e9vi \u0151szi munkaterv\u00e9r\u0151l &#8211; 1. sz\u00e1m\u00fa mell\u00e9klet<\/a><\/p>\n<p style=\"text-align: justify\"><a href=\"https:\/\/semmelweis.hu\/jogigfoig\/files\/2024\/10\/79_2024_FB-szemelyi-osszetetelenek-megujitasarol.pdf\">A Semmelweis Egyetem\u00a0Szen\u00e1tus\u00e1nak\u00a079\/2024. (X.3.) sz\u00e1m\u00fa hat\u00e1rozata\u00a0a Fel\u00fclb\u00edr\u00e1lati Bizotts\u00e1g szem\u00e9lyi \u00f6sszet\u00e9tel\u00e9nek meg\u00faj\u00edt\u00e1s\u00e1r\u00f3l<\/a><\/p>\n<p style=\"text-align: justify\"><a href=\"https:\/\/semmelweis.hu\/jogigfoig\/files\/2024\/10\/80_2024_SZEB-szemelyi-osszetetel-megujitasa.pdf\">A Semmelweis Egyetem\u00a0Szen\u00e1tus\u00e1nak\u00a080\/2024. (X.3.) sz\u00e1m\u00fa hat\u00e1rozata\u00a0a Hallgat\u00f3k Szoci\u00e1lis \u00e9s Es\u00e9lyegyenl\u0151s\u00e9gi \u00dcgyeivel Foglalkoz\u00f3 Bizotts\u00e1g (SZEB) szem\u00e9lyi \u00f6sszet\u00e9tel\u00e9nek meg\u00faj\u00edt\u00e1s\u00e1r\u00f3l<\/a><\/p>\n<p style=\"text-align: justify\"><a href=\"https:\/\/semmelweis.hu\/jogigfoig\/files\/2024\/10\/81_2024_SzMSz-modositas-Rektori-Kabinet.pdf\">A Semmelweis Egyetem\u00a0Szen\u00e1tus\u00e1nak\u00a081\/2024. (X.3.) sz\u00e1m\u00fa hat\u00e1rozata\u00a0a Szervezeti \u00e9s M\u0171k\u00f6d\u00e9si Szab\u00e1lyzat egyes rendelkez\u00e9seinek m\u00f3dos\u00edt\u00e1s\u00e1r\u00f3l\u00a0(a Rektori Kabinetet \u00e9rint\u0151 szervezeti v\u00e1ltoz\u00e1sok)<\/a><\/p>\n<p style=\"text-align: justify\"><a href=\"https:\/\/semmelweis.hu\/jogigfoig\/files\/2024\/10\/81_2024_melleklet-1_SzMSz-modositas.pdf\">A Semmelweis Egyetem Szen\u00e1tus\u00e1nak 81\/2024. (X.3.) sz\u00e1m\u00fa hat\u00e1rozata a Szervezeti \u00e9s M\u0171k\u00f6d\u00e9si Szab\u00e1lyzat egyes rendelkez\u00e9seinek m\u00f3dos\u00edt\u00e1s\u00e1r\u00f3l (a Rektori Kabinetet \u00e9rint\u0151 szervezeti v\u00e1ltoz\u00e1sok) &#8211; 1. sz\u00e1m\u00fa mell\u00e9klet<\/a><\/p>\n<p style=\"text-align: justify\"><a href=\"https:\/\/semmelweis.hu\/jogigfoig\/files\/2024\/10\/82_2024_SzMSz-modositas-GFI.pdf\">A Semmelweis Egyetem\u00a0Szen\u00e1tus\u00e1nak\u00a082\/2024. (X.3.) sz\u00e1m\u00fa hat\u00e1rozata\u00a0a Szervezeti \u00e9s M\u0171k\u00f6d\u00e9si Szab\u00e1lyzat egyes rendelkez\u00e9seinek, \u00e9s az egyes egyetemi szab\u00e1lyzatok m\u00f3dos\u00edt\u00e1s\u00e1r\u00f3l\u00a0(a Gazdas\u00e1gi F\u0151igazgat\u00f3s\u00e1got \u00e9rint\u0151 szervezeti v\u00e1ltoz\u00e1sok)<\/a><\/p>\n<p style=\"text-align: justify\"><a href=\"https:\/\/semmelweis.hu\/jogigfoig\/files\/2024\/10\/82_2024_-melleklet_4_HOK-egyetertes.pdf\">A Semmelweis Egyetem Szen\u00e1tus\u00e1nak 82\/2024. (X.3.) sz\u00e1m\u00fa hat\u00e1rozata a Szervezeti \u00e9s M\u0171k\u00f6d\u00e9si Szab\u00e1lyzat egyes rendelkez\u00e9seinek, \u00e9s az egyes egyetemi szab\u00e1lyzatok m\u00f3dos\u00edt\u00e1s\u00e1r\u00f3l (a Gazdas\u00e1gi F\u0151igazgat\u00f3s\u00e1got \u00e9rint\u0151 szervezeti v\u00e1ltoz\u00e1sok) &#8211; Hallgat\u00f3i \u00d6nkorm\u00e1nyzat egyet\u00e9rt\u00e9s<\/a><\/p>\n<p style=\"text-align: justify\"><a href=\"https:\/\/semmelweis.hu\/jogigfoig\/files\/2024\/10\/82_2024_melleklet-1_SzMSz-modositas.pdf\">A Semmelweis Egyetem Szen\u00e1tus\u00e1nak 82\/2024. (X.3.) sz\u00e1m\u00fa hat\u00e1rozata a Szervezeti \u00e9s M\u0171k\u00f6d\u00e9si Szab\u00e1lyzat egyes rendelkez\u00e9seinek, \u00e9s az egyes egyetemi szab\u00e1lyzatok m\u00f3dos\u00edt\u00e1s\u00e1r\u00f3l (a Gazdas\u00e1gi F\u0151igazgat\u00f3s\u00e1got \u00e9rint\u0151 szervezeti v\u00e1ltoz\u00e1sok) &#8211; 1. sz\u00e1m\u00fa mell\u00e9klet<\/a><\/p>\n<p style=\"text-align: justify\"><a href=\"https:\/\/semmelweis.hu\/jogigfoig\/files\/2024\/10\/82_2024_melleklet-2_SzMSz-modositas.pdf\">A Semmelweis Egyetem\u00a0Szen\u00e1tus\u00e1nak\u00a082\/2024. (X.3.) sz\u00e1m\u00fa hat\u00e1rozata\u00a0a Szervezeti \u00e9s M\u0171k\u00f6d\u00e9si Szab\u00e1lyzat egyes rendelkez\u00e9seinek, \u00e9s az egyes egyetemi szab\u00e1lyzatok m\u00f3dos\u00edt\u00e1s\u00e1r\u00f3l\u00a0(a Gazdas\u00e1gi F\u0151igazgat\u00f3s\u00e1got \u00e9rint\u0151 szervezeti v\u00e1ltoz\u00e1sok) &#8211; 2. sz\u00e1m\u00fa mell\u00e9klet<\/a><\/p>\n<p style=\"text-align: justify\"><a href=\"https:\/\/semmelweis.hu\/jogigfoig\/files\/2024\/10\/82_2024_melleklet-3_SzMSz-modositas.pdf\">A Semmelweis Egyetem\u00a0Szen\u00e1tus\u00e1nak\u00a082\/2024. (X.3.) sz\u00e1m\u00fa hat\u00e1rozata\u00a0a Szervezeti \u00e9s M\u0171k\u00f6d\u00e9si Szab\u00e1lyzat egyes rendelkez\u00e9seinek, \u00e9s az egyes egyetemi szab\u00e1lyzatok m\u00f3dos\u00edt\u00e1s\u00e1r\u00f3l\u00a0(a Gazdas\u00e1gi F\u0151igazgat\u00f3s\u00e1got \u00e9rint\u0151 szervezeti v\u00e1ltoz\u00e1sok) &#8211; 3. sz\u00e1m\u00fa mell\u00e9klet<\/a><\/p>\n<p style=\"text-align: justify\"><a href=\"https:\/\/semmelweis.hu\/jogigfoig\/files\/2024\/10\/83_2024_Gyogyszerterapias-Bizottsag_uj-szemelyi-osszetetel.pdf\">A Semmelweis Egyetem\u00a0Szen\u00e1tus\u00e1nak\u00a083\/2024. (X.03.) sz\u00e1m\u00fa hat\u00e1rozata\u00a0a Gy\u00f3gyszerter\u00e1pi\u00e1s, Antibiotikum \u00e9s Infekci\u00f3kontroll Bizotts\u00e1g\u00a0szem\u00e9lyi \u00f6sszet\u00e9tel\u00e9nek meg\u00faj\u00edt\u00e1s\u00e1r\u00f3l<\/a><\/p>\n<p style=\"text-align: justify\"><a href=\"https:\/\/semmelweis.hu\/jogigfoig\/files\/2024\/10\/84_2024_Semmelweis-Ignac-jutalomdij.pdf\">A Semmelweis Egyetem\u00a0Szen\u00e1tus\u00e1nak\u00a084\/2024. (X.3.) sz\u00e1m\u00fa hat\u00e1rozata\u00a0a 2024. \u00e9vi Semmelweis Ign\u00e1c eml\u00e9k\u00e9rem \u00e9s jutalomd\u00edj adom\u00e1nyoz\u00e1s\u00e1r\u00f3l<\/a><\/p>\n<p style=\"text-align: justify\"><a href=\"https:\/\/semmelweis.hu\/jogigfoig\/files\/2024\/10\/85_2024_Richter-Gedeon-emlekerem-es-jutalomdij.pdf\">A Semmelweis Egyetem\u00a0Szen\u00e1tus\u00e1nak\u00a0\u00a085\/2024. (X.3.) sz\u00e1m\u00fa hat\u00e1rozata\u00a0a 2024. \u00e9vi Richter Gedeon eml\u00e9k\u00e9rem \u00e9s jutalomd\u00edj adom\u00e1nyoz\u00e1s\u00e1r\u00f3l<\/a><\/p>\n<p style=\"text-align: justify\"><a href=\"https:\/\/semmelweis.hu\/jogigfoig\/files\/2024\/10\/86_2024_Hugonnai-Vilma-emlekerem-es-jutalomdij.pdf\">A Semmelweis Egyetem\u00a0Szen\u00e1tus\u00e1nak\u00a086\/2024. (X.3.) sz\u00e1m\u00fa hat\u00e1rozata\u00a0a 2024. \u00e9vi Hugonnai Vilma eml\u00e9k\u00e9rem \u00e9s jutalomd\u00edj adom\u00e1nyoz\u00e1s\u00e1r\u00f3l<\/a><\/p>\n<p style=\"text-align: justify\"><a href=\"https:\/\/semmelweis.hu\/jogigfoig\/files\/2024\/10\/87_2024_Huzella-Tivadar-emlekerem-es-jutalomdij.pdf\">A Semmelweis Egyetem\u00a0Szen\u00e1tus\u00e1nak\u00a087\/2024. (X.3.) sz\u00e1m\u00fa hat\u00e1rozata\u00a0a 2024. \u00e9vi Huzella Tivadar eml\u00e9k\u00e9rem \u00e9s jutalomd\u00edj adom\u00e1nyoz\u00e1s\u00e1r\u00f3l<\/a><\/p>\n<p style=\"text-align: justify\"><a href=\"https:\/\/semmelweis.hu\/jogigfoig\/files\/2024\/10\/88_2024_Jendrassik-Erno-emlekerem-es-jutalomdij.pdf\">A Semmelweis Egyetem\u00a0Szen\u00e1tus\u00e1nak\u00a088\/2024. (X.3.) sz\u00e1m\u00fa hat\u00e1rozata\u00a0a 2024. \u00e9vi Jendrassik Ern\u0151 eml\u00e9k\u00e9rem \u00e9s jutalomd\u00edj adom\u00e1nyoz\u00e1s\u00e1r\u00f3l<\/a><\/p>\n<p style=\"text-align: justify\"><a href=\"https:\/\/semmelweis.hu\/jogigfoig\/files\/2024\/10\/89_2024_Hari-Maria-emlekerem-es-jutalomdij.pdf\">A Semmelweis Egyetem\u00a0Szen\u00e1tus\u00e1nak\u00a089\/2024. (X.3.) sz\u00e1m\u00fa hat\u00e1rozata\u00a0a 2024. \u00e9vi H\u00e1ri M\u00e1ria eml\u00e9k\u00e9rem \u00e9s jutalomd\u00edj adom\u00e1nyoz\u00e1s\u00e1r\u00f3l<\/a><\/p>\n<p style=\"text-align: justify\"><a href=\"https:\/\/semmelweis.hu\/jogigfoig\/files\/2024\/10\/90_2024_Semmelweis-Budapest-Award.pdf\">A Semmelweis Egyetem\u00a0Szen\u00e1tus\u00e1nak\u00a090\/2024. (X.3.) sz\u00e1m\u00fa hat\u00e1rozata\u00a0a 2024. \u00e9vi Semmelweis Budapest Award adom\u00e1nyoz\u00e1s\u00e1r\u00f3l<\/a><\/p>\n<p style=\"text-align: justify\"><a href=\"https:\/\/semmelweis.hu\/jogigfoig\/files\/2024\/10\/91_2024_AOK-FOK-kurrikulum-modositas.pdf\">A Semmelweis Egyetem\u00a0Szen\u00e1tus\u00e1nak\u00a091\/2024. (X.3.) sz\u00e1m\u00fa hat\u00e1rozata\u00a0a Fogorvostudom\u00e1nyi Karon v\u00e9gzett, az \u00c1ltal\u00e1nos Orvostudom\u00e1nyi Kar \u00e1ltal\u00e1nos orvos szak\u00e1ra felvett hallgat\u00f3k k\u00e9pz\u00e9s\u00e9re vonatkoz\u00f3, 2023\/2024-es tan\u00e9vt\u0151l bevezetett kurrikulum m\u00f3dos\u00edt\u00e1s\u00e1r\u00f3l<\/a><\/p>\n<p style=\"text-align: justify\"><a href=\"https:\/\/semmelweis.hu\/jogigfoig\/files\/2024\/10\/91_2024_melleklet-3_AOK-FOK-kurrikulum-modositas.pdf\">A Semmelweis Egyetem Szen\u00e1tus\u00e1nak 91\/2024. (X.3.) sz\u00e1m\u00fa hat\u00e1rozata a Fogorvostudom\u00e1nyi Karon v\u00e9gzett, az \u00c1ltal\u00e1nos Orvostudom\u00e1nyi Kar \u00e1ltal\u00e1nos orvos szak\u00e1ra felvett hallgat\u00f3k k\u00e9pz\u00e9s\u00e9re vonatkoz\u00f3, 2023\/2024-es tan\u00e9vt\u0151l bevezetett kurrikulum m\u00f3dos\u00edt\u00e1s\u00e1r\u00f3l &#8211; 3. sz\u00e1m\u00fa mell\u00e9klet<\/a><\/p>\n<p style=\"text-align: justify\"><a href=\"https:\/\/semmelweis.hu\/jogigfoig\/files\/2024\/10\/91_2024_melleklet-3a_AOK-FOK-kurrikulum-modositas.pdf\">A Semmelweis Egyetem\u00a0Szen\u00e1tus\u00e1nak\u00a091\/2024. (X.3.) sz\u00e1m\u00fa hat\u00e1rozata\u00a0a Fogorvostudom\u00e1nyi Karon v\u00e9gzett, az \u00c1ltal\u00e1nos Orvostudom\u00e1nyi Kar \u00e1ltal\u00e1nos orvos szak\u00e1ra felvett hallgat\u00f3k k\u00e9pz\u00e9s\u00e9re vonatkoz\u00f3, 2023\/2024-es tan\u00e9vt\u0151l bevezetett kurrikulum m\u00f3dos\u00edt\u00e1s\u00e1r\u00f3l &#8211; 3\/a. sz\u00e1m\u00fa mell\u00e9klet<\/a><\/p>\n<p style=\"text-align: justify\"><a href=\"https:\/\/semmelweis.hu\/jogigfoig\/files\/2024\/10\/91_2024_melleklet-3b_AOK-FOK-kurrikulum-modositas.pdf\">A Semmelweis Egyetem\u00a0Szen\u00e1tus\u00e1nak\u00a091\/2024. (X.3.) sz\u00e1m\u00fa hat\u00e1rozata\u00a0a Fogorvostudom\u00e1nyi Karon v\u00e9gzett, az \u00c1ltal\u00e1nos Orvostudom\u00e1nyi Kar \u00e1ltal\u00e1nos orvos szak\u00e1ra felvett hallgat\u00f3k k\u00e9pz\u00e9s\u00e9re vonatkoz\u00f3, 2023\/2024-es tan\u00e9vt\u0151l bevezetett kurrikulum m\u00f3dos\u00edt\u00e1s\u00e1r\u00f3l &#8211; 3\/b. sz\u00e1m\u00fa mell\u00e9klet<\/a><\/p>\n<p style=\"text-align: justify\"><a href=\"https:\/\/semmelweis.hu\/jogigfoig\/files\/2024\/10\/92_2024_ACH-tantargyfelelos.pdf\">A Semmelweis Egyetem\u00a0Szen\u00e1tus\u00e1nak\u00a092\/2024. (X.3.) sz\u00e1m\u00fa hat\u00e1rozata\u00a0az Asklepios Campus Hamburgra beny\u00fajtott tant\u00e1rgyfelel\u0151si p\u00e1ly\u00e1zatr\u00f3l<\/a><\/p>\n<p style=\"text-align: justify\"><a href=\"https:\/\/semmelweis.hu\/jogigfoig\/files\/2024\/10\/93_2024_Pro-Universitate-dij.pdf\">A Semmelweis Egyetem\u00a0Szen\u00e1tus\u00e1nak\u00a093\/2024. (X.3.) sz\u00e1m\u00fa hat\u00e1rozata\u00a0a Pro Universitate d\u00edj adom\u00e1nyoz\u00e1s\u00e1r\u00f3l<\/a><\/p>\n","protected":false},"excerpt":{"rendered":"<p><a href=\"https:\/\/semmelweis.hu\/jogigfoig\/files\/2024\/10\/78_2024_2024-oszi-munkaterv.pdf\">A Semmelweis Egyetem\u00a0Szen\u00e1tus\u00e1nak\u00a078\/2024. (X.3.) sz\u00e1m\u00fa hat\u00e1rozata\u00a0a Szen\u00e1tus 2024. \u00e9vi \u0151szi munkaterv\u00e9r\u0151l\u00a0<\/a><br \/>\n<a href=\"https:\/\/semmelweis.hu\/jogigfoig\/files\/2024\/10\/78_2024_melleklet_Munkaterv_2024-oszi-felev.pdf\">A Semmelweis Egyetem Szen\u00e1tus\u00e1nak 78\/2024. (X.3.) sz\u00e1m\u00fa hat\u00e1rozata a Szen\u00e1tus 2024. \u00e9vi \u0151szi munkaterv\u00e9r\u0151l &#8211; 1. sz\u00e1m\u00fa mell\u00e9klet<\/a><br \/>\n<a href=\"https:\/\/semmelweis.hu\/jogigfoig\/files\/2024\/10\/79_2024_FB-szemelyi-osszetetelenek-megujitasarol.pdf\">A Semmelweis Egyetem\u00a0Szen\u00e1tus\u00e1nak\u00a079\/2024. (X.3.) sz\u00e1m\u00fa hat\u00e1rozata\u00a0a Fel\u00fclb\u00edr\u00e1lati Bizotts\u00e1g szem\u00e9lyi \u00f6sszet\u00e9tel\u00e9nek meg\u00faj\u00edt\u00e1s\u00e1r\u00f3l<\/a><br \/>\n<a href=\"https:\/\/semmelweis.hu\/jogigfoig\/files\/2024\/10\/80_2024_SZEB-szemelyi-osszetetel-megujitasa.pdf\">A Semmelweis Egyetem\u00a0Szen\u00e1tus\u00e1nak\u00a080\/2024. (X.3.) sz\u00e1m\u00fa hat\u00e1rozata\u00a0a Hallgat\u00f3k Szoci\u00e1lis \u00e9s Es\u00e9lyegyenl\u0151s\u00e9gi \u00dcgyeivel Foglalkoz\u00f3 Bizotts\u00e1g (SZEB) szem\u00e9lyi \u00f6sszet\u00e9tel\u00e9nek meg\u00faj\u00edt\u00e1s\u00e1r\u00f3l<\/a><br \/>\n<a href=\"https:\/\/semmelweis.hu\/jogigfoig\/files\/2024\/10\/81_2024_SzMSz-modositas-Rektori-Kabinet.pdf\">A Semmelweis Egyetem\u00a0Szen\u00e1tus\u00e1nak\u00a081\/2024. (X.3.) sz\u00e1m\u00fa hat\u00e1rozata\u00a0a Szervezeti \u00e9s M\u0171k\u00f6d\u00e9si Szab\u00e1lyzat egyes rendelkez\u00e9seinek m\u00f3dos\u00edt\u00e1s\u00e1r\u00f3l\u00a0(a Rektori Kabinetet \u00e9rint\u0151 szervezeti v\u00e1ltoz\u00e1sok)<\/a><br \/>\n<a href=\"https:\/\/semmelweis.hu\/jogigfoig\/files\/2024\/10\/81_2024_melleklet-1_SzMSz-modositas.pdf\">A Semmelweis Egyetem Szen\u00e1tus\u00e1nak 81\/2024. (X.3.) sz\u00e1m\u00fa hat\u00e1rozata a Szervezeti \u00e9s M\u0171k\u00f6d\u00e9si Szab\u00e1lyzat egyes rendelkez\u00e9seinek m\u00f3dos\u00edt\u00e1s\u00e1r\u00f3l (a Rektori Kabinetet \u00e9rint\u0151 szervezeti v\u00e1ltoz\u00e1sok) &#8211; 1. sz\u00e1m\u00fa mell\u00e9klet<\/a><br \/>\n<a href=\"https:\/\/semmelweis.hu\/jogigfoig\/files\/2024\/10\/82_2024_SzMSz-modositas-GFI.pdf\">A Semmelweis Egyetem\u00a0Szen\u00e1tus\u00e1nak\u00a082\/2024. (X.3.) sz\u00e1m\u00fa hat\u00e1rozata\u00a0a Szervezeti \u00e9s M\u0171k\u00f6d\u00e9si Szab\u00e1lyzat egyes rendelkez\u00e9seinek, \u00e9s az egyes egyetemi szab\u00e1lyzatok m\u00f3dos\u00edt\u00e1s\u00e1r\u00f3l\u00a0(a Gazdas\u00e1gi F\u0151igazgat\u00f3s\u00e1got \u00e9rint\u0151 szervezeti v\u00e1ltoz\u00e1sok)<\/a><br \/>\n<a href=\"https:\/\/semmelweis.hu\/jogigfoig\/files\/2024\/10\/82_2024_-melleklet_4_HOK-egyetertes.pdf\">A Semmelweis Egyetem Szen\u00e1tus\u00e1nak 82\/2024. (X.3.) sz\u00e1m\u00fa hat\u00e1rozata a Szervezeti \u00e9s M\u0171k\u00f6d\u00e9si Szab\u00e1lyzat egyes rendelkez\u00e9seinek, \u00e9s az egyes egyetemi szab\u00e1lyzatok m\u00f3dos\u00edt\u00e1s\u00e1r\u00f3l (a Gazdas\u00e1gi F\u0151igazgat\u00f3s\u00e1got \u00e9rint\u0151 szervezeti v\u00e1ltoz\u00e1sok) &#8211; Hallgat\u00f3i \u00d6nkorm\u00e1nyzat egyet\u00e9rt\u00e9s<\/a><br \/>\n<a href=\"https:\/\/semmelweis.hu\/jogigfoig\/files\/2024\/10\/82_2024_melleklet-1_SzMSz-modositas.pdf\">A Semmelweis Egyetem Szen\u00e1tus\u00e1nak 82\/2024. (X.3.) sz\u00e1m\u00fa hat\u00e1rozata a Szervezeti \u00e9s M\u0171k\u00f6d\u00e9si Szab\u00e1lyzat egyes rendelkez\u00e9seinek, \u00e9s az egyes egyetemi szab\u00e1lyzatok m\u00f3dos\u00edt\u00e1s\u00e1r\u00f3l (a Gazdas\u00e1gi F\u0151igazgat\u00f3s\u00e1got \u00e9rint\u0151 szervezeti v\u00e1ltoz\u00e1sok) &#8211; 1. sz\u00e1m\u00fa mell\u00e9klet<\/a><br \/>\n<a href=\"https:\/\/semmelweis.hu\/jogigfoig\/files\/2024\/10\/82_2024_melleklet-2_SzMSz-modositas.pdf\">A Semmelweis Egyetem\u00a0Szen\u00e1tus\u00e1nak\u00a082\/2024. (X.3.) sz\u00e1m\u00fa hat\u00e1rozata\u00a0a Szervezeti \u00e9s M\u0171k\u00f6d\u00e9si Szab\u00e1lyzat egyes rendelkez\u00e9seinek, \u00e9s az egyes egyetemi szab\u00e1lyzatok m\u00f3dos\u00edt\u00e1s\u00e1r\u00f3l\u00a0(a Gazdas\u00e1gi F\u0151igazgat\u00f3s\u00e1got \u00e9rint\u0151 szervezeti v\u00e1ltoz\u00e1sok) &#8211; 2. sz\u00e1m\u00fa mell\u00e9klet<\/a><br \/>\n<a href=\"https:\/\/semmelweis.hu\/jogigfoig\/files\/2024\/10\/82_2024_melleklet-3_SzMSz-modositas.pdf\">A Semmelweis Egyetem\u00a0Szen\u00e1tus\u00e1nak\u00a082\/2024. (X.3.) sz\u00e1m\u00fa hat\u00e1rozata\u00a0a Szervezeti \u00e9s M\u0171k\u00f6d\u00e9si Szab\u00e1lyzat egyes rendelkez\u00e9seinek, \u00e9s az egyes egyetemi szab\u00e1lyzatok m\u00f3dos\u00edt\u00e1s\u00e1r\u00f3l\u00a0(a Gazdas\u00e1gi F\u0151igazgat\u00f3s\u00e1got \u00e9rint\u0151 szervezeti v\u00e1ltoz\u00e1sok) &#8211; 3. sz\u00e1m\u00fa mell\u00e9klet<\/a><br \/>\n<a href=\"https:\/\/semmelweis.hu\/jogigfoig\/files\/2024\/10\/83_2024_Gyogyszerterapias-Bizottsag_uj-szemelyi-osszetetel.pdf\">A Semmelweis Egyetem\u00a0Szen\u00e1tus\u00e1nak\u00a083\/2024. (X.03.) sz\u00e1m\u00fa hat\u00e1rozata\u00a0a Gy\u00f3gyszerter\u00e1pi\u00e1s, Antibiotikum \u00e9s Infekci\u00f3kontroll Bizotts\u00e1g\u00a0szem\u00e9lyi \u00f6sszet\u00e9tel\u00e9nek meg\u00faj\u00edt\u00e1s\u00e1r\u00f3l<\/a><br \/>\n<a href=\"https:\/\/semmelweis.hu\/jogigfoig\/files\/2024\/10\/84_2024_Semmelweis-Ignac-jutalomdij.pdf\">A Semmelweis Egyetem\u00a0Szen\u00e1tus\u00e1nak\u00a084\/2024. (X.3.) sz\u00e1m\u00fa hat\u00e1rozata\u00a0a 2024. \u00e9vi Semmelweis Ign\u00e1c eml\u00e9k\u00e9rem \u00e9s jutalomd\u00edj adom\u00e1nyoz\u00e1s\u00e1r\u00f3l<\/a><br \/>\n<a href=\"https:\/\/semmelweis.hu\/jogigfoig\/files\/2024\/10\/85_2024_Richter-Gedeon-emlekerem-es-jutalomdij.pdf\">A Semmelweis Egyetem\u00a0Szen\u00e1tus\u00e1nak\u00a0\u00a085\/2024. (X.3.) sz\u00e1m\u00fa hat\u00e1rozata\u00a0a 2024. \u00e9vi Richter Gedeon eml\u00e9k\u00e9rem \u00e9s jutalomd\u00edj adom\u00e1nyoz\u00e1s\u00e1r\u00f3l<\/a><br \/>\n<a href=\"https:\/\/semmelweis.hu\/jogigfoig\/files\/2024\/10\/86_2024_Hugonnai-Vilma-emlekerem-es-jutalomdij.pdf\">A Semmelweis Egyetem\u00a0Szen\u00e1tus\u00e1nak\u00a086\/2024. (X.3.) sz\u00e1m\u00fa hat\u00e1rozata\u00a0a 2024. \u00e9vi Hugonnai Vilma eml\u00e9k\u00e9rem \u00e9s jutalomd\u00edj adom\u00e1nyoz\u00e1s\u00e1r\u00f3l<\/a><br \/>\n<a href=\"https:\/\/semmelweis.hu\/jogigfoig\/files\/2024\/10\/87_2024_Huzella-Tivadar-emlekerem-es-jutalomdij.pdf\">A Semmelweis Egyetem\u00a0Szen\u00e1tus\u00e1nak\u00a087\/2024. (X.3.) sz\u00e1m\u00fa hat\u00e1rozata\u00a0a 2024. \u00e9vi Huzella Tivadar eml\u00e9k\u00e9rem \u00e9s jutalomd\u00edj adom\u00e1nyoz\u00e1s\u00e1r\u00f3l<\/a><br \/>\n<a href=\"https:\/\/semmelweis.hu\/jogigfoig\/files\/2024\/10\/88_2024_Jendrassik-Erno-emlekerem-es-jutalomdij.pdf\">A Semmelweis Egyetem\u00a0Szen\u00e1tus\u00e1nak\u00a088\/2024. (X.3.) sz\u00e1m\u00fa hat\u00e1rozata\u00a0a 2024. \u00e9vi Jendrassik Ern\u0151 eml\u00e9k\u00e9rem \u00e9s jutalomd\u00edj adom\u00e1nyoz\u00e1s\u00e1r\u00f3l<\/a><br \/>\n<a href=\"https:\/\/semmelweis.hu\/jogigfoig\/files\/2024\/10\/89_2024_Hari-Maria-emlekerem-es-jutalomdij.pdf\">A Semmelweis Egyetem\u00a0Szen\u00e1tus\u00e1nak\u00a089\/2024. (X.3.) sz\u00e1m\u00fa hat\u00e1rozata\u00a0a 2024. \u00e9vi H\u00e1ri M\u00e1ria eml\u00e9k\u00e9rem \u00e9s jutalomd\u00edj adom\u00e1nyoz\u00e1s\u00e1r\u00f3l<\/a><br \/>\n<a href=\"https:\/\/semmelweis.hu\/jogigfoig\/files\/2024\/10\/90_2024_Semmelweis-Budapest-Award.pdf\">A Semmelweis Egyetem\u00a0Szen\u00e1tus\u00e1nak\u00a090\/2024. (X.3.) sz\u00e1m\u00fa hat\u00e1rozata\u00a0a 2024. \u00e9vi Semmelweis Budapest Award adom\u00e1nyoz\u00e1s\u00e1r\u00f3l<\/a><br \/>\n<a href=\"https:\/\/semmelweis.hu\/jogigfoig\/files\/2024\/10\/91_2024_AOK-FOK-kurrikulum-modositas.pdf\">A Semmelweis Egyetem\u00a0Szen\u00e1tus\u00e1nak\u00a091\/2024. (X.3.) sz\u00e1m\u00fa hat\u00e1rozata\u00a0a Fogorvostudom\u00e1nyi Karon v\u00e9gzett, az \u00c1ltal\u00e1nos Orvostudom\u00e1nyi Kar \u00e1ltal\u00e1nos orvos szak\u00e1ra felvett hallgat\u00f3k k\u00e9pz\u00e9s\u00e9re vonatkoz\u00f3, 2023\/2024-es tan\u00e9vt\u0151l bevezetett kurrikulum m\u00f3dos\u00edt\u00e1s\u00e1r\u00f3l<\/a><br \/>\n<a href=\"https:\/\/semmelweis.hu\/jogigfoig\/files\/2024\/10\/91_2024_melleklet-3_AOK-FOK-kurrikulum-modositas.pdf\">A Semmelweis Egyetem Szen\u00e1tus\u00e1nak 91\/2024. (X.3.) sz\u00e1m\u00fa hat\u00e1rozata a Fogorvostudom\u00e1nyi Karon v\u00e9gzett, az \u00c1ltal\u00e1nos Orvostudom\u00e1nyi Kar \u00e1ltal\u00e1nos orvos szak\u00e1ra felvett hallgat\u00f3k k\u00e9pz\u00e9s\u00e9re vonatkoz\u00f3, 2023\/2024-es tan\u00e9vt\u0151l bevezetett kurrikulum m\u00f3dos\u00edt\u00e1s\u00e1r\u00f3l &#8211; 3. sz\u00e1m\u00fa mell\u00e9klet<\/a><br \/>\n<a href=\"https:\/\/semmelweis.hu\/jogigfoig\/files\/2024\/10\/91_2024_melleklet-3a_AOK-FOK-kurrikulum-modositas.pdf\">A Semmelweis Egyetem\u00a0Szen\u00e1tus\u00e1nak\u00a091\/2024. (X.3.) sz\u00e1m\u00fa hat\u00e1rozata\u00a0a Fogorvostudom\u00e1nyi Karon v\u00e9gzett, az \u00c1ltal\u00e1nos Orvostudom\u00e1nyi Kar \u00e1ltal\u00e1nos orvos szak\u00e1ra felvett hallgat\u00f3k k\u00e9pz\u00e9s\u00e9re vonatkoz\u00f3, 2023\/2024-es tan\u00e9vt\u0151l bevezetett kurrikulum m\u00f3dos\u00edt\u00e1s\u00e1r\u00f3l &#8211; 3\/a. sz\u00e1m\u00fa mell\u00e9klet<\/a><br \/>\n<a href=\"https:\/\/semmelweis.hu\/jogigfoig\/files\/2024\/10\/91_2024_melleklet-3b_AOK-FOK-kurrikulum-modositas.pdf\">A Semmelweis Egyetem\u00a0Szen\u00e1tus\u00e1nak\u00a091\/2024. (X.3.) sz\u00e1m\u00fa hat\u00e1rozata\u00a0a Fogorvostudom\u00e1nyi Karon v\u00e9gzett, az \u00c1ltal\u00e1nos Orvostudom\u00e1nyi Kar \u00e1ltal\u00e1nos orvos szak\u00e1ra felvett hallgat\u00f3k k\u00e9pz\u00e9s\u00e9re vonatkoz\u00f3, 2023\/2024-es tan\u00e9vt\u0151l bevezetett kurrikulum m\u00f3dos\u00edt\u00e1s\u00e1r\u00f3l &#8211; 3\/b. sz\u00e1m\u00fa mell\u00e9klet<\/a><br \/>\n<a href=\"https:\/\/semmelweis.hu\/jogigfoig\/files\/2024\/10\/92_2024_ACH-tantargyfelelos.pdf\">A Semmelweis Egyetem\u00a0Szen\u00e1tus\u00e1nak\u00a092\/2024. (X.3.) sz\u00e1m\u00fa hat\u00e1rozata\u00a0az Asklepios Campus Hamburgra beny\u00fajtott tant\u00e1rgyfelel\u0151si p\u00e1ly\u00e1zatr\u00f3l<\/a><br \/>\n<a href=\"https:\/\/semmelweis.hu\/jogigfoig\/files\/2024\/10\/93_2024_Pro-Universitate-dij.pdf\">A Semmelweis Egyetem\u00a0Szen\u00e1tus\u00e1nak\u00a093\/2024. (X.3.) sz\u00e1m\u00fa hat\u00e1rozata\u00a0a Pro Universitate d\u00edj adom\u00e1nyoz\u00e1s\u00e1r\u00f3l<\/a><\/p>\n","protected":false},"author":101467,"featured_media":0,"parent":89297,"menu_order":10,"comment_status":"closed","ping_status":"closed","template":"","meta":{"_acf_changed":false,"footnotes":""},"categories":[],"tags":[],"class_list":["post-93908","page","type-page","status-publish","hentry"],"acf":[],"_links":{"self":[{"href":"https:\/\/semmelweis.hu\/jogigfoig\/wp-json\/wp\/v2\/pages\/93908","targetHints":{"allow":["GET"]}}],"collection":[{"href":"https:\/\/semmelweis.hu\/jogigfoig\/wp-json\/wp\/v2\/pages"}],"about":[{"href":"https:\/\/semmelweis.hu\/jogigfoig\/wp-json\/wp\/v2\/types\/page"}],"author":[{"embeddable":true,"href":"https:\/\/semmelweis.hu\/jogigfoig\/wp-json\/wp\/v2\/users\/101467"}],"replies":[{"embeddable":true,"href":"https:\/\/semmelweis.hu\/jogigfoig\/wp-json\/wp\/v2\/comments?post=93908"}],"version-history":[{"count":4,"href":"https:\/\/semmelweis.hu\/jogigfoig\/wp-json\/wp\/v2\/pages\/93908\/revisions"}],"predecessor-version":[{"id":94105,"href":"https:\/\/semmelweis.hu\/jogigfoig\/wp-json\/wp\/v2\/pages\/93908\/revisions\/94105"}],"up":[{"embeddable":true,"href":"https:\/\/semmelweis.hu\/jogigfoig\/wp-json\/wp\/v2\/pages\/89297"}],"wp:attachment":[{"href":"https:\/\/semmelweis.hu\/jogigfoig\/wp-json\/wp\/v2\/media?parent=93908"}],"wp:term":[{"taxonomy":"category","embeddable":true,"href":"https:\/\/semmelweis.hu\/jogigfoig\/wp-json\/wp\/v2\/categories?post=93908"},{"taxonomy":"post_tag","embeddable":true,"href":"https:\/\/semmelweis.hu\/jogigfoig\/wp-json\/wp\/v2\/tags?post=93908"}],"curies":[{"name":"wp","href":"https:\/\/api.w.org\/{rel}","templated":true}]}}