{"id":93521,"date":"2024-09-11T15:27:14","date_gmt":"2024-09-11T13:27:14","guid":{"rendered":"https:\/\/semmelweis.hu\/jogigfoig\/?page_id=93521"},"modified":"2024-10-03T13:57:34","modified_gmt":"2024-10-03T11:57:34","slug":"2024-szeptember-12","status":"publish","type":"page","link":"https:\/\/semmelweis.hu\/jogigfoig\/testuletek\/szenatus\/2024-evi-szenatusi-hatarozatok\/2024-szeptember-12\/","title":{"rendered":"2024. szeptember 12."},"content":{"rendered":"<p style=\"text-align: justify\"><a href=\"https:\/\/semmelweis.hu\/jogigfoig\/files\/2024\/09\/75_2024_AOK-kurrikulum-modositas.pdf\">A Semmelweis Egyetem\u00a0Szen\u00e1tus\u00e1nak\u00a075\/2024. (IX.12.) sz\u00e1m\u00fa hat\u00e1rozata\u00a0az \u00c1ltal\u00e1nos Orvostudom\u00e1nyi Karon a 2024\/2025-\u00f6s tan\u00e9vben bevezetett orvosk\u00e9pz\u00e9s curriculum\u00e1nak m\u00f3dos\u00edt\u00e1s\u00e1r\u00f3l<\/a><\/p>\n<p style=\"text-align: justify\"><a href=\"https:\/\/semmelweis.hu\/jogigfoig\/files\/2024\/09\/75_2024_melleklet_AOK-kurrikulum-modositas.pdf\">A Semmelweis Egyetem Szen\u00e1tus\u00e1nak 75\/2024. (IX.12.) sz\u00e1m\u00fa hat\u00e1rozata az \u00c1ltal\u00e1nos Orvostudom\u00e1nyi Karon a 2024\/2025-\u00f6s tan\u00e9vben bevezetett orvosk\u00e9pz\u00e9s curriculum\u00e1nak m\u00f3dos\u00edt\u00e1s\u00e1r\u00f3l &#8211; 1. sz\u00e1m\u00fa mell\u00e9klet<\/a><\/p>\n<p style=\"text-align: justify\"><a href=\"https:\/\/semmelweis.hu\/jogigfoig\/files\/2024\/09\/76_2024_SzMSz-modositas-FKR.pdf\">A Semmelweis Egyetem\u00a0Szen\u00e1tus\u00e1nak\u00a076\/2024. (IX.10.) sz\u00e1m\u00fa hat\u00e1rozata\u00a0a Szervezeti \u00e9s M\u0171k\u00f6d\u00e9si Szab\u00e1lyzat II.1. r\u00e9sz\u00e9nek (Foglalkoztat\u00e1si K\u00f6vetelm\u00e9nyrendszer) m\u00f3dos\u00edt\u00e1s\u00e1r\u00f3l<\/a><\/p>\n<p style=\"text-align: justify\"><a href=\"https:\/\/semmelweis.hu\/jogigfoig\/files\/2024\/10\/76_2024_melleklet_SzMSz-modositas-FKR.pdf\">A Semmelweis Egyetem\u00a0Szen\u00e1tus\u00e1nak\u00a076\/2024. (IX.10.) sz\u00e1m\u00fa hat\u00e1rozata\u00a0a Szervezeti \u00e9s M\u0171k\u00f6d\u00e9si Szab\u00e1lyzat II.1. r\u00e9sz\u00e9nek (Foglalkoztat\u00e1si K\u00f6vetelm\u00e9nyrendszer) m\u00f3dos\u00edt\u00e1s\u00e1r\u00f3l &#8211; 1. sz\u00e1m\u00fa mell\u00e9klet<\/a><\/p>\n<p style=\"text-align: justify\">\u00a0<\/p>\n","protected":false},"excerpt":{"rendered":"<p><a href=\"https:\/\/semmelweis.hu\/jogigfoig\/files\/2024\/09\/75_2024_AOK-kurrikulum-modositas.pdf\">A Semmelweis Egyetem\u00a0Szen\u00e1tus\u00e1nak\u00a075\/2024. (IX.12.) sz\u00e1m\u00fa hat\u00e1rozata\u00a0az \u00c1ltal\u00e1nos Orvostudom\u00e1nyi Karon a 2024\/2025-\u00f6s tan\u00e9vben bevezetett orvosk\u00e9pz\u00e9s curriculum\u00e1nak m\u00f3dos\u00edt\u00e1s\u00e1r\u00f3l<\/a><br \/>\n<a href=\"https:\/\/semmelweis.hu\/jogigfoig\/files\/2024\/09\/75_2024_melleklet_AOK-kurrikulum-modositas.pdf\">A Semmelweis Egyetem Szen\u00e1tus\u00e1nak 75\/2024. (IX.12.) sz\u00e1m\u00fa hat\u00e1rozata az \u00c1ltal\u00e1nos Orvostudom\u00e1nyi Karon a 2024\/2025-\u00f6s tan\u00e9vben bevezetett orvosk\u00e9pz\u00e9s curriculum\u00e1nak m\u00f3dos\u00edt\u00e1s\u00e1r\u00f3l &#8211; 1. sz\u00e1m\u00fa mell\u00e9klet<\/a><br \/>\n<a href=\"https:\/\/semmelweis.hu\/jogigfoig\/files\/2024\/09\/76_2024_SzMSz-modositas-FKR.pdf\">A Semmelweis Egyetem\u00a0Szen\u00e1tus\u00e1nak\u00a076\/2024. (IX.10.) sz\u00e1m\u00fa hat\u00e1rozata\u00a0a Szervezeti \u00e9s M\u0171k\u00f6d\u00e9si Szab\u00e1lyzat II.1. r\u00e9sz\u00e9nek (Foglalkoztat\u00e1si K\u00f6vetelm\u00e9nyrendszer) m\u00f3dos\u00edt\u00e1s\u00e1r\u00f3l<\/a><br \/>\n<a href=\"https:\/\/semmelweis.hu\/jogigfoig\/files\/2024\/10\/76_2024_melleklet_SzMSz-modositas-FKR.pdf\">A Semmelweis Egyetem\u00a0Szen\u00e1tus\u00e1nak\u00a076\/2024. (IX.10.) sz\u00e1m\u00fa hat\u00e1rozata\u00a0a Szervezeti \u00e9s M\u0171k\u00f6d\u00e9si Szab\u00e1lyzat II.1. r\u00e9sz\u00e9nek (Foglalkoztat\u00e1si K\u00f6vetelm\u00e9nyrendszer) m\u00f3dos\u00edt\u00e1s\u00e1r\u00f3l &#8211; 1. sz\u00e1m\u00fa mell\u00e9klet<\/a><br \/>\n\u00a0<\/p>\n","protected":false},"author":101467,"featured_media":0,"parent":89297,"menu_order":8,"comment_status":"closed","ping_status":"closed","template":"","meta":{"_acf_changed":false,"footnotes":""},"categories":[],"tags":[],"class_list":["post-93521","page","type-page","status-publish","hentry"],"acf":[],"_links":{"self":[{"href":"https:\/\/semmelweis.hu\/jogigfoig\/wp-json\/wp\/v2\/pages\/93521","targetHints":{"allow":["GET"]}}],"collection":[{"href":"https:\/\/semmelweis.hu\/jogigfoig\/wp-json\/wp\/v2\/pages"}],"about":[{"href":"https:\/\/semmelweis.hu\/jogigfoig\/wp-json\/wp\/v2\/types\/page"}],"author":[{"embeddable":true,"href":"https:\/\/semmelweis.hu\/jogigfoig\/wp-json\/wp\/v2\/users\/101467"}],"replies":[{"embeddable":true,"href":"https:\/\/semmelweis.hu\/jogigfoig\/wp-json\/wp\/v2\/comments?post=93521"}],"version-history":[{"count":3,"href":"https:\/\/semmelweis.hu\/jogigfoig\/wp-json\/wp\/v2\/pages\/93521\/revisions"}],"predecessor-version":[{"id":93827,"href":"https:\/\/semmelweis.hu\/jogigfoig\/wp-json\/wp\/v2\/pages\/93521\/revisions\/93827"}],"up":[{"embeddable":true,"href":"https:\/\/semmelweis.hu\/jogigfoig\/wp-json\/wp\/v2\/pages\/89297"}],"wp:attachment":[{"href":"https:\/\/semmelweis.hu\/jogigfoig\/wp-json\/wp\/v2\/media?parent=93521"}],"wp:term":[{"taxonomy":"category","embeddable":true,"href":"https:\/\/semmelweis.hu\/jogigfoig\/wp-json\/wp\/v2\/categories?post=93521"},{"taxonomy":"post_tag","embeddable":true,"href":"https:\/\/semmelweis.hu\/jogigfoig\/wp-json\/wp\/v2\/tags?post=93521"}],"curies":[{"name":"wp","href":"https:\/\/api.w.org\/{rel}","templated":true}]}}