{"id":932,"date":"2013-01-24T10:55:15","date_gmt":"2013-01-24T10:55:15","guid":{"rendered":"http:\/\/semmelweis-egyetem.hu\/rektori-hivatal\/?page_id=932"},"modified":"2023-11-09T13:18:20","modified_gmt":"2023-11-09T12:18:20","slug":"kozerdeku-adatok-archivum","status":"publish","type":"page","link":"https:\/\/semmelweis.hu\/jogigfoig\/adatvedelem-betegjog\/kozerdeku-adatok-archivum\/","title":{"rendered":"K\u00f6z\u00e9rdek\u0171 adatok (Arch\u00edvum)"},"content":{"rendered":"<p>2023. janu\u00e1r 1-t\u0151l<\/p>\n<ul>\n<li><a href=\"https:\/\/semmelweis.hu\/jogigfoig\/adatvedelem-betegjog\/kozerdeku-adatok-archivum\/altalanos-kozzeteteli-lista-2023-januar-1-tol-archivum\/\">\u00c1ltal\u00e1nos k\u00f6zz\u00e9t\u00e9teli lista (Arch\u00edvum)<\/a><\/li>\n<li><a href=\"https:\/\/semmelweis.hu\/jogigfoig\/adatvedelem-betegjog\/kozerdeku-adatok-archivum\/kulonos-kozzeteteli-lista-2023-januar-1-tol-archivum\/\">K\u00fcl\u00f6n\u00f6s k\u00f6zz\u00e9t\u00e9teli lista (Arch\u00edvum)<\/a><\/li>\n<\/ul>\n<p>2022. december 31-ig<\/p>\n<ul>\n<li><a href=\"https:\/\/semmelweis.hu\/rektori-hivatal\/altalanos-kozzeteteli-lista-archivum\/\">\u00c1ltal\u00e1nos k\u00f6zz\u00e9t\u00e9teli lista (Arch\u00edvum)<\/a><\/li>\n<li><a href=\"https:\/\/semmelweis.hu\/rektori-hivatal\/kulonos-kozzeteteli-lista-archivum\/\">K\u00fcl\u00f6n\u00f6s k\u00f6zz\u00e9t\u00e9teli lista (Arch\u00edvum)<\/a><\/li>\n<li><a href=\"https:\/\/semmelweis.hu\/rektori-hivatal\/egyedi-kozzeteteli-lista-archivum\/\">Egyedi k\u00f6zz\u00e9t\u00e9teli lista (Arch\u00edvum)<\/a><\/li>\n<\/ul>\n<p>&nbsp;<\/p>\n<p>&nbsp;<\/p>\n","protected":false},"excerpt":{"rendered":"<p>2023. janu\u00e1r 1-t\u0151l<\/p>\n<p><a href=\"https:\/\/semmelweis.hu\/jogigfoig\/adatvedelem-betegjog\/kozerdeku-adatok-archivum\/altalanos-kozzeteteli-lista-2023-januar-1-tol-archivum\/\">\u00c1ltal\u00e1nos k\u00f6zz\u00e9t\u00e9teli lista (Arch\u00edvum)<\/a><br \/>\n<a href=\"https:\/\/semmelweis.hu\/jogigfoig\/adatvedelem-betegjog\/kozerdeku-adatok-archivum\/kulonos-kozzeteteli-lista-2023-januar-1-tol-archivum\/\">K\u00fcl\u00f6n\u00f6s k\u00f6zz\u00e9t\u00e9teli lista (Arch\u00edvum)<\/a><\/p>\n<p>2022. december 31-ig<\/p>\n<p><a href=\"https:\/\/semmelweis.hu\/rektori-hivatal\/altalanos-kozzeteteli-lista-archivum\/\">\u00c1ltal\u00e1nos k\u00f6zz\u00e9t\u00e9teli lista (Arch\u00edvum)<\/a><br \/>\n<a href=\"https:\/\/semmelweis.hu\/rektori-hivatal\/kulonos-kozzeteteli-lista-archivum\/\">K\u00fcl\u00f6n\u00f6s k\u00f6zz\u00e9t\u00e9teli lista (Arch\u00edvum)<\/a><br \/>\n<a href=\"https:\/\/semmelweis.hu\/rektori-hivatal\/egyedi-kozzeteteli-lista-archivum\/\">Egyedi k\u00f6zz\u00e9t\u00e9teli lista (Arch\u00edvum)<\/a><\/p>\n<p>&nbsp;<br \/>\n&nbsp;<\/p>\n","protected":false},"author":128,"featured_media":0,"parent":8034,"menu_order":8,"comment_status":"open","ping_status":"open","template":"","meta":{"_acf_changed":false,"footnotes":""},"categories":[],"tags":[],"class_list":["post-932","page","type-page","status-publish","hentry"],"acf":[],"_links":{"self":[{"href":"https:\/\/semmelweis.hu\/jogigfoig\/wp-json\/wp\/v2\/pages\/932","targetHints":{"allow":["GET"]}}],"collection":[{"href":"https:\/\/semmelweis.hu\/jogigfoig\/wp-json\/wp\/v2\/pages"}],"about":[{"href":"https:\/\/semmelweis.hu\/jogigfoig\/wp-json\/wp\/v2\/types\/page"}],"author":[{"embeddable":true,"href":"https:\/\/semmelweis.hu\/jogigfoig\/wp-json\/wp\/v2\/users\/128"}],"replies":[{"embeddable":true,"href":"https:\/\/semmelweis.hu\/jogigfoig\/wp-json\/wp\/v2\/comments?post=932"}],"version-history":[{"count":6,"href":"https:\/\/semmelweis.hu\/jogigfoig\/wp-json\/wp\/v2\/pages\/932\/revisions"}],"predecessor-version":[{"id":86717,"href":"https:\/\/semmelweis.hu\/jogigfoig\/wp-json\/wp\/v2\/pages\/932\/revisions\/86717"}],"up":[{"embeddable":true,"href":"https:\/\/semmelweis.hu\/jogigfoig\/wp-json\/wp\/v2\/pages\/8034"}],"wp:attachment":[{"href":"https:\/\/semmelweis.hu\/jogigfoig\/wp-json\/wp\/v2\/media?parent=932"}],"wp:term":[{"taxonomy":"category","embeddable":true,"href":"https:\/\/semmelweis.hu\/jogigfoig\/wp-json\/wp\/v2\/categories?post=932"},{"taxonomy":"post_tag","embeddable":true,"href":"https:\/\/semmelweis.hu\/jogigfoig\/wp-json\/wp\/v2\/tags?post=932"}],"curies":[{"name":"wp","href":"https:\/\/api.w.org\/{rel}","templated":true}]}}