{"id":9138,"date":"2017-09-21T14:05:53","date_gmt":"2017-09-21T12:05:53","guid":{"rendered":"http:\/\/semmelweis.hu\/jogigfoig\/?page_id=9138"},"modified":"2018-03-28T15:27:40","modified_gmt":"2018-03-28T13:27:40","slug":"2017-szeptember-20","status":"publish","type":"page","link":"https:\/\/semmelweis.hu\/jogigfoig\/testuletek\/konzisztorium\/2017-szeptember-20\/","title":{"rendered":"2017. szeptember 20."},"content":{"rendered":"<ul>\n<li style=\"text-align: justify\"><a href=\"https:\/\/semmelweis.hu\/jogigfoig\/files\/2017\/09\/8_IX_18_2017_PAK_kltgv_2017_evi_kltgv_kieg.pdf\">A Semmelweis Egyetem Konziszt\u00f3rium\u00e1nak 8\/2017. (IX.18.) sz\u00e1m\u00fa hat\u00e1rozata a 2017. \u00e9vi vezet\u0151i k\u00f6lts\u00e9gvet\u00e9s kieg\u00e9sz\u00edt\u00e9se c\u00edm\u0171 el\u0151terjeszt\u00e9sr\u0151l<\/a><\/li>\n<li style=\"text-align: justify\"><a href=\"https:\/\/semmelweis.hu\/jogigfoig\/files\/2017\/09\/7_IX_18_2017_YES_Kft_reszesedes.pdf\">A Semmelweis Egyetem Konziszt\u00f3rium\u00e1nak 7\/2017. (IX.18.) sz\u00e1m\u00fa hat\u00e1rozata a YES &#8211; Your Education Service Oktat\u00e1sszervez\u0151 \u00e9s Tan\u00e1csad\u00f3 Korl\u00e1tolt Felel\u0151ss\u00e9g\u0171 T\u00e1rsas\u00e1gban t\u00f6rt\u00e9n\u0151 100 %-os r\u00e9szesed\u00e9s szerz\u00e9sr\u0151l sz\u00f3l\u00f3 el\u0151terjeszt\u00e9s elfogad\u00e1s\u00e1r\u00f3l<\/a><\/li>\n<\/ul>\n","protected":false},"excerpt":{"rendered":"<p><a href=\"https:\/\/semmelweis.hu\/jogigfoig\/files\/2017\/09\/8_IX_18_2017_PAK_kltgv_2017_evi_kltgv_kieg.pdf\">A Semmelweis Egyetem Konziszt\u00f3rium\u00e1nak 8\/2017. (IX.18.) sz\u00e1m\u00fa hat\u00e1rozata a 2017. \u00e9vi vezet\u0151i k\u00f6lts\u00e9gvet\u00e9s kieg\u00e9sz\u00edt\u00e9se c\u00edm\u0171 el\u0151terjeszt\u00e9sr\u0151l<\/a><br \/>\n<a href=\"https:\/\/semmelweis.hu\/jogigfoig\/files\/2017\/09\/7_IX_18_2017_YES_Kft_reszesedes.pdf\">A Semmelweis Egyetem Konziszt\u00f3rium\u00e1nak 7\/2017. (IX.18.) sz\u00e1m\u00fa hat\u00e1rozata a YES &#8211; Your Education Service Oktat\u00e1sszervez\u0151 \u00e9s Tan\u00e1csad\u00f3 Korl\u00e1tolt Felel\u0151ss\u00e9g\u0171 T\u00e1rsas\u00e1gban t\u00f6rt\u00e9n\u0151 100 %-os r\u00e9szesed\u00e9s szerz\u00e9sr\u0151l sz\u00f3l\u00f3 el\u0151terjeszt\u00e9s elfogad\u00e1s\u00e1r\u00f3l<\/a><\/p>\n","protected":false},"author":101117,"featured_media":0,"parent":4612,"menu_order":13,"comment_status":"closed","ping_status":"closed","template":"","meta":{"_acf_changed":false,"footnotes":""},"categories":[],"tags":[],"class_list":["post-9138","page","type-page","status-publish","hentry"],"acf":[],"_links":{"self":[{"href":"https:\/\/semmelweis.hu\/jogigfoig\/wp-json\/wp\/v2\/pages\/9138","targetHints":{"allow":["GET"]}}],"collection":[{"href":"https:\/\/semmelweis.hu\/jogigfoig\/wp-json\/wp\/v2\/pages"}],"about":[{"href":"https:\/\/semmelweis.hu\/jogigfoig\/wp-json\/wp\/v2\/types\/page"}],"author":[{"embeddable":true,"href":"https:\/\/semmelweis.hu\/jogigfoig\/wp-json\/wp\/v2\/users\/101117"}],"replies":[{"embeddable":true,"href":"https:\/\/semmelweis.hu\/jogigfoig\/wp-json\/wp\/v2\/comments?post=9138"}],"version-history":[{"count":1,"href":"https:\/\/semmelweis.hu\/jogigfoig\/wp-json\/wp\/v2\/pages\/9138\/revisions"}],"predecessor-version":[{"id":9141,"href":"https:\/\/semmelweis.hu\/jogigfoig\/wp-json\/wp\/v2\/pages\/9138\/revisions\/9141"}],"up":[{"embeddable":true,"href":"https:\/\/semmelweis.hu\/jogigfoig\/wp-json\/wp\/v2\/pages\/4612"}],"wp:attachment":[{"href":"https:\/\/semmelweis.hu\/jogigfoig\/wp-json\/wp\/v2\/media?parent=9138"}],"wp:term":[{"taxonomy":"category","embeddable":true,"href":"https:\/\/semmelweis.hu\/jogigfoig\/wp-json\/wp\/v2\/categories?post=9138"},{"taxonomy":"post_tag","embeddable":true,"href":"https:\/\/semmelweis.hu\/jogigfoig\/wp-json\/wp\/v2\/tags?post=9138"}],"curies":[{"name":"wp","href":"https:\/\/api.w.org\/{rel}","templated":true}]}}