{"id":91088,"date":"2024-07-30T13:39:55","date_gmt":"2024-07-30T11:39:55","guid":{"rendered":"https:\/\/semmelweis.hu\/jogigfoig\/?page_id=91088"},"modified":"2026-03-05T14:53:55","modified_gmt":"2026-03-05T13:53:55","slug":"szmsz-iii-konyv-iii-5-resz-hallgato-fegyelmi-es-karteritesi-szabalyzat","status":"publish","type":"page","link":"https:\/\/semmelweis.hu\/jogigfoig\/dokumentumtar\/szabalyzattar\/szervezeti-es-mukodesi-szabalyzat\/iii-konyv-hkr\/szmsz-iii-konyv-iii-5-resz-hallgato-fegyelmi-es-karteritesi-szabalyzat\/","title":{"rendered":"SZMSZ III. K\u00f6nyv HKR III.5. R\u00e9sz Hallgat\u00f3 Fegyelmi \u00e9s K\u00e1rt\u00e9r\u00edt\u00e9si Szab\u00e1lyzat"},"content":{"rendered":"<p><a href=\"https:\/\/semmelweis.hu\/jogigfoig\/files\/2024\/10\/SZMSZ_HKR_III_KONYV_III_5_RESZ_Hallgatoi_Fegyelmi_es_Karteritesi_Szabalyzat_hatalyos_20241101.pdf\">III.5. R\u00c9SZ \u2013 HALLGAT\u00d3I FEGYELMI \u00c9S K\u00c1RT\u00c9R\u00cdT\u00c9SI SZAB\u00c1LYZAT<\/a><\/p>\n<p style=\"padding-left: 40px\"><a href=\"https:\/\/semmelweis.hu\/jogigfoig\/files\/2025\/07\/SZMSZ_HKR_III_KONYV_III_5_RESZ_Hallgatoi_Fegyelmi_es_Karteritesi_Szabalyzat_20241101-_EN_v.pdf\">English version: CHAPTER III. 5 STUDENT DISCIPLINARY AND COMPENSATION REGULATIONS<\/a><\/p>\n<p style=\"padding-left: 40px\"><a href=\"https:\/\/semmelweis.hu\/jogigfoig\/files\/2026\/03\/SZMSZ_HKR_III_KONYV_III_5_RESZ_Hallgatoi_Fegyelmi_es_Karteritesi_Szabalyzat_hatalyos_20241101_GER.pdf\" target=\"_blank\" rel=\"noopener\">Deutsche Version: KAPITEL III.5 DISZIPLINAR- UND SCHADENERSATZORDNUNG F\u00dcR STUDIERENDE<\/a><\/p>\n","protected":false},"excerpt":{"rendered":"<p><a href=\"https:\/\/semmelweis.hu\/jogigfoig\/files\/2024\/10\/SZMSZ_HKR_III_KONYV_III_5_RESZ_Hallgatoi_Fegyelmi_es_Karteritesi_Szabalyzat_hatalyos_20241101.pdf\">III.5. R\u00c9SZ \u2013 HALLGAT\u00d3I FEGYELMI \u00c9S K\u00c1RT\u00c9R\u00cdT\u00c9SI SZAB\u00c1LYZAT<\/a><br \/>\n<a href=\"https:\/\/semmelweis.hu\/jogigfoig\/files\/2025\/07\/SZMSZ_HKR_III_KONYV_III_5_RESZ_Hallgatoi_Fegyelmi_es_Karteritesi_Szabalyzat_20241101-_EN_v.pdf\">English version: CHAPTER III. 5 STUDENT DISCIPLINARY AND COMPENSATION REGULATIONS<\/a><br \/>\n<a href=\"https:\/\/semmelweis.hu\/jogigfoig\/files\/2026\/03\/SZMSZ_HKR_III_KONYV_III_5_RESZ_Hallgatoi_Fegyelmi_es_Karteritesi_Szabalyzat_hatalyos_20241101_GER.pdf\" target=\"_blank\" rel=\"noopener\">Deutsche Version: KAPITEL III.5 DISZIPLINAR- UND SCHADENERSATZORDNUNG F\u00dcR STUDIERENDE<\/a><\/p>\n","protected":false},"author":101467,"featured_media":0,"parent":73489,"menu_order":0,"comment_status":"closed","ping_status":"closed","template":"","meta":{"_acf_changed":false,"footnotes":""},"categories":[],"tags":[],"class_list":["post-91088","page","type-page","status-publish","hentry"],"acf":[],"_links":{"self":[{"href":"https:\/\/semmelweis.hu\/jogigfoig\/wp-json\/wp\/v2\/pages\/91088","targetHints":{"allow":["GET"]}}],"collection":[{"href":"https:\/\/semmelweis.hu\/jogigfoig\/wp-json\/wp\/v2\/pages"}],"about":[{"href":"https:\/\/semmelweis.hu\/jogigfoig\/wp-json\/wp\/v2\/types\/page"}],"author":[{"embeddable":true,"href":"https:\/\/semmelweis.hu\/jogigfoig\/wp-json\/wp\/v2\/users\/101467"}],"replies":[{"embeddable":true,"href":"https:\/\/semmelweis.hu\/jogigfoig\/wp-json\/wp\/v2\/comments?post=91088"}],"version-history":[{"count":6,"href":"https:\/\/semmelweis.hu\/jogigfoig\/wp-json\/wp\/v2\/pages\/91088\/revisions"}],"predecessor-version":[{"id":105366,"href":"https:\/\/semmelweis.hu\/jogigfoig\/wp-json\/wp\/v2\/pages\/91088\/revisions\/105366"}],"up":[{"embeddable":true,"href":"https:\/\/semmelweis.hu\/jogigfoig\/wp-json\/wp\/v2\/pages\/73489"}],"wp:attachment":[{"href":"https:\/\/semmelweis.hu\/jogigfoig\/wp-json\/wp\/v2\/media?parent=91088"}],"wp:term":[{"taxonomy":"category","embeddable":true,"href":"https:\/\/semmelweis.hu\/jogigfoig\/wp-json\/wp\/v2\/categories?post=91088"},{"taxonomy":"post_tag","embeddable":true,"href":"https:\/\/semmelweis.hu\/jogigfoig\/wp-json\/wp\/v2\/tags?post=91088"}],"curies":[{"name":"wp","href":"https:\/\/api.w.org\/{rel}","templated":true}]}}