{"id":90989,"date":"2024-07-16T11:37:43","date_gmt":"2024-07-16T09:37:43","guid":{"rendered":"https:\/\/semmelweis.hu\/jogigfoig\/?page_id=90989"},"modified":"2026-03-05T11:39:22","modified_gmt":"2026-03-05T10:39:22","slug":"iii-konyv-hallgatoi-kovetelmenyrendszer-iii-2-resz-tanulmanyi-es-vizsgaszabalyzat-es-mellekletei","status":"publish","type":"page","link":"https:\/\/semmelweis.hu\/jogigfoig\/dokumentumtar\/szabalyzattar\/szervezeti-es-mukodesi-szabalyzat\/iii-konyv-hkr\/iii-konyv-hallgatoi-kovetelmenyrendszer-iii-2-resz-tanulmanyi-es-vizsgaszabalyzat-es-mellekletei\/","title":{"rendered":"SZMSZ III. K\u00f6nyv HKR III.2. R\u00e9sz Tanulm\u00e1nyi \u00e9s Vizsgaszab\u00e1lyzat \u00e9s mell\u00e9kletei"},"content":{"rendered":"<p><a href=\"https:\/\/semmelweis.hu\/jogigfoig\/files\/2026\/02\/SZMSZ_HKR_III_KONYV_III_2_RESZ_Tanulmanyi_es_Vizsgaszabalyzat_hatalyos_20260204_jav.pdf\">III.2. R\u00c9SZ \u2013 TANULM\u00c1NYI \u00c9S VIZSGASZAB\u00c1LYZAT<\/a><\/p>\n<p style=\"padding-left: 40px\"><a href=\"https:\/\/semmelweis.hu\/jogigfoig\/files\/2026\/03\/SZMSZ_HKR_III_KONYV_III_2_RESZ_Tanulmanyi_es_Vizsgaszabalyzat_hatalyos_20260204_ENG_v.pdf\" target=\"_blank\" rel=\"noopener\">English version: CHAPTER III.2 STUDY AND EXAMINATION REGULATIONS<\/a>\u00a0<\/p>\n<p style=\"padding-left: 40px\"><a href=\"https:\/\/semmelweis.hu\/jogigfoig\/files\/2026\/02\/SZMSZ_HKR_III_KONYV_III_2_RESZ_Tanulmanyi_es_Vizsgaszabalyzat_hatalyos_20260204_GER.pdf\">Deutsche Version: KAPITEL III.2. STUDIEN- UND PR\u00dcFUNGSORDNUNG<\/a><\/p>\n<hr \/>\n<p><a href=\"https:\/\/semmelweis.hu\/jogigfoig\/files\/2019\/11\/%C3%9AJ_SZMSZ-HKR_III.K%C3%96NYV_III.2._R%C3%89SZ_MELL%C3%89KLETEK_2019.10.02-tol.pdf\">III.2. R\u00c9SZ \u2013\u00a0MELL\u00c9KLETEK<\/a><\/p>\n<p style=\"padding-left: 40px\"><a href=\"https:\/\/semmelweis.hu\/jogigfoig\/files\/2024\/07\/SZMSZ_HKR_III_KONYV_III_2_RESZ_MELLEKLETEK_2019_1002_ENG_.pdf\">English version: CHAPTER III.2. \u2013 APPENDICES<\/a><\/p>\n<p style=\"padding-left: 40px\"><a href=\"https:\/\/semmelweis.hu\/jogigfoig\/files\/2025\/07\/SZMSZ_HKR_III_KONYV_III_2_RESZ_MELLEKLETEK_hatalyos_20191002_GER.pdf\">Deutsche Version: KAPITEL III.2 ANH\u00c4NGE<\/a>\u00a0<\/p>\n<p>&nbsp;<\/p>\n<p>&nbsp;<\/p>\n","protected":false},"excerpt":{"rendered":"<p><a href=\"https:\/\/semmelweis.hu\/jogigfoig\/files\/2026\/02\/SZMSZ_HKR_III_KONYV_III_2_RESZ_Tanulmanyi_es_Vizsgaszabalyzat_hatalyos_20260204_jav.pdf\">III.2. R\u00c9SZ \u2013 TANULM\u00c1NYI \u00c9S VIZSGASZAB\u00c1LYZAT<\/a><br \/>\n<a href=\"https:\/\/semmelweis.hu\/jogigfoig\/files\/2026\/03\/SZMSZ_HKR_III_KONYV_III_2_RESZ_Tanulmanyi_es_Vizsgaszabalyzat_hatalyos_20260204_ENG_v.pdf\" target=\"_blank\" rel=\"noopener\">English version: CHAPTER III.2 STUDY AND EXAMINATION REGULATIONS<\/a>\u00a0<br \/>\n<a href=\"https:\/\/semmelweis.hu\/jogigfoig\/files\/2026\/02\/SZMSZ_HKR_III_KONYV_III_2_RESZ_Tanulmanyi_es_Vizsgaszabalyzat_hatalyos_20260204_GER.pdf\">Deutsche Version: KAPITEL III.2. STUDIEN- UND PR\u00dcFUNGSORDNUNG<\/a><\/p>\n<p><a href=\"https:\/\/semmelweis.hu\/jogigfoig\/files\/2019\/11\/%C3%9AJ_SZMSZ-HKR_III.K%C3%96NYV_III.2._R%C3%89SZ_MELL%C3%89KLETEK_2019.10.02-tol.pdf\">III.2. R\u00c9SZ \u2013\u00a0MELL\u00c9KLETEK<\/a><br \/>\n<a href=\"https:\/\/semmelweis.hu\/jogigfoig\/files\/2024\/07\/SZMSZ_HKR_III_KONYV_III_2_RESZ_MELLEKLETEK_2019_1002_ENG_.pdf\">English version: CHAPTER III.2. \u2013 APPENDICES<\/a><br \/>\n<a href=\"https:\/\/semmelweis.hu\/jogigfoig\/files\/2025\/07\/SZMSZ_HKR_III_KONYV_III_2_RESZ_MELLEKLETEK_hatalyos_20191002_GER.pdf\">Deutsche Version: KAPITEL III.2 ANH\u00c4NGE<\/a>\u00a0<br \/>\n&nbsp;<br \/>\n&nbsp;<\/p>\n","protected":false},"author":101467,"featured_media":0,"parent":73489,"menu_order":0,"comment_status":"closed","ping_status":"closed","template":"","meta":{"_acf_changed":false,"footnotes":""},"categories":[],"tags":[],"class_list":["post-90989","page","type-page","status-publish","hentry"],"acf":[],"_links":{"self":[{"href":"https:\/\/semmelweis.hu\/jogigfoig\/wp-json\/wp\/v2\/pages\/90989","targetHints":{"allow":["GET"]}}],"collection":[{"href":"https:\/\/semmelweis.hu\/jogigfoig\/wp-json\/wp\/v2\/pages"}],"about":[{"href":"https:\/\/semmelweis.hu\/jogigfoig\/wp-json\/wp\/v2\/types\/page"}],"author":[{"embeddable":true,"href":"https:\/\/semmelweis.hu\/jogigfoig\/wp-json\/wp\/v2\/users\/101467"}],"replies":[{"embeddable":true,"href":"https:\/\/semmelweis.hu\/jogigfoig\/wp-json\/wp\/v2\/comments?post=90989"}],"version-history":[{"count":11,"href":"https:\/\/semmelweis.hu\/jogigfoig\/wp-json\/wp\/v2\/pages\/90989\/revisions"}],"predecessor-version":[{"id":105341,"href":"https:\/\/semmelweis.hu\/jogigfoig\/wp-json\/wp\/v2\/pages\/90989\/revisions\/105341"}],"up":[{"embeddable":true,"href":"https:\/\/semmelweis.hu\/jogigfoig\/wp-json\/wp\/v2\/pages\/73489"}],"wp:attachment":[{"href":"https:\/\/semmelweis.hu\/jogigfoig\/wp-json\/wp\/v2\/media?parent=90989"}],"wp:term":[{"taxonomy":"category","embeddable":true,"href":"https:\/\/semmelweis.hu\/jogigfoig\/wp-json\/wp\/v2\/categories?post=90989"},{"taxonomy":"post_tag","embeddable":true,"href":"https:\/\/semmelweis.hu\/jogigfoig\/wp-json\/wp\/v2\/tags?post=90989"}],"curies":[{"name":"wp","href":"https:\/\/api.w.org\/{rel}","templated":true}]}}