{"id":90659,"date":"2024-06-10T16:59:53","date_gmt":"2024-06-10T14:59:53","guid":{"rendered":"https:\/\/semmelweis.hu\/jogigfoig\/?page_id=90659"},"modified":"2024-07-08T11:26:46","modified_gmt":"2024-07-08T09:26:46","slug":"2024-majus-30","status":"publish","type":"page","link":"https:\/\/semmelweis.hu\/jogigfoig\/testuletek\/szenatus\/2024-evi-szenatusi-hatarozatok\/2024-majus-30\/","title":{"rendered":"2024. m\u00e1jus 30."},"content":{"rendered":"<p style=\"text-align: justify\"><a href=\"https:\/\/semmelweis.hu\/jogigfoig\/files\/2024\/06\/N_4_2024_hatarozat.pdf\">A Semmelweis Egyetem\u00a0Szen\u00e1tus\u00e1nak\u00a0N-4.2024. (V.30.) sz\u00e1m\u00fa hat\u00e1rozata\u00a0a szen\u00e1tusi \u00fcl\u00e9s napirendj\u00e9r\u0151l<\/a><\/p>\n<p style=\"text-align: justify\"><a href=\"https:\/\/semmelweis.hu\/jogigfoig\/files\/2024\/06\/38_2024_2023-evi-eves-beszamolo.pdf\">A Semmelweis Egyetem\u00a0Szen\u00e1tus\u00e1nak\u00a038\/2024. (V.30.) sz\u00e1m\u00fa hat\u00e1rozata\u00a0a Semmelweis Egyetem sz\u00e1mviteli t\u00f6rv\u00e9ny szerinti 2023. \u00e9vi besz\u00e1mol\u00f3j\u00e1nak elfogad\u00e1s\u00e1r\u00f3l<\/a><\/p>\n<p style=\"text-align: justify\"><a href=\"https:\/\/semmelweis.hu\/jogigfoig\/files\/2024\/06\/39_2024_valasztott-targyak-korenek-meghatarozasa.pdf\">A Semmelweis Egyetem\u00a0Szen\u00e1tus\u00e1nak\u00a039\/2024. (V.30.) sz\u00e1m\u00fa hat\u00e1rozata\u00a0a 2024\/25. tan\u00e9vben v\u00e1lasztott t\u00e1rgyk\u00e9nt elismert konferenci\u00e1k, tudom\u00e1nyos szakmai rendezv\u00e9nyek, tov\u00e1bb\u00e1 egy\u00e9b, tant\u00e1rgy helyettes\u00edt\u0151 \u00f6nk\u00e9ntes tev\u00e9kenys\u00e9gek\u00a0k\u00f6r\u00e9nek meghat\u00e1roz\u00e1s\u00e1r\u00f3l<\/a><\/p>\n<p style=\"text-align: justify\"><a href=\"https:\/\/semmelweis.hu\/jogigfoig\/files\/2024\/06\/39_2024_melleklet_valasztott-targyak-korenek-meghatarozasa.pdf\">A Semmelweis Egyetem Szen\u00e1tus\u00e1nak 39\/2024. (V.30.) sz\u00e1m\u00fa hat\u00e1rozata a 2024\/25. tan\u00e9vben v\u00e1lasztott t\u00e1rgyk\u00e9nt elismert konferenci\u00e1k, tudom\u00e1nyos szakmai rendezv\u00e9nyek, tov\u00e1bb\u00e1 egy\u00e9b, tant\u00e1rgy helyettes\u00edt\u0151 \u00f6nk\u00e9ntes tev\u00e9kenys\u00e9gek k\u00f6r\u00e9nek meghat\u00e1roz\u00e1s\u00e1r\u00f3l &#8211; 1. sz\u00e1m\u00fa mell\u00e9klet<\/a><\/p>\n<p style=\"text-align: justify\"><a href=\"https:\/\/semmelweis.hu\/jogigfoig\/files\/2024\/06\/40_2024_Hungarian-Startup-University.pdf\">A Semmelweis Egyetem\u00a0Szen\u00e1tus\u00e1nak\u00a040\/2024. (V.30.) sz\u00e1m\u00fa hat\u00e1rozata\u00a0a <em>Hungarian Startup University Program<\/em> elnevez\u00e9s\u0171 szabadon v\u00e1laszthat\u00f3 tant\u00e1rgy\u00a0m\u00f3dos\u00edt\u00e1s\u00e1r\u00f3l<\/a><\/p>\n<p style=\"text-align: justify\"><a href=\"https:\/\/semmelweis.hu\/jogigfoig\/files\/2024\/06\/40_2024_melleklet_Hungarian-Startup-University.pdf\">A Semmelweis Egyetem\u00a0Szen\u00e1tus\u00e1nak\u00a040\/2024. (V.30.) sz\u00e1m\u00fa hat\u00e1rozata\u00a0a <em>Hungarian Startup University Program<\/em> elnevez\u00e9s\u0171 szabadon v\u00e1laszthat\u00f3 tant\u00e1rgy m\u00f3dos\u00edt\u00e1s\u00e1r\u00f3l &#8211; 1. sz\u00e1m\u00fa mell\u00e9klet<\/a><\/p>\n<p style=\"text-align: justify\"><a href=\"https:\/\/semmelweis.hu\/jogigfoig\/files\/2024\/06\/41_2024_ACH-tantargyfelelos.pdf\">A Semmelweis Egyetem\u00a0Szen\u00e1tus\u00e1nak\u00a041\/2024. (V.30.) sz\u00e1m\u00fa hat\u00e1rozata\u00a0az Asklepios Campus Hamburgon meghirdetett tant\u00e1rgyfelel\u0151si p\u00e1ly\u00e1zatr\u00f3l<\/a><\/p>\n<p style=\"text-align: justify\"><a href=\"https:\/\/semmelweis.hu\/jogigfoig\/files\/2024\/06\/42_2024_ACH_TCS-csoportvezeto.pdf\">A Semmelweis Egyetem\u00a0Szen\u00e1tus\u00e1nak\u00a042\/2024. (V.30.) sz\u00e1m\u00fa hat\u00e1rozata\u00a0az Asklepios Campus Hamburgon m\u0171k\u00f6d\u0151\u00a0ACH N\u0151gy\u00f3gy\u00e1szati Tansz\u00e9ki Csoportban meghirdetett vezet\u0151i \u00e1ll\u00e1sra p\u00e1ly\u00e1z\u00f3r\u00f3l<\/a><\/p>\n<p style=\"text-align: justify\"><a href=\"https:\/\/semmelweis.hu\/jogigfoig\/files\/2024\/06\/43_2024_Transzlacios-Medicina-mesterkepzesi-szak-letesiteserol-es-inditasarol.pdf\">A Semmelweis Egyetem\u00a0Szen\u00e1tus\u00e1nak\u00a043\/2024. (V.30.) sz\u00e1m\u00fa hat\u00e1rozata\u00a0a Transzl\u00e1ci\u00f3s Medicina mesterk\u00e9pz\u00e9si szak l\u00e9tes\u00edt\u00e9s\u00e9r\u0151l \u00e9s ind\u00edt\u00e1s\u00e1r\u00f3l<\/a><\/p>\n<p style=\"text-align: justify\"><a href=\"https:\/\/semmelweis.hu\/jogigfoig\/files\/2024\/06\/43_2024_melleklet-1_mintatanterv.pdf\">A Semmelweis Egyetem Szen\u00e1tus\u00e1nak 43\/2024. (V.30.) sz\u00e1m\u00fa hat\u00e1rozata a Transzl\u00e1ci\u00f3s Medicina mesterk\u00e9pz\u00e9si szak l\u00e9tes\u00edt\u00e9s\u00e9r\u0151l \u00e9s ind\u00edt\u00e1s\u00e1r\u00f3l &#8211; 1. sz\u00e1m\u00fa mell\u00e9klet<\/a><\/p>\n<p style=\"text-align: justify\"><a href=\"https:\/\/semmelweis.hu\/jogigfoig\/files\/2024\/06\/43_2024_melleklet-2_kepzesi-es-kimeneti-kovetelmenyek.pdf\">A Semmelweis Egyetem\u00a0Szen\u00e1tus\u00e1nak\u00a043\/2024. (V.30.) sz\u00e1m\u00fa hat\u00e1rozata\u00a0a Transzl\u00e1ci\u00f3s Medicina mesterk\u00e9pz\u00e9si szak l\u00e9tes\u00edt\u00e9s\u00e9r\u0151l \u00e9s ind\u00edt\u00e1s\u00e1r\u00f3l &#8211; 2. sz\u00e1m\u00fa mell\u00e9klet<\/a><\/p>\n<p><a href=\"https:\/\/semmelweis.hu\/jogigfoig\/files\/2024\/06\/44_2024_SzMSz-modositas-TJSZ.pdf\">A Semmelweis Egyetem\u00a0Szen\u00e1tus\u00e1nak\u00a044\/2024. (V.30.) sz\u00e1m\u00fa hat\u00e1rozata\u00a0a Szervezeti \u00e9s M\u0171k\u00f6d\u00e9si Szab\u00e1lyzat egyes rendelkez\u00e9seinek m\u00f3dos\u00edt\u00e1s\u00e1r\u00f3l<\/a><\/p>\n<p><a href=\"https:\/\/semmelweis.hu\/jogigfoig\/files\/2024\/06\/44_2024_melleklet-2_HOK-egyetertes.pdf\">A Semmelweis Egyetem Szen\u00e1tus\u00e1nak 44\/2024. (V.30.) sz\u00e1m\u00fa hat\u00e1rozata a Szervezeti \u00e9s M\u0171k\u00f6d\u00e9si Szab\u00e1lyzat egyes rendelkez\u00e9seinek m\u00f3dos\u00edt\u00e1s\u00e1r\u00f3l &#8211; Hallgat\u00f3i \u00d6nkorm\u00e1nyzat egyet\u00e9rt\u00e9s<\/a><\/p>\n<p><a href=\"https:\/\/semmelweis.hu\/jogigfoig\/files\/2024\/06\/44_2024_melleklet-1_SzMSz-modositas-TJSZ.pdf\">A Semmelweis Egyetem Szen\u00e1tus\u00e1nak 44\/2024. (V.30.) sz\u00e1m\u00fa hat\u00e1rozata a Szervezeti \u00e9s M\u0171k\u00f6d\u00e9si Szab\u00e1lyzat egyes rendelkez\u00e9seinek m\u00f3dos\u00edt\u00e1s\u00e1r\u00f3l &#8211; 1. sz\u00e1m\u00fa mell\u00e9klet<\/a><\/p>\n<p style=\"text-align: justify\"><a href=\"https:\/\/semmelweis.hu\/jogigfoig\/files\/2024\/06\/45_2024_EKK_EMK_SZSZM_MSc_letesites_inditas.pdf\">A Semmelweis Egyetem\u00a0Szen\u00e1tus\u00e1nak\u00a045\/2024. (V.30.) sz\u00e1m\u00fa hat\u00e1rozata\u00a0az Eg\u00e9szs\u00e9g\u00fcgyi K\u00f6zszolg\u00e1lati Kar Eg\u00e9szs\u00e9g\u00fcgyi Menedzserk\u00e9pz\u0151 K\u00f6zpont integr\u00e1lt szoci\u00e1lis szolg\u00e1ltat\u00e1smenedzsment mesterk\u00e9pz\u00e9si szak l\u00e9tes\u00edt\u00e9s\u00e9nek, k\u00e9pz\u00e9si \u00e9s kimeneti k\u00f6vetelm\u00e9nyeinek, ind\u00edt\u00e1s\u00e1nak, valamint tanterv\u00e9nek elfogad\u00e1s\u00e1r\u00f3l\u00a0<\/a><\/p>\n<p style=\"text-align: justify\"><a href=\"https:\/\/semmelweis.hu\/jogigfoig\/files\/2024\/06\/45_2024_melleklet-1_mintatanterv.pdf\">A Semmelweis Egyetem Szen\u00e1tus\u00e1nak 45\/2024. (V.30.) sz\u00e1m\u00fa hat\u00e1rozata az Eg\u00e9szs\u00e9g\u00fcgyi K\u00f6zszolg\u00e1lati Kar Eg\u00e9szs\u00e9g\u00fcgyi Menedzserk\u00e9pz\u0151 K\u00f6zpont integr\u00e1lt szoci\u00e1lis szolg\u00e1ltat\u00e1smenedzsment mesterk\u00e9pz\u00e9si szak l\u00e9tes\u00edt\u00e9s\u00e9nek, k\u00e9pz\u00e9si \u00e9s kimeneti k\u00f6vetelm\u00e9nyeinek, ind\u00edt\u00e1s\u00e1nak, valamint tanterv\u00e9nek elfogad\u00e1s\u00e1r\u00f3l &#8211; 1. sz\u00e1m\u00fa mell\u00e9klet<\/a><\/p>\n<p style=\"text-align: justify\"><a href=\"https:\/\/semmelweis.hu\/jogigfoig\/files\/2024\/06\/45_2024_melleklet-2_kepzesi-es-kimeneti-kovetelmenyek.pdf\">A Semmelweis Egyetem Szen\u00e1tus\u00e1nak 45\/2024. (V.30.) sz\u00e1m\u00fa hat\u00e1rozata az Eg\u00e9szs\u00e9g\u00fcgyi K\u00f6zszolg\u00e1lati Kar Eg\u00e9szs\u00e9g\u00fcgyi Menedzserk\u00e9pz\u0151 K\u00f6zpont integr\u00e1lt szoci\u00e1lis szolg\u00e1ltat\u00e1smenedzsment mesterk\u00e9pz\u00e9si szak l\u00e9tes\u00edt\u00e9s\u00e9nek, k\u00e9pz\u00e9si \u00e9s kimeneti k\u00f6vetelm\u00e9nyeinek, ind\u00edt\u00e1s\u00e1nak, valamint tanterv\u00e9nek elfogad\u00e1s\u00e1r\u00f3l &#8211; 2. sz\u00e1m\u00fa mell\u00e9klet<\/a><\/p>\n<p style=\"text-align: justify\"><a href=\"https:\/\/semmelweis.hu\/jogigfoig\/files\/2024\/06\/46_2024_PAK-Curriculum-2.0.pdf\">A Semmelweis Egyetem\u00a0Szen\u00e1tus\u00e1nak\u00a046\/2024. (V.30.) sz\u00e1m\u00fa hat\u00e1rozata\u00a0a Pet\u0151 Andr\u00e1s Kar Curriculum 2.0. oktat\u00e1sfejleszt\u00e9si projektr\u0151l<\/a><\/p>\n<p style=\"text-align: justify\"><a href=\"https:\/\/semmelweis.hu\/jogigfoig\/files\/2024\/06\/47_2024_EEB-delegalas_PAK.pdf\">A Semmelweis Egyetem\u00a0Szen\u00e1tus\u00e1nak\u00a047\/2024. (V.30.) sz\u00e1m\u00fa hat\u00e1rozata\u00a0az Egyetemi Etikai Bizotts\u00e1g szem\u00e9lyi \u00f6sszet\u00e9tel\u00e9nek a v\u00e1ltoz\u00e1s\u00e1r\u00f3l<\/a><\/p>\n<p style=\"text-align: justify\"><a href=\"https:\/\/semmelweis.hu\/jogigfoig\/files\/2024\/06\/48_2024_Prof-Emeritus-cim.pdf\">A Semmelweis Egyetem\u00a0Szen\u00e1tus\u00e1nak\u00a048\/2024. (V.30.) sz\u00e1m\u00fa hat\u00e1rozata\u00a0a Professor Emeritus c\u00edm oda\u00edt\u00e9l\u00e9s\u00e9r\u0151l<\/a><\/p>\n<p style=\"text-align: justify\"><a href=\"https:\/\/semmelweis.hu\/jogigfoig\/files\/2024\/06\/49_2024_aktualis-vezetoi-oktatoi-kutatoi-palyazatok.pdf\">A Semmelweis Egyetem\u00a0Szen\u00e1tus\u00e1nak\u00a049\/2024. (V.30.) sz\u00e1m\u00fa hat\u00e1rozata\u00a0az aktu\u00e1lis vezet\u0151i, valamint oktat\u00f3i-kutat\u00f3i p\u00e1ly\u00e1zatok v\u00e9lem\u00e9nyez\u00e9s\u00e9r\u0151l<\/a><\/p>\n","protected":false},"excerpt":{"rendered":"<p><a href=\"https:\/\/semmelweis.hu\/jogigfoig\/files\/2024\/06\/N_4_2024_hatarozat.pdf\">A Semmelweis Egyetem\u00a0Szen\u00e1tus\u00e1nak\u00a0N-4.2024. (V.30.) sz\u00e1m\u00fa hat\u00e1rozata\u00a0a szen\u00e1tusi \u00fcl\u00e9s napirendj\u00e9r\u0151l<\/a><br \/>\n<a href=\"https:\/\/semmelweis.hu\/jogigfoig\/files\/2024\/06\/38_2024_2023-evi-eves-beszamolo.pdf\">A Semmelweis Egyetem\u00a0Szen\u00e1tus\u00e1nak\u00a038\/2024. (V.30.) sz\u00e1m\u00fa hat\u00e1rozata\u00a0a Semmelweis Egyetem sz\u00e1mviteli t\u00f6rv\u00e9ny szerinti 2023. \u00e9vi besz\u00e1mol\u00f3j\u00e1nak elfogad\u00e1s\u00e1r\u00f3l<\/a><br \/>\n<a href=\"https:\/\/semmelweis.hu\/jogigfoig\/files\/2024\/06\/39_2024_valasztott-targyak-korenek-meghatarozasa.pdf\">A Semmelweis Egyetem\u00a0Szen\u00e1tus\u00e1nak\u00a039\/2024. (V.30.) sz\u00e1m\u00fa hat\u00e1rozata\u00a0a 2024\/25. tan\u00e9vben v\u00e1lasztott t\u00e1rgyk\u00e9nt elismert konferenci\u00e1k, tudom\u00e1nyos szakmai rendezv\u00e9nyek, tov\u00e1bb\u00e1 egy\u00e9b, tant\u00e1rgy helyettes\u00edt\u0151 \u00f6nk\u00e9ntes tev\u00e9kenys\u00e9gek\u00a0k\u00f6r\u00e9nek meghat\u00e1roz\u00e1s\u00e1r\u00f3l<\/a><br \/>\n<a href=\"https:\/\/semmelweis.hu\/jogigfoig\/files\/2024\/06\/39_2024_melleklet_valasztott-targyak-korenek-meghatarozasa.pdf\">A Semmelweis Egyetem Szen\u00e1tus\u00e1nak 39\/2024. (V.30.) sz\u00e1m\u00fa hat\u00e1rozata a 2024\/25. tan\u00e9vben v\u00e1lasztott t\u00e1rgyk\u00e9nt elismert konferenci\u00e1k, tudom\u00e1nyos szakmai rendezv\u00e9nyek, tov\u00e1bb\u00e1 egy\u00e9b, tant\u00e1rgy helyettes\u00edt\u0151 \u00f6nk\u00e9ntes tev\u00e9kenys\u00e9gek k\u00f6r\u00e9nek meghat\u00e1roz\u00e1s\u00e1r\u00f3l &#8211; 1. sz\u00e1m\u00fa mell\u00e9klet<\/a><br \/>\n<a href=\"https:\/\/semmelweis.hu\/jogigfoig\/files\/2024\/06\/40_2024_Hungarian-Startup-University.pdf\">A Semmelweis Egyetem\u00a0Szen\u00e1tus\u00e1nak\u00a040\/2024. (V.30.) sz\u00e1m\u00fa hat\u00e1rozata\u00a0a Hungarian Startup University Program elnevez\u00e9s\u0171 szabadon v\u00e1laszthat\u00f3 tant\u00e1rgy\u00a0m\u00f3dos\u00edt\u00e1s\u00e1r\u00f3l<\/a><br \/>\n<a href=\"https:\/\/semmelweis.hu\/jogigfoig\/files\/2024\/06\/40_2024_melleklet_Hungarian-Startup-University.pdf\">A Semmelweis Egyetem\u00a0Szen\u00e1tus\u00e1nak\u00a040\/2024. (V.30.) sz\u00e1m\u00fa hat\u00e1rozata\u00a0a Hungarian Startup University Program elnevez\u00e9s\u0171 szabadon v\u00e1laszthat\u00f3 tant\u00e1rgy m\u00f3dos\u00edt\u00e1s\u00e1r\u00f3l &#8211; 1. sz\u00e1m\u00fa mell\u00e9klet<\/a><br \/>\n<a href=\"https:\/\/semmelweis.hu\/jogigfoig\/files\/2024\/06\/41_2024_ACH-tantargyfelelos.pdf\">A Semmelweis Egyetem\u00a0Szen\u00e1tus\u00e1nak\u00a041\/2024. (V.30.) sz\u00e1m\u00fa hat\u00e1rozata\u00a0az Asklepios Campus Hamburgon meghirdetett tant\u00e1rgyfelel\u0151si p\u00e1ly\u00e1zatr\u00f3l<\/a><br \/>\n<a href=\"https:\/\/semmelweis.hu\/jogigfoig\/files\/2024\/06\/42_2024_ACH_TCS-csoportvezeto.pdf\">A Semmelweis Egyetem\u00a0Szen\u00e1tus\u00e1nak\u00a042\/2024. (V.30.) sz\u00e1m\u00fa hat\u00e1rozata\u00a0az Asklepios Campus Hamburgon m\u0171k\u00f6d\u0151\u00a0ACH N\u0151gy\u00f3gy\u00e1szati Tansz\u00e9ki Csoportban meghirdetett vezet\u0151i \u00e1ll\u00e1sra p\u00e1ly\u00e1z\u00f3r\u00f3l<\/a><br \/>\n<a href=\"https:\/\/semmelweis.hu\/jogigfoig\/files\/2024\/06\/43_2024_Transzlacios-Medicina-mesterkepzesi-szak-letesiteserol-es-inditasarol.pdf\">A Semmelweis Egyetem\u00a0Szen\u00e1tus\u00e1nak\u00a043\/2024. (V.30.) sz\u00e1m\u00fa hat\u00e1rozata\u00a0a Transzl\u00e1ci\u00f3s Medicina mesterk\u00e9pz\u00e9si szak l\u00e9tes\u00edt\u00e9s\u00e9r\u0151l \u00e9s ind\u00edt\u00e1s\u00e1r\u00f3l<\/a><br \/>\n<a href=\"https:\/\/semmelweis.hu\/jogigfoig\/files\/2024\/06\/43_2024_melleklet-1_mintatanterv.pdf\">A Semmelweis Egyetem Szen\u00e1tus\u00e1nak 43\/2024. (V.30.) sz\u00e1m\u00fa hat\u00e1rozata a Transzl\u00e1ci\u00f3s Medicina mesterk\u00e9pz\u00e9si szak l\u00e9tes\u00edt\u00e9s\u00e9r\u0151l \u00e9s ind\u00edt\u00e1s\u00e1r\u00f3l &#8211; 1. sz\u00e1m\u00fa mell\u00e9klet<\/a><br \/>\n<a href=\"https:\/\/semmelweis.hu\/jogigfoig\/files\/2024\/06\/43_2024_melleklet-2_kepzesi-es-kimeneti-kovetelmenyek.pdf\">A Semmelweis Egyetem\u00a0Szen\u00e1tus\u00e1nak\u00a043\/2024. (V.30.) sz\u00e1m\u00fa hat\u00e1rozata\u00a0a Transzl\u00e1ci\u00f3s Medicina mesterk\u00e9pz\u00e9si szak l\u00e9tes\u00edt\u00e9s\u00e9r\u0151l \u00e9s ind\u00edt\u00e1s\u00e1r\u00f3l &#8211; 2. sz\u00e1m\u00fa mell\u00e9klet<\/a><br \/>\n<a href=\"https:\/\/semmelweis.hu\/jogigfoig\/files\/2024\/06\/44_2024_SzMSz-modositas-TJSZ.pdf\">A Semmelweis Egyetem\u00a0Szen\u00e1tus\u00e1nak\u00a044\/2024. (V.30.) sz\u00e1m\u00fa hat\u00e1rozata\u00a0a Szervezeti \u00e9s M\u0171k\u00f6d\u00e9si Szab\u00e1lyzat egyes rendelkez\u00e9seinek m\u00f3dos\u00edt\u00e1s\u00e1r\u00f3l<\/a><br \/>\n<a href=\"https:\/\/semmelweis.hu\/jogigfoig\/files\/2024\/06\/44_2024_melleklet-2_HOK-egyetertes.pdf\">A Semmelweis Egyetem Szen\u00e1tus\u00e1nak 44\/2024. (V.30.) sz\u00e1m\u00fa hat\u00e1rozata a Szervezeti \u00e9s M\u0171k\u00f6d\u00e9si Szab\u00e1lyzat egyes rendelkez\u00e9seinek m\u00f3dos\u00edt\u00e1s\u00e1r\u00f3l &#8211; Hallgat\u00f3i \u00d6nkorm\u00e1nyzat egyet\u00e9rt\u00e9s<\/a><br \/>\n<a href=\"https:\/\/semmelweis.hu\/jogigfoig\/files\/2024\/06\/44_2024_melleklet-1_SzMSz-modositas-TJSZ.pdf\">A Semmelweis Egyetem Szen\u00e1tus\u00e1nak 44\/2024. (V.30.) sz\u00e1m\u00fa hat\u00e1rozata a Szervezeti \u00e9s M\u0171k\u00f6d\u00e9si Szab\u00e1lyzat egyes rendelkez\u00e9seinek m\u00f3dos\u00edt\u00e1s\u00e1r\u00f3l &#8211; 1. sz\u00e1m\u00fa mell\u00e9klet<\/a><br \/>\n<a href=\"https:\/\/semmelweis.hu\/jogigfoig\/files\/2024\/06\/45_2024_EKK_EMK_SZSZM_MSc_letesites_inditas.pdf\">A Semmelweis Egyetem\u00a0Szen\u00e1tus\u00e1nak\u00a045\/2024. (V.30.) sz\u00e1m\u00fa hat\u00e1rozata\u00a0az Eg\u00e9szs\u00e9g\u00fcgyi K\u00f6zszolg\u00e1lati Kar Eg\u00e9szs\u00e9g\u00fcgyi Menedzserk\u00e9pz\u0151 K\u00f6zpont integr\u00e1lt szoci\u00e1lis szolg\u00e1ltat\u00e1smenedzsment mesterk\u00e9pz\u00e9si szak l\u00e9tes\u00edt\u00e9s\u00e9nek, k\u00e9pz\u00e9si \u00e9s kimeneti k\u00f6vetelm\u00e9nyeinek, ind\u00edt\u00e1s\u00e1nak, valamint tanterv\u00e9nek elfogad\u00e1s\u00e1r\u00f3l\u00a0<\/a><br \/>\n<a href=\"https:\/\/semmelweis.hu\/jogigfoig\/files\/2024\/06\/45_2024_melleklet-1_mintatanterv.pdf\">A Semmelweis Egyetem Szen\u00e1tus\u00e1nak 45\/2024. (V.30.) sz\u00e1m\u00fa hat\u00e1rozata az Eg\u00e9szs\u00e9g\u00fcgyi K\u00f6zszolg\u00e1lati Kar Eg\u00e9szs\u00e9g\u00fcgyi Menedzserk\u00e9pz\u0151 K\u00f6zpont integr\u00e1lt szoci\u00e1lis szolg\u00e1ltat\u00e1smenedzsment mesterk\u00e9pz\u00e9si szak l\u00e9tes\u00edt\u00e9s\u00e9nek, k\u00e9pz\u00e9si \u00e9s kimeneti k\u00f6vetelm\u00e9nyeinek, ind\u00edt\u00e1s\u00e1nak, valamint tanterv\u00e9nek elfogad\u00e1s\u00e1r\u00f3l &#8211; 1. sz\u00e1m\u00fa mell\u00e9klet<\/a><br \/>\n<a href=\"https:\/\/semmelweis.hu\/jogigfoig\/files\/2024\/06\/45_2024_melleklet-2_kepzesi-es-kimeneti-kovetelmenyek.pdf\">A Semmelweis Egyetem Szen\u00e1tus\u00e1nak 45\/2024. (V.30.) sz\u00e1m\u00fa hat\u00e1rozata az Eg\u00e9szs\u00e9g\u00fcgyi K\u00f6zszolg\u00e1lati Kar Eg\u00e9szs\u00e9g\u00fcgyi Menedzserk\u00e9pz\u0151 K\u00f6zpont integr\u00e1lt szoci\u00e1lis szolg\u00e1ltat\u00e1smenedzsment mesterk\u00e9pz\u00e9si szak l\u00e9tes\u00edt\u00e9s\u00e9nek, k\u00e9pz\u00e9si \u00e9s kimeneti k\u00f6vetelm\u00e9nyeinek, ind\u00edt\u00e1s\u00e1nak, valamint tanterv\u00e9nek elfogad\u00e1s\u00e1r\u00f3l &#8211; 2. sz\u00e1m\u00fa mell\u00e9klet<\/a><br \/>\n<a href=\"https:\/\/semmelweis.hu\/jogigfoig\/files\/2024\/06\/46_2024_PAK-Curriculum-2.0.pdf\">A Semmelweis Egyetem\u00a0Szen\u00e1tus\u00e1nak\u00a046\/2024. (V.30.) sz\u00e1m\u00fa hat\u00e1rozata\u00a0a Pet\u0151 Andr\u00e1s Kar Curriculum 2.0. oktat\u00e1sfejleszt\u00e9si projektr\u0151l<\/a><br \/>\n<a href=\"https:\/\/semmelweis.hu\/jogigfoig\/files\/2024\/06\/47_2024_EEB-delegalas_PAK.pdf\">A Semmelweis Egyetem\u00a0Szen\u00e1tus\u00e1nak\u00a047\/2024. (V.30.) sz\u00e1m\u00fa hat\u00e1rozata\u00a0az Egyetemi Etikai Bizotts\u00e1g szem\u00e9lyi \u00f6sszet\u00e9tel\u00e9nek a v\u00e1ltoz\u00e1s\u00e1r\u00f3l<\/a><br \/>\n<a href=\"https:\/\/semmelweis.hu\/jogigfoig\/files\/2024\/06\/48_2024_Prof-Emeritus-cim.pdf\">A Semmelweis Egyetem\u00a0Szen\u00e1tus\u00e1nak\u00a048\/2024. (V.30.) sz\u00e1m\u00fa hat\u00e1rozata\u00a0a Professor Emeritus c\u00edm oda\u00edt\u00e9l\u00e9s\u00e9r\u0151l<\/a><br \/>\n<a href=\"https:\/\/semmelweis.hu\/jogigfoig\/files\/2024\/06\/49_2024_aktualis-vezetoi-oktatoi-kutatoi-palyazatok.pdf\">A Semmelweis Egyetem\u00a0Szen\u00e1tus\u00e1nak\u00a049\/2024. (V.30.) sz\u00e1m\u00fa hat\u00e1rozata\u00a0az aktu\u00e1lis vezet\u0151i, valamint oktat\u00f3i-kutat\u00f3i p\u00e1ly\u00e1zatok v\u00e9lem\u00e9nyez\u00e9s\u00e9r\u0151l<\/a><\/p>\n","protected":false},"author":101467,"featured_media":0,"parent":89297,"menu_order":5,"comment_status":"closed","ping_status":"closed","template":"","meta":{"_acf_changed":false,"footnotes":""},"categories":[],"tags":[],"class_list":["post-90659","page","type-page","status-publish","hentry"],"acf":[],"_links":{"self":[{"href":"https:\/\/semmelweis.hu\/jogigfoig\/wp-json\/wp\/v2\/pages\/90659","targetHints":{"allow":["GET"]}}],"collection":[{"href":"https:\/\/semmelweis.hu\/jogigfoig\/wp-json\/wp\/v2\/pages"}],"about":[{"href":"https:\/\/semmelweis.hu\/jogigfoig\/wp-json\/wp\/v2\/types\/page"}],"author":[{"embeddable":true,"href":"https:\/\/semmelweis.hu\/jogigfoig\/wp-json\/wp\/v2\/users\/101467"}],"replies":[{"embeddable":true,"href":"https:\/\/semmelweis.hu\/jogigfoig\/wp-json\/wp\/v2\/comments?post=90659"}],"version-history":[{"count":3,"href":"https:\/\/semmelweis.hu\/jogigfoig\/wp-json\/wp\/v2\/pages\/90659\/revisions"}],"predecessor-version":[{"id":90688,"href":"https:\/\/semmelweis.hu\/jogigfoig\/wp-json\/wp\/v2\/pages\/90659\/revisions\/90688"}],"up":[{"embeddable":true,"href":"https:\/\/semmelweis.hu\/jogigfoig\/wp-json\/wp\/v2\/pages\/89297"}],"wp:attachment":[{"href":"https:\/\/semmelweis.hu\/jogigfoig\/wp-json\/wp\/v2\/media?parent=90659"}],"wp:term":[{"taxonomy":"category","embeddable":true,"href":"https:\/\/semmelweis.hu\/jogigfoig\/wp-json\/wp\/v2\/categories?post=90659"},{"taxonomy":"post_tag","embeddable":true,"href":"https:\/\/semmelweis.hu\/jogigfoig\/wp-json\/wp\/v2\/tags?post=90659"}],"curies":[{"name":"wp","href":"https:\/\/api.w.org\/{rel}","templated":true}]}}