{"id":90641,"date":"2024-06-06T09:47:35","date_gmt":"2024-06-06T07:47:35","guid":{"rendered":"https:\/\/semmelweis.hu\/jogigfoig\/?page_id=90641"},"modified":"2025-10-15T11:33:01","modified_gmt":"2025-10-15T09:33:01","slug":"klinikai-kozpont-szervezeti-ugyrendje","status":"publish","type":"page","link":"https:\/\/semmelweis.hu\/jogigfoig\/dokumentumtar\/szabalyzattar\/klinikai-kozpont-szervezeti-ugyrendje\/","title":{"rendered":"Klinikai K\u00f6zpont Szervezeti \u00dcgyrendje"},"content":{"rendered":"<p><strong>Az \u00fcgyrend aktu\u00e1lis v\u00e1ltozata: <\/strong><a href=\"https:\/\/semmelweis.hu\/jogigfoig\/files\/2025\/10\/KK_ugyrend_hataly_2025_09_01_egyben.pdf\" target=\"_blank\" rel=\"noopener\">Klinikai K\u00f6zpont Szervezeti \u00dcgyrendje<\/a><\/p>\n<p><strong>J\u00f3v\u00e1hagy\u00e1sr\u00f3l rendelkez\u0151 hat\u00e1rozat sz\u00e1ma:<\/strong> <a href=\"https:\/\/semmelweis.hu\/jogigfoig\/files\/2024\/04\/26_2024_KK-ugyrend.pdf\">26\/2024. (IV.25.)<\/a><\/p>\n<p><strong>M\u00f3dos\u00edt\u00e1s j\u00f3v\u00e1hagy\u00e1s\u00e1r\u00f3l rendelkez\u0151 szen\u00e1tusi hat\u00e1rozat:<\/strong><\/p>\n<ul>\n<li><a href=\"https:\/\/semmelweis.hu\/jogigfoig\/files\/2024\/07\/52_2024_OFMI-sturktura-valtozas.pdf\">52\/2024. (VI.27.)<\/a><\/li>\n<li><a href=\"https:\/\/semmelweis.hu\/jogigfoig\/files\/2025\/02\/82_2024_X_03_SZMSZ-es-egyeb-szab-modositas-GFI-mellekletekkel-egyben.pdf\">82\/2024. (X.3.)<\/a><\/li>\n<li><a href=\"https:\/\/semmelweis.hu\/jogigfoig\/files\/2025\/02\/114_2024_XII_16_KK-Ugyrend-modositas.pdf\">114\/2024. (XII.16.)<\/a><\/li>\n<li><a href=\"https:\/\/semmelweis.hu\/jogigfoig\/files\/2025\/09\/7_2025_II_28_hat_OMINT_integracio_egyben.pdf\">7\/2025. (II.28.)<\/a><\/li>\n<li><a href=\"https:\/\/semmelweis.hu\/jogigfoig\/files\/2025\/10\/64_2025_VIII_28_Godollo_jogutodlas_KK_ugyrend_mod_egyben.pdf\" target=\"_blank\" rel=\"noopener\">64\/2025. (VIII.28.)<\/a><\/li>\n<\/ul>\n<p><strong>J\u00f3v\u00e1hagy\u00f3:<\/strong> Szen\u00e1tus<\/p>\n<p><strong>Hat\u00e1ly:<\/strong> 2024. m\u00e1jus 01.<\/p>\n","protected":false},"excerpt":{"rendered":"<p>Az \u00fcgyrend aktu\u00e1lis v\u00e1ltozata: <a href=\"https:\/\/semmelweis.hu\/jogigfoig\/files\/2025\/10\/KK_ugyrend_hataly_2025_09_01_egyben.pdf\" target=\"_blank\" rel=\"noopener\">Klinikai K\u00f6zpont Szervezeti \u00dcgyrendje<\/a><br \/>\nJ\u00f3v\u00e1hagy\u00e1sr\u00f3l rendelkez\u0151 hat\u00e1rozat sz\u00e1ma: <a href=\"https:\/\/semmelweis.hu\/jogigfoig\/files\/2024\/04\/26_2024_KK-ugyrend.pdf\">26\/2024. (IV.25.)<\/a><br \/>\nM\u00f3dos\u00edt\u00e1s j\u00f3v\u00e1hagy\u00e1s\u00e1r\u00f3l rendelkez\u0151 szen\u00e1tusi hat\u00e1rozat:<\/p>\n<p><a href=\"https:\/\/semmelweis.hu\/jogigfoig\/files\/2024\/07\/52_2024_OFMI-sturktura-valtozas.pdf\">52\/2024. (VI.27.)<\/a><br \/>\n<a href=\"https:\/\/semmelweis.hu\/jogigfoig\/files\/2025\/02\/82_2024_X_03_SZMSZ-es-egyeb-szab-modositas-GFI-mellekletekkel-egyben.pdf\">82\/2024. (X.3.)<\/a><br \/>\n<a href=\"https:\/\/semmelweis.hu\/jogigfoig\/files\/2025\/02\/114_2024_XII_16_KK-Ugyrend-modositas.pdf\">114\/2024. (XII.16.)<\/a><br \/>\n<a href=\"https:\/\/semmelweis.hu\/jogigfoig\/files\/2025\/09\/7_2025_II_28_hat_OMINT_integracio_egyben.pdf\">7\/2025. (II.28.)<\/a><br \/>\n<a href=\"https:\/\/semmelweis.hu\/jogigfoig\/files\/2025\/10\/64_2025_VIII_28_Godollo_jogutodlas_KK_ugyrend_mod_egyben.pdf\" target=\"_blank\" rel=\"noopener\">64\/2025. (VIII.28.)<\/a><\/p>\n<p>J\u00f3v\u00e1hagy\u00f3: Szen\u00e1tus<br \/>\nHat\u00e1ly: 2024. m\u00e1jus 01.<\/p>\n","protected":false},"author":101467,"featured_media":0,"parent":41,"menu_order":0,"comment_status":"closed","ping_status":"closed","template":"","meta":{"_acf_changed":false,"footnotes":""},"categories":[],"tags":[],"class_list":["post-90641","page","type-page","status-publish","hentry"],"acf":[],"_links":{"self":[{"href":"https:\/\/semmelweis.hu\/jogigfoig\/wp-json\/wp\/v2\/pages\/90641","targetHints":{"allow":["GET"]}}],"collection":[{"href":"https:\/\/semmelweis.hu\/jogigfoig\/wp-json\/wp\/v2\/pages"}],"about":[{"href":"https:\/\/semmelweis.hu\/jogigfoig\/wp-json\/wp\/v2\/types\/page"}],"author":[{"embeddable":true,"href":"https:\/\/semmelweis.hu\/jogigfoig\/wp-json\/wp\/v2\/users\/101467"}],"replies":[{"embeddable":true,"href":"https:\/\/semmelweis.hu\/jogigfoig\/wp-json\/wp\/v2\/comments?post=90641"}],"version-history":[{"count":8,"href":"https:\/\/semmelweis.hu\/jogigfoig\/wp-json\/wp\/v2\/pages\/90641\/revisions"}],"predecessor-version":[{"id":102137,"href":"https:\/\/semmelweis.hu\/jogigfoig\/wp-json\/wp\/v2\/pages\/90641\/revisions\/102137"}],"up":[{"embeddable":true,"href":"https:\/\/semmelweis.hu\/jogigfoig\/wp-json\/wp\/v2\/pages\/41"}],"wp:attachment":[{"href":"https:\/\/semmelweis.hu\/jogigfoig\/wp-json\/wp\/v2\/media?parent=90641"}],"wp:term":[{"taxonomy":"category","embeddable":true,"href":"https:\/\/semmelweis.hu\/jogigfoig\/wp-json\/wp\/v2\/categories?post=90641"},{"taxonomy":"post_tag","embeddable":true,"href":"https:\/\/semmelweis.hu\/jogigfoig\/wp-json\/wp\/v2\/tags?post=90641"}],"curies":[{"name":"wp","href":"https:\/\/api.w.org\/{rel}","templated":true}]}}