{"id":90045,"date":"2024-04-05T10:34:03","date_gmt":"2024-04-05T08:34:03","guid":{"rendered":"https:\/\/semmelweis.hu\/jogigfoig\/?page_id=90045"},"modified":"2025-08-14T12:48:56","modified_gmt":"2025-08-14T10:48:56","slug":"szmsz-ii-3-resz-habilitacios-szabalyzat-es-melleklete","status":"publish","type":"page","link":"https:\/\/semmelweis.hu\/jogigfoig\/dokumentumtar\/szabalyzattar\/szervezeti-es-mukodesi-szabalyzat\/ii-konyv-fkr\/szmsz-ii-3-resz-habilitacios-szabalyzat-es-melleklete\/","title":{"rendered":"SZMSZ II. K\u00f6nyv FKR II.3. r\u00e9sz Habilit\u00e1ci\u00f3s szab\u00e1lyzat \u00e9s mell\u00e9klete"},"content":{"rendered":"<p><a href=\"https:\/\/semmelweis.hu\/jogigfoig\/files\/2023\/07\/SZMSZ_FKR_II_KONYV_II_3_RESZ_Habilitacios_szabalyzat_hatalyos_20230711tol.pdf\">II.3. R\u00c9SZ \u2013 HABILIT\u00c1CI\u00d3S SZAB\u00c1LYZAT<\/a><\/p>\n<p>English version: <a href=\"https:\/\/semmelweis.hu\/jogigfoig\/files\/2024\/04\/SZMSZ_FKR_II_KONYV_II_3_RESZ_HSZ_hatalyos_22023_07_11_ENG_korr23April2024.pdf\">PART II. 3. \u2013\u00a0 HABILITATION REGULATIONS<\/a><\/p>\n<hr \/>\n<p><a href=\"https:\/\/semmelweis.hu\/jogigfoig\/files\/2022\/04\/SZMSZ_FKR_II_KONYV_II_3_RESZ_Mellekletek.pdf\">II.3. R\u00c9SZ \u2013 MELL\u00c9KLETEK<\/a><\/p>\n<p>English version: <a href=\"https:\/\/semmelweis.hu\/jogigfoig\/files\/2024\/04\/SZMSZ_FKR_II_KONYV_II_3_RESZ_Mellekletek_hatalyos_2022_04_06_tol_ENG.pdf\">PART II.3. \u2013 ANNEXES<\/a><\/p>\n<p>Deutsche Version: <a href=\"https:\/\/semmelweis.hu\/jogigfoig\/files\/2023\/02\/SZMSZ_FKR_II_KONYV_II_3_RESZ_Mellekletek_hatalyos_2022_04_06_tol_GER.pdf\">TEIL II.3. \u2013 ANH\u00c4NGE<\/a><\/p>\n","protected":false},"excerpt":{"rendered":"<p><a href=\"https:\/\/semmelweis.hu\/jogigfoig\/files\/2023\/07\/SZMSZ_FKR_II_KONYV_II_3_RESZ_Habilitacios_szabalyzat_hatalyos_20230711tol.pdf\">II.3. R\u00c9SZ \u2013 HABILIT\u00c1CI\u00d3S SZAB\u00c1LYZAT<\/a><br \/>\nEnglish version: <a href=\"https:\/\/semmelweis.hu\/jogigfoig\/files\/2024\/04\/SZMSZ_FKR_II_KONYV_II_3_RESZ_HSZ_hatalyos_22023_07_11_ENG_korr23April2024.pdf\">PART II. 3. \u2013\u00a0 HABILITATION REGULATIONS<\/a><\/p>\n<p><a href=\"https:\/\/semmelweis.hu\/jogigfoig\/files\/2022\/04\/SZMSZ_FKR_II_KONYV_II_3_RESZ_Mellekletek.pdf\">II.3. R\u00c9SZ \u2013 MELL\u00c9KLETEK<\/a><br \/>\nEnglish version: <a href=\"https:\/\/semmelweis.hu\/jogigfoig\/files\/2024\/04\/SZMSZ_FKR_II_KONYV_II_3_RESZ_Mellekletek_hatalyos_2022_04_06_tol_ENG.pdf\">PART II.3. \u2013 ANNEXES<\/a><br \/>\nDeutsche Version: <a href=\"https:\/\/semmelweis.hu\/jogigfoig\/files\/2023\/02\/SZMSZ_FKR_II_KONYV_II_3_RESZ_Mellekletek_hatalyos_2022_04_06_tol_GER.pdf\">TEIL II.3. \u2013 ANH\u00c4NGE<\/a><\/p>\n","protected":false},"author":101467,"featured_media":0,"parent":73488,"menu_order":0,"comment_status":"closed","ping_status":"closed","template":"","meta":{"_acf_changed":false,"footnotes":""},"categories":[],"tags":[],"class_list":["post-90045","page","type-page","status-publish","hentry"],"acf":[],"_links":{"self":[{"href":"https:\/\/semmelweis.hu\/jogigfoig\/wp-json\/wp\/v2\/pages\/90045","targetHints":{"allow":["GET"]}}],"collection":[{"href":"https:\/\/semmelweis.hu\/jogigfoig\/wp-json\/wp\/v2\/pages"}],"about":[{"href":"https:\/\/semmelweis.hu\/jogigfoig\/wp-json\/wp\/v2\/types\/page"}],"author":[{"embeddable":true,"href":"https:\/\/semmelweis.hu\/jogigfoig\/wp-json\/wp\/v2\/users\/101467"}],"replies":[{"embeddable":true,"href":"https:\/\/semmelweis.hu\/jogigfoig\/wp-json\/wp\/v2\/comments?post=90045"}],"version-history":[{"count":7,"href":"https:\/\/semmelweis.hu\/jogigfoig\/wp-json\/wp\/v2\/pages\/90045\/revisions"}],"predecessor-version":[{"id":100757,"href":"https:\/\/semmelweis.hu\/jogigfoig\/wp-json\/wp\/v2\/pages\/90045\/revisions\/100757"}],"up":[{"embeddable":true,"href":"https:\/\/semmelweis.hu\/jogigfoig\/wp-json\/wp\/v2\/pages\/73488"}],"wp:attachment":[{"href":"https:\/\/semmelweis.hu\/jogigfoig\/wp-json\/wp\/v2\/media?parent=90045"}],"wp:term":[{"taxonomy":"category","embeddable":true,"href":"https:\/\/semmelweis.hu\/jogigfoig\/wp-json\/wp\/v2\/categories?post=90045"},{"taxonomy":"post_tag","embeddable":true,"href":"https:\/\/semmelweis.hu\/jogigfoig\/wp-json\/wp\/v2\/tags?post=90045"}],"curies":[{"name":"wp","href":"https:\/\/api.w.org\/{rel}","templated":true}]}}