{"id":900,"date":"2013-01-21T14:15:18","date_gmt":"2013-01-21T14:15:18","guid":{"rendered":"http:\/\/semmelweis-egyetem.hu\/rektori-hivatal\/?page_id=900"},"modified":"2020-03-04T14:20:30","modified_gmt":"2020-03-04T13:20:30","slug":"semmelweis-egyetem-gyakorlo-altalanos-iskola-es-gimnazium","status":"publish","type":"page","link":"https:\/\/semmelweis.hu\/jogigfoig\/adatvedelem-betegjog\/kozerdeku-adatok-archivum\/altalanos-kozzeteteli-lista-archivum\/semmelweis-egyetem-gyakorlo-altalanos-iskola-es-gimnazium\/","title":{"rendered":"Semmelweis Egyetem Gyakorl\u00f3 \u00c1ltal\u00e1nos Iskola \u00e9s Gimn\u00e1zium"},"content":{"rendered":"<p><strong>Int\u00e9zm\u00e9nyn\u00e9v:<\/strong> Semmelweis Egyetem Gyakorl\u00f3 \u00c1ltal\u00e1nos Iskola \u00e9s Gimn\u00e1zium<\/p>\n<p><strong>OM azonos\u00edt\u00f3:<\/strong> 200696<\/p>\n<p><strong>Sz\u00e9khely:<\/strong> 1125 Budapest, Diana u. 35-37.<\/p>\n<p><strong>Int\u00e9zm\u00e9ny vezet\u0151je:<\/strong> Steiner L\u00e1szl\u00f3<\/p>\n<p><strong>Tel.:<\/strong> 06-1\/275-5780, 06-1\/395-2108 Fax: 42 mell\u00e9k<\/p>\n<p><strong>E-mail:<\/strong> titkarsag@sotegyak.sulinet.hu<\/p>\n<p><strong>Honlap:<\/strong> <a href=\"http:\/\/www.dia.segyak.com\/\" target=\"_blank\" rel=\"noopener noreferrer\">www.dia.segyak.com<\/a><\/p>\n<p>&nbsp;<\/p>\n<p><a href=\"https:\/\/semmelweis.hu\/rektori-hivatal\/files\/2013\/01\/SE-Gyak_\u00c1lt_Isk_alap\u00edt\u00f3-okirat.pdf\" target=\"_blank\" rel=\"noopener noreferrer\">Alap\u00edt\u00f3 Okirat<\/a><\/p>\n<p><a href=\"https:\/\/semmelweis.hu\/rektori-hivatal\/files\/2013\/01\/Iskola_m\u0171k\u00f6d\u00e9si-enged\u00e9lye.pdf\" target=\"_blank\" rel=\"noopener noreferrer\">M\u0171k\u00f6d\u00e9si Enged\u00e9ly<\/a><\/p>\n<p>&nbsp;<\/p>\n<p>&nbsp;<\/p>\n","protected":false},"excerpt":{"rendered":"<p>Int\u00e9zm\u00e9nyn\u00e9v: Semmelweis Egyetem Gyakorl\u00f3 \u00c1ltal\u00e1nos Iskola \u00e9s Gimn\u00e1zium<br \/>\nOM azonos\u00edt\u00f3: 200696<br \/>\nSz\u00e9khely: 1125 Budapest, Diana u. 35-37.<br \/>\nInt\u00e9zm\u00e9ny vezet\u0151je: Steiner L\u00e1szl\u00f3<br \/>\nTel.: 06-1\/275-5780, 06-1\/395-2108 Fax: 42 mell\u00e9k<br \/>\nE-mail: titkarsag@sotegyak.sulinet.hu<br \/>\nHonlap: <a href=\"http:\/\/www.dia.segyak.com\/\" target=\"_blank\" rel=\"noopener noreferrer\">www.dia.segyak.com<\/a><br \/>\n&nbsp;<br \/>\n<a href=\"https:\/\/semmelweis.hu\/rektori-hivatal\/files\/2013\/01\/SE-Gyak_\u00c1lt_Isk_alap\u00edt\u00f3-okirat.pdf\" target=\"_blank\" rel=\"noopener noreferrer\">Alap\u00edt\u00f3 Okirat<\/a><br \/>\n<a href=\"https:\/\/semmelweis.hu\/rektori-hivatal\/files\/2013\/01\/Iskola_m\u0171k\u00f6d\u00e9si-enged\u00e9lye.pdf\" target=\"_blank\" rel=\"noopener noreferrer\">M\u0171k\u00f6d\u00e9si Enged\u00e9ly<\/a><br \/>\n&nbsp;<br \/>\n&nbsp;<\/p>\n","protected":false},"author":128,"featured_media":0,"parent":851,"menu_order":0,"comment_status":"open","ping_status":"open","template":"","meta":{"_acf_changed":false,"footnotes":""},"categories":[],"tags":[],"class_list":["post-900","page","type-page","status-publish","hentry"],"acf":[],"_links":{"self":[{"href":"https:\/\/semmelweis.hu\/jogigfoig\/wp-json\/wp\/v2\/pages\/900","targetHints":{"allow":["GET"]}}],"collection":[{"href":"https:\/\/semmelweis.hu\/jogigfoig\/wp-json\/wp\/v2\/pages"}],"about":[{"href":"https:\/\/semmelweis.hu\/jogigfoig\/wp-json\/wp\/v2\/types\/page"}],"author":[{"embeddable":true,"href":"https:\/\/semmelweis.hu\/jogigfoig\/wp-json\/wp\/v2\/users\/128"}],"replies":[{"embeddable":true,"href":"https:\/\/semmelweis.hu\/jogigfoig\/wp-json\/wp\/v2\/comments?post=900"}],"version-history":[{"count":5,"href":"https:\/\/semmelweis.hu\/jogigfoig\/wp-json\/wp\/v2\/pages\/900\/revisions"}],"predecessor-version":[{"id":75582,"href":"https:\/\/semmelweis.hu\/jogigfoig\/wp-json\/wp\/v2\/pages\/900\/revisions\/75582"}],"up":[{"embeddable":true,"href":"https:\/\/semmelweis.hu\/jogigfoig\/wp-json\/wp\/v2\/pages\/851"}],"wp:attachment":[{"href":"https:\/\/semmelweis.hu\/jogigfoig\/wp-json\/wp\/v2\/media?parent=900"}],"wp:term":[{"taxonomy":"category","embeddable":true,"href":"https:\/\/semmelweis.hu\/jogigfoig\/wp-json\/wp\/v2\/categories?post=900"},{"taxonomy":"post_tag","embeddable":true,"href":"https:\/\/semmelweis.hu\/jogigfoig\/wp-json\/wp\/v2\/tags?post=900"}],"curies":[{"name":"wp","href":"https:\/\/api.w.org\/{rel}","templated":true}]}}