{"id":89633,"date":"2024-03-06T09:57:13","date_gmt":"2024-03-06T08:57:13","guid":{"rendered":"https:\/\/semmelweis.hu\/jogigfoig\/?page_id=89633"},"modified":"2024-03-08T12:13:52","modified_gmt":"2024-03-08T11:13:52","slug":"2024-februar-29","status":"publish","type":"page","link":"https:\/\/semmelweis.hu\/jogigfoig\/testuletek\/szenatus\/2024-evi-szenatusi-hatarozatok\/2024-februar-29\/","title":{"rendered":"2024. febru\u00e1r 29."},"content":{"rendered":"<p style=\"text-align: justify\"><a href=\"https:\/\/semmelweis.hu\/jogigfoig\/files\/2024\/03\/8_2024_2024-evi-tavaszi-munkaterv.pdf\">22A Semmelweis Egyetem Szen\u00e1tus\u00e1nak 8\/2024. (II.29.) sz\u00e1m\u00fa hat\u00e1rozata a Szen\u00e1tus 2024. \u00e9vi tavaszi munkaterv\u00e9r\u0151l<\/a><\/p>\n<p style=\"text-align: justify\"><a href=\"https:\/\/semmelweis.hu\/jogigfoig\/files\/2024\/03\/8_2024_melleklet_2024-tavaszi-munkaterv.pdf\">A Semmelweis Egyetem Szen\u00e1tus\u00e1nak 8\/2024. (II.29.) sz\u00e1m\u00fa hat\u00e1rozata a Szen\u00e1tus 2024. \u00e9vi tavaszi munkaterv\u00e9r\u0151l &#8211; 1. sz\u00e1m\u00fa mell\u00e9klet<\/a><\/p>\n<p style=\"text-align: justify\"><a href=\"https:\/\/semmelweis.hu\/jogigfoig\/files\/2024\/03\/9_2024_European-Journal-of-Mental-Health.pdf\">A Semmelweis Egyetem\u00a0Szen\u00e1tus\u00e1nak\u00a09\/2024. (II.29.) sz\u00e1m\u00fa hat\u00e1rozata\u00a0a <em>European Journal of Mental Health\u00a0<\/em>nemzetk\u00f6zi szakfoly\u00f3irat finansz\u00edroz\u00e1s\u00e1r\u00f3l<\/a><\/p>\n<p style=\"text-align: justify\"><a href=\"https:\/\/semmelweis.hu\/jogigfoig\/files\/2024\/03\/10_2024_Orszagos-intezetek_koltsegvetes_modositas.pdf\">A Semmelweis Egyetem\u00a0Szen\u00e1tus\u00e1nak\u00a010\/2024. (II. 29.) sz\u00e1m\u00fa hat\u00e1rozata\u00a0az egyes orsz\u00e1gos int\u00e9zetek t\u00f6rv\u00e9nyben meghat\u00e1rozott feladatainak \u00e9s telephelyeinek jogut\u00f3dl\u00e1s\u00e1r\u00f3l sz\u00f3l\u00f3 rendelkez\u00e9sek alapj\u00e1n l\u00e9trehozand\u00f3 klinik\u00e1kr\u00f3l \u00e9s a kapcsol\u00f3d\u00f3 m\u00f3dos\u00edt\u00e1sokr\u00f3l<\/a><\/p>\n<p style=\"text-align: justify\"><a href=\"https:\/\/semmelweis.hu\/jogigfoig\/files\/2024\/03\/10_2024_melleklet-1.pdf\">A Semmelweis Egyetem Szen\u00e1tus\u00e1nak 10\/2024. (II. 29.) sz\u00e1m\u00fa hat\u00e1rozata az egyes orsz\u00e1gos int\u00e9zetek t\u00f6rv\u00e9nyben meghat\u00e1rozott feladatainak \u00e9s telephelyeinek jogut\u00f3dl\u00e1s\u00e1r\u00f3l sz\u00f3l\u00f3 rendelkez\u00e9sek alapj\u00e1n l\u00e9trehozand\u00f3 klinik\u00e1kr\u00f3l \u00e9s a kapcsol\u00f3d\u00f3 m\u00f3dos\u00edt\u00e1sokr\u00f3l &#8211; 1. sz\u00e1m\u00fa mell\u00e9klet<\/a><\/p>\n<p style=\"text-align: justify\"><a href=\"https:\/\/semmelweis.hu\/jogigfoig\/files\/2024\/03\/10_2024_melleklet-2.pdf\">A Semmelweis Egyetem Szen\u00e1tus\u00e1nak 10\/2024. (II. 29.) sz\u00e1m\u00fa hat\u00e1rozata az egyes orsz\u00e1gos int\u00e9zetek t\u00f6rv\u00e9nyben meghat\u00e1rozott feladatainak \u00e9s telephelyeinek jogut\u00f3dl\u00e1s\u00e1r\u00f3l sz\u00f3l\u00f3 rendelkez\u00e9sek alapj\u00e1n l\u00e9trehozand\u00f3 klinik\u00e1kr\u00f3l \u00e9s a kapcsol\u00f3d\u00f3 m\u00f3dos\u00edt\u00e1sokr\u00f3l &#8211; 2. sz\u00e1m\u00fa mell\u00e9klet<\/a><\/p>\n<p style=\"text-align: justify\"><a href=\"https:\/\/semmelweis.hu\/jogigfoig\/files\/2024\/03\/10_2024_melleklet-3.pdf\">A Semmelweis Egyetem Szen\u00e1tus\u00e1nak 10\/2024. (II. 29.) sz\u00e1m\u00fa hat\u00e1rozata az egyes orsz\u00e1gos int\u00e9zetek t\u00f6rv\u00e9nyben meghat\u00e1rozott feladatainak \u00e9s telephelyeinek jogut\u00f3dl\u00e1s\u00e1r\u00f3l sz\u00f3l\u00f3 rendelkez\u00e9sek alapj\u00e1n l\u00e9trehozand\u00f3 klinik\u00e1kr\u00f3l \u00e9s a kapcsol\u00f3d\u00f3 m\u00f3dos\u00edt\u00e1sokr\u00f3l &#8211; 3. sz\u00e1m\u00fa mell\u00e9klet<\/a><\/p>\n<p style=\"text-align: justify\"><a href=\"https:\/\/semmelweis.hu\/jogigfoig\/files\/2024\/03\/11_2024_SzMSz-modositas.pdf\">A Semmelweis Egyetem\u00a0Szen\u00e1tus\u00e1nak\u00a011\/2024. (II.29.) sz\u00e1m\u00fa hat\u00e1rozata\u00a0a Szervezeti \u00e9s M\u0171k\u00f6d\u00e9si Szab\u00e1lyzat egyes rendelkez\u00e9seinek m\u00f3dos\u00edt\u00e1s\u00e1r\u00f3l<\/a><\/p>\n<p style=\"text-align: justify\"><a href=\"https:\/\/semmelweis.hu\/jogigfoig\/files\/2024\/03\/11_2024_melleklet-2_HOK-egyetertes.pdf\">A Semmelweis Egyetem Szen\u00e1tus\u00e1nak 11\/2024. (II.29.) sz\u00e1m\u00fa hat\u00e1rozata a Szervezeti \u00e9s M\u0171k\u00f6d\u00e9si Szab\u00e1lyzat egyes rendelkez\u00e9seinek m\u00f3dos\u00edt\u00e1s\u00e1r\u00f3l &#8211; Hallgat\u00f3i \u00d6nkorm\u00e1nyzat egyet\u00e9rt\u00e9s<\/a><\/p>\n<p style=\"text-align: justify\"><a href=\"https:\/\/semmelweis.hu\/jogigfoig\/files\/2024\/03\/11_2024_melleklet-1_SzMSz-modositas.pdf\">A Semmelweis Egyetem Szen\u00e1tus\u00e1nak 11\/2024. (II.29.) sz\u00e1m\u00fa hat\u00e1rozata a Szervezeti \u00e9s M\u0171k\u00f6d\u00e9si Szab\u00e1lyzat egyes rendelkez\u00e9seinek m\u00f3dos\u00edt\u00e1s\u00e1r\u00f3l &#8211; 1. sz\u00e1m\u00fa mell\u00e9klet<\/a><\/p>\n<p style=\"text-align: justify\"><a href=\"https:\/\/semmelweis.hu\/jogigfoig\/files\/2024\/03\/12_2024_CBT-konzulens.pdf\">A Semmelweis Egyetem\u00a0Szen\u00e1tus\u00e1nak\u00a012\/2024. (II.29.) sz\u00e1m\u00fa hat\u00e1rozata\u00a0a CBT konzulens szakir\u00e1ny\u00fa tov\u00e1bbk\u00e9pz\u00e9si szak ind\u00edt\u00e1s\u00e1r\u00f3l<\/a><\/p>\n<p style=\"text-align: justify\"><a href=\"https:\/\/semmelweis.hu\/jogigfoig\/files\/2024\/03\/13_2024_CBT-terapeuta.pdf\">A Semmelweis Egyetem\u00a0Szen\u00e1tus\u00e1nak\u00a013\/2024. (II.29.) sz\u00e1m\u00fa hat\u00e1rozata\u00a0a CBT terapeuta szakir\u00e1ny\u00fa tov\u00e1bbk\u00e9pz\u00e9si szak ind\u00edt\u00e1s\u00e1r\u00f3l<\/a><\/p>\n<p style=\"text-align: justify\"><a href=\"https:\/\/semmelweis.hu\/jogigfoig\/files\/2024\/03\/14_2024_Nepegeszsegtani-Intezet-nevvaltoztatas.pdf\">A Semmelweis Egyetem\u00a0Szen\u00e1tus\u00e1nak 14\/2024. (II.29.) sz\u00e1m\u00fa hat\u00e1rozata\u00a0a N\u00e9peg\u00e9szs\u00e9gtani Int\u00e9zet n\u00e9vv\u00e1ltoztat\u00e1s\u00e1r\u00f3l<\/a><\/p>\n<p style=\"text-align: justify\"><a href=\"https:\/\/semmelweis.hu\/jogigfoig\/files\/2024\/03\/15_2024_allando-bizottsagok-doktorandusz-hallgatok_.pdf\">A Semmelweis Egyetem\u00a0Szen\u00e1tus\u00e1nak\u00a015\/2024. (II.29.) sz\u00e1m\u00fa hat\u00e1rozata\u00a0a Szen\u00e1tus \u00e1ltal l\u00e9trehozott, az egyetem eg\u00e9sz\u00e9re kiterjed\u0151 hat\u00e1sk\u00f6rrel rendelkez\u0151 \u00e1lland\u00f3 bizotts\u00e1gok \u2013 doktorandusz hallgat\u00f3k szem\u00e9lyi \u00f6sszet\u00e9tel\u00e9nek a meg\u00faj\u00edt\u00e1s\u00e1r\u00f3l<\/a><\/p>\n<p style=\"text-align: justify\"><a href=\"https:\/\/semmelweis.hu\/jogigfoig\/files\/2024\/03\/16_2024_egyetemi-hataskoru-bizottsagok-beszamoloi.pdf\">A Semmelweis Egyetem Szen\u00e1tus\u00e1nak 16\/2024. (II.29.) sz\u00e1m\u00fa hat\u00e1rozata a Szen\u00e1tus \u00e1ltal l\u00e9trehozott, az egyetem eg\u00e9sz\u00e9re kiterjed\u0151 hat\u00e1sk\u00f6rrel rendelkez\u0151 \u00e1lland\u00f3 bizotts\u00e1gok munk\u00e1j\u00e1r\u00f3l sz\u00f3l\u00f3 besz\u00e1mol\u00f3 elfogad\u00e1s\u00e1r\u00f3l<\/a><\/p>\n<p style=\"text-align: justify\"><a href=\"https:\/\/semmelweis.hu\/jogigfoig\/files\/2024\/03\/17_2024_oraado-oktatoi-cim.pdf\">A Semmelweis Egyetem\u00a0Szen\u00e1tus\u00e1nak\u00a017\/2024. (II.29.) sz\u00e1m\u00fa hat\u00e1rozata\u00a0az \u00f3raad\u00f3 oktat\u00f3i c\u00edm adom\u00e1nyoz\u00e1s\u00e1r\u00f3l<\/a><\/p>\n<p style=\"text-align: justify\"><a href=\"https:\/\/semmelweis.hu\/jogigfoig\/files\/2024\/03\/18_2024_aktualis-vezetoi-oktatoi-kutatoi-palyazatok.pdf\">A Semmelweis Egyetem\u00a0Szen\u00e1tus\u00e1nak\u00a018\/2024. (II.29.) sz\u00e1m\u00fa hat\u00e1rozata\u00a0az aktu\u00e1lis vezet\u0151i, valamint oktat\u00f3i-kutat\u00f3i p\u00e1ly\u00e1zatok v\u00e9lem\u00e9nyez\u00e9s\u00e9r\u0151l<\/a><\/p>\n<p style=\"text-align: justify\">\u00a0<\/p>\n","protected":false},"excerpt":{"rendered":"<p><a href=\"https:\/\/semmelweis.hu\/jogigfoig\/files\/2024\/03\/8_2024_2024-evi-tavaszi-munkaterv.pdf\">22A Semmelweis Egyetem Szen\u00e1tus\u00e1nak 8\/2024. (II.29.) sz\u00e1m\u00fa hat\u00e1rozata a Szen\u00e1tus 2024. \u00e9vi tavaszi munkaterv\u00e9r\u0151l<\/a><br \/>\n<a href=\"https:\/\/semmelweis.hu\/jogigfoig\/files\/2024\/03\/8_2024_melleklet_2024-tavaszi-munkaterv.pdf\">A Semmelweis Egyetem Szen\u00e1tus\u00e1nak 8\/2024. (II.29.) sz\u00e1m\u00fa hat\u00e1rozata a Szen\u00e1tus 2024. \u00e9vi tavaszi munkaterv\u00e9r\u0151l &#8211; 1. sz\u00e1m\u00fa mell\u00e9klet<\/a><br \/>\n<a href=\"https:\/\/semmelweis.hu\/jogigfoig\/files\/2024\/03\/9_2024_European-Journal-of-Mental-Health.pdf\">A Semmelweis Egyetem\u00a0Szen\u00e1tus\u00e1nak\u00a09\/2024. (II.29.) sz\u00e1m\u00fa hat\u00e1rozata\u00a0a European Journal of Mental Health\u00a0nemzetk\u00f6zi szakfoly\u00f3irat finansz\u00edroz\u00e1s\u00e1r\u00f3l<\/a><br \/>\n<a href=\"https:\/\/semmelweis.hu\/jogigfoig\/files\/2024\/03\/10_2024_Orszagos-intezetek_koltsegvetes_modositas.pdf\">A Semmelweis Egyetem\u00a0Szen\u00e1tus\u00e1nak\u00a010\/2024. (II. 29.) sz\u00e1m\u00fa hat\u00e1rozata\u00a0az egyes orsz\u00e1gos int\u00e9zetek t\u00f6rv\u00e9nyben meghat\u00e1rozott feladatainak \u00e9s telephelyeinek jogut\u00f3dl\u00e1s\u00e1r\u00f3l sz\u00f3l\u00f3 rendelkez\u00e9sek alapj\u00e1n l\u00e9trehozand\u00f3 klinik\u00e1kr\u00f3l \u00e9s a kapcsol\u00f3d\u00f3 m\u00f3dos\u00edt\u00e1sokr\u00f3l<\/a><br \/>\n<a href=\"https:\/\/semmelweis.hu\/jogigfoig\/files\/2024\/03\/10_2024_melleklet-1.pdf\">A Semmelweis Egyetem Szen\u00e1tus\u00e1nak 10\/2024. (II. 29.) sz\u00e1m\u00fa hat\u00e1rozata az egyes orsz\u00e1gos int\u00e9zetek t\u00f6rv\u00e9nyben meghat\u00e1rozott feladatainak \u00e9s telephelyeinek jogut\u00f3dl\u00e1s\u00e1r\u00f3l sz\u00f3l\u00f3 rendelkez\u00e9sek alapj\u00e1n l\u00e9trehozand\u00f3 klinik\u00e1kr\u00f3l \u00e9s a kapcsol\u00f3d\u00f3 m\u00f3dos\u00edt\u00e1sokr\u00f3l &#8211; 1. sz\u00e1m\u00fa mell\u00e9klet<\/a><br \/>\n<a href=\"https:\/\/semmelweis.hu\/jogigfoig\/files\/2024\/03\/10_2024_melleklet-2.pdf\">A Semmelweis Egyetem Szen\u00e1tus\u00e1nak 10\/2024. (II. 29.) sz\u00e1m\u00fa hat\u00e1rozata az egyes orsz\u00e1gos int\u00e9zetek t\u00f6rv\u00e9nyben meghat\u00e1rozott feladatainak \u00e9s telephelyeinek jogut\u00f3dl\u00e1s\u00e1r\u00f3l sz\u00f3l\u00f3 rendelkez\u00e9sek alapj\u00e1n l\u00e9trehozand\u00f3 klinik\u00e1kr\u00f3l \u00e9s a kapcsol\u00f3d\u00f3 m\u00f3dos\u00edt\u00e1sokr\u00f3l &#8211; 2. sz\u00e1m\u00fa mell\u00e9klet<\/a><br \/>\n<a href=\"https:\/\/semmelweis.hu\/jogigfoig\/files\/2024\/03\/10_2024_melleklet-3.pdf\">A Semmelweis Egyetem Szen\u00e1tus\u00e1nak 10\/2024. (II. 29.) sz\u00e1m\u00fa hat\u00e1rozata az egyes orsz\u00e1gos int\u00e9zetek t\u00f6rv\u00e9nyben meghat\u00e1rozott feladatainak \u00e9s telephelyeinek jogut\u00f3dl\u00e1s\u00e1r\u00f3l sz\u00f3l\u00f3 rendelkez\u00e9sek alapj\u00e1n l\u00e9trehozand\u00f3 klinik\u00e1kr\u00f3l \u00e9s a kapcsol\u00f3d\u00f3 m\u00f3dos\u00edt\u00e1sokr\u00f3l &#8211; 3. sz\u00e1m\u00fa mell\u00e9klet<\/a><br \/>\n<a href=\"https:\/\/semmelweis.hu\/jogigfoig\/files\/2024\/03\/11_2024_SzMSz-modositas.pdf\">A Semmelweis Egyetem\u00a0Szen\u00e1tus\u00e1nak\u00a011\/2024. (II.29.) sz\u00e1m\u00fa hat\u00e1rozata\u00a0a Szervezeti \u00e9s M\u0171k\u00f6d\u00e9si Szab\u00e1lyzat egyes rendelkez\u00e9seinek m\u00f3dos\u00edt\u00e1s\u00e1r\u00f3l<\/a><br \/>\n<a href=\"https:\/\/semmelweis.hu\/jogigfoig\/files\/2024\/03\/11_2024_melleklet-2_HOK-egyetertes.pdf\">A Semmelweis Egyetem Szen\u00e1tus\u00e1nak 11\/2024. (II.29.) sz\u00e1m\u00fa hat\u00e1rozata a Szervezeti \u00e9s M\u0171k\u00f6d\u00e9si Szab\u00e1lyzat egyes rendelkez\u00e9seinek m\u00f3dos\u00edt\u00e1s\u00e1r\u00f3l &#8211; Hallgat\u00f3i \u00d6nkorm\u00e1nyzat egyet\u00e9rt\u00e9s<\/a><br \/>\n<a href=\"https:\/\/semmelweis.hu\/jogigfoig\/files\/2024\/03\/11_2024_melleklet-1_SzMSz-modositas.pdf\">A Semmelweis Egyetem Szen\u00e1tus\u00e1nak 11\/2024. (II.29.) sz\u00e1m\u00fa hat\u00e1rozata a Szervezeti \u00e9s M\u0171k\u00f6d\u00e9si Szab\u00e1lyzat egyes rendelkez\u00e9seinek m\u00f3dos\u00edt\u00e1s\u00e1r\u00f3l &#8211; 1. sz\u00e1m\u00fa mell\u00e9klet<\/a><br \/>\n<a href=\"https:\/\/semmelweis.hu\/jogigfoig\/files\/2024\/03\/12_2024_CBT-konzulens.pdf\">A Semmelweis Egyetem\u00a0Szen\u00e1tus\u00e1nak\u00a012\/2024. (II.29.) sz\u00e1m\u00fa hat\u00e1rozata\u00a0a CBT konzulens szakir\u00e1ny\u00fa tov\u00e1bbk\u00e9pz\u00e9si szak ind\u00edt\u00e1s\u00e1r\u00f3l<\/a><br \/>\n<a href=\"https:\/\/semmelweis.hu\/jogigfoig\/files\/2024\/03\/13_2024_CBT-terapeuta.pdf\">A Semmelweis Egyetem\u00a0Szen\u00e1tus\u00e1nak\u00a013\/2024. (II.29.) sz\u00e1m\u00fa hat\u00e1rozata\u00a0a CBT terapeuta szakir\u00e1ny\u00fa tov\u00e1bbk\u00e9pz\u00e9si szak ind\u00edt\u00e1s\u00e1r\u00f3l<\/a><br \/>\n<a href=\"https:\/\/semmelweis.hu\/jogigfoig\/files\/2024\/03\/14_2024_Nepegeszsegtani-Intezet-nevvaltoztatas.pdf\">A Semmelweis Egyetem\u00a0Szen\u00e1tus\u00e1nak 14\/2024. (II.29.) sz\u00e1m\u00fa hat\u00e1rozata\u00a0a N\u00e9peg\u00e9szs\u00e9gtani Int\u00e9zet n\u00e9vv\u00e1ltoztat\u00e1s\u00e1r\u00f3l<\/a><br \/>\n<a href=\"https:\/\/semmelweis.hu\/jogigfoig\/files\/2024\/03\/15_2024_allando-bizottsagok-doktorandusz-hallgatok_.pdf\">A Semmelweis Egyetem\u00a0Szen\u00e1tus\u00e1nak\u00a015\/2024. (II.29.) sz\u00e1m\u00fa hat\u00e1rozata\u00a0a Szen\u00e1tus \u00e1ltal l\u00e9trehozott, az egyetem eg\u00e9sz\u00e9re kiterjed\u0151 hat\u00e1sk\u00f6rrel rendelkez\u0151 \u00e1lland\u00f3 bizotts\u00e1gok \u2013 doktorandusz hallgat\u00f3k szem\u00e9lyi \u00f6sszet\u00e9tel\u00e9nek a meg\u00faj\u00edt\u00e1s\u00e1r\u00f3l<\/a><br \/>\n<a href=\"https:\/\/semmelweis.hu\/jogigfoig\/files\/2024\/03\/16_2024_egyetemi-hataskoru-bizottsagok-beszamoloi.pdf\">A Semmelweis Egyetem Szen\u00e1tus\u00e1nak 16\/2024. (II.29.) sz\u00e1m\u00fa hat\u00e1rozata a Szen\u00e1tus \u00e1ltal l\u00e9trehozott, az egyetem eg\u00e9sz\u00e9re kiterjed\u0151 hat\u00e1sk\u00f6rrel rendelkez\u0151 \u00e1lland\u00f3 bizotts\u00e1gok munk\u00e1j\u00e1r\u00f3l sz\u00f3l\u00f3 besz\u00e1mol\u00f3 elfogad\u00e1s\u00e1r\u00f3l<\/a><br \/>\n<a href=\"https:\/\/semmelweis.hu\/jogigfoig\/files\/2024\/03\/17_2024_oraado-oktatoi-cim.pdf\">A Semmelweis Egyetem\u00a0Szen\u00e1tus\u00e1nak\u00a017\/2024. (II.29.) sz\u00e1m\u00fa hat\u00e1rozata\u00a0az \u00f3raad\u00f3 oktat\u00f3i c\u00edm adom\u00e1nyoz\u00e1s\u00e1r\u00f3l<\/a><br \/>\n<a href=\"https:\/\/semmelweis.hu\/jogigfoig\/files\/2024\/03\/18_2024_aktualis-vezetoi-oktatoi-kutatoi-palyazatok.pdf\">A Semmelweis Egyetem\u00a0Szen\u00e1tus\u00e1nak\u00a018\/2024. (II.29.) sz\u00e1m\u00fa hat\u00e1rozata\u00a0az aktu\u00e1lis vezet\u0151i, valamint oktat\u00f3i-kutat\u00f3i p\u00e1ly\u00e1zatok v\u00e9lem\u00e9nyez\u00e9s\u00e9r\u0151l<\/a><br \/>\n\u00a0<\/p>\n","protected":false},"author":101467,"featured_media":0,"parent":89297,"menu_order":2,"comment_status":"closed","ping_status":"closed","template":"","meta":{"_acf_changed":false,"footnotes":""},"categories":[],"tags":[],"class_list":["post-89633","page","type-page","status-publish","hentry"],"acf":[],"_links":{"self":[{"href":"https:\/\/semmelweis.hu\/jogigfoig\/wp-json\/wp\/v2\/pages\/89633","targetHints":{"allow":["GET"]}}],"collection":[{"href":"https:\/\/semmelweis.hu\/jogigfoig\/wp-json\/wp\/v2\/pages"}],"about":[{"href":"https:\/\/semmelweis.hu\/jogigfoig\/wp-json\/wp\/v2\/types\/page"}],"author":[{"embeddable":true,"href":"https:\/\/semmelweis.hu\/jogigfoig\/wp-json\/wp\/v2\/users\/101467"}],"replies":[{"embeddable":true,"href":"https:\/\/semmelweis.hu\/jogigfoig\/wp-json\/wp\/v2\/comments?post=89633"}],"version-history":[{"count":6,"href":"https:\/\/semmelweis.hu\/jogigfoig\/wp-json\/wp\/v2\/pages\/89633\/revisions"}],"predecessor-version":[{"id":89674,"href":"https:\/\/semmelweis.hu\/jogigfoig\/wp-json\/wp\/v2\/pages\/89633\/revisions\/89674"}],"up":[{"embeddable":true,"href":"https:\/\/semmelweis.hu\/jogigfoig\/wp-json\/wp\/v2\/pages\/89297"}],"wp:attachment":[{"href":"https:\/\/semmelweis.hu\/jogigfoig\/wp-json\/wp\/v2\/media?parent=89633"}],"wp:term":[{"taxonomy":"category","embeddable":true,"href":"https:\/\/semmelweis.hu\/jogigfoig\/wp-json\/wp\/v2\/categories?post=89633"},{"taxonomy":"post_tag","embeddable":true,"href":"https:\/\/semmelweis.hu\/jogigfoig\/wp-json\/wp\/v2\/tags?post=89633"}],"curies":[{"name":"wp","href":"https:\/\/api.w.org\/{rel}","templated":true}]}}