{"id":89298,"date":"2024-01-31T13:26:02","date_gmt":"2024-01-31T12:26:02","guid":{"rendered":"https:\/\/semmelweis.hu\/jogigfoig\/?page_id=89298"},"modified":"2024-01-31T13:26:15","modified_gmt":"2024-01-31T12:26:15","slug":"2024-januar-25","status":"publish","type":"page","link":"https:\/\/semmelweis.hu\/jogigfoig\/testuletek\/szenatus\/2024-evi-szenatusi-hatarozatok\/2024-januar-25\/","title":{"rendered":"2024. janu\u00e1r 25."},"content":{"rendered":"<p style=\"text-align: justify\"><a href=\"https:\/\/semmelweis.hu\/jogigfoig\/files\/2024\/01\/N_1_2024_hatarozat.pdf\">A Semmelweis Egyetem\u00a0Szen\u00e1tus\u00e1nak\u00a0N-1.2024. (I.25.) sz\u00e1m\u00fa hat\u00e1rozata\u00a0a szen\u00e1tusi \u00fcl\u00e9s napirendj\u00e9r\u0151l\u00a0<\/a><\/p>\n<p style=\"text-align: justify\"><a href=\"https:\/\/semmelweis.hu\/jogigfoig\/files\/2024\/01\/1_2024_SzMSz_SHC_szabalyai.pdf\">A Semmelweis Egyetem\u00a0Szen\u00e1tus\u00e1nak\u00a01\/2024. (I.25.) sz\u00e1m\u00fa hat\u00e1rozata\u00a0a Szervezeti \u00e9s M\u0171k\u00f6d\u00e9si Szab\u00e1lyzat II.4. R\u00e9sz\u00e9nek m\u00f3dos\u00edt\u00e1s\u00e1r\u00f3l<\/a><\/p>\n<p style=\"text-align: justify\"><a href=\"https:\/\/semmelweis.hu\/jogigfoig\/files\/2024\/01\/2_2024_SHC.pdf\">A Semmelweis Egyetem\u00a0Szen\u00e1tus\u00e1nak\u00a02\/2024. (I.25.) sz\u00e1m\u00fa hat\u00e1rozata\u00a0a <em>Senator Honoris Causa<\/em> kit\u00fcntet\u0151 c\u00edm adom\u00e1nyoz\u00e1s\u00e1r\u00f3l<\/a><\/p>\n<p style=\"text-align: justify\"><a href=\"https:\/\/semmelweis.hu\/jogigfoig\/files\/2024\/01\/3_2024_Honved-Katasztrofa-es-Rendvedelem-Orvostan-Tanszek.pdf\">A Semmelweis Egyetem\u00a0Szen\u00e1tus\u00e1nak\u00a03\/2024. (I.25.) sz\u00e1m\u00fa hat\u00e1rozata\u00a0a Honv\u00e9d-, Katasztr\u00f3fa- \u00e9s Rendv\u00e9delem-Orvostan Tansz\u00e9k l\u00e9trehoz\u00e1s\u00e1r\u00f3l<\/a><\/p>\n<p style=\"text-align: justify\"><a href=\"https:\/\/semmelweis.hu\/jogigfoig\/files\/2024\/01\/3_2024_melleklet-1.pdf\">A Semmelweis Egyetem\u00a0Szen\u00e1tus\u00e1nak\u00a03\/2024. (I.25.) sz\u00e1m\u00fa hat\u00e1rozata\u00a0a Honv\u00e9d-, Katasztr\u00f3fa- \u00e9s Rendv\u00e9delem-Orvostan Tansz\u00e9k l\u00e9trehoz\u00e1s\u00e1r\u00f3l &#8211; 1. sz\u00e1m\u00fa mell\u00e9klet<\/a><\/p>\n<p style=\"text-align: justify\"><a href=\"https:\/\/semmelweis.hu\/jogigfoig\/files\/2024\/01\/3_2024_melleklet-2.pdf\">A Semmelweis Egyetem\u00a0Szen\u00e1tus\u00e1nak\u00a03\/2024. (I.25.) sz\u00e1m\u00fa hat\u00e1rozata\u00a0a Honv\u00e9d-, Katasztr\u00f3fa- \u00e9s Rendv\u00e9delem-Orvostan Tansz\u00e9k l\u00e9trehoz\u00e1s\u00e1r\u00f3l &#8211; 2. sz\u00e1m\u00fa mell\u00e9klet<\/a><\/p>\n<p style=\"text-align: justify\"><a href=\"https:\/\/semmelweis.hu\/jogigfoig\/files\/2024\/01\/4_2024_egyes-szamviteli-targyu-szabalyzatok-modositasa.pdf\">A Semmelweis Egyetem\u00a0Szen\u00e1tus\u00e1nak\u00a04\/2024. (I.25.) sz\u00e1m\u00fa hat\u00e1rozata\u00a0az egyes sz\u00e1mviteli t\u00e1rgy\u00fa szab\u00e1lyzatok m\u00f3dos\u00edt\u00e1s\u00e1r\u00f3l<\/a><\/p>\n<p style=\"text-align: justify\"><a href=\"https:\/\/semmelweis.hu\/jogigfoig\/files\/2024\/01\/5_2024_Jo-Tanulo_Jo-Sportolo.pdf\">A Semmelweis Egyetem\u00a0Szen\u00e1tus\u00e1nak\u00a05\/2024. (I.25.) sz\u00e1m\u00fa hat\u00e1rozata\u00a0a \u201eJ\u00f3 tanul\u00f3 \u2013 j\u00f3 sportol\u00f3\u201d kit\u00fcntet\u0151 c\u00edmek oda\u00edt\u00e9l\u00e9s\u00e9r\u0151l<\/a><\/p>\n<p style=\"text-align: justify\"><a href=\"https:\/\/semmelweis.hu\/jogigfoig\/files\/2024\/01\/6_2024_SE-Egyetem-Korus-szabvall.pdf\">A Semmelweis Egyetem\u00a0Szen\u00e1tus\u00e1nak 6\/2024. (I.25.) sz\u00e1m\u00fa hat\u00e1rozata\u00a0a <em>Semmelweis Egyetem K\u00f3rus<\/em> c\u00edm\u0171 szabadon v\u00e1laszthat\u00f3 tant\u00e1rgy bevezet\u00e9s\u00e9r\u0151l<\/a><\/p>\n<p style=\"text-align: justify\"><a href=\"https:\/\/semmelweis.hu\/jogigfoig\/files\/2024\/01\/7_2024_FOK-kurrikulum-modositas.pdf\">A Semmelweis Egyetem\u00a0Szen\u00e1tus\u00e1nak\u00a07\/2024. (I.25.) sz\u00e1m\u00fa hat\u00e1rozata\u00a0a Fogorvostudom\u00e1nyi Kar kurrikulum\u00e1nak m\u00f3dos\u00edt\u00e1s\u00e1r\u00f3l<\/a><\/p>\n","protected":false},"excerpt":{"rendered":"<p><a href=\"https:\/\/semmelweis.hu\/jogigfoig\/files\/2024\/01\/N_1_2024_hatarozat.pdf\">A Semmelweis Egyetem\u00a0Szen\u00e1tus\u00e1nak\u00a0N-1.2024. (I.25.) sz\u00e1m\u00fa hat\u00e1rozata\u00a0a szen\u00e1tusi \u00fcl\u00e9s napirendj\u00e9r\u0151l\u00a0<\/a><br \/>\n<a href=\"https:\/\/semmelweis.hu\/jogigfoig\/files\/2024\/01\/1_2024_SzMSz_SHC_szabalyai.pdf\">A Semmelweis Egyetem\u00a0Szen\u00e1tus\u00e1nak\u00a01\/2024. (I.25.) sz\u00e1m\u00fa hat\u00e1rozata\u00a0a Szervezeti \u00e9s M\u0171k\u00f6d\u00e9si Szab\u00e1lyzat II.4. R\u00e9sz\u00e9nek m\u00f3dos\u00edt\u00e1s\u00e1r\u00f3l<\/a><br \/>\n<a href=\"https:\/\/semmelweis.hu\/jogigfoig\/files\/2024\/01\/2_2024_SHC.pdf\">A Semmelweis Egyetem\u00a0Szen\u00e1tus\u00e1nak\u00a02\/2024. (I.25.) sz\u00e1m\u00fa hat\u00e1rozata\u00a0a Senator Honoris Causa kit\u00fcntet\u0151 c\u00edm adom\u00e1nyoz\u00e1s\u00e1r\u00f3l<\/a><br \/>\n<a href=\"https:\/\/semmelweis.hu\/jogigfoig\/files\/2024\/01\/3_2024_Honved-Katasztrofa-es-Rendvedelem-Orvostan-Tanszek.pdf\">A Semmelweis Egyetem\u00a0Szen\u00e1tus\u00e1nak\u00a03\/2024. (I.25.) sz\u00e1m\u00fa hat\u00e1rozata\u00a0a Honv\u00e9d-, Katasztr\u00f3fa- \u00e9s Rendv\u00e9delem-Orvostan Tansz\u00e9k l\u00e9trehoz\u00e1s\u00e1r\u00f3l<\/a><br \/>\n<a href=\"https:\/\/semmelweis.hu\/jogigfoig\/files\/2024\/01\/3_2024_melleklet-1.pdf\">A Semmelweis Egyetem\u00a0Szen\u00e1tus\u00e1nak\u00a03\/2024. (I.25.) sz\u00e1m\u00fa hat\u00e1rozata\u00a0a Honv\u00e9d-, Katasztr\u00f3fa- \u00e9s Rendv\u00e9delem-Orvostan Tansz\u00e9k l\u00e9trehoz\u00e1s\u00e1r\u00f3l &#8211; 1. sz\u00e1m\u00fa mell\u00e9klet<\/a><br \/>\n<a href=\"https:\/\/semmelweis.hu\/jogigfoig\/files\/2024\/01\/3_2024_melleklet-2.pdf\">A Semmelweis Egyetem\u00a0Szen\u00e1tus\u00e1nak\u00a03\/2024. (I.25.) sz\u00e1m\u00fa hat\u00e1rozata\u00a0a Honv\u00e9d-, Katasztr\u00f3fa- \u00e9s Rendv\u00e9delem-Orvostan Tansz\u00e9k l\u00e9trehoz\u00e1s\u00e1r\u00f3l &#8211; 2. sz\u00e1m\u00fa mell\u00e9klet<\/a><br \/>\n<a href=\"https:\/\/semmelweis.hu\/jogigfoig\/files\/2024\/01\/4_2024_egyes-szamviteli-targyu-szabalyzatok-modositasa.pdf\">A Semmelweis Egyetem\u00a0Szen\u00e1tus\u00e1nak\u00a04\/2024. (I.25.) sz\u00e1m\u00fa hat\u00e1rozata\u00a0az egyes sz\u00e1mviteli t\u00e1rgy\u00fa szab\u00e1lyzatok m\u00f3dos\u00edt\u00e1s\u00e1r\u00f3l<\/a><br \/>\n<a href=\"https:\/\/semmelweis.hu\/jogigfoig\/files\/2024\/01\/5_2024_Jo-Tanulo_Jo-Sportolo.pdf\">A Semmelweis Egyetem\u00a0Szen\u00e1tus\u00e1nak\u00a05\/2024. (I.25.) sz\u00e1m\u00fa hat\u00e1rozata\u00a0a \u201eJ\u00f3 tanul\u00f3 \u2013 j\u00f3 sportol\u00f3\u201d kit\u00fcntet\u0151 c\u00edmek oda\u00edt\u00e9l\u00e9s\u00e9r\u0151l<\/a><br \/>\n<a href=\"https:\/\/semmelweis.hu\/jogigfoig\/files\/2024\/01\/6_2024_SE-Egyetem-Korus-szabvall.pdf\">A Semmelweis Egyetem\u00a0Szen\u00e1tus\u00e1nak 6\/2024. (I.25.) sz\u00e1m\u00fa hat\u00e1rozata\u00a0a Semmelweis Egyetem K\u00f3rus c\u00edm\u0171 szabadon v\u00e1laszthat\u00f3 tant\u00e1rgy bevezet\u00e9s\u00e9r\u0151l<\/a><br \/>\n<a href=\"https:\/\/semmelweis.hu\/jogigfoig\/files\/2024\/01\/7_2024_FOK-kurrikulum-modositas.pdf\">A Semmelweis Egyetem\u00a0Szen\u00e1tus\u00e1nak\u00a07\/2024. (I.25.) sz\u00e1m\u00fa hat\u00e1rozata\u00a0a Fogorvostudom\u00e1nyi Kar kurrikulum\u00e1nak m\u00f3dos\u00edt\u00e1s\u00e1r\u00f3l<\/a><\/p>\n","protected":false},"author":101467,"featured_media":0,"parent":89297,"menu_order":1,"comment_status":"closed","ping_status":"closed","template":"","meta":{"_acf_changed":false,"footnotes":""},"categories":[],"tags":[],"class_list":["post-89298","page","type-page","status-publish","hentry"],"acf":[],"_links":{"self":[{"href":"https:\/\/semmelweis.hu\/jogigfoig\/wp-json\/wp\/v2\/pages\/89298","targetHints":{"allow":["GET"]}}],"collection":[{"href":"https:\/\/semmelweis.hu\/jogigfoig\/wp-json\/wp\/v2\/pages"}],"about":[{"href":"https:\/\/semmelweis.hu\/jogigfoig\/wp-json\/wp\/v2\/types\/page"}],"author":[{"embeddable":true,"href":"https:\/\/semmelweis.hu\/jogigfoig\/wp-json\/wp\/v2\/users\/101467"}],"replies":[{"embeddable":true,"href":"https:\/\/semmelweis.hu\/jogigfoig\/wp-json\/wp\/v2\/comments?post=89298"}],"version-history":[{"count":1,"href":"https:\/\/semmelweis.hu\/jogigfoig\/wp-json\/wp\/v2\/pages\/89298\/revisions"}],"predecessor-version":[{"id":89310,"href":"https:\/\/semmelweis.hu\/jogigfoig\/wp-json\/wp\/v2\/pages\/89298\/revisions\/89310"}],"up":[{"embeddable":true,"href":"https:\/\/semmelweis.hu\/jogigfoig\/wp-json\/wp\/v2\/pages\/89297"}],"wp:attachment":[{"href":"https:\/\/semmelweis.hu\/jogigfoig\/wp-json\/wp\/v2\/media?parent=89298"}],"wp:term":[{"taxonomy":"category","embeddable":true,"href":"https:\/\/semmelweis.hu\/jogigfoig\/wp-json\/wp\/v2\/categories?post=89298"},{"taxonomy":"post_tag","embeddable":true,"href":"https:\/\/semmelweis.hu\/jogigfoig\/wp-json\/wp\/v2\/tags?post=89298"}],"curies":[{"name":"wp","href":"https:\/\/api.w.org\/{rel}","templated":true}]}}