{"id":89297,"date":"2024-01-31T13:25:45","date_gmt":"2024-01-31T12:25:45","guid":{"rendered":"https:\/\/semmelweis.hu\/jogigfoig\/?page_id=89297"},"modified":"2025-09-29T14:27:26","modified_gmt":"2025-09-29T12:27:26","slug":"2024-evi-szenatusi-hatarozatok","status":"publish","type":"page","link":"https:\/\/semmelweis.hu\/jogigfoig\/testuletek\/szenatus\/2024-evi-szenatusi-hatarozatok\/","title":{"rendered":"2024. \u00e9vi Szen\u00e1tusi hat\u00e1rozatok"},"content":{"rendered":"<ul>\n<li><a href=\"https:\/\/semmelweis.hu\/jogigfoig\/testuletek\/szenatus\/2024-evi-szenatusi-hatarozatok\/2024-januar-25\/\">2024. janu\u00e1r 25.<\/a><\/li>\n<li><a href=\"https:\/\/semmelweis.hu\/jogigfoig\/testuletek\/szenatus\/2024-evi-szenatusi-hatarozatok\/2024-februar-29\/\">2024. febru\u00e1r 29.<\/a><\/li>\n<li><a href=\"https:\/\/semmelweis.hu\/jogigfoig\/testuletek\/szenatus\/2024-evi-szenatusi-hatarozatok\/2024-marcius-28\/\">2024. m\u00e1rcius 28.<\/a><\/li>\n<li><a href=\"https:\/\/semmelweis.hu\/jogigfoig\/testuletek\/szenatus\/2024-evi-szenatusi-hatarozatok\/2024-aprilis-25\/\">2024. \u00e1prilis 25.<\/a><\/li>\n<li><a href=\"https:\/\/semmelweis.hu\/jogigfoig\/testuletek\/szenatus\/2024-evi-szenatusi-hatarozatok\/2024-majus-30\/\">2024. m\u00e1jus 30.<\/a><\/li>\n<li><a href=\"https:\/\/semmelweis.hu\/jogigfoig\/testuletek\/szenatus\/2024-evi-szenatusi-hatarozatok\/2024-junius-27\/\">2024. j\u00fanius 27.<\/a><\/li>\n<li><a href=\"https:\/\/semmelweis.hu\/jogigfoig\/testuletek\/szenatus\/2024-evi-szenatusi-hatarozatok\/2024-augusztus-28\/\">2024. augusztus 28.<\/a><\/li>\n<li><a href=\"https:\/\/semmelweis.hu\/jogigfoig\/testuletek\/szenatus\/2024-evi-szenatusi-hatarozatok\/2024-szeptember-12\/\">2024. szeptember 12.<\/a><\/li>\n<li><a href=\"https:\/\/semmelweis.hu\/jogigfoig\/testuletek\/szenatus\/2024-evi-szenatusi-hatarozatok\/2024-szeptember-27\/\">2024. szeptember 27.<\/a><\/li>\n<li><a href=\"https:\/\/semmelweis.hu\/jogigfoig\/testuletek\/szenatus\/2024-evi-szenatusi-hatarozatok\/2024-oktober-3\/\">2024. okt\u00f3ber 3.<\/a><\/li>\n<li><a href=\"https:\/\/semmelweis.hu\/jogigfoig\/testuletek\/szenatus\/2024-evi-szenatusi-hatarozatok\/2024-november-4\/\">2024. november 4.<\/a><\/li>\n<li><a href=\"https:\/\/semmelweis.hu\/jogigfoig\/testuletek\/szenatus\/2024-evi-szenatusi-hatarozatok\/2024-november-25\/\">2024. november 25.<\/a><\/li>\n<li><a href=\"https:\/\/semmelweis.hu\/jogigfoig\/testuletek\/szenatus\/2024-evi-szenatusi-hatarozatok\/2024-december-16\/\">2024. december 16.<\/a><\/li>\n<li><a href=\"https:\/\/semmelweis.hu\/jogigfoig\/testuletek\/szenatus\/2024-evi-szenatusi-hatarozatok\/2024-december-18\/\">2024. december 18.\u00a0<\/a><\/li>\n<\/ul>\n","protected":false},"excerpt":{"rendered":"<p><a href=\"https:\/\/semmelweis.hu\/jogigfoig\/testuletek\/szenatus\/2024-evi-szenatusi-hatarozatok\/2024-januar-25\/\">2024. janu\u00e1r 25.<\/a><br \/>\n<a href=\"https:\/\/semmelweis.hu\/jogigfoig\/testuletek\/szenatus\/2024-evi-szenatusi-hatarozatok\/2024-februar-29\/\">2024. febru\u00e1r 29.<\/a><br \/>\n<a href=\"https:\/\/semmelweis.hu\/jogigfoig\/testuletek\/szenatus\/2024-evi-szenatusi-hatarozatok\/2024-marcius-28\/\">2024. m\u00e1rcius 28.<\/a><br \/>\n<a href=\"https:\/\/semmelweis.hu\/jogigfoig\/testuletek\/szenatus\/2024-evi-szenatusi-hatarozatok\/2024-aprilis-25\/\">2024. \u00e1prilis 25.<\/a><br \/>\n<a href=\"https:\/\/semmelweis.hu\/jogigfoig\/testuletek\/szenatus\/2024-evi-szenatusi-hatarozatok\/2024-majus-30\/\">2024. m\u00e1jus 30.<\/a><br \/>\n<a href=\"https:\/\/semmelweis.hu\/jogigfoig\/testuletek\/szenatus\/2024-evi-szenatusi-hatarozatok\/2024-junius-27\/\">2024. j\u00fanius 27.<\/a><br \/>\n<a href=\"https:\/\/semmelweis.hu\/jogigfoig\/testuletek\/szenatus\/2024-evi-szenatusi-hatarozatok\/2024-augusztus-28\/\">2024. augusztus 28.<\/a><br \/>\n<a href=\"https:\/\/semmelweis.hu\/jogigfoig\/testuletek\/szenatus\/2024-evi-szenatusi-hatarozatok\/2024-szeptember-12\/\">2024. szeptember 12.<\/a><br \/>\n<a href=\"https:\/\/semmelweis.hu\/jogigfoig\/testuletek\/szenatus\/2024-evi-szenatusi-hatarozatok\/2024-szeptember-27\/\">2024. szeptember 27.<\/a><br \/>\n<a href=\"https:\/\/semmelweis.hu\/jogigfoig\/testuletek\/szenatus\/2024-evi-szenatusi-hatarozatok\/2024-oktober-3\/\">2024. okt\u00f3ber 3.<\/a><br \/>\n<a href=\"https:\/\/semmelweis.hu\/jogigfoig\/testuletek\/szenatus\/2024-evi-szenatusi-hatarozatok\/2024-november-4\/\">2024. november 4.<\/a><br \/>\n<a href=\"https:\/\/semmelweis.hu\/jogigfoig\/testuletek\/szenatus\/2024-evi-szenatusi-hatarozatok\/2024-november-25\/\">2024. november 25.<\/a><br \/>\n<a href=\"https:\/\/semmelweis.hu\/jogigfoig\/testuletek\/szenatus\/2024-evi-szenatusi-hatarozatok\/2024-december-16\/\">2024. december 16.<\/a><br \/>\n<a href=\"https:\/\/semmelweis.hu\/jogigfoig\/testuletek\/szenatus\/2024-evi-szenatusi-hatarozatok\/2024-december-18\/\">2024. december 18.\u00a0<\/a><\/p>\n","protected":false},"author":101467,"featured_media":0,"parent":43,"menu_order":86,"comment_status":"closed","ping_status":"closed","template":"","meta":{"_acf_changed":false,"footnotes":""},"categories":[],"tags":[],"class_list":["post-89297","page","type-page","status-publish","hentry"],"acf":[],"_links":{"self":[{"href":"https:\/\/semmelweis.hu\/jogigfoig\/wp-json\/wp\/v2\/pages\/89297","targetHints":{"allow":["GET"]}}],"collection":[{"href":"https:\/\/semmelweis.hu\/jogigfoig\/wp-json\/wp\/v2\/pages"}],"about":[{"href":"https:\/\/semmelweis.hu\/jogigfoig\/wp-json\/wp\/v2\/types\/page"}],"author":[{"embeddable":true,"href":"https:\/\/semmelweis.hu\/jogigfoig\/wp-json\/wp\/v2\/users\/101467"}],"replies":[{"embeddable":true,"href":"https:\/\/semmelweis.hu\/jogigfoig\/wp-json\/wp\/v2\/comments?post=89297"}],"version-history":[{"count":10,"href":"https:\/\/semmelweis.hu\/jogigfoig\/wp-json\/wp\/v2\/pages\/89297\/revisions"}],"predecessor-version":[{"id":95455,"href":"https:\/\/semmelweis.hu\/jogigfoig\/wp-json\/wp\/v2\/pages\/89297\/revisions\/95455"}],"up":[{"embeddable":true,"href":"https:\/\/semmelweis.hu\/jogigfoig\/wp-json\/wp\/v2\/pages\/43"}],"wp:attachment":[{"href":"https:\/\/semmelweis.hu\/jogigfoig\/wp-json\/wp\/v2\/media?parent=89297"}],"wp:term":[{"taxonomy":"category","embeddable":true,"href":"https:\/\/semmelweis.hu\/jogigfoig\/wp-json\/wp\/v2\/categories?post=89297"},{"taxonomy":"post_tag","embeddable":true,"href":"https:\/\/semmelweis.hu\/jogigfoig\/wp-json\/wp\/v2\/tags?post=89297"}],"curies":[{"name":"wp","href":"https:\/\/api.w.org\/{rel}","templated":true}]}}