{"id":8915,"date":"2017-09-08T10:12:25","date_gmt":"2017-09-08T08:12:25","guid":{"rendered":"http:\/\/semmelweis.hu\/jogigfoig\/?page_id=8915"},"modified":"2020-02-11T11:04:36","modified_gmt":"2020-02-11T10:04:36","slug":"2017-szeptember-5-elektronikus-szavazas","status":"publish","type":"page","link":"https:\/\/semmelweis.hu\/jogigfoig\/testuletek\/szenatus\/2017-evi-szenatusi-hatarozatok\/2017-szeptember-5-elektronikus-szavazas\/","title":{"rendered":"2017. szeptember 5. (elektronikus szavaz\u00e1s)"},"content":{"rendered":"<ul>\n<li style=\"text-align: justify\"><a href=\"https:\/\/semmelweis.hu\/jogigfoig\/files\/2017\/09\/94_sz_IX_05_2017_hat_rektori_palyazati_felhivas_szovegtervezetrol.pdf\">A Semmelweis Egyetem Szen\u00e1tus\u00e1nak 94\/2017. (IX.05.) sz\u00e1m\u00fa hat\u00e1rozata a rektori p\u00e1ly\u00e1zati felh\u00edv\u00e1s sz\u00f6vegtervezet\u00e9nek j\u00f3v\u00e1hagy\u00e1s\u00e1r\u00f3l<\/a><\/li>\n<li><a href=\"https:\/\/semmelweis.hu\/jogigfoig\/files\/2017\/09\/hat_rektori_palyazati_felh_szovegterv.pdf\">K\u00f6zz\u00e9t\u00e9tel &#8222;a rektori p\u00e1ly\u00e1zati felh\u00edv\u00e1s sz\u00f6vegtervezet\u00e9nek j\u00f3v\u00e1hagy\u00e1s\u00e1r\u00f3l&#8221;<\/a><\/li>\n<\/ul>\n","protected":false},"excerpt":{"rendered":"<p><a href=\"https:\/\/semmelweis.hu\/jogigfoig\/files\/2017\/09\/94_sz_IX_05_2017_hat_rektori_palyazati_felhivas_szovegtervezetrol.pdf\">A Semmelweis Egyetem Szen\u00e1tus\u00e1nak 94\/2017. (IX.05.) sz\u00e1m\u00fa hat\u00e1rozata a rektori p\u00e1ly\u00e1zati felh\u00edv\u00e1s sz\u00f6vegtervezet\u00e9nek j\u00f3v\u00e1hagy\u00e1s\u00e1r\u00f3l<\/a><br \/>\n<a href=\"https:\/\/semmelweis.hu\/jogigfoig\/files\/2017\/09\/hat_rektori_palyazati_felh_szovegterv.pdf\">K\u00f6zz\u00e9t\u00e9tel &#8222;a rektori p\u00e1ly\u00e1zati felh\u00edv\u00e1s sz\u00f6vegtervezet\u00e9nek j\u00f3v\u00e1hagy\u00e1s\u00e1r\u00f3l&#8221;<\/a><\/p>\n","protected":false},"author":101117,"featured_media":0,"parent":7832,"menu_order":10,"comment_status":"closed","ping_status":"closed","template":"","meta":{"_acf_changed":false,"footnotes":""},"categories":[],"tags":[],"class_list":["post-8915","page","type-page","status-publish","hentry"],"acf":[],"_links":{"self":[{"href":"https:\/\/semmelweis.hu\/jogigfoig\/wp-json\/wp\/v2\/pages\/8915","targetHints":{"allow":["GET"]}}],"collection":[{"href":"https:\/\/semmelweis.hu\/jogigfoig\/wp-json\/wp\/v2\/pages"}],"about":[{"href":"https:\/\/semmelweis.hu\/jogigfoig\/wp-json\/wp\/v2\/types\/page"}],"author":[{"embeddable":true,"href":"https:\/\/semmelweis.hu\/jogigfoig\/wp-json\/wp\/v2\/users\/101117"}],"replies":[{"embeddable":true,"href":"https:\/\/semmelweis.hu\/jogigfoig\/wp-json\/wp\/v2\/comments?post=8915"}],"version-history":[{"count":1,"href":"https:\/\/semmelweis.hu\/jogigfoig\/wp-json\/wp\/v2\/pages\/8915\/revisions"}],"predecessor-version":[{"id":8918,"href":"https:\/\/semmelweis.hu\/jogigfoig\/wp-json\/wp\/v2\/pages\/8915\/revisions\/8918"}],"up":[{"embeddable":true,"href":"https:\/\/semmelweis.hu\/jogigfoig\/wp-json\/wp\/v2\/pages\/7832"}],"wp:attachment":[{"href":"https:\/\/semmelweis.hu\/jogigfoig\/wp-json\/wp\/v2\/media?parent=8915"}],"wp:term":[{"taxonomy":"category","embeddable":true,"href":"https:\/\/semmelweis.hu\/jogigfoig\/wp-json\/wp\/v2\/categories?post=8915"},{"taxonomy":"post_tag","embeddable":true,"href":"https:\/\/semmelweis.hu\/jogigfoig\/wp-json\/wp\/v2\/tags?post=8915"}],"curies":[{"name":"wp","href":"https:\/\/api.w.org\/{rel}","templated":true}]}}