{"id":88709,"date":"2023-12-20T15:47:12","date_gmt":"2023-12-20T14:47:12","guid":{"rendered":"https:\/\/semmelweis.hu\/jogigfoig\/?page_id=88709"},"modified":"2024-01-08T10:36:15","modified_gmt":"2024-01-08T09:36:15","slug":"2023-12-12","status":"publish","type":"page","link":"https:\/\/semmelweis.hu\/jogigfoig\/testuletek\/szenatus\/2023-evi-szenatusi-hatarozatok\/2023-12-12\/","title":{"rendered":"2023. december 12."},"content":{"rendered":"<p style=\"text-align: justify\"><a href=\"https:\/\/semmelweis.hu\/jogigfoig\/files\/2023\/12\/113_2023_Szabalyzatok-Konyve-VI.pdf\">A Semmelweis Egyetem Szen\u00e1tus\u00e1nak 113\/2023. (XII.13.) sz\u00e1m\u00fa hat\u00e1rozata a Szab\u00e1lyzatok k\u00f6nyve VI. \u00fctemr\u0151l<\/a><\/p>\n<p style=\"text-align: justify\"><a href=\"https:\/\/semmelweis.hu\/jogigfoig\/files\/2023\/12\/113_2023_1-sz-melleklet_Beszerzesi-Szabalyzat.pdf\">A Semmelweis Egyetem Szen\u00e1tus\u00e1nak 113\/2023. (XII.13.) sz\u00e1m\u00fa hat\u00e1rozata a Szab\u00e1lyzatok k\u00f6nyve VI. \u00fctemr\u0151l &#8211; 1. sz\u00e1m\u00fa mell\u00e9klete<\/a><\/p>\n<p style=\"text-align: justify\"><a href=\"https:\/\/semmelweis.hu\/jogigfoig\/files\/2023\/12\/113_2023_2-sz-melleklet_Palyazati-Szabalyzat.pdf\">A Semmelweis Egyetem Szen\u00e1tus\u00e1nak 113\/2023. (XII.13.) sz\u00e1m\u00fa hat\u00e1rozata a Szab\u00e1lyzatok k\u00f6nyve VI. \u00fctemr\u0151l &#8211; 2. sz\u00e1m\u00fa mell\u00e9klete<\/a><\/p>\n<p style=\"text-align: justify\"><a href=\"https:\/\/semmelweis.hu\/jogigfoig\/files\/2023\/12\/113_2023_3_1-sz-melleklet_Iratkezelesi-es-elektronikus-ugyintezesi-Szabalyzat-I-Konyv.pdf\">A Semmelweis Egyetem Szen\u00e1tus\u00e1nak 113\/2023. (XII.13.) sz\u00e1m\u00fa hat\u00e1rozata a Szab\u00e1lyzatok k\u00f6nyve VI. \u00fctemr\u0151l &#8211; 3.1. sz\u00e1m\u00fa mell\u00e9klete<\/a><\/p>\n<p style=\"text-align: justify\"><a href=\"https:\/\/semmelweis.hu\/jogigfoig\/files\/2023\/12\/113_2023_3_2-sz-melleklet_Iratkezelesi-es-elektronikus-ugyintezesi-Szabalyzat-I-Konyv_Irattari_terv.pdf\">A Semmelweis Egyetem Szen\u00e1tus\u00e1nak 113\/2023. (XII.13.) sz\u00e1m\u00fa hat\u00e1rozata a Szab\u00e1lyzatok k\u00f6nyve VI. \u00fctemr\u0151l &#8211; 3.2. sz\u00e1m\u00fa mell\u00e9klete<\/a><\/p>\n<p style=\"text-align: justify\"><a href=\"https:\/\/semmelweis.hu\/jogigfoig\/files\/2023\/12\/113_2023_4-sz-melleklet_Szabalyzatok-konyve-VI-utem.pdf\">A Semmelweis Egyetem Szen\u00e1tus\u00e1nak 113\/2023. (XII.13.) sz\u00e1m\u00fa hat\u00e1rozata a Szab\u00e1lyzatok k\u00f6nyve VI. \u00fctemr\u0151l &#8211; 4. sz\u00e1m\u00fa mell\u00e9klete<\/a><\/p>\n<p style=\"text-align: justify\"><a href=\"https:\/\/semmelweis.hu\/jogigfoig\/files\/2023\/12\/113_2023_5-sz-melleklet_Szabalyzatok-konyve-VI-utem.pdf\">A Semmelweis Egyetem Szen\u00e1tus\u00e1nak 113\/2023. (XII.13.) sz\u00e1m\u00fa hat\u00e1rozata a Szab\u00e1lyzatok k\u00f6nyve VI. \u00fctemr\u0151l &#8211; 5. sz\u00e1m\u00fa mell\u00e9klete<\/a><\/p>\n<p style=\"text-align: justify\"><a href=\"https:\/\/semmelweis.hu\/jogigfoig\/files\/2023\/12\/113_2023_6-sz-melleklet_Szabalyzatok-konyve-VI.-utem.pdf\">A Semmelweis Egyetem Szen\u00e1tus\u00e1nak 113\/2023. (XII.13.) sz\u00e1m\u00fa hat\u00e1rozata a Szab\u00e1lyzatok k\u00f6nyve VI. \u00fctemr\u0151l &#8211; 6. sz\u00e1m\u00fa mell\u00e9klete<\/a><\/p>\n<p style=\"text-align: justify\"><a href=\"https:\/\/semmelweis.hu\/jogigfoig\/files\/2023\/12\/113_2023_7-sz-melleklet_Szabalyzatok-konyve-VI.-utem.pdf\">A Semmelweis Egyetem Szen\u00e1tus\u00e1nak 113\/2023. (XII.13.) sz\u00e1m\u00fa hat\u00e1rozata a Szab\u00e1lyzatok k\u00f6nyve VI. \u00fctemr\u0151l &#8211; 7. sz\u00e1m\u00fa mell\u00e9klete<\/a><\/p>\n<p style=\"text-align: justify\"><a href=\"https:\/\/semmelweis.hu\/jogigfoig\/files\/2023\/12\/114_2023_egyes-szabalyzatok-modositasa.pdf\">A Semmelweis Egyetem szen\u00e1tus\u00e1nak 114\/2023. (XII.13.) sz\u00e1m\u00fa hat\u00e1rozata az egyes szab\u00e1lyzatok m\u00f3dos\u00edt\u00e1s\u00e1r\u00f3l<\/a><\/p>\n<p style=\"text-align: justify\"><a href=\"https:\/\/semmelweis.hu\/jogigfoig\/files\/2023\/12\/114_2023_1_melleklet_SZMSZ-III-5_Hallgatoi-Fegyelmi-es-Karteritesi-Szabalyzat.pdf\">A Semmelweis Egyetem szen\u00e1tus\u00e1nak 114\/2023. (XII.13.) sz\u00e1m\u00fa hat\u00e1rozata az egyes szab\u00e1lyzatok m\u00f3dos\u00edt\u00e1s\u00e1r\u00f3l &#8211; 1. sz\u00e1m\u00fa mell\u00e9klete<\/a><\/p>\n<p style=\"text-align: justify\"><a href=\"https:\/\/semmelweis.hu\/jogigfoig\/files\/2023\/12\/114_2023_2_melleklet_Koveteleskezelesi-Szabalyzat.pdf\">A Semmelweis Egyetem szen\u00e1tus\u00e1nak 114\/2023. (XII.13.) sz\u00e1m\u00fa hat\u00e1rozata az egyes szab\u00e1lyzatok m\u00f3dos\u00edt\u00e1s\u00e1r\u00f3l &#8211; 2. sz\u00e1m\u00fa mell\u00e9klete<\/a><\/p>\n<p style=\"text-align: justify\">\u00a0<\/p>\n","protected":false},"excerpt":{"rendered":"<p><a href=\"https:\/\/semmelweis.hu\/jogigfoig\/files\/2023\/12\/113_2023_Szabalyzatok-Konyve-VI.pdf\">A Semmelweis Egyetem Szen\u00e1tus\u00e1nak 113\/2023. (XII.13.) sz\u00e1m\u00fa hat\u00e1rozata a Szab\u00e1lyzatok k\u00f6nyve VI. \u00fctemr\u0151l<\/a><br \/>\n<a href=\"https:\/\/semmelweis.hu\/jogigfoig\/files\/2023\/12\/113_2023_1-sz-melleklet_Beszerzesi-Szabalyzat.pdf\">A Semmelweis Egyetem Szen\u00e1tus\u00e1nak 113\/2023. (XII.13.) sz\u00e1m\u00fa hat\u00e1rozata a Szab\u00e1lyzatok k\u00f6nyve VI. \u00fctemr\u0151l &#8211; 1. sz\u00e1m\u00fa mell\u00e9klete<\/a><br \/>\n<a href=\"https:\/\/semmelweis.hu\/jogigfoig\/files\/2023\/12\/113_2023_2-sz-melleklet_Palyazati-Szabalyzat.pdf\">A Semmelweis Egyetem Szen\u00e1tus\u00e1nak 113\/2023. (XII.13.) sz\u00e1m\u00fa hat\u00e1rozata a Szab\u00e1lyzatok k\u00f6nyve VI. \u00fctemr\u0151l &#8211; 2. sz\u00e1m\u00fa mell\u00e9klete<\/a><br \/>\n<a href=\"https:\/\/semmelweis.hu\/jogigfoig\/files\/2023\/12\/113_2023_3_1-sz-melleklet_Iratkezelesi-es-elektronikus-ugyintezesi-Szabalyzat-I-Konyv.pdf\">A Semmelweis Egyetem Szen\u00e1tus\u00e1nak 113\/2023. (XII.13.) sz\u00e1m\u00fa hat\u00e1rozata a Szab\u00e1lyzatok k\u00f6nyve VI. \u00fctemr\u0151l &#8211; 3.1. sz\u00e1m\u00fa mell\u00e9klete<\/a><br \/>\n<a href=\"https:\/\/semmelweis.hu\/jogigfoig\/files\/2023\/12\/113_2023_3_2-sz-melleklet_Iratkezelesi-es-elektronikus-ugyintezesi-Szabalyzat-I-Konyv_Irattari_terv.pdf\">A Semmelweis Egyetem Szen\u00e1tus\u00e1nak 113\/2023. (XII.13.) sz\u00e1m\u00fa hat\u00e1rozata a Szab\u00e1lyzatok k\u00f6nyve VI. \u00fctemr\u0151l &#8211; 3.2. sz\u00e1m\u00fa mell\u00e9klete<\/a><br \/>\n<a href=\"https:\/\/semmelweis.hu\/jogigfoig\/files\/2023\/12\/113_2023_4-sz-melleklet_Szabalyzatok-konyve-VI-utem.pdf\">A Semmelweis Egyetem Szen\u00e1tus\u00e1nak 113\/2023. (XII.13.) sz\u00e1m\u00fa hat\u00e1rozata a Szab\u00e1lyzatok k\u00f6nyve VI. \u00fctemr\u0151l &#8211; 4. sz\u00e1m\u00fa mell\u00e9klete<\/a><br \/>\n<a href=\"https:\/\/semmelweis.hu\/jogigfoig\/files\/2023\/12\/113_2023_5-sz-melleklet_Szabalyzatok-konyve-VI-utem.pdf\">A Semmelweis Egyetem Szen\u00e1tus\u00e1nak 113\/2023. (XII.13.) sz\u00e1m\u00fa hat\u00e1rozata a Szab\u00e1lyzatok k\u00f6nyve VI. \u00fctemr\u0151l &#8211; 5. sz\u00e1m\u00fa mell\u00e9klete<\/a><br \/>\n<a href=\"https:\/\/semmelweis.hu\/jogigfoig\/files\/2023\/12\/113_2023_6-sz-melleklet_Szabalyzatok-konyve-VI.-utem.pdf\">A Semmelweis Egyetem Szen\u00e1tus\u00e1nak 113\/2023. (XII.13.) sz\u00e1m\u00fa hat\u00e1rozata a Szab\u00e1lyzatok k\u00f6nyve VI. \u00fctemr\u0151l &#8211; 6. sz\u00e1m\u00fa mell\u00e9klete<\/a><br \/>\n<a href=\"https:\/\/semmelweis.hu\/jogigfoig\/files\/2023\/12\/113_2023_7-sz-melleklet_Szabalyzatok-konyve-VI.-utem.pdf\">A Semmelweis Egyetem Szen\u00e1tus\u00e1nak 113\/2023. (XII.13.) sz\u00e1m\u00fa hat\u00e1rozata a Szab\u00e1lyzatok k\u00f6nyve VI. \u00fctemr\u0151l &#8211; 7. sz\u00e1m\u00fa mell\u00e9klete<\/a><br \/>\n<a href=\"https:\/\/semmelweis.hu\/jogigfoig\/files\/2023\/12\/114_2023_egyes-szabalyzatok-modositasa.pdf\">A Semmelweis Egyetem szen\u00e1tus\u00e1nak 114\/2023. (XII.13.) sz\u00e1m\u00fa hat\u00e1rozata az egyes szab\u00e1lyzatok m\u00f3dos\u00edt\u00e1s\u00e1r\u00f3l<\/a><br \/>\n<a href=\"https:\/\/semmelweis.hu\/jogigfoig\/files\/2023\/12\/114_2023_1_melleklet_SZMSZ-III-5_Hallgatoi-Fegyelmi-es-Karteritesi-Szabalyzat.pdf\">A Semmelweis Egyetem szen\u00e1tus\u00e1nak 114\/2023. (XII.13.) sz\u00e1m\u00fa hat\u00e1rozata az egyes szab\u00e1lyzatok m\u00f3dos\u00edt\u00e1s\u00e1r\u00f3l &#8211; 1. sz\u00e1m\u00fa mell\u00e9klete<\/a><br \/>\n<a href=\"https:\/\/semmelweis.hu\/jogigfoig\/files\/2023\/12\/114_2023_2_melleklet_Koveteleskezelesi-Szabalyzat.pdf\">A Semmelweis Egyetem szen\u00e1tus\u00e1nak 114\/2023. (XII.13.) sz\u00e1m\u00fa hat\u00e1rozata az egyes szab\u00e1lyzatok m\u00f3dos\u00edt\u00e1s\u00e1r\u00f3l &#8211; 2. sz\u00e1m\u00fa mell\u00e9klete<\/a><br \/>\n\u00a0<\/p>\n","protected":false},"author":101095,"featured_media":0,"parent":86448,"menu_order":12,"comment_status":"closed","ping_status":"closed","template":"","meta":{"_acf_changed":false,"footnotes":""},"categories":[],"tags":[],"class_list":["post-88709","page","type-page","status-publish","hentry"],"acf":[],"_links":{"self":[{"href":"https:\/\/semmelweis.hu\/jogigfoig\/wp-json\/wp\/v2\/pages\/88709","targetHints":{"allow":["GET"]}}],"collection":[{"href":"https:\/\/semmelweis.hu\/jogigfoig\/wp-json\/wp\/v2\/pages"}],"about":[{"href":"https:\/\/semmelweis.hu\/jogigfoig\/wp-json\/wp\/v2\/types\/page"}],"author":[{"embeddable":true,"href":"https:\/\/semmelweis.hu\/jogigfoig\/wp-json\/wp\/v2\/users\/101095"}],"replies":[{"embeddable":true,"href":"https:\/\/semmelweis.hu\/jogigfoig\/wp-json\/wp\/v2\/comments?post=88709"}],"version-history":[{"count":7,"href":"https:\/\/semmelweis.hu\/jogigfoig\/wp-json\/wp\/v2\/pages\/88709\/revisions"}],"predecessor-version":[{"id":88868,"href":"https:\/\/semmelweis.hu\/jogigfoig\/wp-json\/wp\/v2\/pages\/88709\/revisions\/88868"}],"up":[{"embeddable":true,"href":"https:\/\/semmelweis.hu\/jogigfoig\/wp-json\/wp\/v2\/pages\/86448"}],"wp:attachment":[{"href":"https:\/\/semmelweis.hu\/jogigfoig\/wp-json\/wp\/v2\/media?parent=88709"}],"wp:term":[{"taxonomy":"category","embeddable":true,"href":"https:\/\/semmelweis.hu\/jogigfoig\/wp-json\/wp\/v2\/categories?post=88709"},{"taxonomy":"post_tag","embeddable":true,"href":"https:\/\/semmelweis.hu\/jogigfoig\/wp-json\/wp\/v2\/tags?post=88709"}],"curies":[{"name":"wp","href":"https:\/\/api.w.org\/{rel}","templated":true}]}}