{"id":88540,"date":"2023-11-09T13:14:40","date_gmt":"2023-11-09T12:14:40","guid":{"rendered":"https:\/\/semmelweis.hu\/jogigfoig\/?page_id=88540"},"modified":"2025-06-12T14:20:57","modified_gmt":"2025-06-12T12:20:57","slug":"tajekoztatas-az-egeszsegugyi-dolgozok-jogairol-kotelezettsegeirol","status":"publish","type":"page","link":"https:\/\/semmelweis.hu\/jogigfoig\/adatvedelem-betegjog\/tajekoztatas-az-egeszsegugyi-dolgozok-jogairol-kotelezettsegeirol\/","title":{"rendered":"T\u00e1j\u00e9koztat\u00e1s az eg\u00e9szs\u00e9g\u00fcgyi dolgoz\u00f3k jogair\u00f3l k\u00f6telezetts\u00e9geir\u0151l"},"content":{"rendered":"<p style=\"text-align: justify\"><strong>Az eg\u00e9szs\u00e9g\u00fcgyi dolgoz\u00f3k ell\u00e1t\u00e1si k\u00f6telezetts\u00e9ge<\/strong><\/p>\n<p style=\"text-align: justify\">S\u00fcrg\u0151s sz\u00fcks\u00e9g eset\u00e9n az eg\u00e9szs\u00e9g\u00fcgyi dolgoz\u00f3 \u2013 id\u0151pontt\u00f3l \u00e9s helyt\u0151l f\u00fcggetlen\u00fcl \u2013 az adott k\u00f6r\u00fclm\u00e9nyek k\u00f6z\u00f6tt a t\u0151le elv\u00e1rhat\u00f3 m\u00f3don \u00e9s a rendelkez\u00e9s\u00e9re \u00e1ll\u00f3 eszk\u00f6z\u00f6kt\u0151l f\u00fcgg\u0151en az arra r\u00e1szorul\u00f3 szem\u00e9lynek k\u00f6teles els\u0151seg\u00e9lyt ny\u00fajtani, illet\u0151leg a sz\u00fcks\u00e9ges int\u00e9zked\u00e9st halad\u00e9ktalanul megtenni. K\u00e9ts\u00e9g eset\u00e9n a s\u00fcrg\u0151s sz\u00fcks\u00e9g fenn\u00e1ll\u00e1s\u00e1t v\u00e9lelmezni kell.<\/p>\n<p style=\"text-align: justify\"><strong>Vizsg\u00e1lati \u00e9s ter\u00e1pi\u00e1s m\u00f3dszerek megv\u00e1laszt\u00e1sa<\/strong><\/p>\n<p style=\"text-align: justify\">A kezel\u0151orvos joga, hogy a tudom\u00e1nyosan elfogadott vizsg\u00e1lati \u00e9s ter\u00e1pi\u00e1s m\u00f3dszerek k\u00f6z\u00fcl \u2013 a hat\u00e1lyos jogszab\u00e1lyok keretei k\u00f6z\u00f6tt \u2013 szabadon v\u00e1lassza meg az adott esetben alkalmazand\u00f3, \u00e1ltala, illetve az ell\u00e1t\u00e1sban k\u00f6zrem\u0171k\u00f6d\u0151 szem\u00e9lyek \u00e1ltal ismert \u00e9s gyakorolt, a rendelkez\u00e9sre \u00e1ll\u00f3 t\u00e1rgyi \u00e9s szem\u00e9lyi felt\u00e9telek mellett v\u00e9gezhet\u0151 elj\u00e1r\u00e1st. A kezel\u0151orvos \u2013 feladatk\u00f6r\u00e9ben \u2013 jogosult a beteg ell\u00e1t\u00e1s\u00e1ban k\u00f6zrem\u0171k\u00f6d\u0151 eg\u00e9szs\u00e9g\u00fcgyi dolgoz\u00f3k r\u00e9sz\u00e9re utas\u00edt\u00e1st adni.<\/p>\n<p style=\"text-align: justify\"><strong>Az ell\u00e1t\u00e1s megtagad\u00e1s\u00e1nak joga<\/strong><\/p>\n<p style=\"text-align: justify\">A hozz\u00e1 fordul\u00f3 beteg vizsg\u00e1lat\u00e1t a betegell\u00e1t\u00e1sban k\u00f6zvetlen\u00fcl k\u00f6zrem\u0171k\u00f6d\u0151 orvos megtagadhatja, \u200b<\/p>\n<p style=\"padding-left: 40px;text-align: justify\">a) ha ebben m\u00e1s beteg ell\u00e1t\u00e1s\u00e1nak azonnali sz\u00fcks\u00e9gess\u00e9ge miatt akad\u00e1lyoztatva van, vagy<\/p>\n<p style=\"padding-left: 40px;text-align: justify\">b) a beteghez f\u0171z\u0151d\u0151 szem\u00e9lyes kapcsolata miatt<\/p>\n<p style=\"text-align: justify\">felt\u00e9ve, hogy a beteget m\u00e1s orvoshoz ir\u00e1ny\u00edtja.<\/p>\n<p style=\"text-align: justify\">\u00a0Az orvos a beteg ell\u00e1t\u00e1s\u00e1t csak a vizsg\u00e1lat\u00e1t k\u00f6vet\u0151en tagadhatja meg, amennyiben a vizsg\u00e1lat alapj\u00e1n meg\u00e1llap\u00edt\u00e1st nyer, hogy<\/p>\n<p style=\"padding-left: 40px;text-align: justify\">a) a beteg eg\u00e9szs\u00e9gi \u00e1llapota orvosi ell\u00e1t\u00e1st nem ig\u00e9nyel,<\/p>\n<p style=\"padding-left: 40px;text-align: justify\">b) a beutal\u00f3 orvos \u00e1ltal javasolt vagy a beteg \u00e1ltal k\u00e9rt kezel\u00e9s szakmailag nem indokolt,<\/p>\n<p style=\"padding-left: 40px;text-align: justify\">c) a sz\u00fcks\u00e9ges ell\u00e1t\u00e1s ny\u00fajt\u00e1s\u00e1hoz az eg\u00e9szs\u00e9g\u00fcgyi szolg\u00e1ltat\u00f3n\u00e1l nincsenek meg a szem\u00e9lyi, illetve t\u00e1rgyi felt\u00e9telek \u00e9s a beteget beutalja az ell\u00e1t\u00e1sra szakmailag illet\u00e9kes eg\u00e9szs\u00e9g\u00fcgyi szolg\u00e1ltat\u00f3hoz, vagy<\/p>\n<p style=\"padding-left: 40px;text-align: justify\">d) a beteg \u00e1llapota nem ig\u00e9nyel azonnali beavatkoz\u00e1st \u00e9s a vizsg\u00e1latot v\u00e9gz\u0151 orvos a beteget k\u00e9s\u0151bbi id\u0151pontra visszarendeli.<\/p>\n<p style=\"text-align: justify\">Az orvos a beteg ell\u00e1t\u00e1s\u00e1t akkor is megtagadhatja, ha<\/p>\n<ul style=\"text-align: justify\">\n<li>vele szemben a beteg s\u00e9rt\u0151 vagy fenyeget\u0151 magatart\u00e1st tan\u00fas\u00edt, kiv\u00e9ve, ha e magatart\u00e1s\u00e1t betegs\u00e9ge okozza, vagy<\/li>\n<li>saj\u00e1t \u00e9let\u00e9t vagy testi \u00e9ps\u00e9g\u00e9t a beteg magatart\u00e1sa vesz\u00e9lyezteti.<\/li>\n<\/ul>\n<p style=\"text-align: justify\">A fenti okok alapj\u00e1n az orvos a beteg ell\u00e1t\u00e1s\u00e1t csak akkor tagadhatja meg, ha<\/p>\n<p style=\"padding-left: 40px;text-align: justify\">a) ez a beteg eg\u00e9szs\u00e9gi \u00e1llapot\u00e1t k\u00e1rosan nem befoly\u00e1solja, \u00e9s<\/p>\n<p style=\"padding-left: 40px;text-align: justify\">b) a beteget m\u00e1s orvoshoz ir\u00e1ny\u00edtja, vagy javasolja, hogy saj\u00e1t \u00e9rdek\u00e9ben forduljon m\u00e1s orvoshoz.<\/p>\n<p style=\"text-align: justify\"><strong>T\u00e1j\u00e9koztat\u00e1si k\u00f6telezetts\u00e9g<\/strong><\/p>\n<p style=\"text-align: justify\">A kezel\u0151orvos a beteg \u00e1llapota \u00e1ltal indokolt rendszeress\u00e9ggel, a t\u0151le elv\u00e1rhat\u00f3 ismereteknek megfelel\u0151en \u00e9s legjobb tud\u00e1sa szerint t\u00e1j\u00e9koztatja a beteget annak eg\u00e9szs\u00e9gi \u00e1llapot\u00e1r\u00f3l. \u200b A kezel\u0151orvos a beteg t\u00e1j\u00e9koztat\u00e1s\u00e1t k\u00f6r\u00fcltekint\u0151en, sz\u00fcks\u00e9g szerint fokozatosan, a beteg \u00e1llapot\u00e1ra \u00e9s k\u00f6r\u00fclm\u00e9nyeire tekintettel v\u00e9gzi.<\/p>\n<p style=\"text-align: justify\">A sz\u00f3beli t\u00e1j\u00e9koztat\u00e1s nem helyettes\u00edthet\u0151 az el\u0151re elk\u00e9sz\u00edtett \u00e1ltal\u00e1nos ismertet\u0151 seg\u00e9danyagok \u00e1tad\u00e1s\u00e1val.<\/p>\n<p style=\"text-align: justify\"><strong>Dokument\u00e1ci\u00f3s k\u00f6telezetts\u00e9g<\/strong><\/p>\n<p style=\"text-align: justify\">A beteg vizsg\u00e1lat\u00e1val \u00e9s gy\u00f3gykezel\u00e9s\u00e9vel kapcsolatos adatokat az eg\u00e9szs\u00e9g\u00fcgyi dokument\u00e1ci\u00f3 tartalmazza. Az eg\u00e9szs\u00e9g\u00fcgyi dokument\u00e1ci\u00f3t \u00fagy kell vezetni, hogy az a val\u00f3s\u00e1gnak megfelel\u0151en t\u00fckr\u00f6zze az ell\u00e1t\u00e1s folyamat\u00e1t. \u200bAz eg\u00e9szs\u00e9g\u00fcgyi dokument\u00e1ci\u00f3ban szerepl\u0151 hib\u00e1s eg\u00e9szs\u00e9g\u00fcgyi adatot \u2013 az adatfelv\u00e9telt k\u00f6vet\u0151en \u2013 \u00fagy kell kijav\u00edtani vagy t\u00f6r\u00f6lni, hogy az eredetileg felvett adat meg\u00e1llap\u00edthat\u00f3 legyen.<\/p>\n<p style=\"text-align: justify\">Az eg\u00e9szs\u00e9g\u00fcgyi dokument\u00e1ci\u00f3t \u2013 a k\u00e9palkot\u00f3 diagnosztikai elj\u00e1r\u00e1ssal k\u00e9sz\u00fclt felv\u00e9telek, az arr\u00f3l k\u00e9sz\u00edtett leletek kiv\u00e9tel\u00e9vel \u2013 az adatfelv\u00e9telt\u0151l sz\u00e1m\u00edtott legal\u00e1bb 30 \u00e9vig, a z\u00e1r\u00f3jelent\u00e9st legal\u00e1bb 50 \u00e9vig kell meg\u0151rizni. K\u00e9palkot\u00f3 diagnosztikai elj\u00e1r\u00e1ssal k\u00e9sz\u00fclt felv\u00e9telt az annak k\u00e9sz\u00edt\u00e9s\u00e9t\u0151l sz\u00e1m\u00edtott 10 \u00e9vig, a felv\u00e9telr\u0151l k\u00e9sz\u00edtett leletet a felv\u00e9tel k\u00e9sz\u00edt\u00e9s\u00e9t\u0151l sz\u00e1m\u00edtott 30 \u00e9vig kell meg\u0151rizni.<\/p>\n<p style=\"text-align: justify\">Amennyiben az eg\u00e9szs\u00e9g\u00fcgyi dokument\u00e1ci\u00f3nak tudom\u00e1nyos jelent\u0151s\u00e9ge van, a k\u00f6telez\u0151 nyilv\u00e1ntart\u00e1si id\u0151t k\u00f6vet\u0151en \u00e1t kell adni az illet\u00e9kes lev\u00e9lt\u00e1r r\u00e9sz\u00e9re.<\/p>\n<p style=\"text-align: justify\">A dokument\u00e1ci\u00f3t kezel\u0151 eg\u00e9szs\u00e9g\u00fcgyi ell\u00e1t\u00f3 int\u00e9zm\u00e9ny jogut\u00f3d n\u00e9lk\u00fcli megsz\u0171n\u00e9se eset\u00e9n az eg\u00e9szs\u00e9g\u00fcgyi dokument\u00e1ci\u00f3t az Orsz\u00e1gos K\u00f3rh\u00e1zi F\u0151igazgat\u00f3s\u00e1gnak adja \u00e1t. A dokumentumokat a F\u0151igazgat\u00f3s\u00e1gt\u00f3l lehet kik\u00e9rni.<\/p>\n<p style=\"text-align: justify\"><strong>Titoktart\u00e1si k\u00f6telezetts\u00e9g<\/strong><\/p>\n<p style=\"text-align: justify\">Az eg\u00e9szs\u00e9g\u00fcgyi dolgoz\u00f3t, valamint az eg\u00e9szs\u00e9g\u00fcgyi szolg\u00e1ltat\u00f3val munkav\u00e9gz\u00e9sre ir\u00e1nyul\u00f3 jogviszonyban \u00e1ll\u00f3 m\u00e1s szem\u00e9lyt minden, a beteg eg\u00e9szs\u00e9gi \u00e1llapot\u00e1val kapcsolatos, valamint az eg\u00e9szs\u00e9g\u00fcgyi szolg\u00e1ltat\u00e1s ny\u00fajt\u00e1sa sor\u00e1n tudom\u00e1s\u00e1ra jutott adat \u00e9s egy\u00e9b t\u00e9ny vonatkoz\u00e1s\u00e1ban, id\u0151beli korl\u00e1toz\u00e1s n\u00e9lk\u00fcl titoktart\u00e1si k\u00f6telezetts\u00e9g terhel, f\u00fcggetlen\u00fcl att\u00f3l, hogy az adatokat k\u00f6zvetlen\u00fcl a betegt\u0151l, vizsg\u00e1lata vagy gy\u00f3gykezel\u00e9se sor\u00e1n, illetve k\u00f6zvetetten az eg\u00e9szs\u00e9g\u00fcgyi dokument\u00e1ci\u00f3b\u00f3l vagy b\u00e1rmely m\u00e1s m\u00f3don ismerte meg. \u200b<\/p>\n<p style=\"text-align: justify\"><strong>Az eg\u00e9szs\u00e9g\u00fcgyi dolgoz\u00f3k v\u00e9delme<\/strong><\/p>\n<p style=\"text-align: justify\">Az eg\u00e9szs\u00e9g\u00fcgyi dolgoz\u00f3 eg\u00e9szs\u00e9g\u00fcgyi szolg\u00e1ltat\u00e1s ny\u00fajt\u00e1s\u00e1val \u00f6sszef\u00fcgg\u0151 tev\u00e9kenys\u00e9g v\u00e9gz\u00e9se sor\u00e1n ezen jogviszony alapj\u00e1n v\u00e9gzett, a betegell\u00e1t\u00e1ssal \u00e9s a betegir\u00e1ny\u00edt\u00e1ssal k\u00f6zvetlen\u00fcl \u00f6sszef\u00fcgg\u0151 feladatai tekintet\u00e9ben a B\u00fcntet\u0151 T\u00f6rv\u00e9nyk\u00f6nyvr\u0151l sz\u00f3l\u00f3 t\u00f6rv\u00e9ny szempontj\u00e1b\u00f3l fokozott jogi v\u00e9delmet \u00e9lvez\u0151, k\u00f6zfeladatot ell\u00e1t\u00f3 szem\u00e9lynek min\u0151s\u00fcl.<\/p>\n<p style=\"text-align: justify\">\u00a0<\/p>\n<p style=\"text-align: justify\">Az eg\u00e9szs\u00e9g\u00fcgyr\u0151l sz\u00f3l\u00f3 1997. \u00e9vi CLIV. t\u00f6rv\u00e9nyt <a href=\"https:\/\/njt.hu\/jogszabaly\/1997-154-00-00\">itt<\/a> tal\u00e1lj\u00e1k.<\/p>\n<p style=\"text-align: justify\">Az eg\u00e9szs\u00e9g\u00fcgyi \u00e9s a hozz\u00e1juk kapcsol\u00f3d\u00f3 szem\u00e9lyes adatok kezel\u00e9s\u00e9r\u0151l \u00e9s v\u00e9delm\u00e9r\u0151l sz\u00f3l\u00f3 1997. \u00e9vi XLVII. t\u00f6rv\u00e9nyt <a href=\"https:\/\/njt.hu\/jogszabaly\/1997-47-00-00\">itt<\/a> tal\u00e1lj\u00e1k.<\/p>\n","protected":false},"excerpt":{"rendered":"<p>Az eg\u00e9szs\u00e9g\u00fcgyi dolgoz\u00f3k ell\u00e1t\u00e1si k\u00f6telezetts\u00e9ge S\u00fcrg\u0151s sz\u00fcks\u00e9g eset\u00e9n az eg\u00e9szs\u00e9g\u00fcgyi dolgoz\u00f3 \u2013 id\u0151pontt\u00f3l \u00e9s helyt\u0151l f\u00fcggetlen\u00fcl \u2013 az adott k\u00f6r\u00fclm\u00e9nyek k\u00f6z\u00f6tt a t\u0151le elv\u00e1rhat\u00f3 m\u00f3don \u00e9s a rendelkez\u00e9s\u00e9re \u00e1ll\u00f3 eszk\u00f6z\u00f6kt\u0151l f\u00fcgg\u0151en az arra r\u00e1szorul\u00f3 szem\u00e9lynek k\u00f6teles els\u0151seg\u00e9lyt ny\u00fajtani, illet\u0151leg a sz\u00fcks\u00e9ges int\u00e9zked\u00e9st halad\u00e9ktalanul megtenni. K\u00e9ts\u00e9g eset\u00e9n a s\u00fcrg\u0151s sz\u00fcks\u00e9g fenn\u00e1ll\u00e1s\u00e1t v\u00e9lelmezni kell. Vizsg\u00e1lati \u00e9s ter\u00e1pi\u00e1s &hellip;<\/p>\n","protected":false},"author":101467,"featured_media":0,"parent":8034,"menu_order":3,"comment_status":"closed","ping_status":"closed","template":"","meta":{"_acf_changed":false,"footnotes":""},"categories":[],"tags":[],"class_list":["post-88540","page","type-page","status-publish","hentry"],"acf":[],"_links":{"self":[{"href":"https:\/\/semmelweis.hu\/jogigfoig\/wp-json\/wp\/v2\/pages\/88540","targetHints":{"allow":["GET"]}}],"collection":[{"href":"https:\/\/semmelweis.hu\/jogigfoig\/wp-json\/wp\/v2\/pages"}],"about":[{"href":"https:\/\/semmelweis.hu\/jogigfoig\/wp-json\/wp\/v2\/types\/page"}],"author":[{"embeddable":true,"href":"https:\/\/semmelweis.hu\/jogigfoig\/wp-json\/wp\/v2\/users\/101467"}],"replies":[{"embeddable":true,"href":"https:\/\/semmelweis.hu\/jogigfoig\/wp-json\/wp\/v2\/comments?post=88540"}],"version-history":[{"count":3,"href":"https:\/\/semmelweis.hu\/jogigfoig\/wp-json\/wp\/v2\/pages\/88540\/revisions"}],"predecessor-version":[{"id":99193,"href":"https:\/\/semmelweis.hu\/jogigfoig\/wp-json\/wp\/v2\/pages\/88540\/revisions\/99193"}],"up":[{"embeddable":true,"href":"https:\/\/semmelweis.hu\/jogigfoig\/wp-json\/wp\/v2\/pages\/8034"}],"wp:attachment":[{"href":"https:\/\/semmelweis.hu\/jogigfoig\/wp-json\/wp\/v2\/media?parent=88540"}],"wp:term":[{"taxonomy":"category","embeddable":true,"href":"https:\/\/semmelweis.hu\/jogigfoig\/wp-json\/wp\/v2\/categories?post=88540"},{"taxonomy":"post_tag","embeddable":true,"href":"https:\/\/semmelweis.hu\/jogigfoig\/wp-json\/wp\/v2\/tags?post=88540"}],"curies":[{"name":"wp","href":"https:\/\/api.w.org\/{rel}","templated":true}]}}