{"id":88538,"date":"2023-11-09T13:13:48","date_gmt":"2023-11-09T12:13:48","guid":{"rendered":"https:\/\/semmelweis.hu\/jogigfoig\/?page_id=88538"},"modified":"2025-06-12T14:19:10","modified_gmt":"2025-06-12T12:19:10","slug":"tajekoztatas-a-betegek-kotelezettsegeirol","status":"publish","type":"page","link":"https:\/\/semmelweis.hu\/jogigfoig\/adatvedelem-betegjog\/tajekoztatas-a-betegek-kotelezettsegeirol\/","title":{"rendered":"T\u00e1j\u00e9koztat\u00e1s a betegek k\u00f6telezetts\u00e9geir\u0151l"},"content":{"rendered":"<p style=\"text-align: justify\">A beteg az eg\u00e9szs\u00e9g\u00fcgyi szolg\u00e1ltat\u00e1s ig\u00e9nybev\u00e9telekor k\u00f6teles tiszteletben tartani az erre vonatkoz\u00f3 jogszab\u00e1lyokat \u00e9s az eg\u00e9szs\u00e9g\u00fcgyi szolg\u00e1ltat\u00f3 m\u0171k\u00f6d\u00e9si rendj\u00e9t. \u200b<\/p>\n<p style=\"text-align: justify\">A beteg \u2013 amennyiben ezt eg\u00e9szs\u00e9gi \u00e1llapota lehet\u0151v\u00e9 teszi \u2013 k\u00f6teles az ell\u00e1t\u00e1s\u00e1ban k\u00f6zrem\u0171k\u00f6d\u0151 eg\u00e9szs\u00e9g\u00fcgyi dolgoz\u00f3kkal k\u00e9pess\u00e9gei \u00e9s ismeretei szerint az al\u00e1bbiak szerint egy\u00fcttm\u0171k\u00f6dni:<\/p>\n<p style=\"padding-left: 40px;text-align: justify\">a) t\u00e1j\u00e9koztatni \u0151ket mindarr\u00f3l, amely sz\u00fcks\u00e9ges a k\u00f3risme meg\u00e1llap\u00edt\u00e1s\u00e1hoz, a megfelel\u0151 kezel\u00e9si terv elk\u00e9sz\u00edt\u00e9s\u00e9hez \u00e9s a beavatkoz\u00e1sok elv\u00e9gz\u00e9s\u00e9hez, \u00edgy k\u00fcl\u00f6n\u00f6sen minden kor\u00e1bbi betegs\u00e9g\u00e9r\u0151l, gy\u00f3gykezel\u00e9s\u00e9r\u0151l, gy\u00f3gyszer vagy gy\u00f3gyhat\u00e1s\u00fa k\u00e9sz\u00edtm\u00e9ny szed\u00e9s\u00e9r\u0151l, eg\u00e9szs\u00e9gk\u00e1ros\u00edt\u00f3 kock\u00e1zati t\u00e9nyez\u0151ir\u0151l,<\/p>\n<p style=\"padding-left: 40px;text-align: justify\">b) t\u00e1j\u00e9koztatni \u0151ket \u2013 saj\u00e1t betegs\u00e9g\u00e9vel \u00f6sszef\u00fcgg\u00e9sben \u2013 mindarr\u00f3l, amely m\u00e1sok \u00e9let\u00e9t vagy testi \u00e9ps\u00e9g\u00e9t vesz\u00e9lyeztetheti, \u00edgy k\u00fcl\u00f6n\u00f6sen a fert\u0151z\u0151 betegs\u00e9gekr\u0151l \u00e9s a foglalkoz\u00e1s v\u00e9gz\u00e9s\u00e9t kiz\u00e1r\u00f3 megbeteged\u00e9sekr\u0151l \u00e9s \u00e1llapotokr\u00f3l,<\/p>\n<p style=\"padding-left: 40px;text-align: justify\">c) az eg\u00e9szs\u00e9g\u00fcgy\u00e9rt felel\u0151s miniszter (a tov\u00e1bbiakban: miniszter) rendelet\u00e9ben foglalt fert\u0151z\u0151 betegs\u00e9gek eset\u00e9n megnevezni azon szem\u00e9lyeket, akikt\u0151l a fert\u0151z\u0151 betegs\u00e9get megkaphatta, illetve akiket megfert\u0151zhetett,<\/p>\n<p style=\"padding-left: 40px;text-align: justify\">d) t\u00e1j\u00e9koztatni \u0151ket minden, az eg\u00e9szs\u00e9g\u00fcgyi ell\u00e1t\u00e1st \u00e9rint\u0151, \u00e1ltala kor\u00e1bban tett jognyilatkozat\u00e1r\u00f3l,<\/p>\n<p style=\"padding-left: 40px;text-align: justify\">e) a gy\u00f3gykezel\u00e9s\u00e9vel kapcsolatban t\u0151l\u00fck kapott rendelkez\u00e9seket betartani,<\/p>\n<p style=\"padding-left: 40px;text-align: justify\">f) a gy\u00f3gyint\u00e9zet h\u00e1zirendj\u00e9t betartani,<\/p>\n<p style=\"padding-left: 40px;text-align: justify\">g) a jogszab\u00e1ly \u00e1ltal el\u0151\u00edrt t\u00e9r\u00edt\u00e9si d\u00edjat megfizetni,<\/p>\n<p style=\"padding-left: 40px;text-align: justify\">h) jogszab\u00e1lyban el\u0151\u00edrt szem\u00e9lyes adatait hitelt \u00e9rdeml\u0151en igazolni.<\/p>\n<p style=\"text-align: justify\">A beteg \u00e9s hozz\u00e1tartoz\u00f3i jogaik gyakorl\u00e1sa sor\u00e1n k\u00f6telesek tiszteletben tartani m\u00e1s betegek jogait.<\/p>\n<p style=\"text-align: justify\">A beteg \u00e9s hozz\u00e1tartoz\u00f3i jogainak gyakorl\u00e1sa nem s\u00e9rtheti az eg\u00e9szs\u00e9g\u00fcgyi dolgoz\u00f3knak t\u00f6rv\u00e9nyben foglalt jogait.<\/p>\n<p style=\"text-align: justify\">A betegjogok gyakorl\u00e1s\u00e1nak m\u00f3dj\u00e1t \u2013 e t\u00f6rv\u00e9ny keretei k\u00f6z\u00f6tt \u2013 a szervezeti egys\u00e9g m\u0171k\u00f6d\u00e9si rendje (a klinika h\u00e1zirendje) szab\u00e1lyozza.<\/p>\n<p style=\"text-align: justify\">\u00a0<\/p>\n<p style=\"text-align: justify\">Az eg\u00e9szs\u00e9g\u00fcgyr\u0151l sz\u00f3l\u00f3 1997. \u00e9vi CLIV. t\u00f6rv\u00e9nyt <a href=\"https:\/\/njt.hu\/jogszabaly\/1997-154-00-00\">itt<\/a> tal\u00e1lj\u00e1k.<\/p>\n<p style=\"text-align: justify\">Az eg\u00e9szs\u00e9g\u00fcgyi \u00e9s a hozz\u00e1juk kapcsol\u00f3d\u00f3 szem\u00e9lyes adatok kezel\u00e9s\u00e9r\u0151l \u00e9s v\u00e9delm\u00e9r\u0151l sz\u00f3l\u00f3 1997. \u00e9vi XLVII. t\u00f6rv\u00e9nyt <a href=\"https:\/\/njt.hu\/jogszabaly\/1997-47-00-00\">itt<\/a> tal\u00e1lj\u00e1k.<\/p>\n<p style=\"text-align: justify\">\u00a0<\/p>\n","protected":false},"excerpt":{"rendered":"<p>A beteg az eg\u00e9szs\u00e9g\u00fcgyi szolg\u00e1ltat\u00e1s ig\u00e9nybev\u00e9telekor k\u00f6teles tiszteletben tartani az erre vonatkoz\u00f3 jogszab\u00e1lyokat \u00e9s az eg\u00e9szs\u00e9g\u00fcgyi szolg\u00e1ltat\u00f3 m\u0171k\u00f6d\u00e9si rendj\u00e9t. \u200b A beteg \u2013 amennyiben ezt eg\u00e9szs\u00e9gi \u00e1llapota lehet\u0151v\u00e9 teszi \u2013 k\u00f6teles az ell\u00e1t\u00e1s\u00e1ban k\u00f6zrem\u0171k\u00f6d\u0151 eg\u00e9szs\u00e9g\u00fcgyi dolgoz\u00f3kkal k\u00e9pess\u00e9gei \u00e9s ismeretei szerint az al\u00e1bbiak szerint egy\u00fcttm\u0171k\u00f6dni: a) t\u00e1j\u00e9koztatni \u0151ket mindarr\u00f3l, amely sz\u00fcks\u00e9ges a k\u00f3risme meg\u00e1llap\u00edt\u00e1s\u00e1hoz, a megfelel\u0151 &hellip;<\/p>\n","protected":false},"author":101467,"featured_media":0,"parent":8034,"menu_order":2,"comment_status":"closed","ping_status":"closed","template":"","meta":{"_acf_changed":false,"footnotes":""},"categories":[],"tags":[],"class_list":["post-88538","page","type-page","status-publish","hentry"],"acf":[],"_links":{"self":[{"href":"https:\/\/semmelweis.hu\/jogigfoig\/wp-json\/wp\/v2\/pages\/88538","targetHints":{"allow":["GET"]}}],"collection":[{"href":"https:\/\/semmelweis.hu\/jogigfoig\/wp-json\/wp\/v2\/pages"}],"about":[{"href":"https:\/\/semmelweis.hu\/jogigfoig\/wp-json\/wp\/v2\/types\/page"}],"author":[{"embeddable":true,"href":"https:\/\/semmelweis.hu\/jogigfoig\/wp-json\/wp\/v2\/users\/101467"}],"replies":[{"embeddable":true,"href":"https:\/\/semmelweis.hu\/jogigfoig\/wp-json\/wp\/v2\/comments?post=88538"}],"version-history":[{"count":2,"href":"https:\/\/semmelweis.hu\/jogigfoig\/wp-json\/wp\/v2\/pages\/88538\/revisions"}],"predecessor-version":[{"id":99191,"href":"https:\/\/semmelweis.hu\/jogigfoig\/wp-json\/wp\/v2\/pages\/88538\/revisions\/99191"}],"up":[{"embeddable":true,"href":"https:\/\/semmelweis.hu\/jogigfoig\/wp-json\/wp\/v2\/pages\/8034"}],"wp:attachment":[{"href":"https:\/\/semmelweis.hu\/jogigfoig\/wp-json\/wp\/v2\/media?parent=88538"}],"wp:term":[{"taxonomy":"category","embeddable":true,"href":"https:\/\/semmelweis.hu\/jogigfoig\/wp-json\/wp\/v2\/categories?post=88538"},{"taxonomy":"post_tag","embeddable":true,"href":"https:\/\/semmelweis.hu\/jogigfoig\/wp-json\/wp\/v2\/tags?post=88538"}],"curies":[{"name":"wp","href":"https:\/\/api.w.org\/{rel}","templated":true}]}}