{"id":88535,"date":"2023-11-09T13:11:49","date_gmt":"2023-11-09T12:11:49","guid":{"rendered":"https:\/\/semmelweis.hu\/jogigfoig\/?page_id=88535"},"modified":"2025-05-21T14:40:14","modified_gmt":"2025-05-21T12:40:14","slug":"tajekoztatas-a-betegek-jogairol","status":"publish","type":"page","link":"https:\/\/semmelweis.hu\/jogigfoig\/adatvedelem-betegjog\/tajekoztatas-a-betegek-jogairol\/","title":{"rendered":"T\u00e1j\u00e9koztat\u00e1s a betegek jogair\u00f3l"},"content":{"rendered":"<p style=\"text-align: justify\">Az <a href=\"https:\/\/njt.hu\/jogszabaly\/1997-154-00-00\">eg\u00e9szs\u00e9g\u00fcgyr\u0151l sz\u00f3l\u00f3 t\u00f6rv\u00e9ny<\/a> 6-25. \u00a7-ai r\u00e9szletesen tartalmazz\u00e1k a betegek jogait, al\u00e1bb \u00f6sszefoglal\u00f3t adunk ezek tartalm\u00e1r\u00f3l.<\/p>\n<p style=\"text-align: justify\"><strong>Eg\u00e9szs\u00e9g\u00fcgyi ell\u00e1t\u00e1shoz val\u00f3 jog<\/strong><\/p>\n<p style=\"text-align: justify\">Minden betegnek joga van s\u00fcrg\u0151s sz\u00fcks\u00e9g eset\u00e9n az \u00e9letment\u0151, illetve a s\u00falyos vagy maradand\u00f3 eg\u00e9szs\u00e9gk\u00e1rosod\u00e1s megel\u0151z\u00e9s\u00e9t biztos\u00edt\u00f3 ell\u00e1t\u00e1shoz, valamint f\u00e1jdalm\u00e1nak csillap\u00edt\u00e1s\u00e1hoz \u00e9s szenved\u00e9seinek cs\u00f6kkent\u00e9s\u00e9hez. \u200b<\/p>\n<p style=\"text-align: justify\">Minden betegnek joga van \u2013 jogszab\u00e1lyban meghat\u00e1rozott keretek k\u00f6z\u00f6tt \u2013 az eg\u00e9szs\u00e9gi \u00e1llapota \u00e1ltal indokolt, megfelel\u0151, folyamatosan hozz\u00e1f\u00e9rhet\u0151 \u00e9s az egyenl\u0151 b\u00e1n\u00e1sm\u00f3d k\u00f6vetelm\u00e9ny\u00e9nek megfelel\u0151 eg\u00e9szs\u00e9g\u00fcgyi ell\u00e1t\u00e1shoz.<\/p>\n<p style=\"text-align: justify\"><strong>Emberi m\u00e9lt\u00f3s\u00e1ghoz val\u00f3 jog<\/strong><\/p>\n<p style=\"text-align: justify\">Az eg\u00e9szs\u00e9g\u00fcgyi ell\u00e1t\u00e1s sor\u00e1n a beteg emberi m\u00e9lt\u00f3s\u00e1g\u00e1t tiszteletben kell tartani. \u200b<\/p>\n<p style=\"text-align: justify\">A beteg szem\u00e9lyes szabads\u00e1ga \u2013 ell\u00e1t\u00e1sa sor\u00e1n \u2013 fizikai, k\u00e9miai, biol\u00f3giai vagy pszichikai m\u00f3dszerekkel vagy elj\u00e1r\u00e1sokkal kiz\u00e1r\u00f3lag s\u00fcrg\u0151s sz\u00fcks\u00e9g eset\u00e9n, illet\u0151leg a beteg vagy m\u00e1sok \u00e9lete, testi \u00e9ps\u00e9ge \u00e9s eg\u00e9szs\u00e9ge v\u00e9delm\u00e9ben korl\u00e1tozhat\u00f3.<\/p>\n<p style=\"text-align: justify\"><strong>Kapcsolattart\u00e1s joga<\/strong><\/p>\n<p style=\"text-align: justify\">A beteg az al\u00e1bbi jogokat a beteg a fekv\u0151beteg-gy\u00f3gyint\u00e9zetben megl\u00e9v\u0151 felt\u00e9telekt\u0151l f\u00fcgg\u0151en, betegt\u00e1rsai jogainak tiszteletben tart\u00e1s\u00e1val \u00e9s a betegell\u00e1t\u00e1s zavartalans\u00e1g\u00e1t biztos\u00edtva gyakorolhatja. Ennek r\u00e9szletes szab\u00e1lyait \u2013 e jogok tartalm\u00e1nak korl\u00e1toz\u00e1sa n\u00e9lk\u00fcl \u2013 a fekv\u0151beteg-gy\u00f3gyint\u00e9zet h\u00e1zirendje hat\u00e1rozza meg.<\/p>\n<p style=\"text-align: justify\">A beteg fekv\u0151beteg-gy\u00f3gyint\u00e9zeti elhelyez\u00e9se sor\u00e1n jogosult m\u00e1s szem\u00e9lyekkel ak\u00e1r \u00edr\u00e1sban, ak\u00e1r sz\u00f3ban kapcsolatot tartani, tov\u00e1bb\u00e1 l\u00e1togat\u00f3kat fogadni, valamint \u00e1ltala meghat\u00e1rozott szem\u00e9lyeket a l\u00e1togat\u00e1sb\u00f3l kiz\u00e1rni.<\/p>\n<p style=\"text-align: justify\">S\u00falyos \u00e1llapot\u00fa betegnek joga van arra, hogy az \u00e1ltala megjel\u00f6lt szem\u00e9ly mellette tart\u00f3zkodjon.<\/p>\n<p style=\"text-align: justify\">A kiskor\u00fa betegnek joga van arra, hogy sz\u00fcl\u0151je, t\u00f6rv\u00e9nyes k\u00e9pvisel\u0151je, illet\u0151leg az \u00e1ltala vagy t\u00f6rv\u00e9nyes k\u00e9pvisel\u0151je \u00e1ltal megjel\u00f6lt szem\u00e9ly mellette tart\u00f3zkodjon.<\/p>\n<p style=\"text-align: justify\">A sz\u00fcl\u0151 n\u0151nek joga van arra, hogy az \u00e1ltala megjel\u00f6lt nagykor\u00fa szem\u00e9ly a vaj\u00fad\u00e1s \u00e9s a sz\u00fcl\u00e9s alatt folyamatosan vele lehessen, a sz\u00fcl\u00e9st k\u00f6vet\u0151en pedig arra, hogy \u2013 amennyiben ezt az \u0151 vagy \u00fajsz\u00fcl\u00f6ttje eg\u00e9szs\u00e9gi \u00e1llapota nem z\u00e1rja ki \u2013 \u00fajsz\u00fcl\u00f6ttj\u00e9vel egy helyis\u00e9gben helyezz\u00e9k el.<\/p>\n<p style=\"text-align: justify\">A beteget megilleti a vall\u00e1si meggy\u0151z\u0151d\u00e9s\u00e9nek megfelel\u0151 egyh\u00e1zi szem\u00e9llyel vagy vall\u00e1si egyes\u00fclet vall\u00e1sos szertart\u00e1st hivat\u00e1sszer\u0171en v\u00e9gz\u0151 tagj\u00e1val val\u00f3 kapcsolattart\u00e1snak \u00e9s vall\u00e1sa szabad gyakorl\u00e1s\u00e1nak joga.<\/p>\n<p style=\"text-align: justify\"><strong>Gy\u00f3gyint\u00e9zet elhagy\u00e1s\u00e1nak joga<\/strong><\/p>\n<p style=\"text-align: justify\">A betegnek joga van a gy\u00f3gyint\u00e9zetet elhagyni, amennyiben azzal m\u00e1sok testi \u00e9ps\u00e9g\u00e9t, eg\u00e9szs\u00e9g\u00e9t nem vesz\u00e9lyezteti. E jog csak t\u00f6rv\u00e9nyben meghat\u00e1rozott esetekben korl\u00e1tozhat\u00f3.<\/p>\n<p style=\"text-align: justify\"><strong>T\u00e1j\u00e9koztat\u00e1shoz val\u00f3 jog<\/strong><\/p>\n<p style=\"text-align: justify\">A beteg jogosult a sz\u00e1m\u00e1ra egy\u00e9nies\u00edtett form\u00e1ban megadott teljes k\u00f6r\u0171 t\u00e1j\u00e9koztat\u00e1sra. \u200b<\/p>\n<p style=\"text-align: justify\">A betegnek joga van megismerni az ell\u00e1t\u00e1s\u00e1ban k\u00f6zvetlen\u00fcl k\u00f6zrem\u0171k\u00f6d\u0151 szem\u00e9lyek nev\u00e9t, szakk\u00e9pes\u00edt\u00e9s\u00e9t \u00e9s beoszt\u00e1s\u00e1t.<\/p>\n<p style=\"text-align: justify\">A betegnek joga van ahhoz, hogy a r\u00e1 vonatkoz\u00f3 szem\u00e9lyes adatok kezel\u00e9s\u00e9vel \u00f6sszef\u00fcgg\u0151 inform\u00e1ci\u00f3r\u00f3l t\u00e1j\u00e9koztat\u00e1st kapjon.<\/p>\n<p style=\"text-align: justify\">A betegnek joga van arra, hogy sz\u00e1m\u00e1ra \u00e9rthet\u0151 m\u00f3don kapjon t\u00e1j\u00e9koztat\u00e1st, figyelemmel \u00e9letkor\u00e1ra, iskol\u00e1zotts\u00e1g\u00e1ra, ismereteire, lelki\u00e1llapot\u00e1ra, e tekintetben megfogalmazott k\u00edv\u00e1ns\u00e1g\u00e1ra.<\/p>\n<p style=\"text-align: justify\"><strong>\u00d6nrendelkez\u00e9shez val\u00f3 jog<\/strong><\/p>\n<p style=\"text-align: justify\">Az \u00f6nrendelkez\u00e9si jog gyakorl\u00e1sa keret\u00e9ben a beteg szabadon d\u00f6ntheti el, hogy k\u00edv\u00e1n-e eg\u00e9szs\u00e9g\u00fcgyi ell\u00e1t\u00e1st ig\u00e9nybe venni, illetve annak sor\u00e1n mely beavatkoz\u00e1sok elv\u00e9gz\u00e9s\u00e9be egyezik bele, illetve melyeket utas\u00edt vissza.<\/p>\n<p style=\"text-align: justify\"><strong>Ell\u00e1t\u00e1s visszautas\u00edt\u00e1s\u00e1nak joga<\/strong><\/p>\n<p style=\"text-align: justify\">A cselekv\u0151k\u00e9pes beteget \u2013 jogszab\u00e1lyban meghat\u00e1rozott eset kiv\u00e9tel\u00e9vel \u2013 megilleti az ell\u00e1t\u00e1s visszautas\u00edt\u00e1s\u00e1nak joga, kiv\u00e9ve, ha annak elmarad\u00e1sa m\u00e1sok \u00e9let\u00e9t vagy testi \u00e9ps\u00e9g\u00e9t vesz\u00e9lyeztetn\u00e9. \u200b<\/p>\n<p style=\"text-align: justify\">A beteg nem utas\u00edthatja vissza az \u00e9letfenntart\u00f3 vagy \u00e9letment\u0151 beavatkoz\u00e1st, ha v\u00e1rand\u00f3s \u00e9s el\u0151re l\u00e1that\u00f3an k\u00e9pes a gyermek kihord\u00e1s\u00e1ra.<\/p>\n<p style=\"text-align: justify\">A beteg a visszautas\u00edt\u00e1sra vonatkoz\u00f3 nyilatkozat\u00e1t b\u00e1rmikor, alaki k\u00f6t\u00f6tts\u00e9g n\u00e9lk\u00fcl visszavonhatja.<\/p>\n<p style=\"text-align: justify\"><strong>Eg\u00e9szs\u00e9g\u00fcgyi dokument\u00e1ci\u00f3 megismer\u00e9s\u00e9nek joga<\/strong><\/p>\n<p style=\"text-align: justify\">A beteg jogosult a r\u00f3la k\u00e9sz\u00fclt eg\u00e9szs\u00e9g\u00fcgyi dokument\u00e1ci\u00f3ban foglaltakat megismerni.<\/p>\n<p style=\"text-align: justify\">\u200bA beteg eg\u00e9szs\u00e9g\u00fcgyi ell\u00e1t\u00e1s\u00e1nak befejez\u00e9s\u00e9t k\u00f6vet\u0151en csak az \u00e1ltala adott teljes bizony\u00edt\u00f3 er\u0151vel rendelkez\u0151 mag\u00e1nokiratban felhatalmazott szem\u00e9ly jogosult az eg\u00e9szs\u00e9g\u00fcgyi dokument\u00e1ci\u00f3ba val\u00f3 betekint\u00e9sre, \u00e9s arr\u00f3l m\u00e1solat k\u00e9sz\u00edt\u00e9s\u00e9re.<\/p>\n<p style=\"text-align: justify\">Elhunyt beteg dokument\u00e1ci\u00f3j\u00e1b\u00f3l inform\u00e1ci\u00f3t \u2013 jogszab\u00e1lyban meghat\u00e1rozott sz\u0171k k\u00f6rben \u2013 a hozz\u00e1tartoz\u00f3ja, illetve \u00f6r\u00f6k\u00f6se kaphat.<\/p>\n<p style=\"text-align: justify\">Az eg\u00e9szs\u00e9g\u00fcgyi adatok kezel\u00e9s\u00e9r\u0151l \u00f6n\u00e1ll\u00f3 <a href=\"https:\/\/njt.hu\/jogszabaly\/1997-47-00-00\">t\u00f6rv\u00e9ny<\/a> rendelkezik.<\/p>\n<p style=\"text-align: justify\">A betegdokument\u00e1ci\u00f3 megismer\u00e9s\u00e9nek szab\u00e1lyair\u00f3l <a href=\"https:\/\/semmelweis.hu\/jogigfoig\/adatvedelem-betegjog\/betegdokumentacio-masolatanak-kikerese\/\">itt<\/a> t\u00e1j\u00e9koz\u00f3dhat.<\/p>\n<p style=\"text-align: justify\"><strong>Orvosi titoktart\u00e1shoz val\u00f3 jog<\/strong><\/p>\n<p style=\"text-align: justify\">A betegnek joga van arr\u00f3l nyilatkozni, hogy betegs\u00e9g\u00e9r\u0151l, annak v\u00e1rhat\u00f3 kimenetel\u00e9r\u0151l kiknek adhat\u00f3 felvil\u00e1gos\u00edt\u00e1s, illetve kiket z\u00e1r ki eg\u00e9szs\u00e9g\u00fcgyi adatainak r\u00e9szleges vagy teljes megismer\u00e9s\u00e9b\u0151l.<\/p>\n<p style=\"text-align: justify\">Az \u00e9rintett beteg hozz\u00e1j\u00e1rul\u00e1sa n\u00e9lk\u00fcl a beteg tov\u00e1bbi \u00e1pol\u00e1s\u00e1t, gondoz\u00e1s\u00e1t v\u00e9gz\u0151 szem\u00e9llyel k\u00f6z\u00f6lni lehet azokat az eg\u00e9szs\u00e9g\u00fcgyi adatokat, amelyek ismeret\u00e9nek hi\u00e1nya a beteg eg\u00e9szs\u00e9gi \u00e1llapot\u00e1nak k\u00e1rosod\u00e1s\u00e1hoz vezethet.<\/p>\n<p style=\"text-align: justify\">\u00a0<\/p>\n<p style=\"text-align: justify\">\u00a0<\/p>\n","protected":false},"excerpt":{"rendered":"<p>Az <a href=\"https:\/\/njt.hu\/jogszabaly\/1997-154-00-00\">eg\u00e9szs\u00e9g\u00fcgyr\u0151l sz\u00f3l\u00f3 t\u00f6rv\u00e9ny<\/a> 6-25. \u00a7-ai r\u00e9szletesen tartalmazz\u00e1k a betegek jogait, al\u00e1bb \u00f6sszefoglal\u00f3t adunk ezek tartalm\u00e1r\u00f3l. Eg\u00e9szs\u00e9g\u00fcgyi ell\u00e1t\u00e1shoz val\u00f3 jog Minden betegnek joga van s\u00fcrg\u0151s sz\u00fcks\u00e9g eset\u00e9n az \u00e9letment\u0151, illetve a s\u00falyos vagy maradand\u00f3 eg\u00e9szs\u00e9gk\u00e1rosod\u00e1s megel\u0151z\u00e9s\u00e9t biztos\u00edt\u00f3 ell\u00e1t\u00e1shoz, valamint f\u00e1jdalm\u00e1nak csillap\u00edt\u00e1s\u00e1hoz \u00e9s szenved\u00e9seinek cs\u00f6kkent\u00e9s\u00e9hez. \u200b Minden betegnek joga van \u2013 jogszab\u00e1lyban meghat\u00e1rozott keretek k\u00f6z\u00f6tt \u2013 az eg\u00e9szs\u00e9gi \u00e1llapota &hellip;<\/p>\n","protected":false},"author":101467,"featured_media":0,"parent":8034,"menu_order":1,"comment_status":"closed","ping_status":"closed","template":"","meta":{"_acf_changed":false,"footnotes":""},"categories":[],"tags":[],"class_list":["post-88535","page","type-page","status-publish","hentry"],"acf":[],"_links":{"self":[{"href":"https:\/\/semmelweis.hu\/jogigfoig\/wp-json\/wp\/v2\/pages\/88535","targetHints":{"allow":["GET"]}}],"collection":[{"href":"https:\/\/semmelweis.hu\/jogigfoig\/wp-json\/wp\/v2\/pages"}],"about":[{"href":"https:\/\/semmelweis.hu\/jogigfoig\/wp-json\/wp\/v2\/types\/page"}],"author":[{"embeddable":true,"href":"https:\/\/semmelweis.hu\/jogigfoig\/wp-json\/wp\/v2\/users\/101467"}],"replies":[{"embeddable":true,"href":"https:\/\/semmelweis.hu\/jogigfoig\/wp-json\/wp\/v2\/comments?post=88535"}],"version-history":[{"count":4,"href":"https:\/\/semmelweis.hu\/jogigfoig\/wp-json\/wp\/v2\/pages\/88535\/revisions"}],"predecessor-version":[{"id":98731,"href":"https:\/\/semmelweis.hu\/jogigfoig\/wp-json\/wp\/v2\/pages\/88535\/revisions\/98731"}],"up":[{"embeddable":true,"href":"https:\/\/semmelweis.hu\/jogigfoig\/wp-json\/wp\/v2\/pages\/8034"}],"wp:attachment":[{"href":"https:\/\/semmelweis.hu\/jogigfoig\/wp-json\/wp\/v2\/media?parent=88535"}],"wp:term":[{"taxonomy":"category","embeddable":true,"href":"https:\/\/semmelweis.hu\/jogigfoig\/wp-json\/wp\/v2\/categories?post=88535"},{"taxonomy":"post_tag","embeddable":true,"href":"https:\/\/semmelweis.hu\/jogigfoig\/wp-json\/wp\/v2\/tags?post=88535"}],"curies":[{"name":"wp","href":"https:\/\/api.w.org\/{rel}","templated":true}]}}